{"id":3285,"date":"2025-04-03T14:53:51","date_gmt":"2025-04-03T12:53:51","guid":{"rendered":"https:\/\/www.fierbois.com\/campingplatz-azay-le-rideau\/"},"modified":"2025-12-08T16:46:24","modified_gmt":"2025-12-08T15:46:24","slug":"campingplatz-azay-le-rideau","status":"publish","type":"page","link":"https:\/\/www.fierbois.com\/de\/campingplatz-azay-le-rideau\/","title":{"rendered":"Campingplatz Azay-le-Rideau"},"content":{"rendered":"<div class=\"columns sec-10\"><div class=\"columns__item fade-down\"><h1 class=\"wording\" style=\"color: var(--vert);\">Campingplatz Azay-le-Rideau<\/h1><div class=\"gallery\"><figure class=\"gallery__item\"><picture><source srcset=\"https:\/\/www.fierbois.com\/wp-content\/uploads\/2025\/08\/sejour-activites-4-420x236.webp\" media=\"(max-width: 210px)\"><source srcset=\"https:\/\/www.fierbois.com\/wp-content\/uploads\/2025\/08\/sejour-activites-4-850x478.webp\" media=\"(max-width: 420px)\"><source srcset=\"https:\/\/www.fierbois.com\/wp-content\/uploads\/2025\/08\/sejour-activites-4-768x432.webp\" media=\"(max-width: 850px)\"><source srcset=\"https:\/\/www.fierbois.com\/wp-content\/uploads\/2025\/08\/sejour-activites-4-1024x576.webp\" media=\"(max-width: 1024px)\"><source srcset=\"https:\/\/www.fierbois.com\/wp-content\/uploads\/2025\/08\/sejour-activites-4.webp\" media=\"(min-width: 1025px)\"><img decoding=\"async\" src=\"https:\/\/www.fierbois.com\/wp-content\/uploads\/2025\/08\/sejour-activites-4-420x236.webp\" width=\"420\" height=\"210\" loading=\"lazy\" alt=\"\" title=\"\"><\/picture><\/figure><\/div><\/div><div class=\"columns__item fade-up reverse-mob\"><div class=\"gallery\"><figure class=\"gallery__item\"><picture><source srcset=\"https:\/\/www.fierbois.com\/wp-content\/uploads\/2025\/05\/AdobeStock_299210721-420x236.webp\" media=\"(max-width: 210px)\"><source srcset=\"https:\/\/www.fierbois.com\/wp-content\/uploads\/2025\/05\/AdobeStock_299210721-850x478.webp\" media=\"(max-width: 420px)\"><source srcset=\"https:\/\/www.fierbois.com\/wp-content\/uploads\/2025\/05\/AdobeStock_299210721-768x432.webp\" media=\"(max-width: 850px)\"><source srcset=\"https:\/\/www.fierbois.com\/wp-content\/uploads\/2025\/05\/AdobeStock_299210721-1024x576.webp\" media=\"(max-width: 1024px)\"><source srcset=\"https:\/\/www.fierbois.com\/wp-content\/uploads\/2025\/05\/AdobeStock_299210721.webp\" media=\"(min-width: 1025px)\"><img decoding=\"async\" src=\"https:\/\/www.fierbois.com\/wp-content\/uploads\/2025\/05\/AdobeStock_299210721-420x236.webp\" width=\"420\" height=\"210\" loading=\"lazy\" alt=\"\" title=\"\"><\/picture><\/figure><\/div><p    >AZAY LE RIDEAU (25 km)<\/p><p   id=\"1581\" >S\u00fcdwestlich von Tours liegt das <strong>Schloss Azay-le-Rideau<\/strong>, das die Eleganz der franz\u00f6sischen Renaissance verk\u00f6rpert. Dieses bemerkenswerte Geb\u00e4ude ist wahrscheinlich eines der ber\u00fchmtesten <a href=\"https:\/\/www.fierbois.com\/val-de-loire\/circuit-chateaux-de-la-loire\/\" data-type=\"cocon-seo\" data-id=\"1581\">Schl\u00f6sser der Loire<\/a>. Es bietet einen unvergesslichen Einblick in die Geschichte Frankreichs.  <\/p><p   id=\"73\" >Ein Aufenthalt auf dem <a href=\"https:\/\/www.fierbois.com\/de\/\" data-type=\"page\" data-id=\"73\">5-Sterne-Campingplatz Parc de Fierbois im Departement Indre-et-Loire<\/a> bietet Ihnen die M\u00f6glichkeit, dieses architektonische Wunder sowie die anderen symboltr\u00e4chtigen Schl\u00f6sser der Loire zu entdecken.<\/p><\/div><\/div><h2 class=\"wording\" style=\"text-align: center;color: var(--dore);\">Besuchen Sie die Schl\u00f6sser der Loire, tauchen Sie ein <span class=\"fc-span\">in das historische Erbe Frankreichs<\/span>.<\/h2><p  style=\"text-align: center;\" id=\"1590\" >Das <a href=\"https:\/\/www.fierbois.com\/val-de-loire\/tourisme-val-de-loire\/\" data-type=\"cocon-seo\" data-id=\"1590\">Loiretal<\/a> ist eine Region, die reich an Geschichte und den ber\u00fchmten Loire-Schl\u00f6ssern ist. Diese Geb\u00e4ude tauchen in das historische Erbe Frankreichs ein und sind privilegierte Zeugen der Entwicklung von Architektur und Kunst im Laufe der Jahrhunderte. Sie sind in der Tat Zeugen mehrerer Jahrhunderte Geschichte, <strong>vom Mittelalter bis zum 19.<\/strong> Ihr Bau und ihre Entwicklung sind eng mit der Geschichte der <g id=\"gid_2\">franz\u00f6sischen K\u00f6nige<\/g> und des franz\u00f6sischen<g id=\"gid_3\"> Adels <\/g>verbunden. Die Schl\u00f6sser der Loire waren Schauplatz zahlreicher historischer Ereignisse, von der Entwicklung der franz\u00f6sischen Renaissance bis hin zu den Intrigen am Hofe der K\u00f6nige.    <\/p><div class=\"lireplus fc-desk\"><p class=\"center\" style=\"text-align: center;\"  >Lesen Sie mehr<\/p><div class=\"group\"><p  style=\"text-align: center;\"  >Die Architektur dieser Schl\u00f6sser spiegelt auch die k\u00fcnstlerischen und kulturellen Einfl\u00fcsse der jeweiligen Epoche wider. So findet man beispielsweise die<strong>Eleganz der Renaissance<\/strong>, die Erhabenheit des Klassizismus und die Romantik des 19. Jedes Schloss hat seine eigene Pers\u00f6nlichkeit, seinen eigenen Charme, der die Epoche und die Menschen widerspiegelt, die es geformt haben. Ein <strong>Besuch der Loire-Schl\u00f6sser<\/strong> ist eine bereichernde Erfahrung, die es Ihnen erm\u00f6glicht, die Gr\u00f6\u00dfe und Komplexit\u00e4t der <strong>franz\u00f6sischen Geschichte<\/strong> zu verstehen. Er bietet auch die Gelegenheit, Kunstwerke, pr\u00e4chtige G\u00e4rten und atemberaubende Landschaften zu bewundern. Ob Sie nun ein Geschichtsliebhaber, ein Architekturliebhaber oder einfach ein Reisender auf der Suche nach Sch\u00f6nheit und Entdeckung sind, die Schl\u00f6sser der Loire sind ein Muss f\u00fcr Ihren <strong>Aufenthalt auf dem 5-Sterne-Campingplatz Parc de Fierbois<\/strong>.     <\/p><\/div><\/div><h2 class=\"wording\" style=\"text-align: center;color: var(--vert);\">Das Schloss Azay-le-Rideau, ein<span class=\"fc-span\"> Juwel der Renaissance<\/span><\/h2><p  style=\"text-align: center;\"  >Das <a href=\"https:\/\/www.azay-le-rideau.fr\/\" target=\"_blank\" rel=\"noreferrer noopener\">Schloss Azay-le-Rideau<\/a>, das der Schriftsteller Honor\u00e9 de Balzac mit den Worten &#8222;ein facettierter Diamant, der vom Fluss Indre gefasst wird&#8220; beschrieb, ist ein architektonisches Juwel der franz\u00f6sischen Renaissance. Es wurde unter der Herrschaft von Fran\u00e7ois I. von Gilles Berthelot auf einer kleinen Insel im Fluss Indre erbaut. Das Schloss Azay le Rideau zeichnet sich durch eine subtile Kombination aus franz\u00f6sischen Traditionen und innovativen Dekorationen aus Italien aus.  <\/p><div class=\"lireplus fc-desk\"><p class=\"center\" style=\"text-align: center;\"  >Lesen Sie mehr<\/p><div class=\"group\"><p  style=\"text-align: center;\"  >Jahrhundert gebaut wurden, erhielt das Schloss im 19. Jahrhundert seine heutige Form, die auch die Vorliebe des 19. Jahrhunderts f\u00fcr die Kunst der Renaissance widerspiegelt. Jahrhundert angelegte Landschaftspark umgibt das Schloss und bietet eine ideale Kulisse f\u00fcr einen Spaziergang. Neben dem Schloss Azay-le-Rideau gibt es noch andere Loire-Schl\u00f6sser in der N\u00e4he zu entdecken, insbesondere die Schl\u00f6sser Chambord und Chenonceau, die zu den bemerkenswertesten geh\u00f6ren.  <\/p><\/div><\/div><h2 class=\"wording\" style=\"text-align: center;color: var(--dore);\">Aufenthalt auf dem Campingplatz <span class=\"fc-span\">in Azay le Rideau<\/span><\/h2><p  style=\"text-align: center;\" id=\"gid_2\" >Der Parc de Fierbois, ein 5-Sterne-Campingplatz im Departement Indre-et-Loire, ist der ideale Ort, um das Schloss von Azay-le-Rideau zu entdecken. Dieser Campingplatz in der N\u00e4he von <strong>Tours<\/strong> liegt in einem <strong>100 Hektar gro\u00dfen Naturschutzgebiet<\/strong>, das von einem See und einem gro\u00dfen Wald umgeben ist. Der Parc de Fierbois bietet eine <g id=\"gid_2\">gro\u00dfe Auswahl an Unterk\u00fcnften<\/g>; die Besucher k\u00f6nnen sich f\u00fcr ein <g id=\"gid_3\">Mobilheim oder Chalet<\/g>, eine Ferienwohnung oder sogar ein Ferienhaus f\u00fcr 2 bis 10 Personen entscheiden. F\u00fcr diejenigen, die das Abenteuer und die Originalit\u00e4t suchen, gibt es atypische Unterk\u00fcnfte wie <g id=\"gid_4\">Baumh\u00e4user<\/g> und Lodges. Der Campingplatz verf\u00fcgt au\u00dferdem \u00fcber 130 komfortable <strong>Campingpl\u00e4tze<\/strong> f\u00fcr Zelte, Wohnwagen und Wohnmobile.    <\/p><div class=\"lireplus fc-desk\"><p class=\"center\" style=\"text-align: center;\"  >Lesen Sie mehr<\/p><div class=\"group\"><p  style=\"text-align: center;\" id=\"406\" >Es werden zahlreiche <a href=\"https:\/\/www.fierbois.com\/de\/essen-und-trinken\/\" data-type=\"page\" data-id=\"406\">Dienstleistungen<\/a> angeboten: Restaurant, Pizzeria, Laden, Bar, W\u00e4schereien und ein abwechslungsreiches Programm an<a href=\"https:\/\/www.fierbois.com\/val-de-loire\/activites-en-val-de-loire\/\" data-type=\"cocon-seo\" data-id=\"1579\">Aktivit\u00e4ten und Animationen<\/a> f\u00fcr alle Altersgruppen. Die Besucher k\u00f6nnen einen <a href=\"https:\/\/www.fierbois.com\/de\/der-wasserbereich\/\" data-type=\"page\" data-id=\"416\">Wasserpark mit Wasserrutschen<\/a>, einen beheizten Pool, einen gro\u00dfen See mit Wasserspielen, Minigolf, einen Multisportplatz und viele andere hochwertige Einrichtungen nutzen. Ein Aufenthalt auf dem Campingplatz Parc de Fierbois bietet Ihnen die M\u00f6glichkeit, eine einzigartige Erfahrung im Herzen der Natur zu machen und gleichzeitig das kulturelle und historische Erbe der Region der Loire-Schl\u00f6sser zu entdecken. Sehensw\u00fcrdigkeiten in der Umgebung von Chambord und dem Campingplatz: <a href=\"https:\/\/www.fierbois.com\/val-de-loire\/visiter-tours\/\" data-type=\"cocon-seo\" data-id=\"1601\">Tours<\/a>, <a href=\"https:\/\/www.fierbois.com\/de\/entdecken-sie-die-kultur-und-das-terroir\/villandry\/\" data-type=\"page\" data-id=\"1298\">Villandry<\/a>, <a href=\"https:\/\/www.fierbois.com\/de\/entdecken-sie-die-kultur-und-das-terroir\/loches\/\" data-type=\"page\" data-id=\"1260\">Loches<\/a>, <a href=\"https:\/\/www.fierbois.com\/de\/entdecken-sie-die-kultur-und-das-terroir\/chinon\/\" data-type=\"page\" data-id=\"1222\">Chinon<\/a>, <a href=\"https:\/\/www.fierbois.com\/de\/entdecken-sie-die-kultur-und-das-terroir\/amboise\/\" data-type=\"page\" data-id=\"1170\">Amboise<\/a>, <a href=\"https:\/\/www.fierbois.com\/de\/entdecken-sie-die-kultur-und-das-terroir\/chenonceaux\/\" data-type=\"page\" data-id=\"1202\">Chenonceau<\/a>, <a href=\"https:\/\/www.fierbois.com\/de\/sich-wundern\/beauval-zoo\/\" data-type=\"page\" data-id=\"1443\">Zoo de Beauval<\/a>, <a href=\"https:\/\/www.fierbois.com\/de\/entdecken-sie-die-kultur-und-das-terroir\/langeais\/\" data-type=\"page\" data-id=\"1241\">Langeais<\/a>, <a href=\"https:\/\/www.fierbois.com\/de\/campingplatz-in-der-naehe-von-chambord\/\" data-type=\"page\" data-id=\"424\">Chambord<\/a>.   <\/p><\/div><\/div>","protected":false},"excerpt":{"rendered":"<p>Campingplatz Azay-le-Rideau AZAY LE RIDEAU (25 km) S\u00fcdwestlich von Tours liegt das Schloss Azay-le-Rideau, das die Eleganz der franz\u00f6sischen Renaissance verk\u00f6rpert. Dieses bemerkenswerte Geb\u00e4ude ist wahrscheinlich eines der ber\u00fchmtesten Schl\u00f6sser der Loire. Es bietet einen unvergesslichen Einblick in die Geschichte Frankreichs. Ein Aufenthalt auf dem 5-Sterne-Campingplatz Parc de Fierbois im Departement Indre-et-Loire bietet Ihnen die [&hellip;]<\/p>\n","protected":false},"author":1,"featured_media":0,"parent":0,"menu_order":0,"comment_status":"open","ping_status":"open","template":"","meta":{"_acf_changed":false,"footnotes":""},"lieu":[],"acf":[],"_links":{"self":[{"href":"https:\/\/www.fierbois.com\/de\/wp-json\/wp\/v2\/pages\/3285"}],"collection":[{"href":"https:\/\/www.fierbois.com\/de\/wp-json\/wp\/v2\/pages"}],"about":[{"href":"https:\/\/www.fierbois.com\/de\/wp-json\/wp\/v2\/types\/page"}],"author":[{"embeddable":true,"href":"https:\/\/www.fierbois.com\/de\/wp-json\/wp\/v2\/users\/1"}],"replies":[{"embeddable":true,"href":"https:\/\/www.fierbois.com\/de\/wp-json\/wp\/v2\/comments?post=3285"}],"version-history":[{"count":2,"href":"https:\/\/www.fierbois.com\/de\/wp-json\/wp\/v2\/pages\/3285\/revisions"}],"predecessor-version":[{"id":4174,"href":"https:\/\/www.fierbois.com\/de\/wp-json\/wp\/v2\/pages\/3285\/revisions\/4174"}],"wp:attachment":[{"href":"https:\/\/www.fierbois.com\/de\/wp-json\/wp\/v2\/media?parent=3285"}],"wp:term":[{"taxonomy":"lieu","embeddable":true,"href":"https:\/\/www.fierbois.com\/de\/wp-json\/wp\/v2\/lieu?post=3285"}],"curies":[{"name":"wp","href":"https:\/\/api.w.org\/{rel}","templated":true}]}}