{"id":3318,"date":"2025-05-21T16:30:37","date_gmt":"2025-05-21T14:30:37","guid":{"rendered":"https:\/\/www.fierbois.com\/hoehlendoerfer\/"},"modified":"2025-12-01T12:21:13","modified_gmt":"2025-12-01T11:21:13","slug":"hoehlendoerfer","status":"publish","type":"page","link":"https:\/\/www.fierbois.com\/de\/entdecken-sie-die-kultur-und-das-terroir\/hoehlendoerfer\/","title":{"rendered":"H\u00f6hlend\u00f6rfer"},"content":{"rendered":"<div class=\"diaporama-header align-full\"><div class=\"gallery\"><figure class=\"gallery__item\"><picture><source srcset=\"https:\/\/www.fierbois.com\/wp-content\/uploads\/2025\/05\/AdobeStock_226251767-420x289.webp\" media=\"(max-width: 210px)\"><source srcset=\"https:\/\/www.fierbois.com\/wp-content\/uploads\/2025\/05\/AdobeStock_226251767-850x584.webp\" media=\"(max-width: 420px)\"><source srcset=\"https:\/\/www.fierbois.com\/wp-content\/uploads\/2025\/05\/AdobeStock_226251767-768x528.webp\" media=\"(max-width: 850px)\"><source srcset=\"https:\/\/www.fierbois.com\/wp-content\/uploads\/2025\/05\/AdobeStock_226251767-1024x703.webp\" media=\"(max-width: 1024px)\"><source srcset=\"https:\/\/www.fierbois.com\/wp-content\/uploads\/2025\/05\/AdobeStock_226251767.webp\" media=\"(min-width: 1025px)\"><img loading=\"lazy\" decoding=\"async\" src=\"https:\/\/www.fierbois.com\/wp-content\/uploads\/2025\/05\/AdobeStock_226251767-420x289.webp\" width=\"420\" height=\"210\" alt=\"\" title=\"\"><\/picture><\/figure><\/div><div class=\"diaporama-header__inner\"><\/div><\/div><div class=\"columns\"><div class=\"columns__item\" style=\"align-self:center;\"><p class=\"wording\" style=\"color: var(--vert);\"  >Unter den Felsen, die Wunder<\/p><h1 style=\"text-align: left;\">Entdecken Sie die H\u00f6hlend\u00f6rfer des Loiretals<\/h1><p    >Die H\u00f6hlenwohnungen im Loire-Tal sind wegen ihrer Authentizit\u00e4t ein Muss und ziehen Touristen aus der ganzen Welt an. Sie liegen inmitten einer unber\u00fchrten Natur und bieten herrliche Panoramen, die Sie in eine andere Welt entf\u00fchren werden. <\/p><p    >Besuchen Sie die Region von Ihrem 5-Sterne-Campingplatz Le Parc de Fierbois im Loire-Tal aus und tauchen Sie ein in das Herz dieser Wunder!<\/p><\/div><div class=\"columns__item\" style=\"align-self:flex-start;\"><div class=\"gallery f-carousel fc-diapo-mob\" data-fancybox=\"gallery-mob\"><figure class=\"gallery__item\"><picture><source srcset=\"https:\/\/www.fierbois.com\/wp-content\/uploads\/2025\/05\/AdobeStock_370602348-420x275.webp\" media=\"(max-width: 210px)\"><source srcset=\"https:\/\/www.fierbois.com\/wp-content\/uploads\/2025\/05\/AdobeStock_370602348-850x557.webp\" media=\"(max-width: 420px)\"><source srcset=\"https:\/\/www.fierbois.com\/wp-content\/uploads\/2025\/05\/AdobeStock_370602348-768x503.webp\" media=\"(max-width: 850px)\"><source srcset=\"https:\/\/www.fierbois.com\/wp-content\/uploads\/2025\/05\/AdobeStock_370602348-1024x671.webp\" media=\"(max-width: 1024px)\"><source srcset=\"https:\/\/www.fierbois.com\/wp-content\/uploads\/2025\/05\/AdobeStock_370602348.webp\" media=\"(min-width: 1025px)\"><img decoding=\"async\" src=\"https:\/\/www.fierbois.com\/wp-content\/uploads\/2025\/05\/AdobeStock_370602348-420x275.webp\" width=\"420\" height=\"210\" loading=\"lazy\" alt=\"\" title=\"\"><\/picture><\/figure><\/div><\/div><\/div><div class=\"columns reverse-mob\"><div class=\"columns__item\"><div class=\"gallery f-carousel fc-diapo-mob\" data-fancybox=\"gallery-mob\"><figure class=\"gallery__item\"><picture><source srcset=\"https:\/\/www.fierbois.com\/wp-content\/uploads\/2025\/05\/AdobeStock_1072436352-420x280.webp\" media=\"(max-width: 210px)\"><source srcset=\"https:\/\/www.fierbois.com\/wp-content\/uploads\/2025\/05\/AdobeStock_1072436352-850x566.webp\" media=\"(max-width: 420px)\"><source srcset=\"https:\/\/www.fierbois.com\/wp-content\/uploads\/2025\/05\/AdobeStock_1072436352-768x512.webp\" media=\"(max-width: 850px)\"><source srcset=\"https:\/\/www.fierbois.com\/wp-content\/uploads\/2025\/05\/AdobeStock_1072436352-1024x682.webp\" media=\"(max-width: 1024px)\"><source srcset=\"https:\/\/www.fierbois.com\/wp-content\/uploads\/2025\/05\/AdobeStock_1072436352.webp\" media=\"(min-width: 1025px)\"><img decoding=\"async\" src=\"https:\/\/www.fierbois.com\/wp-content\/uploads\/2025\/05\/AdobeStock_1072436352-420x280.webp\" width=\"420\" height=\"210\" loading=\"lazy\" alt=\"\" title=\"\"><\/picture><\/figure><\/div><\/div><div class=\"columns__item\" style=\"align-self:center;\"><p class=\"wording\" style=\"color: var(--vert);\"  >Schlafen Sie im Wald, besuchen Sie unter der Erde<\/p><h2>Eine Reise zu den sch\u00f6nsten H\u00f6hlend\u00f6rfern unternehmen<\/h2><p    >Die Region \u00fcberrascht mit vielen H\u00f6hlenwohnungen, die durch den Bau der Loire-Schl\u00f6sser entstanden sind. Die Bauarbeiten erforderten den Abbau von Felsgestein. Dadurch entstand eine originelle unterirdische Welt, in der sich H\u00f6hlen, ungew\u00f6hnliche Behausungen und unterirdische G\u00e4nge abwechseln.  <\/p><\/div><\/div><p  style=\"text-align: center;\"  >Hier sind einige der beliebtesten Sehensw\u00fcrdigkeiten in Centre Val de Loire:<\/p><p  style=\"text-align: center;\"  ><strong>Das Dorfmuseum von Rochemenier <\/strong>: Dieser H\u00f6hlenkomplex, der aus einem Bauernhaus, einer Kapelle und einem Gemeinschaftsraum besteht, nimmt Sie mit auf eine Reise in die Vergangenheit. Durch eine unterirdische Stra\u00dfe k\u00f6nnen Sie Gegenst\u00e4nde und M\u00f6bel aus der Zeit entdecken, die noch intakt sind. F\u00fcr Liebhaber der Region gibt es Augmented-Reality-Animationen und virtuelle Touren aller Art.  <\/p><p  style=\"text-align: center;\"  ><strong>Das Dorf Tr\u00f4o<\/strong>: Diese alte H\u00f6hlenstadt aus dem Mittelalter liegt in einem Tuffsteinhang. Ein Dorf mit Charme und Charakter, das Sie in ein au\u00dfergew\u00f6hnliches Erlebnis entf\u00fchrt. Es ist eine Abwechslung von der heutigen Routine. Tauchen Sie f\u00fcr die Dauer Ihres Aufenthaltes in eine fabelhafte Reise ein, in der die \u00dcberreste der Geschichte mit ihren W\u00e4llen und Toren wieder ihren Platz einnehmen.   <\/p><p  style=\"text-align: center;\"  ><strong>Die unterirdische Stadt Bourr\u00e9<\/strong>: Innerhalb der H\u00f6hlend\u00f6rfer zeichnet sich diese <strong>Stadt<\/strong> durch eine Vielzahl von Sehensw\u00fcrdigkeiten aus. Sie wurde in den 50 Meter tiefen Pilzkeller von Les Roches gegraben. Bourr\u00e9 verspricht Ihnen einen au\u00dfergew\u00f6hnlichen Spaziergang durch die 1500 Meter lange Galerie.  <\/p><div class=\"columns\"><div class=\"columns__item\" style=\"align-self:center;\"><p class=\"wording\" style=\"color: var(--vert);\"  >Die gut geh\u00fcteten Geheimnisse des Tuffsteins<\/p><h2>Das Troglodytische Tal von Goupilli\u00e8res in der Region Indre et Loire<\/h2><p    >Das Tal der Goupilli\u00e8res liegt in Azay le Rideau, nur 25 km von Ihrem Campingplatz Parc de Fierbois im Departement Indre et Loire entfernt. Dieser Ort bietet Ihnen ein 2 Hektar gro\u00dfes Gebiet, das sich f\u00fcr Spazierg\u00e4nge in der Natur und in der Geschichte eignet. <\/p><\/div><div class=\"columns__item\"><div class=\"gallery f-carousel fc-diapo-mob\" data-fancybox=\"gallery-mob\"><figure class=\"gallery__item\"><picture><source srcset=\"https:\/\/www.fierbois.com\/wp-content\/uploads\/2025\/05\/AdobeStock_370602354-420x275.webp\" media=\"(max-width: 210px)\"><source srcset=\"https:\/\/www.fierbois.com\/wp-content\/uploads\/2025\/05\/AdobeStock_370602354-850x557.webp\" media=\"(max-width: 420px)\"><source srcset=\"https:\/\/www.fierbois.com\/wp-content\/uploads\/2025\/05\/AdobeStock_370602354-768x503.webp\" media=\"(max-width: 850px)\"><source srcset=\"https:\/\/www.fierbois.com\/wp-content\/uploads\/2025\/05\/AdobeStock_370602354-1024x671.webp\" media=\"(max-width: 1024px)\"><source srcset=\"https:\/\/www.fierbois.com\/wp-content\/uploads\/2025\/05\/AdobeStock_370602354.webp\" media=\"(min-width: 1025px)\"><img decoding=\"async\" src=\"https:\/\/www.fierbois.com\/wp-content\/uploads\/2025\/05\/AdobeStock_370602354-420x275.webp\" width=\"420\" height=\"210\" loading=\"lazy\" alt=\"\" title=\"\"><\/picture><\/figure><\/div><\/div><\/div><p  style=\"text-align: center;\"  >Sie besuchen die Bauernh\u00f6fe, die Brot\u00f6fen, die St\u00e4lle und die Silos, die in den Fels gehauen sind. Kinder k\u00f6nnen den Ort in ihrem eigenen Tempo besuchen. F\u00fcr sie gibt es einen speziellen Rundgang, der auf sie zugeschnitten ist. \u00c4ltere Kinder k\u00f6nnen einen Ausflug in den Bauerngarten oder die Weinbergsloge machen.   <\/p><p  style=\"text-align: center;\"  >Verpassen Sie auch nicht das Dorf Amboise oder das Dorf Saumur, wo es sich gut flanieren l\u00e4sst. Auf dem Weg dorthin k\u00f6nnen Sie die engen und blumengeschm\u00fcckten Gassen erkunden. Aber auch gro\u00dfe Geb\u00e4ude aus dem 15. und 16. Jahrhundert. Jahrhundert. Eine wahre Augenweide! Weitere Punkte, die Sie sich nicht entgehen lassen sollten, sind die Auff\u00fchrungen, die kulinarischen Spezialit\u00e4ten und die lokalen Weine des Loiretals, die Sie mit dem Auto oder entlang der Loire \u00e0 V\u00e9lo genie\u00dfen k\u00f6nnen.    <\/p><div class=\"columns reverse-mob\"><div class=\"columns__item\"><div class=\"gallery f-carousel fc-diapo-mob\" data-fancybox=\"gallery-mob\"><figure class=\"gallery__item\"><picture><source srcset=\"https:\/\/www.fierbois.com\/wp-content\/uploads\/2025\/05\/AdobeStock_58882140-420x280.webp\" media=\"(max-width: 210px)\"><source srcset=\"https:\/\/www.fierbois.com\/wp-content\/uploads\/2025\/05\/AdobeStock_58882140-850x566.webp\" media=\"(max-width: 420px)\"><source srcset=\"https:\/\/www.fierbois.com\/wp-content\/uploads\/2025\/05\/AdobeStock_58882140-768x512.webp\" media=\"(max-width: 850px)\"><source srcset=\"https:\/\/www.fierbois.com\/wp-content\/uploads\/2025\/05\/AdobeStock_58882140-1024x682.webp\" media=\"(max-width: 1024px)\"><source srcset=\"https:\/\/www.fierbois.com\/wp-content\/uploads\/2025\/05\/AdobeStock_58882140.webp\" media=\"(min-width: 1025px)\"><img decoding=\"async\" src=\"https:\/\/www.fierbois.com\/wp-content\/uploads\/2025\/05\/AdobeStock_58882140-420x280.webp\" width=\"420\" height=\"210\" loading=\"lazy\" alt=\"\" title=\"\"><\/picture><\/figure><\/div><\/div><div class=\"columns__item\" style=\"align-self:center;\"><p class=\"wording\" style=\"color: var(--vert);\"  >Galerien voller Geschichte(n)<\/p><h2>Entdecken Sie die H\u00f6hlenkultur von Ihrem Campingplatz im Loiretal aus.<\/h2><p    >Wenn Sie sich f\u00fcr Parc de Fierbois in Sainte Catherine de Fierbois entscheiden, werden Sie mit dem Erbe des Loiretals und der H\u00f6hlenkultur vertraut gemacht. Es gibt Tausende von H\u00f6hlen, die in Werkst\u00e4tten, Keller oder Wohnungen umgewandelt wurden. <\/p><\/div><\/div><p  style=\"text-align: center;\"  >Dieser 5-Sterne-Campingplatz im Loiretal hat eine ideale Lage, um die Touraine und die Schl\u00f6sser der Loire zu entdecken. Es gibt eine gro\u00dfe Auswahl an Ferienunterk\u00fcnften, von Mobilheimen und Chalets \u00fcber Ferienwohnungen und Wohnwagenstellpl\u00e4tze bis hin zu Baumh\u00e4usern. Sie werden sich in einer ruhigen Umgebung entspannen. Es gibt nichts Besseres, um mit der Natur in Verbindung zu treten und neue Energie zu tanken!   <\/p><p  style=\"text-align: center;\"  >Sie werden sich nicht langweilen, denn das Team hat ein vielf\u00e4ltiges Angebot an Aktivit\u00e4ten zusammengestellt. Es gibt ein Freibad mit Rutschen, Sportpl\u00e4tze, Hochseilgarten, Skatepark, Bogenschie\u00dfen&#8230; Auf unserem Campingplatz im Loiretal mit Wasserpark k\u00f6nnen Sie sich in einem gro\u00dfen, beheizten Hallenbad entspannen. Und das von April bis September ohne Angst vor dem Wetter. Ein freundliches Team und qualitativ hochwertige Dienstleistungen erwarten Sie in unserer Anlage!   <\/p>","protected":false},"excerpt":{"rendered":"<p>Unter den Felsen, die Wunder Entdecken Sie die H\u00f6hlend\u00f6rfer des Loiretals Die H\u00f6hlenwohnungen im Loire-Tal sind wegen ihrer Authentizit\u00e4t ein Muss und ziehen Touristen aus der ganzen Welt an. Sie liegen inmitten einer unber\u00fchrten Natur und bieten herrliche Panoramen, die Sie in eine andere Welt entf\u00fchren werden. Besuchen Sie die Region von Ihrem 5-Sterne-Campingplatz Le [&hellip;]<\/p>\n","protected":false},"author":1,"featured_media":0,"parent":3596,"menu_order":0,"comment_status":"closed","ping_status":"closed","template":"","meta":{"_acf_changed":false,"footnotes":""},"lieu":[25],"acf":[],"_links":{"self":[{"href":"https:\/\/www.fierbois.com\/de\/wp-json\/wp\/v2\/pages\/3318"}],"collection":[{"href":"https:\/\/www.fierbois.com\/de\/wp-json\/wp\/v2\/pages"}],"about":[{"href":"https:\/\/www.fierbois.com\/de\/wp-json\/wp\/v2\/types\/page"}],"author":[{"embeddable":true,"href":"https:\/\/www.fierbois.com\/de\/wp-json\/wp\/v2\/users\/1"}],"replies":[{"embeddable":true,"href":"https:\/\/www.fierbois.com\/de\/wp-json\/wp\/v2\/comments?post=3318"}],"version-history":[{"count":1,"href":"https:\/\/www.fierbois.com\/de\/wp-json\/wp\/v2\/pages\/3318\/revisions"}],"predecessor-version":[{"id":3319,"href":"https:\/\/www.fierbois.com\/de\/wp-json\/wp\/v2\/pages\/3318\/revisions\/3319"}],"up":[{"embeddable":true,"href":"https:\/\/www.fierbois.com\/de\/wp-json\/wp\/v2\/pages\/3596"}],"wp:attachment":[{"href":"https:\/\/www.fierbois.com\/de\/wp-json\/wp\/v2\/media?parent=3318"}],"wp:term":[{"taxonomy":"lieu","embeddable":true,"href":"https:\/\/www.fierbois.com\/de\/wp-json\/wp\/v2\/lieu?post=3318"}],"curies":[{"name":"wp","href":"https:\/\/api.w.org\/{rel}","templated":true}]}}