{"id":3324,"date":"2025-05-21T16:37:49","date_gmt":"2025-05-21T14:37:49","guid":{"rendered":"https:\/\/www.fierbois.com\/anjou-weine\/"},"modified":"2025-12-01T12:21:13","modified_gmt":"2025-12-01T11:21:13","slug":"anjou-weine","status":"publish","type":"page","link":"https:\/\/www.fierbois.com\/de\/entdecken-sie-die-kultur-und-das-terroir\/anjou-weine\/","title":{"rendered":"Anjou-Weine"},"content":{"rendered":"<div class=\"diaporama-header align-full\"><div class=\"gallery\"><figure class=\"gallery__item\"><picture><source srcset=\"https:\/\/www.fierbois.com\/wp-content\/uploads\/2025\/05\/AdobeStock_974375619-420x179.webp\" media=\"(max-width: 210px)\"><source srcset=\"https:\/\/www.fierbois.com\/wp-content\/uploads\/2025\/05\/AdobeStock_974375619-850x362.webp\" media=\"(max-width: 420px)\"><source srcset=\"https:\/\/www.fierbois.com\/wp-content\/uploads\/2025\/05\/AdobeStock_974375619-768x327.webp\" media=\"(max-width: 850px)\"><source srcset=\"https:\/\/www.fierbois.com\/wp-content\/uploads\/2025\/05\/AdobeStock_974375619-1024x436.webp\" media=\"(max-width: 1024px)\"><source srcset=\"https:\/\/www.fierbois.com\/wp-content\/uploads\/2025\/05\/AdobeStock_974375619.webp\" media=\"(min-width: 1025px)\"><img loading=\"lazy\" decoding=\"async\" src=\"https:\/\/www.fierbois.com\/wp-content\/uploads\/2025\/05\/AdobeStock_974375619-420x179.webp\" width=\"420\" height=\"210\" alt=\"\" title=\"\"><\/picture><\/figure><\/div><div class=\"diaporama-header__inner\"><\/div><\/div><div class=\"columns\"><div class=\"columns__item\" style=\"align-self:center;\"><p class=\"wording\" style=\"color: var(--vert);\"  >Ein Campingplatz, Weinberge und Wunder<\/p><h1 style=\"text-align: left;\">Entdecken Sie die Weine von Anjou auf dem Campingplatz<\/h1><p    >W\u00e4hrend Ihres Urlaubs auf dem Campingplatz Parc de Fierbois sollten Sie unbedingt die <strong>Weine von Anjou<\/strong> kennen lernen. Das drittgr\u00f6\u00dfte Weinbaugebiet Frankreichs bietet Ihnen viele \u00f6nologische \u00dcberraschungen. Die Winzer werden Sie in die Geheimnisse der k\u00f6stlichen Weine von der Loire einweihen: trockene Wei\u00df- und Lik\u00f6rweine, leichte Ros\u00e9- und Rotweine, aber auch Schaumweine aus den H\u00f6hlen.  <\/p><\/div><div class=\"columns__item\" style=\"align-self:flex-start;\"><div class=\"gallery f-carousel fc-diapo-mob\" data-fancybox=\"gallery-mob\"><figure class=\"gallery__item\"><picture><source srcset=\"https:\/\/www.fierbois.com\/wp-content\/uploads\/2025\/05\/AdobeStock_1164389018-420x280.webp\" media=\"(max-width: 210px)\"><source srcset=\"https:\/\/www.fierbois.com\/wp-content\/uploads\/2025\/05\/AdobeStock_1164389018-850x566.webp\" media=\"(max-width: 420px)\"><source srcset=\"https:\/\/www.fierbois.com\/wp-content\/uploads\/2025\/05\/AdobeStock_1164389018-768x512.webp\" media=\"(max-width: 850px)\"><source srcset=\"https:\/\/www.fierbois.com\/wp-content\/uploads\/2025\/05\/AdobeStock_1164389018-1024x682.webp\" media=\"(max-width: 1024px)\"><source srcset=\"https:\/\/www.fierbois.com\/wp-content\/uploads\/2025\/05\/AdobeStock_1164389018.webp\" media=\"(min-width: 1025px)\"><img decoding=\"async\" src=\"https:\/\/www.fierbois.com\/wp-content\/uploads\/2025\/05\/AdobeStock_1164389018-420x280.webp\" width=\"420\" height=\"210\" loading=\"lazy\" alt=\"\" title=\"\"><\/picture><\/figure><\/div><\/div><\/div><p  style=\"text-align: center;\"  >Die <strong>Weine von Anjou<\/strong> zeichnen sich durch ihre au\u00dfergew\u00f6hnliche Vielfalt aus. An den Ufern der Loire, des Aubance und des Layon k\u00f6nnen dank der unterschiedlichen B\u00f6den verschiedene Weine hergestellt werden. So geh\u00f6rt der AOP Savenni\u00e8res in der N\u00e4he von Angers zu den trockenen Wei\u00dfweinen von Anjou, die f\u00fcr ihren Geschmack bekannt sind. Die H\u00e4nge von Layon und Aubance bringen liebliche bis s\u00fc\u00dfe Wei\u00dfweine hervor, wie den k\u00f6stlichen Bonnezeaux. Auf Ihrer Weinreise durch die <strong>Weine von Anjou<\/strong>, die Sie von Dorf zu Dorf f\u00fchrt, k\u00f6nnen Sie auch das reiche Kulturerbe des Loiretals und seine herrlichen Landschaften genie\u00dfen.    <\/p><p  style=\"text-align: center;\"  >Neben den Wei\u00dfweinen werden Sie auch die leichten und schmackhaften Ros\u00e9s von Anjou entdecken, aber auch sch\u00f6ne Rotweine wie den Saumur Champigny. Verpassen Sie nicht, was die Besonderheit der Weinberge von Saumur ausmacht. Entdecken Sie die H\u00f6hlenkeller, die in den Tuffstein, den lokalen Kalkstein, gehauen wurden. Sie werden von den Aromen, der Leichtigkeit und den feinen Bl\u00e4schen dieser besonderen<strong> Anjou-Weine<\/strong> begeistert sein. Sie werden stolze Winzer treffen, die Ihnen ihre Weinkeller zeigen, die in gro\u00dfartigen unterirdischen Galerien liegen. Einige von ihnen inszenieren sich sogar in fabelhaften Szenen, wie die Ackerman-Keller in Saumur.     <\/p><div class=\"columns reverse-mob\"><div class=\"columns__item\"><div class=\"gallery f-carousel fc-diapo-mob\" data-fancybox=\"gallery-mob\"><figure class=\"gallery__item\"><picture><source srcset=\"https:\/\/www.fierbois.com\/wp-content\/uploads\/2025\/05\/AdobeStock_727772845-1-420x280.webp\" media=\"(max-width: 210px)\"><source srcset=\"https:\/\/www.fierbois.com\/wp-content\/uploads\/2025\/05\/AdobeStock_727772845-1-850x566.webp\" media=\"(max-width: 420px)\"><source srcset=\"https:\/\/www.fierbois.com\/wp-content\/uploads\/2025\/05\/AdobeStock_727772845-1-768x512.webp\" media=\"(max-width: 850px)\"><source srcset=\"https:\/\/www.fierbois.com\/wp-content\/uploads\/2025\/05\/AdobeStock_727772845-1-1024x682.webp\" media=\"(max-width: 1024px)\"><source srcset=\"https:\/\/www.fierbois.com\/wp-content\/uploads\/2025\/05\/AdobeStock_727772845-1.webp\" media=\"(min-width: 1025px)\"><img decoding=\"async\" src=\"https:\/\/www.fierbois.com\/wp-content\/uploads\/2025\/05\/AdobeStock_727772845-1-420x280.webp\" width=\"420\" height=\"210\" loading=\"lazy\" alt=\"\" title=\"\"><\/picture><\/figure><\/div><\/div><div class=\"columns__item\" style=\"align-self:center;\"><p class=\"wording\" style=\"color: var(--vert);\"  >Spazierg\u00e4nge und Blasen im Loire-Tal<\/p><h2>Andere Aktivit\u00e4ten in Val de Loire<\/h2><p    >Neben der Entdeckung der <strong>Anjou-Weine<\/strong> bietet Ihr Aufenthalt auf dem Parc de Fierbois die Gelegenheit, das reiche Erbe und die Natur des Val-de-Loire zu entdecken. Entdecken Sie die ber\u00fchmten Schl\u00f6sser der Loire, von denen einige ganz in der N\u00e4he des Campingplatzes liegen.   <\/p><\/div><\/div><p  style=\"text-align: center;\"  >Das Schloss Azay-le-Rideau ist nur etwa 25 km entfernt und Amboise 45 km. Sie k\u00f6nnen auch die anderen Schl\u00f6sser in der N\u00e4he besuchen, wie Chinon, Chenonceaux, Chaumont, Chambord oder Cheverny. Wenn Sie gerne in die Pedale treten, werden Sie von der Loire \u00e0 v\u00e9lo begeistert sein, einem Radweg, der entlang der Loire durch die Touraine f\u00fchrt.  <\/p><p  style=\"text-align: center;\"  >Begeben Sie sich auf den Abschnitt Ihrer Wahl, um sich mit der Familie oder mit Freunden in aller Sicherheit zu bewegen. Sie k\u00f6nnen die wundersch\u00f6ne Landschaft des <strong>Loiretals<\/strong>, die kleinen D\u00f6rfer und die unber\u00fchrten Naturgebiete am <strong>Ufer<\/strong> der <strong>Loire<\/strong> mit ihrer reichen und vielf\u00e4ltigen Flora und Fauna lange bewundern. Ein Besuch der gro\u00dfen St\u00e4dte wie Orl\u00e9ans, Tours oder Saumur ist ein Muss f\u00fcr Ihren Aufenthalt im Parc de Fierbois, um das reiche Kulturerbe der Gegend zu entdecken. Und f\u00fcr einen totalen Tapetenwechsel besuchen Sie den ZooParc de Beauval! Mit seinen 35.000 Tieren und 22 wundersch\u00f6nen Welten wird er Sie und Ihre Kinder in Staunen versetzen.    <\/p><div class=\"columns\"><div class=\"columns__item\" style=\"align-self:center;\"><p class=\"wording\" style=\"color: var(--vert);\"  >Das Gl\u00fcck ist im Glas<\/p><h2>Camping in Anjou<\/h2><p    >Um die <strong>Weine von Anjou<\/strong> und die Reicht\u00fcmer des Val-de-Loire zu entdecken, ist der Park von Fierbois in Indre-et-Loire, nur eine Autostunde von Saumur und eine halbe Stunde von Tours entfernt, der ideale Ausgangspunkt.<\/p><\/div><div class=\"columns__item\"><div class=\"gallery f-carousel fc-diapo-mob\" data-fancybox=\"gallery-mob\"><figure class=\"gallery__item\"><picture><source srcset=\"https:\/\/www.fierbois.com\/wp-content\/uploads\/2025\/05\/AdobeStock_774311564-420x280.webp\" media=\"(max-width: 210px)\"><source srcset=\"https:\/\/www.fierbois.com\/wp-content\/uploads\/2025\/05\/AdobeStock_774311564-850x566.webp\" media=\"(max-width: 420px)\"><source srcset=\"https:\/\/www.fierbois.com\/wp-content\/uploads\/2025\/05\/AdobeStock_774311564-768x512.webp\" media=\"(max-width: 850px)\"><source srcset=\"https:\/\/www.fierbois.com\/wp-content\/uploads\/2025\/05\/AdobeStock_774311564-1024x682.webp\" media=\"(max-width: 1024px)\"><source srcset=\"https:\/\/www.fierbois.com\/wp-content\/uploads\/2025\/05\/AdobeStock_774311564.webp\" media=\"(min-width: 1025px)\"><img decoding=\"async\" src=\"https:\/\/www.fierbois.com\/wp-content\/uploads\/2025\/05\/AdobeStock_774311564-420x280.webp\" width=\"420\" height=\"210\" loading=\"lazy\" alt=\"\" title=\"\"><\/picture><\/figure><\/div><\/div><\/div><p  style=\"text-align: center;\"  >Wir bieten Ihnen eine gro\u00dfe Auswahl an Unterk\u00fcnften auf unserem Campingplatz in Anjou. Sie haben die Wahl zwischen perfekt ausgestatteten Mobilheimen, gem\u00fctlichen Holzchalets, aber auch komfortablen Appartements und H\u00e4usern. <\/p><p  style=\"text-align: center;\"  >Wir bieten Ihnen auch ungew\u00f6hnlichere Unterk\u00fcnfte: Baumh\u00e4user oder Zeltlodges am See und im Wald. Wir bieten Ihnen zahlreiche Dienstleistungen und Animationen von hoher Qualit\u00e4t, sowie drei verschiedene Wasserwelten, in denen Sie sich erholen k\u00f6nnen. Nach Ihrer Entdeckung der <strong>Weine von Anjou<\/strong> k\u00f6nnen Sie sich in unserem Wasserpark am Strand des Sees, der an das Landgut angrenzt, in unseren tropischen Au\u00dfenbecken oder in unserem beheizten Innenpool mit Solarium entspannen.  <\/p>","protected":false},"excerpt":{"rendered":"<p>Ein Campingplatz, Weinberge und Wunder Entdecken Sie die Weine von Anjou auf dem Campingplatz W\u00e4hrend Ihres Urlaubs auf dem Campingplatz Parc de Fierbois sollten Sie unbedingt die Weine von Anjou kennen lernen. Das drittgr\u00f6\u00dfte Weinbaugebiet Frankreichs bietet Ihnen viele \u00f6nologische \u00dcberraschungen. Die Winzer werden Sie in die Geheimnisse der k\u00f6stlichen Weine von der Loire einweihen: [&hellip;]<\/p>\n","protected":false},"author":1,"featured_media":0,"parent":3596,"menu_order":0,"comment_status":"closed","ping_status":"closed","template":"","meta":{"_acf_changed":false,"footnotes":""},"lieu":[28],"acf":[],"_links":{"self":[{"href":"https:\/\/www.fierbois.com\/de\/wp-json\/wp\/v2\/pages\/3324"}],"collection":[{"href":"https:\/\/www.fierbois.com\/de\/wp-json\/wp\/v2\/pages"}],"about":[{"href":"https:\/\/www.fierbois.com\/de\/wp-json\/wp\/v2\/types\/page"}],"author":[{"embeddable":true,"href":"https:\/\/www.fierbois.com\/de\/wp-json\/wp\/v2\/users\/1"}],"replies":[{"embeddable":true,"href":"https:\/\/www.fierbois.com\/de\/wp-json\/wp\/v2\/comments?post=3324"}],"version-history":[{"count":1,"href":"https:\/\/www.fierbois.com\/de\/wp-json\/wp\/v2\/pages\/3324\/revisions"}],"predecessor-version":[{"id":3325,"href":"https:\/\/www.fierbois.com\/de\/wp-json\/wp\/v2\/pages\/3324\/revisions\/3325"}],"up":[{"embeddable":true,"href":"https:\/\/www.fierbois.com\/de\/wp-json\/wp\/v2\/pages\/3596"}],"wp:attachment":[{"href":"https:\/\/www.fierbois.com\/de\/wp-json\/wp\/v2\/media?parent=3324"}],"wp:term":[{"taxonomy":"lieu","embeddable":true,"href":"https:\/\/www.fierbois.com\/de\/wp-json\/wp\/v2\/lieu?post=3324"}],"curies":[{"name":"wp","href":"https:\/\/api.w.org\/{rel}","templated":true}]}}