{"id":3331,"date":"2025-12-14T10:10:34","date_gmt":"2025-12-14T09:10:34","guid":{"rendered":"https:\/\/www.fierbois.com\/beauval-zoo\/"},"modified":"2025-12-15T09:40:44","modified_gmt":"2025-12-15T08:40:44","slug":"beauval-zoo","status":"publish","type":"page","link":"https:\/\/www.fierbois.com\/de\/sich-wundern\/beauval-zoo\/","title":{"rendered":"Beauval Zoo"},"content":{"rendered":"<div class=\"diaporama-header align-full\"><div class=\"gallery\"><figure class=\"gallery__item\"><picture><source srcset=\"https:\/\/www.fierbois.com\/wp-content\/uploads\/2025\/05\/AdobeStock_382841165-420x280.webp\" media=\"(max-width: 210px)\"><source srcset=\"https:\/\/www.fierbois.com\/wp-content\/uploads\/2025\/05\/AdobeStock_382841165-850x567.webp\" media=\"(max-width: 420px)\"><source srcset=\"https:\/\/www.fierbois.com\/wp-content\/uploads\/2025\/05\/AdobeStock_382841165-768x512.webp\" media=\"(max-width: 850px)\"><source srcset=\"https:\/\/www.fierbois.com\/wp-content\/uploads\/2025\/05\/AdobeStock_382841165-1024x683.webp\" media=\"(max-width: 1024px)\"><source srcset=\"https:\/\/www.fierbois.com\/wp-content\/uploads\/2025\/05\/AdobeStock_382841165.webp\" media=\"(min-width: 1025px)\"><img loading=\"lazy\" decoding=\"async\" src=\"https:\/\/www.fierbois.com\/wp-content\/uploads\/2025\/05\/AdobeStock_382841165-420x280.webp\" width=\"420\" height=\"210\" alt=\"\" title=\"\"><\/picture><\/figure><\/div><div class=\"diaporama-header__inner\"><\/div><\/div><div class=\"columns\"><div class=\"columns__item\" style=\"align-self:center;\"><p class=\"wording\" style=\"color: var(--vert);\"  >Ein Tag im Herzen des Tierreichs<\/p><h1 style=\"text-align: left;\">Campingplatz in der N\u00e4he von Zoo de Beauval<\/h1><p    >EIN ZOO, DER ZU DEN 10 BESTEN DER WELT GEH\u00d6RT<\/p><p    >Nutzen Sie Ihren Campingaufenthalt in der N\u00e4he des Zoo de Beauval in Sainte-Catherine de Fierbois, um einen magischen Tag mit der Familie oder mit Freunden zu erleben. Weniger als eine Stunde vom Park Fierbois entfernt liegt der<strong> ZooParc de Beauval <\/strong>, der zu den 10 besten Zoos der Welt z\u00e4hlt und einer der sch\u00f6nsten Touristenorte im Loiretal mit den ber\u00fchmten Loire-Schl\u00f6ssern ist. <\/p><\/div><div class=\"columns__item\" style=\"align-self:flex-start;\"><div class=\"gallery f-carousel fc-diapo-mob\" data-fancybox=\"gallery-mob\"><figure class=\"gallery__item\"><picture><source srcset=\"https:\/\/www.fierbois.com\/wp-content\/uploads\/2025\/05\/AdobeStock_572760188-420x196.webp\" media=\"(max-width: 210px)\"><source srcset=\"https:\/\/www.fierbois.com\/wp-content\/uploads\/2025\/05\/AdobeStock_572760188-850x396.webp\" media=\"(max-width: 420px)\"><source srcset=\"https:\/\/www.fierbois.com\/wp-content\/uploads\/2025\/05\/AdobeStock_572760188-768x358.webp\" media=\"(max-width: 850px)\"><source srcset=\"https:\/\/www.fierbois.com\/wp-content\/uploads\/2025\/05\/AdobeStock_572760188-1024x478.webp\" media=\"(max-width: 1024px)\"><source srcset=\"https:\/\/www.fierbois.com\/wp-content\/uploads\/2025\/05\/AdobeStock_572760188.webp\" media=\"(min-width: 1025px)\"><img decoding=\"async\" src=\"https:\/\/www.fierbois.com\/wp-content\/uploads\/2025\/05\/AdobeStock_572760188-420x196.webp\" width=\"420\" height=\"210\" loading=\"lazy\" alt=\"\" title=\"\"><\/picture><\/figure><\/div><\/div><\/div><div class=\"columns reverse-mob\"><div class=\"columns__item\"><div class=\"gallery f-carousel fc-diapo-mob\" data-fancybox=\"gallery-mob\"><figure class=\"gallery__item\"><picture><source srcset=\"https:\/\/www.fierbois.com\/wp-content\/uploads\/2025\/05\/AdobeStock_467323880-420x410.webp\" media=\"(max-width: 210px)\"><source srcset=\"https:\/\/www.fierbois.com\/wp-content\/uploads\/2025\/05\/AdobeStock_467323880-850x831.webp\" media=\"(max-width: 420px)\"><source srcset=\"https:\/\/www.fierbois.com\/wp-content\/uploads\/2025\/05\/AdobeStock_467323880-768x751.webp\" media=\"(max-width: 850px)\"><source srcset=\"https:\/\/www.fierbois.com\/wp-content\/uploads\/2025\/05\/AdobeStock_467323880-1024x1001.webp\" media=\"(max-width: 1024px)\"><source srcset=\"https:\/\/www.fierbois.com\/wp-content\/uploads\/2025\/05\/AdobeStock_467323880.webp\" media=\"(min-width: 1025px)\"><img decoding=\"async\" src=\"https:\/\/www.fierbois.com\/wp-content\/uploads\/2025\/05\/AdobeStock_467323880-420x410.webp\" width=\"420\" height=\"210\" loading=\"lazy\" alt=\"\" title=\"\"><\/picture><\/figure><\/div><\/div><div class=\"columns__item\" style=\"align-self:center;\"><p class=\"wording\" style=\"color: var(--vert);\"  >Unter den 10 sch\u00f6nsten Zoos der Welt<\/p><h2>Aufenthalt auf dem Campingplatz Parc de Fierbois<\/h2><p   id=\"gid_1\" >Bleiben Sie weniger als eine Stunde vom <strong>Zoo von Beauval<\/strong> entfernt. Der Parc de Fierbois ist ein <g id=\"gid_1\">Campingplatz in der N\u00e4he des Zoos von Beauval<\/g>. Lassen Sie sich von einem <strong>100 Hektar<\/strong> gro\u00dfen Park verf\u00fchren, in dem Sie eine gro\u00dfe Auswahl an <strong>Ferienunterk\u00fcnften<\/strong> finden.  <\/p><\/div><\/div><p  style=\"text-align: center;\"  >Hier finden Sie Mobilheime, <strong>Chalets<\/strong> und<strong> Ferienh\u00e4user<\/strong> f\u00fcr maximalen Komfort und einen Urlaub wie zu Hause. F\u00fcr die Abenteuerlustigen unter Ihnen bietet unser <strong>Campingplatz in der N\u00e4he von Tours <\/strong>und Beauval eine gro\u00dfe Auswahl an<strong>Campingpl\u00e4tzen<\/strong> oder sogar ungew\u00f6hnlichen Unterk\u00fcnften im Departement Indre et Loire. <\/p><p  style=\"text-align: center;\"  >Genie\u00dfen Sie die vielen <strong>5-Sterne-Einrichtungen<\/strong> wie unser beheiztes Hallenbad im Loiretal und unseren<strong> Wasserpark<\/strong> im Freien. Nutzen Sie die zahlreichen Aktivit\u00e4ten wie <strong>Baumklettern<\/strong>, Bogenschie\u00dfen und Minigolf. <\/p><div class=\"columns\"><div class=\"columns__item\" style=\"align-self:center;\"><p class=\"wording\" style=\"color: var(--vert);\"  >Tiger und 10.000 \u00dcberraschungen mit Haaren, Federn und Schuppen<\/p><h2>Sehenswertes im ZooParc de Beauval<\/h2><p    >W\u00e4hrend Ihres Besuchs im <strong>Zoo von Beauval<\/strong> in der N\u00e4he unseres Campingplatzes in der Region Centre Val de Loire k\u00f6nnen Sie viele verschiedene Tierarten wie Sumatra-Tiger, arktische W\u00f6lfe, Nash\u00f6rner, V\u00f6gel und Reptilien beobachten. Der ZooParc de Beauval beherbergt mehr als 10.000 Tiere von 600 Arten aus der ganzen Welt. Er wurde 1980 von der Familie Delord gegr\u00fcndet und bietet p\u00e4dagogische Animationen, um Kinder auf spielerische Weise f\u00fcr den Schutz von Tieren und \u00d6kosystemen zu sensibilisieren.  <\/p><\/div><div class=\"columns__item\"><div class=\"gallery f-carousel fc-diapo-mob\" data-fancybox=\"gallery-mob\"><figure class=\"gallery__item\"><picture><source srcset=\"https:\/\/www.fierbois.com\/wp-content\/uploads\/2025\/05\/AdobeStock_164705409-420x280.webp\" media=\"(max-width: 210px)\"><source srcset=\"https:\/\/www.fierbois.com\/wp-content\/uploads\/2025\/05\/AdobeStock_164705409-850x566.webp\" media=\"(max-width: 420px)\"><source srcset=\"https:\/\/www.fierbois.com\/wp-content\/uploads\/2025\/05\/AdobeStock_164705409-768x512.webp\" media=\"(max-width: 850px)\"><source srcset=\"https:\/\/www.fierbois.com\/wp-content\/uploads\/2025\/05\/AdobeStock_164705409-1024x682.webp\" media=\"(max-width: 1024px)\"><source srcset=\"https:\/\/www.fierbois.com\/wp-content\/uploads\/2025\/05\/AdobeStock_164705409.webp\" media=\"(min-width: 1025px)\"><img decoding=\"async\" src=\"https:\/\/www.fierbois.com\/wp-content\/uploads\/2025\/05\/AdobeStock_164705409-420x280.webp\" width=\"420\" height=\"210\" loading=\"lazy\" alt=\"\" title=\"\"><\/picture><\/figure><\/div><\/div><\/div><div class=\"columns reverse-mob\"><div class=\"columns__item\"><div class=\"gallery f-carousel fc-diapo-mob\" data-fancybox=\"gallery-mob\"><figure class=\"gallery__item\"><picture><source srcset=\"https:\/\/www.fierbois.com\/wp-content\/uploads\/2025\/05\/AdobeStock_498789963-420x280.webp\" media=\"(max-width: 210px)\"><source srcset=\"https:\/\/www.fierbois.com\/wp-content\/uploads\/2025\/05\/AdobeStock_498789963-850x566.webp\" media=\"(max-width: 420px)\"><source srcset=\"https:\/\/www.fierbois.com\/wp-content\/uploads\/2025\/05\/AdobeStock_498789963-768x512.webp\" media=\"(max-width: 850px)\"><source srcset=\"https:\/\/www.fierbois.com\/wp-content\/uploads\/2025\/05\/AdobeStock_498789963-1024x682.webp\" media=\"(max-width: 1024px)\"><source srcset=\"https:\/\/www.fierbois.com\/wp-content\/uploads\/2025\/05\/AdobeStock_498789963.webp\" media=\"(min-width: 1025px)\"><img decoding=\"async\" src=\"https:\/\/www.fierbois.com\/wp-content\/uploads\/2025\/05\/AdobeStock_498789963-420x280.webp\" width=\"420\" height=\"210\" loading=\"lazy\" alt=\"\" title=\"\"><\/picture><\/figure><\/div><\/div><div class=\"columns__item\" style=\"align-self:center;\"><p class=\"wording\" style=\"color: var(--vert);\"  >Geburten und Rarit\u00e4ten: Beauval zeigt sich von seiner besten Seite<\/p><h3>Entdecken Sie einzigartige Arten<\/h3><p   id=\"gid_1\" >Dieser Zoo, der jedes Jahr \u00fcber eine Million Besucher empf\u00e4ngt, ist voll <strong>von seltenen und einzigartigen Arten<\/strong>. Dies wurde mit<g id=\"gid_1\"> der Geburt der Pandababys <\/g>im Jahr 2021 bewiesen. Der Besuch der kleinen Pandas ist eine der beliebtesten Aktivit\u00e4ten im Zoo von Beauval.  <\/p><\/div><\/div><p  style=\"text-align: center;\"  >Es ist eine Freude f\u00fcr die Besucher, diese niedlichen Kreaturen aus der N\u00e4he zu sehen. Jedes Jahr werden im ZooParc viele weitere Neugeborene geboren, wie der kleine Tamandua, ein Ameisenb\u00e4r aus Mexiko. Ein Beweis daf\u00fcr, dass diese in Europa ungew\u00f6hnlichen Tiere unter den H\u00e4nden der verschiedenen Tierpfleger gedeihen. Das <strong>Wohlbefinden der Tiere<\/strong> ist \u00fcbrigens ein Schl\u00fcsselwert, der von der Gr\u00fcnderin des Parks eingef\u00fchrt wurde. Diese Arbeit zur Erhaltung der weltweiten Biodiversit\u00e4t in Beauval wird in der Familiensaga fortgesetzt.    <\/p><div class=\"columns\"><div class=\"columns__item\" style=\"align-self:center;\"><p class=\"wording\" style=\"color: var(--vert);\"  >Ein Abenteuer f\u00fcr Gro\u00df und Klein, zwischen Auff\u00fchrungen und Entdeckungen<\/p><h3>Genie\u00dfen Sie eine Familienaktivit\u00e4t auf einem Campingplatz in der N\u00e4he des Zoos von Beauval<\/h3><p    >Neben <strong>den p\u00e4dagogischen Animationen<\/strong>, die von den Tierpflegern des Zoos Beauval pr\u00e4sentiert werden, gibt es auch andere Aktivit\u00e4ten, die f\u00fcr einen<strong> Tagesausflug oder ein Wochenende mit der ganzen Familie<\/strong> geeignet sind. Die Kinder k\u00f6nnen den Beruf des Tierarztes im Zoo kennen lernen und mehr \u00fcber die Herkunft der Tiere im Park erfahren.   <\/p><\/div><div class=\"columns__item\"><div class=\"gallery f-carousel fc-diapo-mob\" data-fancybox=\"gallery-mob\"><figure class=\"gallery__item\"><picture><source srcset=\"https:\/\/www.fierbois.com\/wp-content\/uploads\/2025\/05\/AdobeStock_294602492-420x280.webp\" media=\"(max-width: 210px)\"><source srcset=\"https:\/\/www.fierbois.com\/wp-content\/uploads\/2025\/05\/AdobeStock_294602492-850x566.webp\" media=\"(max-width: 420px)\"><source srcset=\"https:\/\/www.fierbois.com\/wp-content\/uploads\/2025\/05\/AdobeStock_294602492-768x512.webp\" media=\"(max-width: 850px)\"><source srcset=\"https:\/\/www.fierbois.com\/wp-content\/uploads\/2025\/05\/AdobeStock_294602492-1024x682.webp\" media=\"(max-width: 1024px)\"><source srcset=\"https:\/\/www.fierbois.com\/wp-content\/uploads\/2025\/05\/AdobeStock_294602492.webp\" media=\"(min-width: 1025px)\"><img decoding=\"async\" src=\"https:\/\/www.fierbois.com\/wp-content\/uploads\/2025\/05\/AdobeStock_294602492-420x280.webp\" width=\"420\" height=\"210\" loading=\"lazy\" alt=\"\" title=\"\"><\/picture><\/figure><\/div><\/div><\/div><p  style=\"text-align: center;\"  >  Im Laufe des Tages k\u00f6nnen Sie dann einen Vogelball und majest\u00e4tische Seek\u00fche bestaunen. Bei <strong>beiden Shows<\/strong>, in der Luft und im Wasser, k\u00f6nnen Sie die Tiere in Aktion beobachten. Picknicktische und Restaurants stehen im Park zur Verf\u00fcgung, um eine Pause einzulegen.    <\/p><p  style=\"text-align: center;\"  >Zu den weiteren Einrichtungen geh\u00f6ren Babywickelraum, Kinderwagenverleih, Spielpl\u00e4tze und Souvenirl\u00e4den. Unser <strong>Campingplatz in der N\u00e4he von Beauval<\/strong> bietet <strong>Tickets direkt an der Rezeption<\/strong> an, so dass Sie nach einem sch\u00f6nen Besuch inmitten von Tieren aller Art ruhig bleiben k\u00f6nnen. <\/p><div class=\"columns reverse-mob\"><div class=\"columns__item\"><div class=\"gallery f-carousel fc-diapo-mob\" data-fancybox=\"gallery-mob\"><figure class=\"gallery__item\"><picture><source srcset=\"https:\/\/www.fierbois.com\/wp-content\/uploads\/2025\/05\/AdobeStock_186655834-420x280.webp\" media=\"(max-width: 210px)\"><source srcset=\"https:\/\/www.fierbois.com\/wp-content\/uploads\/2025\/05\/AdobeStock_186655834-850x566.webp\" media=\"(max-width: 420px)\"><source srcset=\"https:\/\/www.fierbois.com\/wp-content\/uploads\/2025\/05\/AdobeStock_186655834-768x512.webp\" media=\"(max-width: 850px)\"><source srcset=\"https:\/\/www.fierbois.com\/wp-content\/uploads\/2025\/05\/AdobeStock_186655834-1024x682.webp\" media=\"(max-width: 1024px)\"><source srcset=\"https:\/\/www.fierbois.com\/wp-content\/uploads\/2025\/05\/AdobeStock_186655834.webp\" media=\"(min-width: 1025px)\"><img decoding=\"async\" src=\"https:\/\/www.fierbois.com\/wp-content\/uploads\/2025\/05\/AdobeStock_186655834-420x280.webp\" width=\"420\" height=\"210\" loading=\"lazy\" alt=\"\" title=\"\"><\/picture><\/figure><\/div><\/div><div class=\"columns__item\" style=\"align-self:center;\"><p class=\"wording\" style=\"color: var(--vert);\"  >Wie erreichen Sie Beauval vom Parc de Fierbois aus?<\/p><h2>Praktische Informationen Zoo de Beauval<\/h2><h3><strong>Anreise zum Zoo de Beauval vom Campingplatz aus<\/strong><\/h3><p    >Der <strong>ZooParc de Beauval <\/strong>befindet sich in Saint-Aignan im Departement Loir-et-Cher, 70 km vom Campingplatz Castel Parc de Fierbois in Sainte-Catherine-de-Fierbois entfernt. \u00dcber die Autobahn (A10 bis Tours, A85) erreichen Sie den Park in einer knappen Stunde. <\/p><\/div><\/div><h3 style=\"text-align: center;\">\u00d6ffnungszeiten des ZooParks<\/h3><p  style=\"text-align: center;\"  >Die Tore \u00f6ffnen sich <strong>t\u00e4glich um 9.00 Uhr<\/strong>, auch an Wochenenden und Feiertagen. Die empfohlene Besuchsdauer betr\u00e4gt mindestens 5 Stunden und es ist ratsam, fr\u00fch am Morgen zu beginnen, um die Tiere besser sehen zu k\u00f6nnen. Die Schlie\u00dfungszeiten variieren je nach Jahreszeit. Einige Bereiche wie der Bereich der Gro\u00dfen Pandas, das Nilpferdreservat und die tropischen Gew\u00e4chsh\u00e4user haben spezielle \u00d6ffnungszeiten. Erkundigen Sie sich <strong>an der Rezeption unseres Campingplatzes in der N\u00e4he des Zoos von Beauval<\/strong> nach weiteren Informationen und buchen Sie Ihre Eintrittskarten.    <\/p>","protected":false},"excerpt":{"rendered":"<p>Ein Tag im Herzen des Tierreichs Campingplatz in der N\u00e4he von Zoo de Beauval EIN ZOO, DER ZU DEN 10 BESTEN DER WELT GEH\u00d6RT Nutzen Sie Ihren Campingaufenthalt in der N\u00e4he des Zoo de Beauval in Sainte-Catherine de Fierbois, um einen magischen Tag mit der Familie oder mit Freunden zu erleben. Weniger als eine Stunde [&hellip;]<\/p>\n","protected":false},"author":1,"featured_media":0,"parent":3617,"menu_order":0,"comment_status":"closed","ping_status":"closed","template":"","meta":{"_acf_changed":false,"footnotes":""},"lieu":[30],"acf":[],"_links":{"self":[{"href":"https:\/\/www.fierbois.com\/de\/wp-json\/wp\/v2\/pages\/3331"}],"collection":[{"href":"https:\/\/www.fierbois.com\/de\/wp-json\/wp\/v2\/pages"}],"about":[{"href":"https:\/\/www.fierbois.com\/de\/wp-json\/wp\/v2\/types\/page"}],"author":[{"embeddable":true,"href":"https:\/\/www.fierbois.com\/de\/wp-json\/wp\/v2\/users\/1"}],"replies":[{"embeddable":true,"href":"https:\/\/www.fierbois.com\/de\/wp-json\/wp\/v2\/comments?post=3331"}],"version-history":[{"count":4,"href":"https:\/\/www.fierbois.com\/de\/wp-json\/wp\/v2\/pages\/3331\/revisions"}],"predecessor-version":[{"id":4288,"href":"https:\/\/www.fierbois.com\/de\/wp-json\/wp\/v2\/pages\/3331\/revisions\/4288"}],"up":[{"embeddable":true,"href":"https:\/\/www.fierbois.com\/de\/wp-json\/wp\/v2\/pages\/3617"}],"wp:attachment":[{"href":"https:\/\/www.fierbois.com\/de\/wp-json\/wp\/v2\/media?parent=3331"}],"wp:term":[{"taxonomy":"lieu","embeddable":true,"href":"https:\/\/www.fierbois.com\/de\/wp-json\/wp\/v2\/lieu?post=3331"}],"curies":[{"name":"wp","href":"https:\/\/api.w.org\/{rel}","templated":true}]}}