{"id":3363,"date":"2025-05-22T10:38:40","date_gmt":"2025-05-22T08:38:40","guid":{"rendered":"https:\/\/www.fierbois.com\/die-loire-mit-dem-fahrrad\/"},"modified":"2025-12-01T12:21:17","modified_gmt":"2025-12-01T11:21:17","slug":"die-loire-mit-dem-fahrrad","status":"publish","type":"page","link":"https:\/\/www.fierbois.com\/de\/bewegung-natur-und-sportaktivitaeten\/die-loire-mit-dem-fahrrad\/","title":{"rendered":"Die Loire mit dem Fahrrad"},"content":{"rendered":"<div class=\"diaporama-header align-full\"><div class=\"gallery\"><figure class=\"gallery__item\"><picture><source srcset=\"https:\/\/www.fierbois.com\/wp-content\/uploads\/2025\/05\/AdobeStock_456921544-420x280.webp\" media=\"(max-width: 210px)\"><source srcset=\"https:\/\/www.fierbois.com\/wp-content\/uploads\/2025\/05\/AdobeStock_456921544-850x566.webp\" media=\"(max-width: 420px)\"><source srcset=\"https:\/\/www.fierbois.com\/wp-content\/uploads\/2025\/05\/AdobeStock_456921544-768x512.webp\" media=\"(max-width: 850px)\"><source srcset=\"https:\/\/www.fierbois.com\/wp-content\/uploads\/2025\/05\/AdobeStock_456921544-1024x682.webp\" media=\"(max-width: 1024px)\"><source srcset=\"https:\/\/www.fierbois.com\/wp-content\/uploads\/2025\/05\/AdobeStock_456921544.webp\" media=\"(min-width: 1025px)\"><img loading=\"lazy\" decoding=\"async\" src=\"https:\/\/www.fierbois.com\/wp-content\/uploads\/2025\/05\/AdobeStock_456921544-420x280.webp\" width=\"420\" height=\"210\" alt=\"\" title=\"\"><\/picture><\/figure><\/div><div class=\"diaporama-header__inner\"><\/div><\/div><div class=\"columns\"><div class=\"columns__item\" style=\"align-self:center;\"><p class=\"wording\" style=\"color: var(--vert);\"  >Loire \u00e0 V\u00e9lo: Ihr k\u00f6niglicher Hof auf zwei R\u00e4dern<\/p><h1 style=\"text-align: left;\">Die Loire mit dem Fahrrad<\/h1><p    >EINE DER SCH\u00d6NSTEN RADROUTEN FRANKREICHS<\/p><p    >Haben Sie Lust auf einen Natur- und Kultururlaub w\u00e4hrend Ihres Besuchs in der <strong>Touraine<\/strong>? Entdecken Sie <strong>das Loire-Tal mit dem Fahrrad<\/strong>! Ob mit der Familie oder mit Freunden, allein oder zu zweit, <strong>die Ufer der Loire<\/strong> bereiten Ihnen einen k\u00f6niglichen Empfang: Nach einem Tag voller Besichtigungen k\u00f6nnen Sie sich im Parc de Fierbois, einem 5-Sterne-Campingplatz im Loiretal mit Wasserpark, ganz <strong>in der N\u00e4he der Loire-Schl\u00f6sser<\/strong> entspannen.<\/p><\/div><div class=\"columns__item\" style=\"align-self:flex-start;\"><div class=\"gallery f-carousel fc-diapo-mob\" data-fancybox=\"gallery-mob\"><figure class=\"gallery__item\"><picture><source srcset=\"https:\/\/www.fierbois.com\/wp-content\/uploads\/2025\/05\/AdobeStock_356654391-420x280.webp\" media=\"(max-width: 210px)\"><source srcset=\"https:\/\/www.fierbois.com\/wp-content\/uploads\/2025\/05\/AdobeStock_356654391-850x566.webp\" media=\"(max-width: 420px)\"><source srcset=\"https:\/\/www.fierbois.com\/wp-content\/uploads\/2025\/05\/AdobeStock_356654391-768x512.webp\" media=\"(max-width: 850px)\"><source srcset=\"https:\/\/www.fierbois.com\/wp-content\/uploads\/2025\/05\/AdobeStock_356654391-1024x682.webp\" media=\"(max-width: 1024px)\"><source srcset=\"https:\/\/www.fierbois.com\/wp-content\/uploads\/2025\/05\/AdobeStock_356654391.webp\" media=\"(min-width: 1025px)\"><img decoding=\"async\" src=\"https:\/\/www.fierbois.com\/wp-content\/uploads\/2025\/05\/AdobeStock_356654391-420x280.webp\" width=\"420\" height=\"210\" loading=\"lazy\" alt=\"\" title=\"\"><\/picture><\/figure><\/div><\/div><\/div><div class=\"columns reverse-mob\"><div class=\"columns__item\"><div class=\"gallery f-carousel fc-diapo-mob\" data-fancybox=\"gallery-mob\"><figure class=\"gallery__item\"><picture><source srcset=\"https:\/\/www.fierbois.com\/wp-content\/uploads\/2025\/05\/AdobeStock_453256840-420x280.webp\" media=\"(max-width: 210px)\"><source srcset=\"https:\/\/www.fierbois.com\/wp-content\/uploads\/2025\/05\/AdobeStock_453256840-850x566.webp\" media=\"(max-width: 420px)\"><source srcset=\"https:\/\/www.fierbois.com\/wp-content\/uploads\/2025\/05\/AdobeStock_453256840-768x512.webp\" media=\"(max-width: 850px)\"><source srcset=\"https:\/\/www.fierbois.com\/wp-content\/uploads\/2025\/05\/AdobeStock_453256840-1024x682.webp\" media=\"(max-width: 1024px)\"><source srcset=\"https:\/\/www.fierbois.com\/wp-content\/uploads\/2025\/05\/AdobeStock_453256840.webp\" media=\"(min-width: 1025px)\"><img decoding=\"async\" src=\"https:\/\/www.fierbois.com\/wp-content\/uploads\/2025\/05\/AdobeStock_453256840-420x280.webp\" width=\"420\" height=\"210\" loading=\"lazy\" alt=\"\" title=\"\"><\/picture><\/figure><\/div><\/div><div class=\"columns__item\" style=\"align-self:center;\"><p class=\"wording\" style=\"color: var(--vert);\"  >Treten Sie in die Pedale der Geschichte und bremsen Sie f\u00fcr einen Vouvray.<\/p><h2>Das Loiretal: ein Gebiet von gro\u00dfem nat\u00fcrlichen und kulturellen Reichtum<\/h2><p    >Haben Sie schon einmal vom <strong>Loire-Tal<\/strong> geh\u00f6rt? Dieses riesige Gebiet entlang <strong>des<\/strong> l\u00e4ngsten <strong>Flusses<\/strong> Frankreichs <strong>erstreckt sich von Nantes bis zum Loiretal<\/strong>, durch das<strong>Anjou<\/strong>, aber auch durch St\u00e4dte wie Chinon oder <strong>Tours<\/strong>, wo sich unser Campingplatz befindet.<br\/>Hier k\u00f6nnen Sie die lokale Lebensart genie\u00dfen und Wassersportarten wie Kanu fahren, aber auch reiten, wandern oder <strong>Rad<\/strong> fahren.<\/p><\/div><\/div><div class=\"columns\"><div class=\"columns__item\" style=\"align-self:center;\"><p class=\"wording\" style=\"color: var(--vert);\"  >Das Loiretal ist bei 15 km\/h noch sch\u00f6ner<\/p><h2>Entdecken Sie das Loiretal auf einfache Weise mit dem Radweg La Loire \u00e0 V\u00e9lo.<\/h2><p    >Sowohl Anf\u00e4nger als auch erfahrene Radfahrer und alle anderen Radliebhaber werden die<strong> EuroV\u00e9lo 6<\/strong> w\u00e4hrend ihres Aufenthalts genie\u00dfen. Es handelt sich um eine der beliebtesten Radrouten Europas, die sich vom <strong>Atlantik<\/strong> bis zum Schwarzen Meer erstreckt.  <\/p><\/div><div class=\"columns__item\"><div class=\"gallery f-carousel fc-diapo-mob\" data-fancybox=\"gallery-mob\"><figure class=\"gallery__item\"><picture><source srcset=\"https:\/\/www.fierbois.com\/wp-content\/uploads\/2025\/05\/AdobeStock_427001406-420x279.webp\" media=\"(max-width: 210px)\"><source srcset=\"https:\/\/www.fierbois.com\/wp-content\/uploads\/2025\/05\/AdobeStock_427001406-850x565.webp\" media=\"(max-width: 420px)\"><source srcset=\"https:\/\/www.fierbois.com\/wp-content\/uploads\/2025\/05\/AdobeStock_427001406-768x511.webp\" media=\"(max-width: 850px)\"><source srcset=\"https:\/\/www.fierbois.com\/wp-content\/uploads\/2025\/05\/AdobeStock_427001406-1024x681.webp\" media=\"(max-width: 1024px)\"><source srcset=\"https:\/\/www.fierbois.com\/wp-content\/uploads\/2025\/05\/AdobeStock_427001406.webp\" media=\"(min-width: 1025px)\"><img decoding=\"async\" src=\"https:\/\/www.fierbois.com\/wp-content\/uploads\/2025\/05\/AdobeStock_427001406-420x279.webp\" width=\"420\" height=\"210\" loading=\"lazy\" alt=\"\" title=\"\"><\/picture><\/figure><\/div><\/div><\/div><p  style=\"text-align: center;\"  >Von <strong>Saint Br\u00e9vin les Pins<\/strong> bis <strong>Nevers<\/strong> verl\u00e4uft die Fahrradroute \u00fcber 630 km durch das k\u00f6nigliche Tal. Der Abschnitt entlang der <strong>Loire, La Loire \u00e0 V\u00e9lo<\/strong> genannt, ist f\u00fcr alle Arten von <strong>Radtouristen<\/strong> geeignet, da er einen geringen H\u00f6henunterschied und eine sichere Umgebung bietet.<br\/>Die <strong>Fahrradroute<\/strong> ist f\u00fcr die meisten Menschen zug\u00e4nglich: Sie k\u00f6nnen sie mit dem \u00f6rtlichen Zugservice erreichen, der in seinen Z\u00fcgen Fahrradabteile bereith\u00e4lt. Sie haben Zugang zu verschiedenen Routen, auf denen Sie die nat\u00fcrlichen und kulturellen Sch\u00f6nheiten der Region Val de Loire entdecken k\u00f6nnen.<\/p>\n<div style=\"height:9vw\" aria-hidden=\"true\" class=\"wp-block-spacer\"><\/div>\n<div class=\"columns reverse-mob\"><div class=\"columns__item\"><div class=\"gallery f-carousel fc-diapo-mob\" data-fancybox=\"gallery-mob\"><figure class=\"gallery__item\"><picture><source srcset=\"https:\/\/www.fierbois.com\/wp-content\/uploads\/2025\/05\/AdobeStock_772085760-420x280.webp\" media=\"(max-width: 210px)\"><source srcset=\"https:\/\/www.fierbois.com\/wp-content\/uploads\/2025\/05\/AdobeStock_772085760-850x566.webp\" media=\"(max-width: 420px)\"><source srcset=\"https:\/\/www.fierbois.com\/wp-content\/uploads\/2025\/05\/AdobeStock_772085760-768x512.webp\" media=\"(max-width: 850px)\"><source srcset=\"https:\/\/www.fierbois.com\/wp-content\/uploads\/2025\/05\/AdobeStock_772085760-1024x682.webp\" media=\"(max-width: 1024px)\"><source srcset=\"https:\/\/www.fierbois.com\/wp-content\/uploads\/2025\/05\/AdobeStock_772085760.webp\" media=\"(min-width: 1025px)\"><img decoding=\"async\" src=\"https:\/\/www.fierbois.com\/wp-content\/uploads\/2025\/05\/AdobeStock_772085760-420x280.webp\" width=\"420\" height=\"210\" loading=\"lazy\" alt=\"\" title=\"\"><\/picture><\/figure><\/div><\/div><div class=\"columns__item\" style=\"align-self:center;\"><p class=\"wording\" style=\"color: var(--vert);\"  >Ein Pedaltritt zwischen zwei Herzschl\u00e4gen<\/p><h2>Radfahren im Loire-Tal, ein einzigartiges Kulturerbe, das es zu entdecken gilt<\/h2><p    >Lassen Sie sich bei einer Rast mit dem Fahrrad auf eine historische und kulturelle Reise durch das Loire-Tal mitnehmen! Die fast <strong>3000 Schl\u00f6sser<\/strong>, darunter Amboise, <strong>Chenonceau<\/strong> und <strong>Chinon<\/strong>, warten nur darauf, von Ihnen entdeckt zu werden. Lernen Sie die K\u00f6nige von Frankreich und ihre pr\u00e4chtigen Residenzen kennen, schlendern Sie durch ihre <strong>G\u00e4rten<\/strong> und lassen Sie sich f\u00fcr die Dauer eines Besuchs in die k\u00f6nigliche Welt entf\u00fchren, die diese architektonischen Juwelen bieten.<\/p><\/div><\/div><p  style=\"text-align: center;\"  ><strong>Das Loire-Tal<\/strong> kann man auch probieren! Die <strong>Weinberge<\/strong>, die die Landschaft pr\u00e4gen, werden Ihren Gaumen erfreuen. Weinliebhaber werden den Besuch der Weing\u00fcter genie\u00dfen und sich an einem Pouilly-Fum\u00e9, Sancerre oder Vouvray erfreuen. Schlie\u00dflich ist die Erkundung der <strong>St\u00e4dte und D\u00f6rfer<\/strong> des Loiretals ein absolutes Muss in dieser Region.  <\/p><p  style=\"text-align: center;\"  >Diese kleinen architektonischen Juwelen sind Zeugen der glanzvollen Vergangenheit der Region und ihres Erbes. <strong>Montsoreau<\/strong>, eines der sch\u00f6nsten D\u00f6rfer Frankreichs, liegt an <strong>den Ufern der Loire<\/strong>. Geologische Sehensw\u00fcrdigkeiten wie die H\u00f6hlend\u00f6rfer des Loiretals liegen ebenfalls auf Ihrem Weg und sorgen f\u00fcr Abwechslung.<\/p><div class=\"columns\"><div class=\"columns__item\" style=\"align-self:center;\"><p class=\"wording\" style=\"color: var(--vert);\"  >Sonntagsradler oder K\u00f6nige auf dem Sattel: Willkommen!<\/p><h2>Der Campingplatz Parc de Fierbois: ein idealer Urlaubsort, um die Region mit dem Fahrrad zu erkunden.<\/h2><p    ><strong>Im Herzen des Loiretals<\/strong> empf\u00e4ngt Sie der Parc de Fierbois f\u00fcr einen au\u00dfergew\u00f6hnlichen Aufenthalt. In einem riesigen Park mit B\u00e4umen verbringen Sie N\u00e4chte mit dem Kopf in den Sternen und voller Erinnerungen in unseren ungew\u00f6hnlichen Unterk\u00fcnften oder komfortablen Mietunterk\u00fcnften. Sie profitieren von <strong>5-Sterne-Leistungen <\/strong>wie einem <strong>gro\u00dfen Wasserpark im Loiretal <\/strong>und einem Team, das Sie w\u00e4hrend Ihrer <strong>Reise in die K\u00f6nigliche Touraine<\/strong> begleitet. Ein Fahrradverleih an der Rezeption des Campingplatzes erm\u00f6glicht es Ihnen, die Fahrradwege unserer wundersch\u00f6nen Region zu nutzen.<\/p><\/div><div class=\"columns__item\"><div class=\"gallery f-carousel fc-diapo-mob\" data-fancybox=\"gallery-mob\"><figure class=\"gallery__item\"><picture><source srcset=\"https:\/\/www.fierbois.com\/wp-content\/uploads\/2025\/05\/AdobeStock_527354891-420x315.webp\" media=\"(max-width: 210px)\"><source srcset=\"https:\/\/www.fierbois.com\/wp-content\/uploads\/2025\/05\/AdobeStock_527354891-850x638.webp\" media=\"(max-width: 420px)\"><source srcset=\"https:\/\/www.fierbois.com\/wp-content\/uploads\/2025\/05\/AdobeStock_527354891-768x576.webp\" media=\"(max-width: 850px)\"><source srcset=\"https:\/\/www.fierbois.com\/wp-content\/uploads\/2025\/05\/AdobeStock_527354891-1024x768.webp\" media=\"(max-width: 1024px)\"><source srcset=\"https:\/\/www.fierbois.com\/wp-content\/uploads\/2025\/05\/AdobeStock_527354891.webp\" media=\"(min-width: 1025px)\"><img decoding=\"async\" src=\"https:\/\/www.fierbois.com\/wp-content\/uploads\/2025\/05\/AdobeStock_527354891-420x315.webp\" width=\"420\" height=\"210\" loading=\"lazy\" alt=\"\" title=\"\"><\/picture><\/figure><\/div><\/div><\/div><h3 style=\"text-align: center;\">Die Fahrradwege des Loiretals ab dem Campingplatz<\/h3><p  style=\"text-align: center;\"  >Von der Lage des Parc de Fierbois aus k\u00f6nnen Sie Tours in etwa 30 km mit dem Fahrrad erreichen, indem Sie die <strong>Route de Saint Jacques<\/strong> benutzen, eine sichere und markierte Fahrradroute. Von <a href=\"https:\/\/www.fierbois.com\/tourisme-indre-et-loire\/camping-tours\/\">Tours<\/a> aus sind viele kulturelle und sportliche Ziele erreichbar.<br\/>Es ist auch m\u00f6glich, mit dem Auto nach Tours zu fahren und dort zu parken und dann mit dem Fahrrad auf dem <strong>Radweg La Loire \u00e0 V\u00e9lo<\/strong> weiterzufahren.<\/p><p  style=\"text-align: center;\"  ><strong>Jeanne<\/strong> d&#8217;Arc soll Stimmen geh\u00f6rt haben, die ihr sagten, dass sich in der Kapelle ein Schwert befand. Sie werden das charmante Dorf entdecken, in dem sich unser <strong>Campingplatz im Loiretal befindet, Le Parc de Fierbois<\/strong>.<\/p><div class=\"columns reverse-mob\"><div class=\"columns__item\"><div class=\"gallery f-carousel fc-diapo-mob\" data-fancybox=\"gallery-mob\"><figure class=\"gallery__item\"><picture><source srcset=\"https:\/\/www.fierbois.com\/wp-content\/uploads\/2025\/05\/AdobeStock_367472752-420x315.webp\" media=\"(max-width: 210px)\"><source srcset=\"https:\/\/www.fierbois.com\/wp-content\/uploads\/2025\/05\/AdobeStock_367472752-850x638.webp\" media=\"(max-width: 420px)\"><source srcset=\"https:\/\/www.fierbois.com\/wp-content\/uploads\/2025\/05\/AdobeStock_367472752-768x576.webp\" media=\"(max-width: 850px)\"><source srcset=\"https:\/\/www.fierbois.com\/wp-content\/uploads\/2025\/05\/AdobeStock_367472752-1024x768.webp\" media=\"(max-width: 1024px)\"><source srcset=\"https:\/\/www.fierbois.com\/wp-content\/uploads\/2025\/05\/AdobeStock_367472752.webp\" media=\"(min-width: 1025px)\"><img decoding=\"async\" src=\"https:\/\/www.fierbois.com\/wp-content\/uploads\/2025\/05\/AdobeStock_367472752-420x315.webp\" width=\"420\" height=\"210\" loading=\"lazy\" alt=\"\" title=\"\"><\/picture><\/figure><\/div><\/div><div class=\"columns__item\" style=\"align-self:center;\"><p class=\"wording\" style=\"color: var(--vert);\"  >La Loire \u00e0 V\u00e9lo: kein Pass, 100 % k\u00f6niglich<\/p><h3>Entspannung in einer au\u00dfergew\u00f6hnlichen Umgebung zwischen Saumur und Blois<\/h3><p    >Unsere Anlage bietet Ihnen eine Vielzahl von Dienstleistungen f\u00fcr einen<strong> erstklassigen Aufenthalt<\/strong>: Wasserpark, Sportanimation, Kinder- und Jugendklub. Hier finden Sie alle Annehmlichkeiten, die Sie brauchen, um sich vor der Erkundung des Loiretals einzurichten.<\/p><\/div><\/div><p  style=\"text-align: center;\"  >Mit einer <strong>zentralen Lage am Fluss<\/strong> k\u00f6nnen Sie jeden Tag auf Ihrem Weg eine Stadt an der Loire entdecken: <strong>Saumur<\/strong>, <strong>Langeais<\/strong>, <strong>Villandry<\/strong>, <strong>Tours<\/strong>, <strong>Amboise<\/strong> bis hin zu <strong>Blois<\/strong>. Mit dem Fahrrad vor Ort oder direkt vom Campingplatz aus zu mieten, w\u00e4hlen Sie Ihre Route in aller Freiheit. Hier k\u00f6nnen Sie Ihren Urlaub genie\u00dfen und sich in einer nat\u00fcrlichen und friedlichen Umgebung erholen. Wann d\u00fcrfen wir Sie begr\u00fc\u00dfen?<\/p>","protected":false},"excerpt":{"rendered":"<p>Loire \u00e0 V\u00e9lo: Ihr k\u00f6niglicher Hof auf zwei R\u00e4dern Die Loire mit dem Fahrrad EINE DER SCH\u00d6NSTEN RADROUTEN FRANKREICHS Haben Sie Lust auf einen Natur- und Kultururlaub w\u00e4hrend Ihres Besuchs in der Touraine? Entdecken Sie das Loire-Tal mit dem Fahrrad! Ob mit der Familie oder mit Freunden, allein oder zu zweit, die Ufer der Loire [&hellip;]<\/p>\n","protected":false},"author":1,"featured_media":0,"parent":3608,"menu_order":0,"comment_status":"closed","ping_status":"closed","template":"","meta":{"_acf_changed":false,"footnotes":""},"lieu":[30],"acf":[],"_links":{"self":[{"href":"https:\/\/www.fierbois.com\/de\/wp-json\/wp\/v2\/pages\/3363"}],"collection":[{"href":"https:\/\/www.fierbois.com\/de\/wp-json\/wp\/v2\/pages"}],"about":[{"href":"https:\/\/www.fierbois.com\/de\/wp-json\/wp\/v2\/types\/page"}],"author":[{"embeddable":true,"href":"https:\/\/www.fierbois.com\/de\/wp-json\/wp\/v2\/users\/1"}],"replies":[{"embeddable":true,"href":"https:\/\/www.fierbois.com\/de\/wp-json\/wp\/v2\/comments?post=3363"}],"version-history":[{"count":1,"href":"https:\/\/www.fierbois.com\/de\/wp-json\/wp\/v2\/pages\/3363\/revisions"}],"predecessor-version":[{"id":3365,"href":"https:\/\/www.fierbois.com\/de\/wp-json\/wp\/v2\/pages\/3363\/revisions\/3365"}],"up":[{"embeddable":true,"href":"https:\/\/www.fierbois.com\/de\/wp-json\/wp\/v2\/pages\/3608"}],"wp:attachment":[{"href":"https:\/\/www.fierbois.com\/de\/wp-json\/wp\/v2\/media?parent=3363"}],"wp:term":[{"taxonomy":"lieu","embeddable":true,"href":"https:\/\/www.fierbois.com\/de\/wp-json\/wp\/v2\/lieu?post=3363"}],"curies":[{"name":"wp","href":"https:\/\/api.w.org\/{rel}","templated":true}]}}