{"id":3413,"date":"2025-10-22T12:26:35","date_gmt":"2025-10-22T10:26:35","guid":{"rendered":"https:\/\/www.fierbois.com\/parken-im-gruenen\/"},"modified":"2026-01-29T11:27:32","modified_gmt":"2026-01-29T10:27:32","slug":"parken-im-gruenen","status":"publish","type":"page","link":"https:\/\/www.fierbois.com\/de\/parken-im-gruenen\/","title":{"rendered":"Parken im Gr\u00fcnen"},"content":{"rendered":"<div class=\"diaporama-header align-full\"><div class=\"gallery\"><figure class=\"gallery__item\"><picture><source srcset=\"https:\/\/www.fierbois.com\/wp-content\/uploads\/2025\/10\/AdobeStock_461135916-420x280.webp\" media=\"(max-width: 210px)\"><source srcset=\"https:\/\/www.fierbois.com\/wp-content\/uploads\/2025\/10\/AdobeStock_461135916-850x567.webp\" media=\"(max-width: 420px)\"><source srcset=\"https:\/\/www.fierbois.com\/wp-content\/uploads\/2025\/10\/AdobeStock_461135916-768x512.webp\" media=\"(max-width: 850px)\"><source srcset=\"https:\/\/www.fierbois.com\/wp-content\/uploads\/2025\/10\/AdobeStock_461135916-1024x683.webp\" media=\"(max-width: 1024px)\"><source srcset=\"https:\/\/www.fierbois.com\/wp-content\/uploads\/2025\/10\/AdobeStock_461135916.webp\" media=\"(min-width: 1025px)\"><img loading=\"lazy\" decoding=\"async\" src=\"https:\/\/www.fierbois.com\/wp-content\/uploads\/2025\/10\/AdobeStock_461135916-420x280.webp\" width=\"420\" height=\"210\" alt=\"\" title=\"\"><\/picture><\/figure><\/div><div class=\"diaporama-header__inner\"><\/div><\/div><div class=\"columns sec-10\"><div class=\"columns__item fade-down\"><p class=\"wording\" style=\"color: var(--vert);\"  >Rollen, landen und atmen<\/p><div class=\"buttons display-flex \" style=\"justify-content:center;\"><span class=\"buttons__btn btn-resa is-style-resa\">Buchen Sie Ihren Urlaub<\/span><\/div><div class=\"gallery\"><figure class=\"gallery__item\"><picture><source srcset=\"https:\/\/www.fierbois.com\/wp-content\/uploads\/2025\/10\/AdobeStock_886327119-420x236.webp\" media=\"(max-width: 210px)\"><source srcset=\"https:\/\/www.fierbois.com\/wp-content\/uploads\/2025\/10\/AdobeStock_886327119-850x478.webp\" media=\"(max-width: 420px)\"><source srcset=\"https:\/\/www.fierbois.com\/wp-content\/uploads\/2025\/10\/AdobeStock_886327119-768x432.webp\" media=\"(max-width: 850px)\"><source srcset=\"https:\/\/www.fierbois.com\/wp-content\/uploads\/2025\/10\/AdobeStock_886327119-1024x576.webp\" media=\"(max-width: 1024px)\"><source srcset=\"https:\/\/www.fierbois.com\/wp-content\/uploads\/2025\/10\/AdobeStock_886327119.webp\" media=\"(min-width: 1025px)\"><img decoding=\"async\" src=\"https:\/\/www.fierbois.com\/wp-content\/uploads\/2025\/10\/AdobeStock_886327119-420x236.webp\" width=\"420\" height=\"210\" loading=\"lazy\" alt=\"\" title=\"\"><\/picture><\/figure><\/div><\/div><div class=\"columns__item fade-up reverse-mob\"><div class=\"gallery\"><figure class=\"gallery__item\"><a href=\"\"><picture><source srcset=\"https:\/\/www.fierbois.com\/wp-content\/uploads\/2025\/10\/AdobeStock_1657666300-420x280.webp\" media=\"(max-width: 210px)\"><source srcset=\"https:\/\/www.fierbois.com\/wp-content\/uploads\/2025\/10\/AdobeStock_1657666300-850x566.webp\" media=\"(max-width: 420px)\"><source srcset=\"https:\/\/www.fierbois.com\/wp-content\/uploads\/2025\/10\/AdobeStock_1657666300-768x512.webp\" media=\"(max-width: 850px)\"><source srcset=\"https:\/\/www.fierbois.com\/wp-content\/uploads\/2025\/10\/AdobeStock_1657666300-1024x682.webp\" media=\"(max-width: 1024px)\"><source srcset=\"https:\/\/www.fierbois.com\/wp-content\/uploads\/2025\/10\/AdobeStock_1657666300.webp\" media=\"(min-width: 1025px)\"><img decoding=\"async\" src=\"https:\/\/www.fierbois.com\/wp-content\/uploads\/2025\/10\/AdobeStock_1657666300-420x280.webp\" width=\"420\" height=\"210\" loading=\"lazy\" alt=\"\" title=\"\"><\/picture><\/a><\/figure><\/div><h1>Speziell f\u00fcr Wohnmobilisten: neue Spots f\u00fcr einen &#8222;Allwetter&#8220;-Empfang<\/h1><p    >Wir begr\u00fc\u00dfen nun auch Wohnmobile mit neuen Stellpl\u00e4tzen f\u00fcr <strong>gro\u00dfe <\/strong> Fahrzeuge: f\u00fcnf Stellpl\u00e4tze auf verst\u00e4rktem Boden, die f\u00fcr die l\u00e4ngsten und schwersten Fahrzeuge gedacht sind, um Komfort und Ruhe zu bieten, wenn der Winter regnerisch war! Sie befinden sich in der N\u00e4he der Rezeption, um mit dem Unterhaltungsprogramm in Verbindung zu bleiben, und werden im Fr\u00fchling Ihre erste Wahl sein. Und im Sommer k\u00f6nnen Sie auch unsere Stellpl\u00e4tze mitten im Wald nutzen, um sich mit der Natur zu verbinden.  <\/p><\/div><\/div><div class=\"columns fade-up\" data-fc=\"\"><div class=\"columns__item\" style=\"align-self:flex-start;\"><p class=\"wording\" style=\"color: var(--vert);\"  >1. Aufnahmekapazit\u00e4t<\/p><p    >Gro\u00dfz\u00fcgige Parzellen von mindestens 180 m\u00b2 sind speziell f\u00fcr Ihren Wohnwagen oder Ihr Wohnmobil eingerichtet und bieten Platz, Komfort und Freiheit f\u00fcr einen unbeschwerten Aufenthalt.<\/p><\/div><div class=\"columns__item\" style=\"align-self:flex-start;\"><p class=\"wording\" style=\"color: var(--vert);\"  >2. Komfortniveau<\/p><p    >Die <strong>Stellpl\u00e4tze f\u00fcr gro\u00dfe Fahrzeuge<\/strong> sind stabilisiert und geschottert, um eine ausgezeichnete Bodenhaftung auch bei Regenwetter zu gew\u00e4hrleisten, so dass keine Gefahr von Schlammbildung besteht. Sie finden dort auch einen praktischen Ablaufstutzen, mit dem Sie Ihr Abwasser ablassen k\u00f6nnen, ohne sich bewegen zu m\u00fcssen.<\/p><\/div><div class=\"columns__item\" style=\"align-self:flex-start;\"><p class=\"wording\" style=\"color: var(--vert);\"  >3. Lage im Park<\/p><p    >Der Bereich f\u00fcr <strong>gro\u00dfe Fahrzeuge <\/strong>ist ger\u00e4umig, sonnig und angenehm. Es ist ideal in der N\u00e4he des Parks gelegen und verbindet Komfort, Zweckm\u00e4\u00dfigkeit und eine freundliche Umgebung f\u00fcr einen gelungenen Aufenthalt.<\/p><div class=\"buttons\"><a href=\"https:\/\/www.fierbois.com\/wp-content\/uploads\/2024\/12\/Plan_Fierbois_2024_00001.jpg\" rel=\"noreferrer noopener\" rel=\"noreferrer noopener\" target=\"_blank\" rel=\"noreferrer noopener\" rel=\"noreferrer noopener\" rel=\"noreferrer noopener\" rel=\"noreferrer noopener\" class=\"buttons__btn fancybox is-style-1\">Siehe den Standort<\/a><\/div><\/div><\/div>","protected":false},"excerpt":{"rendered":"<p>Rollen, landen und atmen Speziell f\u00fcr Wohnmobilisten: neue Spots f\u00fcr einen &#8222;Allwetter&#8220;-Empfang Wir begr\u00fc\u00dfen nun auch Wohnmobile mit neuen Stellpl\u00e4tzen f\u00fcr gro\u00dfe Fahrzeuge: f\u00fcnf Stellpl\u00e4tze auf verst\u00e4rktem Boden, die f\u00fcr die l\u00e4ngsten und schwersten Fahrzeuge gedacht sind, um Komfort und Ruhe zu bieten, wenn der Winter regnerisch war! Sie befinden sich in der N\u00e4he der [&hellip;]<\/p>\n","protected":false},"author":1,"featured_media":0,"parent":0,"menu_order":0,"comment_status":"closed","ping_status":"closed","template":"","meta":{"_acf_changed":false,"footnotes":""},"lieu":[],"acf":[],"_links":{"self":[{"href":"https:\/\/www.fierbois.com\/de\/wp-json\/wp\/v2\/pages\/3413"}],"collection":[{"href":"https:\/\/www.fierbois.com\/de\/wp-json\/wp\/v2\/pages"}],"about":[{"href":"https:\/\/www.fierbois.com\/de\/wp-json\/wp\/v2\/types\/page"}],"author":[{"embeddable":true,"href":"https:\/\/www.fierbois.com\/de\/wp-json\/wp\/v2\/users\/1"}],"replies":[{"embeddable":true,"href":"https:\/\/www.fierbois.com\/de\/wp-json\/wp\/v2\/comments?post=3413"}],"version-history":[{"count":7,"href":"https:\/\/www.fierbois.com\/de\/wp-json\/wp\/v2\/pages\/3413\/revisions"}],"predecessor-version":[{"id":4885,"href":"https:\/\/www.fierbois.com\/de\/wp-json\/wp\/v2\/pages\/3413\/revisions\/4885"}],"wp:attachment":[{"href":"https:\/\/www.fierbois.com\/de\/wp-json\/wp\/v2\/media?parent=3413"}],"wp:term":[{"taxonomy":"lieu","embeddable":true,"href":"https:\/\/www.fierbois.com\/de\/wp-json\/wp\/v2\/lieu?post=3413"}],"curies":[{"name":"wp","href":"https:\/\/api.w.org\/{rel}","templated":true}]}}