{"id":3430,"date":"2025-04-03T14:53:51","date_gmt":"2025-04-03T12:53:51","guid":{"rendered":"https:\/\/www.fierbois.com\/der-wasserbereich\/"},"modified":"2026-02-06T15:33:18","modified_gmt":"2026-02-06T14:33:18","slug":"der-wasserbereich","status":"publish","type":"page","link":"https:\/\/www.fierbois.com\/de\/der-wasserbereich\/","title":{"rendered":"Der Wasserbereich"},"content":{"rendered":"<div class=\"diaporama-header align-full\"><div class=\"gallery\"><figure class=\"gallery__item\"><picture><source srcset=\"https:\/\/www.fierbois.com\/wp-content\/uploads\/2025\/08\/parc-de-fierbois-sd-14-sur-21-420x285.webp\" media=\"(max-width: 210px)\"><source srcset=\"https:\/\/www.fierbois.com\/wp-content\/uploads\/2025\/08\/parc-de-fierbois-sd-14-sur-21-850x577.webp\" media=\"(max-width: 420px)\"><source srcset=\"https:\/\/www.fierbois.com\/wp-content\/uploads\/2025\/08\/parc-de-fierbois-sd-14-sur-21-768x521.webp\" media=\"(max-width: 850px)\"><source srcset=\"https:\/\/www.fierbois.com\/wp-content\/uploads\/2025\/08\/parc-de-fierbois-sd-14-sur-21-1024x695.webp\" media=\"(max-width: 1024px)\"><source srcset=\"https:\/\/www.fierbois.com\/wp-content\/uploads\/2025\/08\/parc-de-fierbois-sd-14-sur-21.webp\" media=\"(min-width: 1025px)\"><img loading=\"lazy\" decoding=\"async\" src=\"https:\/\/www.fierbois.com\/wp-content\/uploads\/2025\/08\/parc-de-fierbois-sd-14-sur-21-420x285.webp\" width=\"420\" height=\"210\" alt=\"\" title=\"\"><\/picture><\/figure><\/div><div class=\"diaporama-header__inner\"><\/div><\/div>\n\n<div class=\"columns sec-10\"><div class=\"columns__item fade-down\"><p class=\"wording\" style=\"color: var(--vert);\"  >Tauchen Sie ein in unsere Wasserwelten.<\/p><div class=\"gallery\"><figure class=\"gallery__item\"><picture><source srcset=\"https:\/\/www.fierbois.com\/wp-content\/uploads\/2025\/08\/parc-de-fierbois-sd-3-sur-21-420x302.webp\" media=\"(max-width: 210px)\"><source srcset=\"https:\/\/www.fierbois.com\/wp-content\/uploads\/2025\/08\/parc-de-fierbois-sd-3-sur-21-850x610.webp\" media=\"(max-width: 420px)\"><source srcset=\"https:\/\/www.fierbois.com\/wp-content\/uploads\/2025\/08\/parc-de-fierbois-sd-3-sur-21-768x551.webp\" media=\"(max-width: 850px)\"><source srcset=\"https:\/\/www.fierbois.com\/wp-content\/uploads\/2025\/08\/parc-de-fierbois-sd-3-sur-21-1024x735.webp\" media=\"(max-width: 1024px)\"><source srcset=\"https:\/\/www.fierbois.com\/wp-content\/uploads\/2025\/08\/parc-de-fierbois-sd-3-sur-21.webp\" media=\"(min-width: 1025px)\"><img decoding=\"async\" src=\"https:\/\/www.fierbois.com\/wp-content\/uploads\/2025\/08\/parc-de-fierbois-sd-3-sur-21-420x302.webp\" width=\"420\" height=\"210\" loading=\"lazy\" alt=\"\" title=\"\"><\/picture><figcaption>Beheizter Swimmingpool<\/figcaption><\/figure><\/div><\/div><div class=\"columns__item fade-up reverse-mob\"><div class=\"gallery f-carousel fc-diapo\" data-fancybox=\"gallery\"><figure class=\"gallery__item\"><picture><source srcset=\"https:\/\/www.fierbois.com\/wp-content\/uploads\/2025\/10\/parc-de-fierbois-sd-12-sur-211280-420x272.jpg.webp\" media=\"(max-width: 210px)\"><source srcset=\"https:\/\/www.fierbois.com\/wp-content\/uploads\/2025\/10\/parc-de-fierbois-sd-12-sur-211280-850x551.jpg.webp\" media=\"(max-width: 420px)\"><source srcset=\"https:\/\/www.fierbois.com\/wp-content\/uploads\/2025\/10\/parc-de-fierbois-sd-12-sur-211280-768x497.jpg.webp\" media=\"(max-width: 850px)\"><source srcset=\"https:\/\/www.fierbois.com\/wp-content\/uploads\/2025\/10\/parc-de-fierbois-sd-12-sur-211280-1024x663.jpg.webp\" media=\"(max-width: 1024px)\"><source srcset=\"https:\/\/www.fierbois.com\/wp-content\/uploads\/2025\/10\/parc-de-fierbois-sd-12-sur-211280.jpg.webp\" media=\"(min-width: 1025px)\"><img decoding=\"async\" src=\"https:\/\/www.fierbois.com\/wp-content\/uploads\/2025\/10\/parc-de-fierbois-sd-12-sur-211280-420x272.jpg.webp\" width=\"420\" height=\"210\" loading=\"lazy\" alt=\"\" title=\"\"><\/picture><figcaption>Wasserpark<\/figcaption><\/figure><figure class=\"gallery__item\"><picture><source srcset=\"https:\/\/www.fierbois.com\/wp-content\/uploads\/2025\/08\/parc-aquatique-420x280.webp\" media=\"(max-width: 210px)\"><source srcset=\"https:\/\/www.fierbois.com\/wp-content\/uploads\/2025\/08\/parc-aquatique-850x566.webp\" media=\"(max-width: 420px)\"><source srcset=\"https:\/\/www.fierbois.com\/wp-content\/uploads\/2025\/08\/parc-aquatique-768x512.webp\" media=\"(max-width: 850px)\"><source srcset=\"https:\/\/www.fierbois.com\/wp-content\/uploads\/2025\/08\/parc-aquatique-1024x682.webp\" media=\"(max-width: 1024px)\"><source srcset=\"https:\/\/www.fierbois.com\/wp-content\/uploads\/2025\/08\/parc-aquatique.webp\" media=\"(min-width: 1025px)\"><img decoding=\"async\" src=\"https:\/\/www.fierbois.com\/wp-content\/uploads\/2025\/08\/parc-aquatique-420x280.webp\" width=\"420\" height=\"210\" loading=\"lazy\" alt=\"\" title=\"\"><\/picture><figcaption>Wasserpark<\/figcaption><\/figure><\/div><p class=\"h1\"   >Wasserecken f\u00fcr Bewegung und Spa\u00df<\/p><h1 class=\"p\">Campingplatz mit Schwimmbad in der Region Indre et Loire<\/h1><p    >Wir versprechen Ihnen viel Gel\u00e4chter, verr\u00fcckte Momente und jede Menge gute Laune. Bei uns findet jeder den Badeplatz, der zu ihm passt. Abenteuerlustige k\u00f6nnen auf unserem Campingplatz mit Schwimmbad im Departement Indre-et-Loire die Rutschen und die exotische Lagune entdecken. Und wenn sich die Sonne versteckt, keine Panik: Unser beheiztes Hallenbad wird Sie tr\u00f6sten.<\/p><\/div><\/div>\n\n<div class=\"columns sec-10\"><div class=\"columns__item fade-down\"><p class=\"wording\" style=\"color: var(--vert);\"  >Lachen und Spritzen f\u00fcr Ihre Kleinen garantiert<\/p><div class=\"gallery f-carousel fc-diapo\" data-fancybox=\"gallery\"><figure class=\"gallery__item\"><picture><source srcset=\"https:\/\/www.fierbois.com\/wp-content\/uploads\/2025\/10\/Fierbois-piscine-016-Copie-1280-420x280.jpg.webp\" media=\"(max-width: 210px)\"><source srcset=\"https:\/\/www.fierbois.com\/wp-content\/uploads\/2025\/10\/Fierbois-piscine-016-Copie-1280-850x567.jpg.webp\" media=\"(max-width: 420px)\"><source srcset=\"https:\/\/www.fierbois.com\/wp-content\/uploads\/2025\/10\/Fierbois-piscine-016-Copie-1280-768x512.jpg.webp\" media=\"(max-width: 850px)\"><source srcset=\"https:\/\/www.fierbois.com\/wp-content\/uploads\/2025\/10\/Fierbois-piscine-016-Copie-1280-1024x683.jpg.webp\" media=\"(max-width: 1024px)\"><source srcset=\"https:\/\/www.fierbois.com\/wp-content\/uploads\/2025\/10\/Fierbois-piscine-016-Copie-1280.jpg.webp\" media=\"(min-width: 1025px)\"><img decoding=\"async\" src=\"https:\/\/www.fierbois.com\/wp-content\/uploads\/2025\/10\/Fierbois-piscine-016-Copie-1280-420x280.jpg.webp\" width=\"420\" height=\"210\" loading=\"lazy\" alt=\"\" title=\"\"><\/picture><figcaption>Rutschen<\/figcaption><\/figure><figure class=\"gallery__item\"><picture><source srcset=\"https:\/\/www.fierbois.com\/wp-content\/uploads\/2025\/08\/H6A7986_web-420x280.webp\" media=\"(max-width: 210px)\"><source srcset=\"https:\/\/www.fierbois.com\/wp-content\/uploads\/2025\/08\/H6A7986_web-850x567.webp\" media=\"(max-width: 420px)\"><source srcset=\"https:\/\/www.fierbois.com\/wp-content\/uploads\/2025\/08\/H6A7986_web-768x512.webp\" media=\"(max-width: 850px)\"><source srcset=\"https:\/\/www.fierbois.com\/wp-content\/uploads\/2025\/08\/H6A7986_web-1024x683.webp\" media=\"(max-width: 1024px)\"><source srcset=\"https:\/\/www.fierbois.com\/wp-content\/uploads\/2025\/08\/H6A7986_web.webp\" media=\"(min-width: 1025px)\"><img decoding=\"async\" src=\"https:\/\/www.fierbois.com\/wp-content\/uploads\/2025\/08\/H6A7986_web-420x280.webp\" width=\"420\" height=\"210\" loading=\"lazy\" alt=\"\" title=\"\"><\/picture><figcaption>Rutschen<\/figcaption><\/figure><\/div><\/div><div class=\"columns__item fade-up reverse-mob\"><div class=\"gallery\"><figure class=\"gallery__item\"><picture><source srcset=\"https:\/\/www.fierbois.com\/wp-content\/uploads\/2025\/08\/pataugeoire-420x280.webp\" media=\"(max-width: 210px)\"><source srcset=\"https:\/\/www.fierbois.com\/wp-content\/uploads\/2025\/08\/pataugeoire-850x566.webp\" media=\"(max-width: 420px)\"><source srcset=\"https:\/\/www.fierbois.com\/wp-content\/uploads\/2025\/08\/pataugeoire-768x512.webp\" media=\"(max-width: 850px)\"><source srcset=\"https:\/\/www.fierbois.com\/wp-content\/uploads\/2025\/08\/pataugeoire-1024x682.webp\" media=\"(max-width: 1024px)\"><source srcset=\"https:\/\/www.fierbois.com\/wp-content\/uploads\/2025\/08\/pataugeoire.webp\" media=\"(min-width: 1025px)\"><img decoding=\"async\" src=\"https:\/\/www.fierbois.com\/wp-content\/uploads\/2025\/08\/pataugeoire-420x280.webp\" width=\"420\" height=\"210\" loading=\"lazy\" alt=\"\" title=\"\"><\/picture><figcaption>Planschbecken<\/figcaption><\/figure><\/div><p class=\"h2\"   >Ein wahres Wasserparadies f\u00fcr Kinder<\/p><h2 class=\"p\">Campingplatz in der N\u00e4he von Tours mit Schwimmbad<\/h2><p    >Dies ist der ideale Ort f\u00fcr Ihre Kinder, um auf den Rutschen oder in den Becken neue Spielkameraden zu finden. Selbst die Kleinsten k\u00f6nnen sich im Planschbecken mit seinen Wasserspielen vergn\u00fcgen und gemeinsam Spa\u00df haben. <\/p><\/div><\/div>\n\n<div class=\"columns sec-10 reverse-mob\"><div class=\"columns__item fade-up reverse-mob\"><div class=\"gallery\"><figure class=\"gallery__item\"><picture><source srcset=\"https:\/\/www.fierbois.com\/wp-content\/uploads\/2025\/08\/piscine-420x280.webp\" media=\"(max-width: 210px)\"><source srcset=\"https:\/\/www.fierbois.com\/wp-content\/uploads\/2025\/08\/piscine-850x566.webp\" media=\"(max-width: 420px)\"><source srcset=\"https:\/\/www.fierbois.com\/wp-content\/uploads\/2025\/08\/piscine-768x512.webp\" media=\"(max-width: 850px)\"><source srcset=\"https:\/\/www.fierbois.com\/wp-content\/uploads\/2025\/08\/piscine-1024x682.webp\" media=\"(max-width: 1024px)\"><source srcset=\"https:\/\/www.fierbois.com\/wp-content\/uploads\/2025\/08\/piscine.webp\" media=\"(min-width: 1025px)\"><img decoding=\"async\" src=\"https:\/\/www.fierbois.com\/wp-content\/uploads\/2025\/08\/piscine-420x280.webp\" width=\"420\" height=\"210\" loading=\"lazy\" alt=\"\" title=\"\"><\/picture><figcaption>Wellness-Pause<\/figcaption><\/figure><\/div><h2>Unter der Sonne bleibt die Zeit stehen<\/h2><p    >Legen Sie sich auf eine Liege, lauschen Sie dem Rauschen des Wassers und lassen Sie sich von der Sonne w\u00e4rmen. Mit Blick auf den See und die Natur ist dies der ideale Ort f\u00fcr pure Entspannung. Eine echte Wellness-Auszeit, um neue Energie zu tanken auf unserem Campingplatz in der N\u00e4he von Tours.<\/p><\/div><div class=\"columns__item fade-down\"><p class=\"wording\" style=\"color: var(--vert);\"  >Ein Sonnenbad f\u00fcr einen Moment der absoluten Entspannung<\/p><div class=\"gallery\"><figure class=\"gallery__item\"><picture><source srcset=\"https:\/\/www.fierbois.com\/wp-content\/uploads\/2025\/08\/eclat-de-soleil-420x254.webp\" media=\"(max-width: 210px)\"><source srcset=\"https:\/\/www.fierbois.com\/wp-content\/uploads\/2025\/08\/eclat-de-soleil-850x514.webp\" media=\"(max-width: 420px)\"><source srcset=\"https:\/\/www.fierbois.com\/wp-content\/uploads\/2025\/08\/eclat-de-soleil-768x464.webp\" media=\"(max-width: 850px)\"><source srcset=\"https:\/\/www.fierbois.com\/wp-content\/uploads\/2025\/08\/eclat-de-soleil.webp\" media=\"(max-width: 1024px)\"><source srcset=\"https:\/\/www.fierbois.com\/wp-content\/uploads\/2025\/08\/eclat-de-soleil.webp\" media=\"(min-width: 1025px)\"><img decoding=\"async\" src=\"https:\/\/www.fierbois.com\/wp-content\/uploads\/2025\/08\/eclat-de-soleil-420x254.webp\" width=\"420\" height=\"210\" loading=\"lazy\" alt=\"\" title=\"\"><\/picture><figcaption>Sonnenschein<\/figcaption><\/figure><\/div><\/div><\/div>","protected":false},"excerpt":{"rendered":"<p>Tauchen Sie ein in unsere Wasserwelten. Wasserecken f\u00fcr Bewegung und Spa\u00df Campingplatz mit Schwimmbad in der Region Indre et Loire Wir versprechen Ihnen viel Gel\u00e4chter, verr\u00fcckte Momente und jede Menge gute Laune. Bei uns findet jeder den Badeplatz, der zu ihm passt. Abenteuerlustige k\u00f6nnen auf unserem Campingplatz mit Schwimmbad im Departement Indre-et-Loire die Rutschen und [&hellip;]<\/p>\n","protected":false},"author":1,"featured_media":0,"parent":0,"menu_order":0,"comment_status":"open","ping_status":"open","template":"","meta":{"_acf_changed":false,"footnotes":""},"lieu":[],"acf":[],"_links":{"self":[{"href":"https:\/\/www.fierbois.com\/de\/wp-json\/wp\/v2\/pages\/3430"}],"collection":[{"href":"https:\/\/www.fierbois.com\/de\/wp-json\/wp\/v2\/pages"}],"about":[{"href":"https:\/\/www.fierbois.com\/de\/wp-json\/wp\/v2\/types\/page"}],"author":[{"embeddable":true,"href":"https:\/\/www.fierbois.com\/de\/wp-json\/wp\/v2\/users\/1"}],"replies":[{"embeddable":true,"href":"https:\/\/www.fierbois.com\/de\/wp-json\/wp\/v2\/comments?post=3430"}],"version-history":[{"count":4,"href":"https:\/\/www.fierbois.com\/de\/wp-json\/wp\/v2\/pages\/3430\/revisions"}],"predecessor-version":[{"id":4963,"href":"https:\/\/www.fierbois.com\/de\/wp-json\/wp\/v2\/pages\/3430\/revisions\/4963"}],"wp:attachment":[{"href":"https:\/\/www.fierbois.com\/de\/wp-json\/wp\/v2\/media?parent=3430"}],"wp:term":[{"taxonomy":"lieu","embeddable":true,"href":"https:\/\/www.fierbois.com\/de\/wp-json\/wp\/v2\/lieu?post=3430"}],"curies":[{"name":"wp","href":"https:\/\/api.w.org\/{rel}","templated":true}]}}