{"id":3442,"date":"2025-04-03T14:53:51","date_gmt":"2025-04-03T12:53:51","guid":{"rendered":"https:\/\/www.fierbois.com\/veranstaltungen\/"},"modified":"2025-12-08T16:56:06","modified_gmt":"2025-12-08T15:56:06","slug":"veranstaltungen","status":"publish","type":"page","link":"https:\/\/www.fierbois.com\/de\/veranstaltungen\/","title":{"rendered":"Veranstaltungen"},"content":{"rendered":"<div class=\"diaporama-header align-full\"><div class=\"gallery\"><figure class=\"gallery__item\"><picture><source srcset=\"https:\/\/www.fierbois.com\/wp-content\/uploads\/2025\/08\/evenements-420x278.webp\" media=\"(max-width: 210px)\"><source srcset=\"https:\/\/www.fierbois.com\/wp-content\/uploads\/2025\/08\/evenements-850x563.webp\" media=\"(max-width: 420px)\"><source srcset=\"https:\/\/www.fierbois.com\/wp-content\/uploads\/2025\/08\/evenements-768x508.webp\" media=\"(max-width: 850px)\"><source srcset=\"https:\/\/www.fierbois.com\/wp-content\/uploads\/2025\/08\/evenements-1024x678.webp\" media=\"(max-width: 1024px)\"><source srcset=\"https:\/\/www.fierbois.com\/wp-content\/uploads\/2025\/08\/evenements.webp\" media=\"(min-width: 1025px)\"><img loading=\"lazy\" decoding=\"async\" src=\"https:\/\/www.fierbois.com\/wp-content\/uploads\/2025\/08\/evenements-420x278.webp\" width=\"420\" height=\"210\" alt=\"\" title=\"\"><\/picture><\/figure><\/div><div class=\"diaporama-header__inner\"><\/div><\/div><div class=\"columns sec-10\"><div class=\"columns__item fade-down\"><p class=\"wording\" style=\"color: var(--vert);\"  >Hochzeit, Praktikum oder Cousinade&#8230; ein Ort, der sich Ihren W\u00fcnschen anpasst<\/p><div class=\"gallery\"><figure class=\"gallery__item\"><picture><source srcset=\"https:\/\/www.fierbois.com\/wp-content\/uploads\/2025\/10\/AdobeStock_491384625-420x280.webp\" media=\"(max-width: 210px)\"><source srcset=\"https:\/\/www.fierbois.com\/wp-content\/uploads\/2025\/10\/AdobeStock_491384625-850x566.webp\" media=\"(max-width: 420px)\"><source srcset=\"https:\/\/www.fierbois.com\/wp-content\/uploads\/2025\/10\/AdobeStock_491384625-768x512.webp\" media=\"(max-width: 850px)\"><source srcset=\"https:\/\/www.fierbois.com\/wp-content\/uploads\/2025\/10\/AdobeStock_491384625-1024x682.webp\" media=\"(max-width: 1024px)\"><source srcset=\"https:\/\/www.fierbois.com\/wp-content\/uploads\/2025\/10\/AdobeStock_491384625.webp\" media=\"(min-width: 1025px)\"><img decoding=\"async\" src=\"https:\/\/www.fierbois.com\/wp-content\/uploads\/2025\/10\/AdobeStock_491384625-420x280.webp\" width=\"420\" height=\"210\" loading=\"lazy\" alt=\"\" title=\"\"><\/picture><figcaption>Ma\u00dfgeschneidertes Angebot<\/figcaption><\/figure><\/div><\/div><div class=\"columns__item fade-up reverse-mob\"><div class=\"gallery\"><figure class=\"gallery__item\"><picture><source srcset=\"https:\/\/www.fierbois.com\/wp-content\/uploads\/2025\/10\/AdobeStock_14498227-420x279.webp\" media=\"(max-width: 210px)\"><source srcset=\"https:\/\/www.fierbois.com\/wp-content\/uploads\/2025\/10\/AdobeStock_14498227-850x564.webp\" media=\"(max-width: 420px)\"><source srcset=\"https:\/\/www.fierbois.com\/wp-content\/uploads\/2025\/10\/AdobeStock_14498227-768x510.webp\" media=\"(max-width: 850px)\"><source srcset=\"https:\/\/www.fierbois.com\/wp-content\/uploads\/2025\/10\/AdobeStock_14498227-1024x680.webp\" media=\"(max-width: 1024px)\"><source srcset=\"https:\/\/www.fierbois.com\/wp-content\/uploads\/2025\/10\/AdobeStock_14498227.webp\" media=\"(min-width: 1025px)\"><img decoding=\"async\" src=\"https:\/\/www.fierbois.com\/wp-content\/uploads\/2025\/10\/AdobeStock_14498227-420x279.webp\" width=\"420\" height=\"210\" loading=\"lazy\" alt=\"\" title=\"\"><\/picture><figcaption>Unvergessliches Erlebnis<\/figcaption><\/figure><\/div><h1>Organisieren Sie Ihre Veranstaltung im Parc de Fierbois<\/h1><p    >Der Parc de Fierbois ist der ideale Ort f\u00fcr Familienfeiern, Firmenseminare oder Vereinsversammlungen in einer nat\u00fcrlichen und freundlichen Umgebung. Unser Team arbeitet mit Ihnen ein ma\u00dfgeschneidertes Angebot aus, mit Unterbringungsm\u00f6glichkeiten f\u00fcr bis zu 500 Personen, voll ausgestatteten R\u00e4umen f\u00fcr Ihre Zusammenk\u00fcnfte, Verpflegung vor Ort und allen notwendigen audiovisuellen Ger\u00e4ten. <\/p><div class=\"buttons\"><a href=\"https:\/\/evenement.fierbois.com\/\" rel=\"noreferrer noopener\" target=\"_blank\" class=\"buttons__btn\">Entdecken Sie unser Angebot<\/a><\/div><\/div><\/div><div class=\"columns\"><div class=\"columns__item\"><p class=\"wording\" style=\"color: var(--vert);\"  >Ma\u00dfgeschneiderte Animationen f\u00fcr jeden Geschmack<\/p><h2>Kreieren, feiern, entdecken&#8230; und gemeinsam einzigartige Momente teilen<\/h2><p    >Unsere Teams und Partner bieten Ihnen ma\u00dfgeschneiderte Animationen, sowohl tags\u00fcber als auch abends: Verkostungen, Spazierg\u00e4nge, Workshops, Hei\u00dfluftballonfahrten, M\u00e4rchen&#8230; F\u00fcr einen einzigartigen, festlichen oder erholsamen Moment. Und wenn Sie einen umweltfreundlichen Ansatz verfolgen m\u00f6chten, freuen wir uns, Sie dabei zu unterst\u00fctzen. <\/p><\/div><div class=\"columns__item\"><div class=\"gallery\"><figure class=\"gallery__item\"><picture><source srcset=\"https:\/\/www.fierbois.com\/wp-content\/uploads\/2025\/08\/break-420x280.webp\" media=\"(max-width: 210px)\"><source srcset=\"https:\/\/www.fierbois.com\/wp-content\/uploads\/2025\/08\/break-850x566.webp\" media=\"(max-width: 420px)\"><source srcset=\"https:\/\/www.fierbois.com\/wp-content\/uploads\/2025\/08\/break-768x512.webp\" media=\"(max-width: 850px)\"><source srcset=\"https:\/\/www.fierbois.com\/wp-content\/uploads\/2025\/08\/break-1024x682.webp\" media=\"(max-width: 1024px)\"><source srcset=\"https:\/\/www.fierbois.com\/wp-content\/uploads\/2025\/08\/break.webp\" media=\"(min-width: 1025px)\"><img decoding=\"async\" src=\"https:\/\/www.fierbois.com\/wp-content\/uploads\/2025\/08\/break-420x280.webp\" width=\"420\" height=\"210\" loading=\"lazy\" alt=\"\" title=\"\"><\/picture><figcaption>Animationen<\/figcaption><\/figure><\/div><\/div><\/div>","protected":false},"excerpt":{"rendered":"<p>Hochzeit, Praktikum oder Cousinade&#8230; ein Ort, der sich Ihren W\u00fcnschen anpasst Organisieren Sie Ihre Veranstaltung im Parc de Fierbois Der Parc de Fierbois ist der ideale Ort f\u00fcr Familienfeiern, Firmenseminare oder Vereinsversammlungen in einer nat\u00fcrlichen und freundlichen Umgebung. Unser Team arbeitet mit Ihnen ein ma\u00dfgeschneidertes Angebot aus, mit Unterbringungsm\u00f6glichkeiten f\u00fcr bis zu 500 Personen, voll [&hellip;]<\/p>\n","protected":false},"author":1,"featured_media":0,"parent":0,"menu_order":0,"comment_status":"open","ping_status":"open","template":"","meta":{"_acf_changed":false,"footnotes":""},"lieu":[],"acf":[],"_links":{"self":[{"href":"https:\/\/www.fierbois.com\/de\/wp-json\/wp\/v2\/pages\/3442"}],"collection":[{"href":"https:\/\/www.fierbois.com\/de\/wp-json\/wp\/v2\/pages"}],"about":[{"href":"https:\/\/www.fierbois.com\/de\/wp-json\/wp\/v2\/types\/page"}],"author":[{"embeddable":true,"href":"https:\/\/www.fierbois.com\/de\/wp-json\/wp\/v2\/users\/1"}],"replies":[{"embeddable":true,"href":"https:\/\/www.fierbois.com\/de\/wp-json\/wp\/v2\/comments?post=3442"}],"version-history":[{"count":2,"href":"https:\/\/www.fierbois.com\/de\/wp-json\/wp\/v2\/pages\/3442\/revisions"}],"predecessor-version":[{"id":4226,"href":"https:\/\/www.fierbois.com\/de\/wp-json\/wp\/v2\/pages\/3442\/revisions\/4226"}],"wp:attachment":[{"href":"https:\/\/www.fierbois.com\/de\/wp-json\/wp\/v2\/media?parent=3442"}],"wp:term":[{"taxonomy":"lieu","embeddable":true,"href":"https:\/\/www.fierbois.com\/de\/wp-json\/wp\/v2\/lieu?post=3442"}],"curies":[{"name":"wp","href":"https:\/\/api.w.org\/{rel}","templated":true}]}}