{"id":3452,"date":"2025-04-03T14:53:51","date_gmt":"2025-04-03T12:53:51","guid":{"rendered":"https:\/\/www.fierbois.com\/ungewoehnliche-unterkuenfte\/"},"modified":"2026-01-29T11:23:47","modified_gmt":"2026-01-29T10:23:47","slug":"ungewoehnliche-unterkuenfte","status":"publish","type":"page","link":"https:\/\/www.fierbois.com\/de\/ungewoehnliche-unterkuenfte\/","title":{"rendered":"Die H\u00fctten"},"content":{"rendered":"<div class=\"diaporama-header align-full\"><div class=\"gallery\"><figure class=\"gallery__item\"><picture><source srcset=\"https:\/\/www.fierbois.com\/wp-content\/uploads\/2025\/12\/CABANES-FAMILIALES-4-420x315.webp\" media=\"(max-width: 210px)\"><source srcset=\"https:\/\/www.fierbois.com\/wp-content\/uploads\/2025\/12\/CABANES-FAMILIALES-4-850x638.webp\" media=\"(max-width: 420px)\"><source srcset=\"https:\/\/www.fierbois.com\/wp-content\/uploads\/2025\/12\/CABANES-FAMILIALES-4-768x576.webp\" media=\"(max-width: 850px)\"><source srcset=\"https:\/\/www.fierbois.com\/wp-content\/uploads\/2025\/12\/CABANES-FAMILIALES-4-1024x768.webp\" media=\"(max-width: 1024px)\"><source srcset=\"https:\/\/www.fierbois.com\/wp-content\/uploads\/2025\/12\/CABANES-FAMILIALES-4.webp\" media=\"(min-width: 1025px)\"><img loading=\"lazy\" decoding=\"async\" src=\"https:\/\/www.fierbois.com\/wp-content\/uploads\/2025\/12\/CABANES-FAMILIALES-4-420x315.webp\" width=\"420\" height=\"210\" alt=\"\" title=\"\"><\/picture><\/figure><\/div><div class=\"diaporama-header__inner\"><\/div><\/div><div class=\"columns\"><div class=\"columns__item\"><h2 class=\"wording\" style=\"color: var(--vert);\">Eine schwebende Pause in der Natur<\/h2><h1 class=\"p\">Ungew\u00f6hnliche Nacht in der Touraine: Das Baumhaus im Loiretal.<\/h1><p    >Die Baumh\u00e4user befinden sich mehrere Meter \u00fcber dem Boden und laden Sie zu einem einzigartigen Erlebnis au\u00dferhalb der Zeit ein. Die Baumh\u00e4user sind aus Holz gebaut, ohne Wasser und Strom und bieten einen 100%igen Natururlaub, der die Umwelt respektiert. Hier gibt es keinen Asphalt oder Beton: nur die \u00c4ste, die Sie umgeben, die Bl\u00e4tter, die unter Ihren Schritten knacken und der Gesang der V\u00f6gel, der Sie beim Aufwachen begleitet.  <\/p><div class=\"lireplus fc-desk\"><p    >Lesen Sie mehr<\/p><div class=\"group\"><p    >Zwischen Himmel und Erde schwebend, sind die H\u00fctten eine wahre Ode an das Abschalten. Man entdeckt die Freude an der Einfachheit wieder, atmet die reine Luft, betrachtet das Licht, das durch die Bl\u00e4tter dringt&#8230; und akzeptiert wohlwollend die diskrete Anwesenheit eines Eichh\u00f6rnchens oder eines neugierigen Schmetterlings. Ein Aufenthalt in den B\u00e4umen bedeutet, sich auf das Wesentliche zu besinnen, den Elementen so nahe wie m\u00f6glich zu sein und eine beruhigende und erholsame Auszeit zu genie\u00dfen.  <\/p><\/div><\/div><div class=\"buttons display-flex \" style=\"justify-content:left;\"><span class=\"buttons__btn btn-resa is-style-resa\">Buchen Sie Ihren Urlaub<\/span><\/div><\/div><div class=\"columns__item\"><div class=\"gallery f-carousel fc-diapo\" data-fancybox=\"gallery\"><figure class=\"gallery__item\"><picture><source srcset=\"https:\/\/www.fierbois.com\/wp-content\/uploads\/2025\/10\/00000480429-420x280.jpg.webp\" media=\"(max-width: 210px)\"><source srcset=\"https:\/\/www.fierbois.com\/wp-content\/uploads\/2025\/10\/00000480429-850x567.jpg.webp\" media=\"(max-width: 420px)\"><source srcset=\"https:\/\/www.fierbois.com\/wp-content\/uploads\/2025\/10\/00000480429-768x512.jpg.webp\" media=\"(max-width: 850px)\"><source srcset=\"https:\/\/www.fierbois.com\/wp-content\/uploads\/2025\/10\/00000480429.jpg.webp\" media=\"(max-width: 1024px)\"><source srcset=\"https:\/\/www.fierbois.com\/wp-content\/uploads\/2025\/10\/00000480429.jpg.webp\" media=\"(min-width: 1025px)\"><img decoding=\"async\" src=\"https:\/\/www.fierbois.com\/wp-content\/uploads\/2025\/10\/00000480429-420x280.jpg.webp\" width=\"420\" height=\"210\" loading=\"lazy\" alt=\"\" title=\"\"><\/picture><\/figure><figure class=\"gallery__item\"><picture><source srcset=\"https:\/\/www.fierbois.com\/wp-content\/uploads\/2025\/10\/parc-de-fierbois-sd-9-420x280.webp\" media=\"(max-width: 210px)\"><source srcset=\"https:\/\/www.fierbois.com\/wp-content\/uploads\/2025\/10\/parc-de-fierbois-sd-9-850x566.webp\" media=\"(max-width: 420px)\"><source srcset=\"https:\/\/www.fierbois.com\/wp-content\/uploads\/2025\/10\/parc-de-fierbois-sd-9-768x512.webp\" media=\"(max-width: 850px)\"><source srcset=\"https:\/\/www.fierbois.com\/wp-content\/uploads\/2025\/10\/parc-de-fierbois-sd-9-1024x682.webp\" media=\"(max-width: 1024px)\"><source srcset=\"https:\/\/www.fierbois.com\/wp-content\/uploads\/2025\/10\/parc-de-fierbois-sd-9.webp\" media=\"(min-width: 1025px)\"><img decoding=\"async\" src=\"https:\/\/www.fierbois.com\/wp-content\/uploads\/2025\/10\/parc-de-fierbois-sd-9-420x280.webp\" width=\"420\" height=\"210\" loading=\"lazy\" alt=\"\" title=\"\"><\/picture><\/figure><figure class=\"gallery__item\"><picture><source srcset=\"https:\/\/www.fierbois.com\/wp-content\/uploads\/2025\/10\/parc-de-fierbois-sd-8-420x280.webp\" media=\"(max-width: 210px)\"><source srcset=\"https:\/\/www.fierbois.com\/wp-content\/uploads\/2025\/10\/parc-de-fierbois-sd-8-850x566.webp\" media=\"(max-width: 420px)\"><source srcset=\"https:\/\/www.fierbois.com\/wp-content\/uploads\/2025\/10\/parc-de-fierbois-sd-8-768x512.webp\" media=\"(max-width: 850px)\"><source srcset=\"https:\/\/www.fierbois.com\/wp-content\/uploads\/2025\/10\/parc-de-fierbois-sd-8-1024x682.webp\" media=\"(max-width: 1024px)\"><source srcset=\"https:\/\/www.fierbois.com\/wp-content\/uploads\/2025\/10\/parc-de-fierbois-sd-8.webp\" media=\"(min-width: 1025px)\"><img decoding=\"async\" src=\"https:\/\/www.fierbois.com\/wp-content\/uploads\/2025\/10\/parc-de-fierbois-sd-8-420x280.webp\" width=\"420\" height=\"210\" loading=\"lazy\" alt=\"\" title=\"\"><\/picture><\/figure><figure class=\"gallery__item\"><picture><source srcset=\"https:\/\/www.fierbois.com\/wp-content\/uploads\/2025\/10\/parc-de-fierbois-sd-12-420x280.webp\" media=\"(max-width: 210px)\"><source srcset=\"https:\/\/www.fierbois.com\/wp-content\/uploads\/2025\/10\/parc-de-fierbois-sd-12-850x566.webp\" media=\"(max-width: 420px)\"><source srcset=\"https:\/\/www.fierbois.com\/wp-content\/uploads\/2025\/10\/parc-de-fierbois-sd-12-768x512.webp\" media=\"(max-width: 850px)\"><source srcset=\"https:\/\/www.fierbois.com\/wp-content\/uploads\/2025\/10\/parc-de-fierbois-sd-12-1024x682.webp\" media=\"(max-width: 1024px)\"><source srcset=\"https:\/\/www.fierbois.com\/wp-content\/uploads\/2025\/10\/parc-de-fierbois-sd-12.webp\" media=\"(min-width: 1025px)\"><img decoding=\"async\" src=\"https:\/\/www.fierbois.com\/wp-content\/uploads\/2025\/10\/parc-de-fierbois-sd-12-420x280.webp\" width=\"420\" height=\"210\" loading=\"lazy\" alt=\"\" title=\"\"><\/picture><\/figure><\/div><\/div><\/div><div class=\"columns fade-up\" data-fc=\"\"><div class=\"columns__item\" style=\"align-self:flex-start;\"><p class=\"wording\" style=\"color: var(--vert);\"  >1. Aufnahmekapazit\u00e4t<\/p><p    >Die H\u00fctten bieten Platz f\u00fcr 2 bis 4 Personen.<\/p><\/div><div class=\"columns__item\" style=\"align-self:flex-start;\"><p class=\"wording\" style=\"color: var(--vert);\"  >2. Komfortniveau<\/p><p    >Was den Komfort angeht, so verf\u00fcgen die H\u00fctten weder \u00fcber Wasser noch \u00fcber Strom, und ihre H\u00f6he variiert je nach Modell. Wenden Sie sich gerne an die Rezeption, um die f\u00fcr Sie passende ungew\u00f6hnliche Unterkunft auszuw\u00e4hlen.<\/p><p    >Dort finden Sie Trockentoiletten, die es in sich haben: absolut umweltfreundlich!<\/p><p    >Das Fr\u00fchst\u00fcck ist im Mietpreis inbegriffen und wird jeden Morgen in einem Korb vor die H\u00fctte gestellt, damit Sie ein au\u00dfergew\u00f6hnliches Fr\u00fchst\u00fcck mit Blick auf den Baumkronen genie\u00dfen k\u00f6nnen.<\/p><div class=\"buttons\"><a href=\"https:\/\/www.fierbois.com\/wp-content\/uploads\/2024\/12\/compar-cabanes-fr.jpg\" rel=\"noreferrer noopener\" rel=\"noreferrer noopener\" target=\"_blank\" rel=\"noreferrer noopener\" rel=\"noreferrer noopener\" rel=\"noreferrer noopener\" rel=\"noreferrer noopener\" class=\"buttons__btn fancybox is-style-1\">Vergleich der Produktreihen<\/a><\/div><\/div><div class=\"columns__item\" style=\"align-self:flex-start;\"><p class=\"wording\" style=\"color: var(--vert);\"  >3. Lage im Park<\/p><p    >Die Baumh\u00e4user befinden sich in der N\u00e4he des Sees, eingebettet in einem Waldgebiet. Umgeben von majest\u00e4tischen B\u00e4umen bieten sie Ruhe, Natur und Gelassenheit. <\/p><div class=\"buttons\"><a href=\"https:\/\/www.fierbois.com\/wp-content\/uploads\/2024\/12\/Plan_Fierbois_2024_00001.jpg\" rel=\"noreferrer noopener\" rel=\"noreferrer noopener\" target=\"_blank\" rel=\"noreferrer noopener\" rel=\"noreferrer noopener\" rel=\"noreferrer noopener\" rel=\"noreferrer noopener\" class=\"buttons__btn fancybox is-style-1\">Siehe den Standort<\/a><\/div><\/div><\/div>","protected":false},"excerpt":{"rendered":"<p>Eine schwebende Pause in der Natur Ungew\u00f6hnliche Nacht in der Touraine: Das Baumhaus im Loiretal. Die Baumh\u00e4user befinden sich mehrere Meter \u00fcber dem Boden und laden Sie zu einem einzigartigen Erlebnis au\u00dferhalb der Zeit ein. Die Baumh\u00e4user sind aus Holz gebaut, ohne Wasser und Strom und bieten einen 100%igen Natururlaub, der die Umwelt respektiert. Hier [&hellip;]<\/p>\n","protected":false},"author":1,"featured_media":0,"parent":0,"menu_order":0,"comment_status":"closed","ping_status":"closed","template":"","meta":{"_acf_changed":false,"footnotes":""},"lieu":[],"acf":[],"_links":{"self":[{"href":"https:\/\/www.fierbois.com\/de\/wp-json\/wp\/v2\/pages\/3452"}],"collection":[{"href":"https:\/\/www.fierbois.com\/de\/wp-json\/wp\/v2\/pages"}],"about":[{"href":"https:\/\/www.fierbois.com\/de\/wp-json\/wp\/v2\/types\/page"}],"author":[{"embeddable":true,"href":"https:\/\/www.fierbois.com\/de\/wp-json\/wp\/v2\/users\/1"}],"replies":[{"embeddable":true,"href":"https:\/\/www.fierbois.com\/de\/wp-json\/wp\/v2\/comments?post=3452"}],"version-history":[{"count":16,"href":"https:\/\/www.fierbois.com\/de\/wp-json\/wp\/v2\/pages\/3452\/revisions"}],"predecessor-version":[{"id":4874,"href":"https:\/\/www.fierbois.com\/de\/wp-json\/wp\/v2\/pages\/3452\/revisions\/4874"}],"wp:attachment":[{"href":"https:\/\/www.fierbois.com\/de\/wp-json\/wp\/v2\/media?parent=3452"}],"wp:term":[{"taxonomy":"lieu","embeddable":true,"href":"https:\/\/www.fierbois.com\/de\/wp-json\/wp\/v2\/lieu?post=3452"}],"curies":[{"name":"wp","href":"https:\/\/api.w.org\/{rel}","templated":true}]}}