{"id":3457,"date":"2025-05-20T15:34:27","date_gmt":"2025-05-20T13:34:27","guid":{"rendered":"https:\/\/www.fierbois.com\/sainte-maure-de-touraine\/"},"modified":"2025-12-01T12:21:12","modified_gmt":"2025-12-01T11:21:12","slug":"sainte-maure-de-touraine","status":"publish","type":"page","link":"https:\/\/www.fierbois.com\/de\/entdecken-sie-die-kultur-und-das-terroir\/sainte-maure-de-touraine\/","title":{"rendered":"Sainte-Maure-De-Touraine"},"content":{"rendered":"<div class=\"diaporama-header align-full\"><div class=\"gallery\"><figure class=\"gallery__item\"><picture><source srcset=\"https:\/\/www.fierbois.com\/wp-content\/uploads\/2025\/05\/AdobeStock_305059250-420x280.webp\" media=\"(max-width: 210px)\"><source srcset=\"https:\/\/www.fierbois.com\/wp-content\/uploads\/2025\/05\/AdobeStock_305059250-850x567.webp\" media=\"(max-width: 420px)\"><source srcset=\"https:\/\/www.fierbois.com\/wp-content\/uploads\/2025\/05\/AdobeStock_305059250-768x512.webp\" media=\"(max-width: 850px)\"><source srcset=\"https:\/\/www.fierbois.com\/wp-content\/uploads\/2025\/05\/AdobeStock_305059250-1024x683.webp\" media=\"(max-width: 1024px)\"><source srcset=\"https:\/\/www.fierbois.com\/wp-content\/uploads\/2025\/05\/AdobeStock_305059250.webp\" media=\"(min-width: 1025px)\"><img loading=\"lazy\" decoding=\"async\" src=\"https:\/\/www.fierbois.com\/wp-content\/uploads\/2025\/05\/AdobeStock_305059250-420x280.webp\" width=\"420\" height=\"210\" alt=\"\" title=\"\"><\/picture><\/figure><\/div><div class=\"diaporama-header__inner\"><\/div><\/div><div class=\"columns\"><div class=\"columns__item\" style=\"align-self:center;\"><p class=\"wording\" style=\"color: var(--vert);\"  >Eine kleine Ecke der Touraine, die alle K\u00e4stchen ankreuzt<\/p><h1 style=\"text-align: left;\">Campingplatz in der N\u00e4he von Sainte-Maure de Touraine<\/h1><p  style=\"text-align: left;\"  >Erleben Sie einen erholsamen und abwechslungsreichen Urlaub auf dem Campingplatz in Sainte Maure de Touraine! Diese touristisch und landwirtschaftlich gepr\u00e4gte Gemeinde im Departement Indre-et-Loire bietet ein reiches und abwechslungsreiches Kulturerbe, das sich f\u00fcr Aktivit\u00e4ten mit der ganzen Familie eignet. Genie\u00dfen Sie w\u00e4hrend Ihres Aufenthalts auf dem 5* Campingplatz Parc de Fierbois die unber\u00fchrte Natur der Region, kulturelle Ausfl\u00fcge, verschiedene historische Besichtigungen und zahlreiche Freizeitaktivit\u00e4ten im Freien.  <\/p><\/div><div class=\"columns__item\" style=\"align-self:flex-start;\"><div class=\"gallery f-carousel fc-diapo-mob\" data-fancybox=\"gallery-mob\"><figure class=\"gallery__item\"><picture><source srcset=\"https:\/\/www.fierbois.com\/wp-content\/uploads\/2025\/05\/AdobeStock_305059274-280x420.webp\" media=\"(max-width: 210px)\"><source srcset=\"https:\/\/www.fierbois.com\/wp-content\/uploads\/2025\/05\/AdobeStock_305059274-567x850.webp\" media=\"(max-width: 420px)\"><source srcset=\"https:\/\/www.fierbois.com\/wp-content\/uploads\/2025\/05\/AdobeStock_305059274-768x1152.webp\" media=\"(max-width: 850px)\"><source srcset=\"https:\/\/www.fierbois.com\/wp-content\/uploads\/2025\/05\/AdobeStock_305059274-683x1024.webp\" media=\"(max-width: 1024px)\"><source srcset=\"https:\/\/www.fierbois.com\/wp-content\/uploads\/2025\/05\/AdobeStock_305059274.webp\" media=\"(min-width: 1025px)\"><img decoding=\"async\" src=\"https:\/\/www.fierbois.com\/wp-content\/uploads\/2025\/05\/AdobeStock_305059274-280x420.webp\" width=\"420\" height=\"210\" loading=\"lazy\" alt=\"\" title=\"\"><\/picture><\/figure><\/div><\/div><\/div><div class=\"columns reverse-mob\"><div class=\"columns__item\"><div class=\"gallery f-carousel fc-diapo-mob\" data-fancybox=\"gallery-mob\"><figure class=\"gallery__item\"><picture><source srcset=\"https:\/\/www.fierbois.com\/wp-content\/uploads\/2025\/05\/AdobeStock_435605373-420x280.webp\" media=\"(max-width: 210px)\"><source srcset=\"https:\/\/www.fierbois.com\/wp-content\/uploads\/2025\/05\/AdobeStock_435605373-850x566.webp\" media=\"(max-width: 420px)\"><source srcset=\"https:\/\/www.fierbois.com\/wp-content\/uploads\/2025\/05\/AdobeStock_435605373-768x512.webp\" media=\"(max-width: 850px)\"><source srcset=\"https:\/\/www.fierbois.com\/wp-content\/uploads\/2025\/05\/AdobeStock_435605373-1024x682.webp\" media=\"(max-width: 1024px)\"><source srcset=\"https:\/\/www.fierbois.com\/wp-content\/uploads\/2025\/05\/AdobeStock_435605373.webp\" media=\"(min-width: 1025px)\"><img decoding=\"async\" src=\"https:\/\/www.fierbois.com\/wp-content\/uploads\/2025\/05\/AdobeStock_435605373-420x280.webp\" width=\"420\" height=\"210\" loading=\"lazy\" alt=\"\" title=\"\"><\/picture><\/figure><\/div><\/div><div class=\"columns__item\" style=\"align-self:center;\"><p class=\"wording\" style=\"color: var(--vert);\"  >Ein Dorf zum Entdecken<\/p><h2>Entdecken Sie Sainte-Maure de Touraine im Loire-Tal<\/h2><p    >Das Dorf Sainte Maure de Touraine in der Region Centre Val de Loire ist in Form eines Amphitheaters auf einem Vorgebirge gebaut und liegt am Zusammenfluss der Manse mit der Vienne. Die Gemeinde ist von zwei T\u00e4lern umgeben, dem von Les C\u00f4teaux und dem von Courtineau. <\/p><\/div><\/div><p  style=\"text-align: center;\"  >Bei einem Spaziergang durch das Dorf sollten Sie die Waschh\u00e4user, die Wasserm\u00fchlen und die mittelalterliche Br\u00fccke beachten. Sehen Sie auch das <strong>Schloss von Sainte Maure de Touraine<\/strong>, in dem das Haus des Kulturerbes untergebracht ist. Gleich daneben bewundern Sie die sch\u00f6ne Kirche aus dem 19\u1d49 Jahrhundert, die eine bemerkenswerte Krypta aus dem 10\u1d49 und 11\u1d49 Jahrhundert besitzt. Verpassen Sie auch nicht die denkmalgesch\u00fctzten Markthallen der Gemeinde, in denen ein Veranstaltungssaal und die M\u00e4rkte stattfinden.     <\/p><p  style=\"text-align: center;\"  >Der <strong>Wochenmarkt von Sainte-Maure de Touraine<\/strong>, der jeden Freitagmorgen stattfindet, ist eine gute Gelegenheit, den ber\u00fchmten Ziegenk\u00e4se AOP zu probieren, der den gleichen Namen wie die Gemeinde tr\u00e4gt. Wenn Sie mit Ihrer Familie einen sch\u00f6nen Spaziergang machen m\u00f6chten, sollten Sie den <strong>Parc Robert Guignard<\/strong> mit seinem Wasser und seinem Interpretationspfad entdecken. In einer gr\u00fcnen und friedlichen Umgebung k\u00f6nnen Sie auf diesem 1 km langen Rundweg mit p\u00e4dagogischen Schildern Insekten, V\u00f6gel und sogar Ziegen beobachten!  <\/p><div class=\"columns\"><div class=\"columns__item\" style=\"align-self:center;\"><p class=\"wording\" style=\"color: var(--vert);\"  >Die S\u00fc\u00dfe der Tours in ihrer reinsten Form<\/p><h2>Was kann man rund um Sainte Maure de Touraine unternehmen?<\/h2><p    >Nutzen Sie Ihren Aufenthalt auf einem <strong>Campingplatz in Sainte Maure de Touraine<\/strong>, um einige der sch\u00f6nsten Schl\u00f6sser der Loire zu besuchen, die weniger als 30 km von Ihrer Ferienunterkunft entfernt liegen. Besuchen Sie in der Touraine das Schloss Azay le Rideau, ein Juwel der Renaissance, das auf Initiative von Fran\u00e7ois 1\u1d49\u02b3 erbaut wurde.   <\/p><\/div><div class=\"columns__item\"><div class=\"gallery f-carousel fc-diapo-mob\" data-fancybox=\"gallery-mob\"><figure class=\"gallery__item\"><picture><source srcset=\"https:\/\/www.fierbois.com\/wp-content\/uploads\/2025\/05\/AdobeStock_167892328-420x236.webp\" media=\"(max-width: 210px)\"><source srcset=\"https:\/\/www.fierbois.com\/wp-content\/uploads\/2025\/05\/AdobeStock_167892328-850x477.webp\" media=\"(max-width: 420px)\"><source srcset=\"https:\/\/www.fierbois.com\/wp-content\/uploads\/2025\/05\/AdobeStock_167892328-768x431.webp\" media=\"(max-width: 850px)\"><source srcset=\"https:\/\/www.fierbois.com\/wp-content\/uploads\/2025\/05\/AdobeStock_167892328-1024x575.webp\" media=\"(max-width: 1024px)\"><source srcset=\"https:\/\/www.fierbois.com\/wp-content\/uploads\/2025\/05\/AdobeStock_167892328.webp\" media=\"(min-width: 1025px)\"><img decoding=\"async\" src=\"https:\/\/www.fierbois.com\/wp-content\/uploads\/2025\/05\/AdobeStock_167892328-420x236.webp\" width=\"420\" height=\"210\" loading=\"lazy\" alt=\"\" title=\"\"><\/picture><\/figure><\/div><\/div><\/div><p  style=\"text-align: center;\"  >Bewundern Sie dieses historische Denkmal, das in seinen Fassaden und Verzierungen traditionelle franz\u00f6sische Architektur mit italienischer Kunst verbindet. <strong>Chinon<\/strong> ist ebenfalls einen Besuch wert, vor allem wegen seiner k\u00f6niglichen Festung, eine der wenigen <strong>mittelalterlichen Festungen im Loiretal<\/strong>. Nur wenige Kilometer entfernt liegt die k\u00f6nigliche Stadt Loches mit ihrem Bergfried und den <strong>mittelalterlichen G\u00e4rten<\/strong>. Entdecken Sie w\u00e4hrend Ihres Urlaubs auch Tours, die Hauptstadt der Touraine. In dieser Stadt, die zum UNESCO-Weltkulturerbe geh\u00f6rt, k\u00f6nnen Sie die <strong>Basilika Saint-Martin<\/strong> und den <strong>Turm Charlemagne<\/strong> bewundern, der einen der sch\u00f6nsten Ausblicke \u00fcber die Stadt bietet.     <\/p><p  style=\"text-align: center;\"  >Dann schiffen Sie sich an Bord eines traditionellen Schiffes auf der Loire ein, um eine angenehme Fahrt auf dem Wasser zu genie\u00dfen. Entdecken Sie schlie\u00dflich Saumur, das f\u00fcr seine Reitgalas und seine Weinberge weltber\u00fchmt ist. Sie geh\u00f6rt zu den sch\u00f6nsten St\u00e4dten des Loiretals! Planen Sie einen Besuch des Cadre Noir, der die Exzellenz der traditionellen franz\u00f6sischen Reitkunst verk\u00f6rpert. Die <strong>Stadt, die als Stadt der Kunst und Geschichte klassifiziert wurde<\/strong>, ist reich an historischen und religi\u00f6sen Denkm\u00e4lern: das Herzogsschloss, das neoklassizistische Theater, das neogotische Rathaus und nur wenige Kilometer entfernt die<strong>k\u00f6nigliche Abtei von Fontevraud<\/strong>, die gr\u00f6\u00dfte Klosterstadt in Europa. Besuchen Sie auch Montlouis sur Loire mit seinem typischen Erbe der Region.     <\/p><div class=\"columns reverse-mob\"><div class=\"columns__item\"><div class=\"gallery f-carousel fc-diapo-mob\" data-fancybox=\"gallery-mob\"><figure class=\"gallery__item\"><picture><source srcset=\"https:\/\/www.fierbois.com\/wp-content\/uploads\/2025\/04\/cabane-familiale-touraine-parc-de-fierbois-4-420x280.webp\" media=\"(max-width: 210px)\"><source srcset=\"https:\/\/www.fierbois.com\/wp-content\/uploads\/2025\/04\/cabane-familiale-touraine-parc-de-fierbois-4-850x566.webp\" media=\"(max-width: 420px)\"><source srcset=\"https:\/\/www.fierbois.com\/wp-content\/uploads\/2025\/04\/cabane-familiale-touraine-parc-de-fierbois-4-768x512.webp\" media=\"(max-width: 850px)\"><source srcset=\"https:\/\/www.fierbois.com\/wp-content\/uploads\/2025\/04\/cabane-familiale-touraine-parc-de-fierbois-4-1024x682.webp\" media=\"(max-width: 1024px)\"><source srcset=\"https:\/\/www.fierbois.com\/wp-content\/uploads\/2025\/04\/cabane-familiale-touraine-parc-de-fierbois-4.webp\" media=\"(min-width: 1025px)\"><img decoding=\"async\" src=\"https:\/\/www.fierbois.com\/wp-content\/uploads\/2025\/04\/cabane-familiale-touraine-parc-de-fierbois-4-420x280.webp\" width=\"420\" height=\"210\" loading=\"lazy\" alt=\"\" title=\"\"><\/picture><\/figure><\/div><\/div><div class=\"columns__item\" style=\"align-self:center;\"><p class=\"wording\" style=\"color: var(--vert);\"  >Sainte-Maure-de-Touraine, die Nachbarin, die alles richtig macht<\/p><h2>Aufenthalt auf einem Campingplatz in Sainte-Maure de Touraine<\/h2><p    >Verbringen Sie Ihren Urlaub 6 km von <strong>Sainte Maure de Touraine entfernt auf dem Campingplatz Parc de Fierbois<\/strong>, einem der sch\u00f6nsten Campingpl\u00e4tze der Region. Diese 5-Sterne-Anlage im Loire-Tal bietet Ihnen die M\u00f6glichkeit, Ihren Urlaub in Harmonie mit der Natur zu verbringen. <\/p><\/div><\/div><p  style=\"text-align: center;\"  >Entdecken Sie eine gro\u00dfe Auswahl an Unterk\u00fcnften, von komfortablen Mobilheimen, Chalets und komplett ausgestatteten Ferienh\u00e4usern bis hin zu authentischen Unterk\u00fcnften wie Baumh\u00e4usern und Lodges in der Touraine. W\u00e4hrend Ihres unvergesslichen Aufenthalts k\u00f6nnen Sie 3 verschiedene Wasserbereiche nutzen: einen Wasserpark im Freien, ein Hallenbad und einen <strong>nat\u00fcrlichen See<\/strong> mit Wasserspielen. <\/p><p  style=\"text-align: center;\"  >Dieser Familiencampingplatz bietet Ihnen auch eine Vielzahl von Aktivit\u00e4ten und Animationen, um Sie w\u00e4hrend Ihres Urlaubs zu unterhalten (Abenteuerparcours, hochwertige Einrichtungen, Kinderclub, Freizeiteinrichtungen, usw.). Profitieren Sie auch von einem Maximum an Qualit\u00e4tsservice mit den verschiedenen Restaurantbereichen, dem Minimarkt, dem Weinkeller, der Superbar, etc. <\/p><p  style=\"text-align: center;\"  >Und schlie\u00dflich k\u00f6nnen Sie von Ihrem <strong>Campingplatz in Sainte Maure de Touraine<\/strong> aus die touristischen Reicht\u00fcmer der Region entdecken (Schl\u00f6sser der Loire, Zoo Beauval, D\u00f6rfer an der Loire&#8230;).<\/p>","protected":false},"excerpt":{"rendered":"<p>Eine kleine Ecke der Touraine, die alle K\u00e4stchen ankreuzt Campingplatz in der N\u00e4he von Sainte-Maure de Touraine Erleben Sie einen erholsamen und abwechslungsreichen Urlaub auf dem Campingplatz in Sainte Maure de Touraine! Diese touristisch und landwirtschaftlich gepr\u00e4gte Gemeinde im Departement Indre-et-Loire bietet ein reiches und abwechslungsreiches Kulturerbe, das sich f\u00fcr Aktivit\u00e4ten mit der ganzen Familie [&hellip;]<\/p>\n","protected":false},"author":1,"featured_media":0,"parent":3596,"menu_order":0,"comment_status":"closed","ping_status":"closed","template":"","meta":{"_acf_changed":false,"footnotes":""},"lieu":[28],"acf":[],"_links":{"self":[{"href":"https:\/\/www.fierbois.com\/de\/wp-json\/wp\/v2\/pages\/3457"}],"collection":[{"href":"https:\/\/www.fierbois.com\/de\/wp-json\/wp\/v2\/pages"}],"about":[{"href":"https:\/\/www.fierbois.com\/de\/wp-json\/wp\/v2\/types\/page"}],"author":[{"embeddable":true,"href":"https:\/\/www.fierbois.com\/de\/wp-json\/wp\/v2\/users\/1"}],"replies":[{"embeddable":true,"href":"https:\/\/www.fierbois.com\/de\/wp-json\/wp\/v2\/comments?post=3457"}],"version-history":[{"count":1,"href":"https:\/\/www.fierbois.com\/de\/wp-json\/wp\/v2\/pages\/3457\/revisions"}],"predecessor-version":[{"id":3459,"href":"https:\/\/www.fierbois.com\/de\/wp-json\/wp\/v2\/pages\/3457\/revisions\/3459"}],"up":[{"embeddable":true,"href":"https:\/\/www.fierbois.com\/de\/wp-json\/wp\/v2\/pages\/3596"}],"wp:attachment":[{"href":"https:\/\/www.fierbois.com\/de\/wp-json\/wp\/v2\/media?parent=3457"}],"wp:term":[{"taxonomy":"lieu","embeddable":true,"href":"https:\/\/www.fierbois.com\/de\/wp-json\/wp\/v2\/lieu?post=3457"}],"curies":[{"name":"wp","href":"https:\/\/api.w.org\/{rel}","templated":true}]}}