{"id":3464,"date":"2025-04-03T14:53:51","date_gmt":"2025-04-03T12:53:51","guid":{"rendered":"https:\/\/www.fierbois.com\/zelt-aufstellen\/"},"modified":"2026-01-29T09:21:51","modified_gmt":"2026-01-29T08:21:51","slug":"zelt-aufstellen","status":"publish","type":"page","link":"https:\/\/www.fierbois.com\/de\/zelt-aufstellen\/","title":{"rendered":"Zelt aufstellen"},"content":{"rendered":"<div class=\"diaporama-header align-full\"><div class=\"gallery\"><figure class=\"gallery__item\"><picture><source srcset=\"https:\/\/www.fierbois.com\/wp-content\/uploads\/2024\/07\/tente-420x280.webp\" media=\"(max-width: 210px)\"><source srcset=\"https:\/\/www.fierbois.com\/wp-content\/uploads\/2024\/07\/tente-850x566.webp\" media=\"(max-width: 420px)\"><source srcset=\"https:\/\/www.fierbois.com\/wp-content\/uploads\/2024\/07\/tente-768x512.webp\" media=\"(max-width: 850px)\"><source srcset=\"https:\/\/www.fierbois.com\/wp-content\/uploads\/2024\/07\/tente-1024x682.webp\" media=\"(max-width: 1024px)\"><source srcset=\"https:\/\/www.fierbois.com\/wp-content\/uploads\/2024\/07\/tente.webp\" media=\"(min-width: 1025px)\"><img loading=\"lazy\" decoding=\"async\" src=\"https:\/\/www.fierbois.com\/wp-content\/uploads\/2024\/07\/tente-420x280.webp\" width=\"420\" height=\"210\" alt=\"\" title=\"\"><\/picture><\/figure><\/div><div class=\"diaporama-header__inner\"><\/div><\/div>\n\n<div class=\"columns sec-10\"><div class=\"columns__item fade-down\"><p class=\"wording\" style=\"color: var(--vert);\"  >Aufstellen des Zeltes mit Blick auf die Natur<\/p><p    >Die Liebhaber des traditionellen Campings k\u00f6nnen die N\u00e4chte unter dem Sternenhimmel genie\u00dfen, obwohl sie sich auch f\u00fcr mehr Komfort entscheiden k\u00f6nnen mit unserer gro\u00dfen Auswahl an Ferienunterk\u00fcnften in Indre-et-Loire.<\/p><div class=\"buttons\"><span class=\"buttons__btn btn-resa-empl brn-resa is-style-resa\">Buchen Sie Ihren Urlaub<\/span><\/div><div class=\"gallery\"><figure class=\"gallery__item\"><picture><source srcset=\"https:\/\/www.fierbois.com\/wp-content\/uploads\/2025\/08\/emplacement-1024x768-1-420x315.webp\" media=\"(max-width: 210px)\"><source srcset=\"https:\/\/www.fierbois.com\/wp-content\/uploads\/2025\/08\/emplacement-1024x768-1-850x638.webp\" media=\"(max-width: 420px)\"><source srcset=\"https:\/\/www.fierbois.com\/wp-content\/uploads\/2025\/08\/emplacement-1024x768-1-768x576.webp\" media=\"(max-width: 850px)\"><source srcset=\"https:\/\/www.fierbois.com\/wp-content\/uploads\/2025\/08\/emplacement-1024x768-1.webp\" media=\"(max-width: 1024px)\"><source srcset=\"https:\/\/www.fierbois.com\/wp-content\/uploads\/2025\/08\/emplacement-1024x768-1.webp\" media=\"(min-width: 1025px)\"><img decoding=\"async\" src=\"https:\/\/www.fierbois.com\/wp-content\/uploads\/2025\/08\/emplacement-1024x768-1-420x315.webp\" width=\"420\" height=\"210\" loading=\"lazy\" alt=\"\" title=\"\"><\/picture><\/figure><\/div><\/div><div class=\"columns__item fade-up reverse-mob\"><div class=\"gallery\"><figure class=\"gallery__item\"><picture><source srcset=\"https:\/\/www.fierbois.com\/wp-content\/uploads\/2025\/03\/AdobeStock_926037767-420x236.webp\" media=\"(max-width: 210px)\"><source srcset=\"https:\/\/www.fierbois.com\/wp-content\/uploads\/2025\/03\/AdobeStock_926037767-850x478.webp\" media=\"(max-width: 420px)\"><source srcset=\"https:\/\/www.fierbois.com\/wp-content\/uploads\/2025\/03\/AdobeStock_926037767-768x432.webp\" media=\"(max-width: 850px)\"><source srcset=\"https:\/\/www.fierbois.com\/wp-content\/uploads\/2025\/03\/AdobeStock_926037767-1024x576.webp\" media=\"(max-width: 1024px)\"><source srcset=\"https:\/\/www.fierbois.com\/wp-content\/uploads\/2025\/03\/AdobeStock_926037767.webp\" media=\"(min-width: 1025px)\"><img decoding=\"async\" src=\"https:\/\/www.fierbois.com\/wp-content\/uploads\/2025\/03\/AdobeStock_926037767-420x236.webp\" width=\"420\" height=\"210\" alt=\"Campeur devant sa tente\" loading=\"lazy\" title=\"\"><\/picture><\/figure><\/div><h1>Campingpl\u00e4tze in Indre-et-Loire<\/h1><p    >Puristische Freunde, f\u00fcr die Authentizit\u00e4t und Harmonie mit der Natur an erster Stelle stehen, finden auf dem 5-Sterne-Campingplatz Castel Parc de Fierbois im Departement Indre-et-Loire ger\u00e4umige und schattige Stellpl\u00e4tze. Die Stellpl\u00e4tze sind <strong>zwischen 100 und 200 m\u00b2 <\/strong>gro\u00df und bieten Platz f\u00fcr <strong>Familienzelte, Wohnwagen und Wohnmobile<\/strong> (maximale L\u00e4nge 7 m) f\u00fcr bis zu sechs Personen. <\/p><div class=\"lireplus fc-desk\"><p    >Lesen Sie mehr<\/p><div class=\"group\"><p   id=\"gid_2\" >Sie verf\u00fcgen \u00fcber einen 16A<strong> Stromanschluss<\/strong>, einen individuellen Wasserhahn und ein<strong>Abwassersystem<\/strong> sowie eine Entsorgungsstation f\u00fcr Wohnmobile. Unsere <g id=\"gid_2\">Campingpl\u00e4tze im Departement Indre-et-Loire<\/g> befinden sich in einem ruhigen Bereich des Campingplatzes, in der N\u00e4he der Sanit\u00e4ranlagen und der wichtigsten Einrichtungen. Um Ihnen <strong>Komfort und Privatsph\u00e4re<\/strong> zu garantieren, sind unsere Stellpl\u00e4tze durch <strong>nat\u00fcrliche Hecken<\/strong> voneinander getrennt.  <\/p><\/div><\/div><\/div><\/div>\n\n<div class=\"columns fade-up\" data-fc=\"\"><div class=\"columns__item\" style=\"align-self:flex-start;\"><p class=\"wording\" style=\"color: var(--vert);\"  >1. Aufnahmekapazit\u00e4t<\/p><p    >Wir begr\u00fc\u00dfen Familienzelte auf Parzellen mit einer Fl\u00e4che von 100 bis 200 m\u00b2.<\/p><\/div><div class=\"columns__item\" style=\"align-self:flex-start;\"><p class=\"wording\" style=\"color: var(--vert);\"  >2. Komfortniveau<\/p><p    ><strong>Der Parc de Fierbois <\/strong>hat verschiedene Stellplatzkategorien f\u00fcr jedes Budget eingerichtet<strong>.<\/strong> Das Ausstattungsniveau variiert je nach den 3 angebotenen Komfortklassen:<strong> Grand Confort &#8211; Avantage &#8211; Premium<\/strong>.  <\/p><div class=\"buttons\"><a href=\"https:\/\/www.fierbois.com\/wp-content\/uploads\/2024\/12\/compar-emlacements-fr-1.jpg\" rel=\"noreferrer noopener\" rel=\"noreferrer noopener\" target=\"_blank\" rel=\"noreferrer noopener\" rel=\"noreferrer noopener\" rel=\"noreferrer noopener\" rel=\"noreferrer noopener\" class=\"buttons__btn fancybox is-style-1\">Vergleich der Produktreihen<\/a><\/div><\/div><div class=\"columns__item\" style=\"align-self:flex-start;\"><p class=\"wording\" style=\"color: var(--vert);\"  >3. Lage im Park<\/p><p    >Alle Campingpl\u00e4tze sind ideal gelegen und befinden sich in der N\u00e4he eines Sanit\u00e4rgeb\u00e4udes, um Ihnen mehr Komfort zu bieten. Jeder Platz ist von B\u00e4umen umgeben, aber je nach Wunsch k\u00f6nnen Sie sich f\u00fcr einen sonnigen Platz entscheiden, ideal f\u00fcr den Anfang der Saison, oder f\u00fcr einen schattigeren Platz im Wald, perfekt f\u00fcr hei\u00dfe Tage und ein totales Eintauchen in die Natur. <\/p><div class=\"buttons\"><a href=\"https:\/\/www.fierbois.com\/wp-content\/uploads\/2024\/12\/Plan_Fierbois_2024_00001.jpg\" rel=\"noreferrer noopener\" rel=\"noreferrer noopener\" target=\"_blank\" rel=\"noreferrer noopener\" rel=\"noreferrer noopener\" rel=\"noreferrer noopener\" rel=\"noreferrer noopener\" class=\"buttons__btn fancybox is-style-1\">Siehe den Standort<\/a><\/div><\/div><\/div>\n\n<div class=\"columns reverse-mob\"><div class=\"columns__item fade-up\"><div class=\"gallery\"><figure class=\"gallery__item\"><picture><source srcset=\"https:\/\/www.fierbois.com\/wp-content\/uploads\/2025\/08\/sanitaires-420x280.webp\" media=\"(max-width: 210px)\"><source srcset=\"https:\/\/www.fierbois.com\/wp-content\/uploads\/2025\/08\/sanitaires-850x567.webp\" media=\"(max-width: 420px)\"><source srcset=\"https:\/\/www.fierbois.com\/wp-content\/uploads\/2025\/08\/sanitaires-768x512.webp\" media=\"(max-width: 850px)\"><source srcset=\"https:\/\/www.fierbois.com\/wp-content\/uploads\/2025\/08\/sanitaires.webp\" media=\"(max-width: 1024px)\"><source srcset=\"https:\/\/www.fierbois.com\/wp-content\/uploads\/2025\/08\/sanitaires.webp\" media=\"(min-width: 1025px)\"><img decoding=\"async\" src=\"https:\/\/www.fierbois.com\/wp-content\/uploads\/2025\/08\/sanitaires-420x280.webp\" width=\"420\" height=\"210\" loading=\"lazy\" alt=\"\" title=\"\"><\/picture><\/figure><\/div><\/div><div class=\"columns__item fade-left\"><p class=\"wording\" style=\"color: var(--vert);\"  >Neue hochwertige Sanit\u00e4ranlagen<\/p><p    >Unsere hochwertigen Sanit\u00e4ranlagen bieten einen hohen Komfort rund um den Innengarten mit :<\/p><ul><li>Zug\u00e4nglichkeit f\u00fcr Personen mit eingeschr\u00e4nkter Mobilit\u00e4t,\n<\/li><li>Private Kabinen mit Duschen und Waschbecken\n<\/li><li>Ein gro\u00dfes Kinderbadezimmer mit Babybadewanne, WC und Kinderwaschbecken,\n<\/li><li>Eine komplette Waschk\u00fcche mit Waschmaschinen und Trocknern.\n<\/li><li>K\u00fchlf\u00e4cher 42 L\n<\/li><\/ul><\/div><\/div>","protected":false},"excerpt":{"rendered":"<p>Aufstellen des Zeltes mit Blick auf die Natur Die Liebhaber des traditionellen Campings k\u00f6nnen die N\u00e4chte unter dem Sternenhimmel genie\u00dfen, obwohl sie sich auch f\u00fcr mehr Komfort entscheiden k\u00f6nnen mit unserer gro\u00dfen Auswahl an Ferienunterk\u00fcnften in Indre-et-Loire. Campingpl\u00e4tze in Indre-et-Loire Puristische Freunde, f\u00fcr die Authentizit\u00e4t und Harmonie mit der Natur an erster Stelle stehen, finden [&hellip;]<\/p>\n","protected":false},"author":1,"featured_media":0,"parent":0,"menu_order":0,"comment_status":"open","ping_status":"open","template":"","meta":{"_acf_changed":false,"footnotes":""},"lieu":[],"acf":[],"_links":{"self":[{"href":"https:\/\/www.fierbois.com\/de\/wp-json\/wp\/v2\/pages\/3464"}],"collection":[{"href":"https:\/\/www.fierbois.com\/de\/wp-json\/wp\/v2\/pages"}],"about":[{"href":"https:\/\/www.fierbois.com\/de\/wp-json\/wp\/v2\/types\/page"}],"author":[{"embeddable":true,"href":"https:\/\/www.fierbois.com\/de\/wp-json\/wp\/v2\/users\/1"}],"replies":[{"embeddable":true,"href":"https:\/\/www.fierbois.com\/de\/wp-json\/wp\/v2\/comments?post=3464"}],"version-history":[{"count":13,"href":"https:\/\/www.fierbois.com\/de\/wp-json\/wp\/v2\/pages\/3464\/revisions"}],"predecessor-version":[{"id":4847,"href":"https:\/\/www.fierbois.com\/de\/wp-json\/wp\/v2\/pages\/3464\/revisions\/4847"}],"wp:attachment":[{"href":"https:\/\/www.fierbois.com\/de\/wp-json\/wp\/v2\/media?parent=3464"}],"wp:term":[{"taxonomy":"lieu","embeddable":true,"href":"https:\/\/www.fierbois.com\/de\/wp-json\/wp\/v2\/lieu?post=3464"}],"curies":[{"name":"wp","href":"https:\/\/api.w.org\/{rel}","templated":true}]}}