{"id":3468,"date":"2025-05-20T15:58:24","date_gmt":"2025-05-20T13:58:24","guid":{"rendered":"https:\/\/www.fierbois.com\/amboise\/"},"modified":"2025-12-01T12:21:12","modified_gmt":"2025-12-01T11:21:12","slug":"amboise","status":"publish","type":"page","link":"https:\/\/www.fierbois.com\/de\/entdecken-sie-die-kultur-und-das-terroir\/amboise\/","title":{"rendered":"Amboise"},"content":{"rendered":"<div class=\"diaporama-header align-full\"><div class=\"gallery\"><figure class=\"gallery__item\"><picture><source srcset=\"https:\/\/www.fierbois.com\/wp-content\/uploads\/2025\/05\/AdobeStock_264550071-420x315.webp\" media=\"(max-width: 210px)\"><source srcset=\"https:\/\/www.fierbois.com\/wp-content\/uploads\/2025\/05\/AdobeStock_264550071-850x637.webp\" media=\"(max-width: 420px)\"><source srcset=\"https:\/\/www.fierbois.com\/wp-content\/uploads\/2025\/05\/AdobeStock_264550071-768x576.webp\" media=\"(max-width: 850px)\"><source srcset=\"https:\/\/www.fierbois.com\/wp-content\/uploads\/2025\/05\/AdobeStock_264550071-1024x767.webp\" media=\"(max-width: 1024px)\"><source srcset=\"https:\/\/www.fierbois.com\/wp-content\/uploads\/2025\/05\/AdobeStock_264550071.webp\" media=\"(min-width: 1025px)\"><img loading=\"lazy\" decoding=\"async\" src=\"https:\/\/www.fierbois.com\/wp-content\/uploads\/2025\/05\/AdobeStock_264550071-420x315.webp\" width=\"420\" height=\"210\" alt=\"\" title=\"\"><\/picture><\/figure><\/div><div class=\"diaporama-header__inner\"><\/div><\/div><div class=\"columns\"><div class=\"columns__item\" style=\"align-self:center;\"><p class=\"wording\" style=\"color: var(--vert);\"  >Ein Wochenende mit Leonardo (da Vinci, nur das)<\/p><h1 style=\"text-align: left;\">Campingplatz Amboise<\/h1><p    >AMBOISE (43km)<\/p><p    >Mit seinem Schloss Clos Luc\u00e9, einem ber\u00fchmten Schloss an der Loire, sollten Sie auch die sch\u00f6ne Stadt Amboise, die 43 km vom Campingplatz entfernt liegt, in Ihre Ausflugsliste f\u00fcr die Indre et Loire aufnehmen.<\/p><\/div><div class=\"columns__item\" style=\"align-self:flex-start;\"><div class=\"gallery f-carousel fc-diapo-mob\" data-fancybox=\"gallery-mob\"><figure class=\"gallery__item\"><picture><source srcset=\"https:\/\/www.fierbois.com\/wp-content\/uploads\/2025\/05\/AdobeStock_124628500-420x242.webp\" media=\"(max-width: 210px)\"><source srcset=\"https:\/\/www.fierbois.com\/wp-content\/uploads\/2025\/05\/AdobeStock_124628500-850x489.webp\" media=\"(max-width: 420px)\"><source srcset=\"https:\/\/www.fierbois.com\/wp-content\/uploads\/2025\/05\/AdobeStock_124628500-768x442.webp\" media=\"(max-width: 850px)\"><source srcset=\"https:\/\/www.fierbois.com\/wp-content\/uploads\/2025\/05\/AdobeStock_124628500-1024x589.webp\" media=\"(max-width: 1024px)\"><source srcset=\"https:\/\/www.fierbois.com\/wp-content\/uploads\/2025\/05\/AdobeStock_124628500.webp\" media=\"(min-width: 1025px)\"><img decoding=\"async\" src=\"https:\/\/www.fierbois.com\/wp-content\/uploads\/2025\/05\/AdobeStock_124628500-420x242.webp\" width=\"420\" height=\"210\" loading=\"lazy\" alt=\"\" title=\"\"><\/picture><\/figure><\/div><\/div><\/div><div class=\"columns reverse-mob\"><div class=\"columns__item\"><div class=\"gallery f-carousel fc-diapo-mob\" data-fancybox=\"gallery-mob\"><figure class=\"gallery__item\"><picture><source srcset=\"https:\/\/www.fierbois.com\/wp-content\/uploads\/2025\/05\/AdobeStock_182993431-420x315.webp\" media=\"(max-width: 210px)\"><source srcset=\"https:\/\/www.fierbois.com\/wp-content\/uploads\/2025\/05\/AdobeStock_182993431-850x637.webp\" media=\"(max-width: 420px)\"><source srcset=\"https:\/\/www.fierbois.com\/wp-content\/uploads\/2025\/05\/AdobeStock_182993431-768x575.webp\" media=\"(max-width: 850px)\"><source srcset=\"https:\/\/www.fierbois.com\/wp-content\/uploads\/2025\/05\/AdobeStock_182993431-1024x767.webp\" media=\"(max-width: 1024px)\"><source srcset=\"https:\/\/www.fierbois.com\/wp-content\/uploads\/2025\/05\/AdobeStock_182993431.webp\" media=\"(min-width: 1025px)\"><img decoding=\"async\" src=\"https:\/\/www.fierbois.com\/wp-content\/uploads\/2025\/05\/AdobeStock_182993431-420x315.webp\" width=\"420\" height=\"210\" loading=\"lazy\" alt=\"\" title=\"\"><\/picture><\/figure><\/div><\/div><div class=\"columns__item\" style=\"align-self:center;\"><p class=\"wording\" style=\"color: var(--vert);\"  >K\u00f6nigliche Radtour nach Amboise<\/p><h2>Unterk\u00fcnfte mieten in der N\u00e4he von Amboise<\/h2><p    >Planen Sie Ihren Urlaub in den Schl\u00f6ssern der Loire? Der 5-Sterne-Campingplatz Parc de Fierbois im Departement Indre-et-Loire empf\u00e4ngt Sie in einer au\u00dfergew\u00f6hnlichen Naturlandschaft in der N\u00e4he von Blois und Amboise, Chaumont sur Loire oder La Ville aux Dames, am Ufer eines Sees, in einem gesch\u00fctzten Gebiet im Herzen des Loiretals.   <\/p><\/div><\/div><p  style=\"text-align: center;\" id=\"gid_0\" >Es ist allgemein bekannt, dass das Loiretal das Tal der K\u00f6nige ist! Unser Freilufthotel mit Wasserrutschen und beheiztem Pool ist der perfekte Ort, um das <g id=\"gid_0\">k\u00f6nigliche Schloss von Amboise<\/g> zu besichtigen und die Loire mit dem Fahrrad zu erkunden. Wir bieten Ihnen hochwertige, komplett ausgestattete Unterk\u00fcnfte (K\u00fcche, Bad, Terrasse&#8230;) f\u00fcr 2 bis 10 Personen ca. 30 Minuten von Amboise entfernt: Vermietung von Mobilheimen, Chalets, Ferienh\u00e4usern, Baumh\u00e4usern.    <\/p><p  style=\"text-align: center;\"  >Sie suchen einen traditionelleren Campingplatz in Amboise? Lassen Sie sich von unseren \u00fcber 80 m\u00b2 gro\u00dfen Campingpl\u00e4tzen f\u00fcr Zelte, Wohnwagen und Wohnmobile verf\u00fchren. Die Sanit\u00e4ranlagen mit Badezimmer und WC sind in der N\u00e4he zug\u00e4nglich. Ob Sie sich nun f\u00fcr ein Mobilheim oder einen unserer Campingpl\u00e4tze entscheiden, Sie werden von einem Maximum an Komfort f\u00fcr Ihren Aufenthalt im Park des Loiretals profitieren!   <\/p><div class=\"columns\"><div class=\"columns__item\" style=\"align-self:center;\"><p class=\"wording\" style=\"color: var(--vert);\"  >Kunst, Geschichte und die sanfte Seite der Loire<\/p><h2>Besichtigungen und Sehensw\u00fcrdigkeiten in Amboise<\/h2><p    >Neben dem k\u00f6niglichen Schloss, in dem Leonardo da Vinci begraben ist, gibt es viele gute Gr\u00fcnde f\u00fcr einen Urlaub in Amboise in der N\u00e4he des Campingplatzes Castel Parc de Fierbois.<\/p><\/div><div class=\"columns__item\"><div class=\"gallery f-carousel fc-diapo-mob\" data-fancybox=\"gallery-mob\"><figure class=\"gallery__item\"><picture><source srcset=\"https:\/\/www.fierbois.com\/wp-content\/uploads\/2025\/05\/AdobeStock_67046133-420x280.webp\" media=\"(max-width: 210px)\"><source srcset=\"https:\/\/www.fierbois.com\/wp-content\/uploads\/2025\/05\/AdobeStock_67046133-850x566.webp\" media=\"(max-width: 420px)\"><source srcset=\"https:\/\/www.fierbois.com\/wp-content\/uploads\/2025\/05\/AdobeStock_67046133-768x512.webp\" media=\"(max-width: 850px)\"><source srcset=\"https:\/\/www.fierbois.com\/wp-content\/uploads\/2025\/05\/AdobeStock_67046133-1024x682.webp\" media=\"(max-width: 1024px)\"><source srcset=\"https:\/\/www.fierbois.com\/wp-content\/uploads\/2025\/05\/AdobeStock_67046133.webp\" media=\"(min-width: 1025px)\"><img decoding=\"async\" src=\"https:\/\/www.fierbois.com\/wp-content\/uploads\/2025\/05\/AdobeStock_67046133-420x280.webp\" width=\"420\" height=\"210\" loading=\"lazy\" alt=\"\" title=\"\"><\/picture><\/figure><\/div><\/div><\/div><p  style=\"text-align: center;\"  >Sie k\u00f6nnen das Schloss Clos Luc\u00e9 und das Haus, in dem der italienische Maler bis zu seinem Lebensende lebte, das k\u00f6nigliche Anwesen Ch\u00e2teau-Gaillard, die gotische Kapelle Saint-Hubert, die Pagode von Chanteloup, die Kirche Saint-Florentin und die Kirche Saint-Denis besichtigen. Wenn Sie den Val de Loire Park mit Ihrer Familie erkunden, sollten Sie Mini-Ch\u00e2teaux in Ihr Freizeitprogramm aufnehmen, ein Park, der die sch\u00f6nsten Schl\u00f6sser der Loire im Miniaturformat (von Chenonceau \u00fcber Blois und Amboise bis Chinon) und auch Kinderspiele bietet.   <\/p><p  style=\"text-align: center;\"  >Wenn Sie auf dem Campingplatz Amboise \u00fcbernachten, k\u00f6nnen Sie auch das Loiretal mit dem Fahrrad erkunden und eine sch\u00f6ne Tour zu den Schl\u00f6ssern dieser Region unternehmen, die einst das Tal der K\u00f6nige war. W\u00e4hrend Ihres Campingurlaubs in Amboise im Herzen des Loiretals k\u00f6nnen Sie auch Chaumont sur Loire, La Ville aux Dames oder den Zoo von Beauval besuchen. <\/p>","protected":false},"excerpt":{"rendered":"<p>Ein Wochenende mit Leonardo (da Vinci, nur das) Campingplatz Amboise AMBOISE (43km) Mit seinem Schloss Clos Luc\u00e9, einem ber\u00fchmten Schloss an der Loire, sollten Sie auch die sch\u00f6ne Stadt Amboise, die 43 km vom Campingplatz entfernt liegt, in Ihre Ausflugsliste f\u00fcr die Indre et Loire aufnehmen. K\u00f6nigliche Radtour nach Amboise Unterk\u00fcnfte mieten in der N\u00e4he [&hellip;]<\/p>\n","protected":false},"author":1,"featured_media":0,"parent":3596,"menu_order":0,"comment_status":"closed","ping_status":"closed","template":"","meta":{"_acf_changed":false,"footnotes":""},"lieu":[28],"acf":[],"_links":{"self":[{"href":"https:\/\/www.fierbois.com\/de\/wp-json\/wp\/v2\/pages\/3468"}],"collection":[{"href":"https:\/\/www.fierbois.com\/de\/wp-json\/wp\/v2\/pages"}],"about":[{"href":"https:\/\/www.fierbois.com\/de\/wp-json\/wp\/v2\/types\/page"}],"author":[{"embeddable":true,"href":"https:\/\/www.fierbois.com\/de\/wp-json\/wp\/v2\/users\/1"}],"replies":[{"embeddable":true,"href":"https:\/\/www.fierbois.com\/de\/wp-json\/wp\/v2\/comments?post=3468"}],"version-history":[{"count":1,"href":"https:\/\/www.fierbois.com\/de\/wp-json\/wp\/v2\/pages\/3468\/revisions"}],"predecessor-version":[{"id":3469,"href":"https:\/\/www.fierbois.com\/de\/wp-json\/wp\/v2\/pages\/3468\/revisions\/3469"}],"up":[{"embeddable":true,"href":"https:\/\/www.fierbois.com\/de\/wp-json\/wp\/v2\/pages\/3596"}],"wp:attachment":[{"href":"https:\/\/www.fierbois.com\/de\/wp-json\/wp\/v2\/media?parent=3468"}],"wp:term":[{"taxonomy":"lieu","embeddable":true,"href":"https:\/\/www.fierbois.com\/de\/wp-json\/wp\/v2\/lieu?post=3468"}],"curies":[{"name":"wp","href":"https:\/\/api.w.org\/{rel}","templated":true}]}}