{"id":3474,"date":"2025-05-20T16:53:24","date_gmt":"2025-05-20T14:53:24","guid":{"rendered":"https:\/\/www.fierbois.com\/chenonceaux\/"},"modified":"2025-12-01T12:21:12","modified_gmt":"2025-12-01T11:21:12","slug":"chenonceaux","status":"publish","type":"page","link":"https:\/\/www.fierbois.com\/de\/entdecken-sie-die-kultur-und-das-terroir\/chenonceaux\/","title":{"rendered":"Chenonceaux"},"content":{"rendered":"<div class=\"diaporama-header align-full\"><div class=\"gallery\"><figure class=\"gallery__item\"><picture><source srcset=\"https:\/\/www.fierbois.com\/wp-content\/uploads\/2025\/05\/AdobeStock_479400527_Editorial_Use_Only-420x292.webp\" media=\"(max-width: 210px)\"><source srcset=\"https:\/\/www.fierbois.com\/wp-content\/uploads\/2025\/05\/AdobeStock_479400527_Editorial_Use_Only-850x591.webp\" media=\"(max-width: 420px)\"><source srcset=\"https:\/\/www.fierbois.com\/wp-content\/uploads\/2025\/05\/AdobeStock_479400527_Editorial_Use_Only-768x534.webp\" media=\"(max-width: 850px)\"><source srcset=\"https:\/\/www.fierbois.com\/wp-content\/uploads\/2025\/05\/AdobeStock_479400527_Editorial_Use_Only-1024x712.webp\" media=\"(max-width: 1024px)\"><source srcset=\"https:\/\/www.fierbois.com\/wp-content\/uploads\/2025\/05\/AdobeStock_479400527_Editorial_Use_Only.webp\" media=\"(min-width: 1025px)\"><img loading=\"lazy\" decoding=\"async\" src=\"https:\/\/www.fierbois.com\/wp-content\/uploads\/2025\/05\/AdobeStock_479400527_Editorial_Use_Only-420x292.webp\" width=\"420\" height=\"210\" alt=\"\" title=\"\"><\/picture><\/figure><\/div><div class=\"diaporama-header__inner\"><\/div><\/div><div class=\"columns\"><div class=\"columns__item\" style=\"align-self:center;\"><p class=\"wording\" style=\"color: var(--vert);\"  >Das Schloss, das die Zeit \u00fcberbr\u00fcckt<\/p><h1 style=\"text-align: left;\">Campingplatz Chenonceaux<\/h1><p    >CHENONCEAUX (45km)<\/p><p   id=\"gid_1\" >Das <strong>Schloss Chenonceaux<\/strong> ist eine historische und kulturelle Perle in der Region Val de Loire. Mit seinen wundersch\u00f6nen Arkaden \u00fcber dem Fluss <g id=\"gid_1\">Cher <\/g>und seinen <g id=\"gid_2\">Renaissanceg\u00e4rten<\/g> ist es eines der Schl\u00f6sser der Loire, das sich durch seine Architektur und Romantik auszeichnet. Das &#8222;Ch\u00e2teau des Dames&#8220; liegt weniger als eine Stunde von unserem Campingplatz in der N\u00e4he von Tours entfernt.  <\/p><\/div><div class=\"columns__item\" style=\"align-self:flex-start;\"><div class=\"gallery f-carousel fc-diapo-mob\" data-fancybox=\"gallery-mob\"><figure class=\"gallery__item\"><picture><source srcset=\"https:\/\/www.fierbois.com\/wp-content\/uploads\/2025\/05\/AdobeStock_386528800_Editorial_Use_Only-420x280.webp\" media=\"(max-width: 210px)\"><source srcset=\"https:\/\/www.fierbois.com\/wp-content\/uploads\/2025\/05\/AdobeStock_386528800_Editorial_Use_Only-850x566.webp\" media=\"(max-width: 420px)\"><source srcset=\"https:\/\/www.fierbois.com\/wp-content\/uploads\/2025\/05\/AdobeStock_386528800_Editorial_Use_Only-768x512.webp\" media=\"(max-width: 850px)\"><source srcset=\"https:\/\/www.fierbois.com\/wp-content\/uploads\/2025\/05\/AdobeStock_386528800_Editorial_Use_Only-1024x682.webp\" media=\"(max-width: 1024px)\"><source srcset=\"https:\/\/www.fierbois.com\/wp-content\/uploads\/2025\/05\/AdobeStock_386528800_Editorial_Use_Only.webp\" media=\"(min-width: 1025px)\"><img decoding=\"async\" src=\"https:\/\/www.fierbois.com\/wp-content\/uploads\/2025\/05\/AdobeStock_386528800_Editorial_Use_Only-420x280.webp\" width=\"420\" height=\"210\" loading=\"lazy\" alt=\"\" title=\"\"><\/picture><\/figure><\/div><\/div><\/div><div class=\"columns reverse-mob\"><div class=\"columns__item\"><div class=\"gallery f-carousel fc-diapo-mob\" data-fancybox=\"gallery-mob\"><figure class=\"gallery__item\"><picture><source srcset=\"https:\/\/www.fierbois.com\/wp-content\/uploads\/2025\/05\/AdobeStock_846604644_Editorial_Use_Only-420x210.webp\" media=\"(max-width: 210px)\"><source srcset=\"https:\/\/www.fierbois.com\/wp-content\/uploads\/2025\/05\/AdobeStock_846604644_Editorial_Use_Only-850x425.webp\" media=\"(max-width: 420px)\"><source srcset=\"https:\/\/www.fierbois.com\/wp-content\/uploads\/2025\/05\/AdobeStock_846604644_Editorial_Use_Only-768x384.webp\" media=\"(max-width: 850px)\"><source srcset=\"https:\/\/www.fierbois.com\/wp-content\/uploads\/2025\/05\/AdobeStock_846604644_Editorial_Use_Only-1024x512.webp\" media=\"(max-width: 1024px)\"><source srcset=\"https:\/\/www.fierbois.com\/wp-content\/uploads\/2025\/05\/AdobeStock_846604644_Editorial_Use_Only.webp\" media=\"(min-width: 1025px)\"><img decoding=\"async\" src=\"https:\/\/www.fierbois.com\/wp-content\/uploads\/2025\/05\/AdobeStock_846604644_Editorial_Use_Only-420x210.webp\" width=\"420\" height=\"210\" loading=\"lazy\" alt=\"\" title=\"\"><\/picture><\/figure><\/div><\/div><div class=\"columns__item\" style=\"align-self:center;\"><p class=\"wording\" style=\"color: var(--vert);\"  >Eine kleine Br\u00fccke zur Renaissance<\/p><h2>Unterkunftsvermietung in der N\u00e4he von Chenonceau<\/h2><p    >Suchen Sie ein Ferienhaus in der N\u00e4he von Chenonceau im Loiretal? Im Parc de Fierbois begr\u00fc\u00dfen wir Sie in einer einzigartigen Umgebung, die sich f\u00fcr Entdeckungsaktivit\u00e4ten im Freien und f\u00fcr Entspannung eignet. <\/p><\/div><\/div><p  style=\"text-align: center;\"  >Einen solchen <strong>Campingplatz in der N\u00e4he der Loire-Schl\u00f6sser<\/strong> gibt es nirgendwo anders. In einer luxuri\u00f6sen und gr\u00fcnen Anlage am Ufer eines Sees gelegen, erleben Sie ein Naturerlebnis im Herzen der k\u00f6niglichen Touraine. Genie\u00dfen Sie den<strong> 5-Sterne-Komfort unserer Unterk\u00fcnfte in der Region Indre et Loire <\/strong>: Chalets, Mobilheime, Bungalows, Ferienh\u00e4user, Campingpl\u00e4tze oder auch \u00dcbernachtungen in den B\u00e4umen. W\u00e4hlen Sie die Unterkunft, die Ihnen am besten gef\u00e4llt und haben Sie gleichzeitig Zugang zu unseren Einrichtungen wie: Wasserpark, Abenteuerpark und Minigolf. All dies in einem privaten Park mit atemberaubender Aussicht, <strong>weniger als eine Stunde von Chenonceaux entfernt<\/strong>!    <\/p><div class=\"columns\"><div class=\"columns__item\" style=\"align-self:center;\"><p class=\"wording\" style=\"color: var(--vert);\"  >Romantik am Ufer des Cher<\/p><h2>Tourismus und Sehensw\u00fcrdigkeiten in Chenonceaux<\/h2><p    >Das Schloss befindet sich in<strong> Chenonceaux<\/strong>, einem kleinen Dorf in Indre et Loire am Ufer des Cher. Es ist die Hauptattraktion, die Sie hier besichtigen k\u00f6nnen, deshalb gibt es auch andere Aktivit\u00e4ten rund um diesen touristischen Ort.   <\/p><\/div><div class=\"columns__item\"><div class=\"gallery f-carousel fc-diapo-mob\" data-fancybox=\"gallery-mob\"><figure class=\"gallery__item\"><picture><source srcset=\"https:\/\/www.fierbois.com\/wp-content\/uploads\/2025\/05\/AdobeStock_635491177_Editorial_Use_Only-420x280.webp\" media=\"(max-width: 210px)\"><source srcset=\"https:\/\/www.fierbois.com\/wp-content\/uploads\/2025\/05\/AdobeStock_635491177_Editorial_Use_Only-850x566.webp\" media=\"(max-width: 420px)\"><source srcset=\"https:\/\/www.fierbois.com\/wp-content\/uploads\/2025\/05\/AdobeStock_635491177_Editorial_Use_Only-768x512.webp\" media=\"(max-width: 850px)\"><source srcset=\"https:\/\/www.fierbois.com\/wp-content\/uploads\/2025\/05\/AdobeStock_635491177_Editorial_Use_Only-1024x682.webp\" media=\"(max-width: 1024px)\"><source srcset=\"https:\/\/www.fierbois.com\/wp-content\/uploads\/2025\/05\/AdobeStock_635491177_Editorial_Use_Only.webp\" media=\"(min-width: 1025px)\"><img decoding=\"async\" src=\"https:\/\/www.fierbois.com\/wp-content\/uploads\/2025\/05\/AdobeStock_635491177_Editorial_Use_Only-420x280.webp\" width=\"420\" height=\"210\" loading=\"lazy\" alt=\"\" title=\"\"><\/picture><\/figure><\/div><\/div><\/div><p  style=\"text-align: center;\"  >Sie k\u00f6nnen mit einem Hei\u00dfluftballon \u00fcber das Schloss fliegen oder an Veranstaltungen rund um die G\u00e4rten und die Blumenkunst teilnehmen. Das Schloss Chenonceaux ist eines der besten Beispiele f\u00fcr die Architektur der franz\u00f6sischen <strong>Renaissance<\/strong> und wurde von mehreren franz\u00f6sischen Damen versch\u00f6nert und restauriert. Urspr\u00fcnglich im Mittelalter erbaut, erhielt das Schloss seine heutige Form zwischen 1513 und 1517. Der Name &#8222;Damenschloss&#8220; stammt aus der Zeit von Heinrich II, als Favoritinnen und Witwen gro\u00dfer K\u00f6nige sich nach und nach in diesem k\u00f6niglichen Haus niederlie\u00dfen.     <\/p><p  style=\"text-align: center;\"  >Jede von ihnen machte sich das Schloss auf ihre Weise zu eigen, indem sie einige \u00c4nderungen an den R\u00e4umen und dem Garten des Schlosses vornahm. Das Geb\u00e4ude besteht aus zwei Fl\u00fcgeln und einer Kapelle, mit einem italienischen Garten auf der einen Seite und einem franz\u00f6sischen Garten auf der anderen. Nutzen Sie Ihren Ausflug, um die anderen Loire-Schl\u00f6sser zu besuchen, die nur wenige Minuten von unserem <strong>Campingplatz in der N\u00e4he von Chenonceaux<\/strong>entfernt sind.  <\/p>","protected":false},"excerpt":{"rendered":"<p>Das Schloss, das die Zeit \u00fcberbr\u00fcckt Campingplatz Chenonceaux CHENONCEAUX (45km) Das Schloss Chenonceaux ist eine historische und kulturelle Perle in der Region Val de Loire. Mit seinen wundersch\u00f6nen Arkaden \u00fcber dem Fluss Cher und seinen Renaissanceg\u00e4rten ist es eines der Schl\u00f6sser der Loire, das sich durch seine Architektur und Romantik auszeichnet. Das &#8222;Ch\u00e2teau des Dames&#8220; [&hellip;]<\/p>\n","protected":false},"author":1,"featured_media":0,"parent":3596,"menu_order":0,"comment_status":"closed","ping_status":"closed","template":"","meta":{"_acf_changed":false,"footnotes":""},"lieu":[28],"acf":[],"_links":{"self":[{"href":"https:\/\/www.fierbois.com\/de\/wp-json\/wp\/v2\/pages\/3474"}],"collection":[{"href":"https:\/\/www.fierbois.com\/de\/wp-json\/wp\/v2\/pages"}],"about":[{"href":"https:\/\/www.fierbois.com\/de\/wp-json\/wp\/v2\/types\/page"}],"author":[{"embeddable":true,"href":"https:\/\/www.fierbois.com\/de\/wp-json\/wp\/v2\/users\/1"}],"replies":[{"embeddable":true,"href":"https:\/\/www.fierbois.com\/de\/wp-json\/wp\/v2\/comments?post=3474"}],"version-history":[{"count":1,"href":"https:\/\/www.fierbois.com\/de\/wp-json\/wp\/v2\/pages\/3474\/revisions"}],"predecessor-version":[{"id":3475,"href":"https:\/\/www.fierbois.com\/de\/wp-json\/wp\/v2\/pages\/3474\/revisions\/3475"}],"up":[{"embeddable":true,"href":"https:\/\/www.fierbois.com\/de\/wp-json\/wp\/v2\/pages\/3596"}],"wp:attachment":[{"href":"https:\/\/www.fierbois.com\/de\/wp-json\/wp\/v2\/media?parent=3474"}],"wp:term":[{"taxonomy":"lieu","embeddable":true,"href":"https:\/\/www.fierbois.com\/de\/wp-json\/wp\/v2\/lieu?post=3474"}],"curies":[{"name":"wp","href":"https:\/\/api.w.org\/{rel}","templated":true}]}}