{"id":3482,"date":"2025-05-21T09:49:58","date_gmt":"2025-05-21T07:49:58","guid":{"rendered":"https:\/\/www.fierbois.com\/chinon\/"},"modified":"2025-12-01T12:21:13","modified_gmt":"2025-12-01T11:21:13","slug":"chinon","status":"publish","type":"page","link":"https:\/\/www.fierbois.com\/de\/entdecken-sie-die-kultur-und-das-terroir\/chinon\/","title":{"rendered":"Chinon"},"content":{"rendered":"<div class=\"diaporama-header align-full\"><div class=\"gallery\"><figure class=\"gallery__item\"><picture><source srcset=\"https:\/\/www.fierbois.com\/wp-content\/uploads\/2025\/05\/AdobeStock_167892328-1-420x236.webp\" media=\"(max-width: 210px)\"><source srcset=\"https:\/\/www.fierbois.com\/wp-content\/uploads\/2025\/05\/AdobeStock_167892328-1-850x477.webp\" media=\"(max-width: 420px)\"><source srcset=\"https:\/\/www.fierbois.com\/wp-content\/uploads\/2025\/05\/AdobeStock_167892328-1-768x431.webp\" media=\"(max-width: 850px)\"><source srcset=\"https:\/\/www.fierbois.com\/wp-content\/uploads\/2025\/05\/AdobeStock_167892328-1-1024x575.webp\" media=\"(max-width: 1024px)\"><source srcset=\"https:\/\/www.fierbois.com\/wp-content\/uploads\/2025\/05\/AdobeStock_167892328-1.webp\" media=\"(min-width: 1025px)\"><img loading=\"lazy\" decoding=\"async\" src=\"https:\/\/www.fierbois.com\/wp-content\/uploads\/2025\/05\/AdobeStock_167892328-1-420x236.webp\" width=\"420\" height=\"210\" alt=\"\" title=\"\"><\/picture><\/figure><\/div><div class=\"diaporama-header__inner\"><\/div><\/div><div class=\"columns\"><div class=\"columns__item\" style=\"align-self:center;\"><p class=\"wording\" style=\"color: var(--vert);\"  >Geschichte, Steine und Rebsorten in Chinon<\/p><h1 style=\"text-align: left;\">Campingplatz Chinon<\/h1><p    >CHINON (35km)<\/p><p    >Wenn man von Tourismus in der Region Indre-et-Loire spricht, muss man auch die Stadt Chinon und ihre k\u00f6nigliche Festung besuchen, die zu den sch\u00f6nsten Schl\u00f6ssern an der Loire geh\u00f6rt. Diese denkmalgesch\u00fctzte Stadt ist ein unumg\u00e4ngliches Ziel im Loiretal. <\/p><\/div><div class=\"columns__item\" style=\"align-self:flex-start;\"><div class=\"gallery f-carousel fc-diapo-mob\" data-fancybox=\"gallery-mob\"><figure class=\"gallery__item\"><picture><source srcset=\"https:\/\/www.fierbois.com\/wp-content\/uploads\/2025\/05\/AdobeStock_55581458-420x279.webp\" media=\"(max-width: 210px)\"><source srcset=\"https:\/\/www.fierbois.com\/wp-content\/uploads\/2025\/05\/AdobeStock_55581458-850x564.webp\" media=\"(max-width: 420px)\"><source srcset=\"https:\/\/www.fierbois.com\/wp-content\/uploads\/2025\/05\/AdobeStock_55581458-768x510.webp\" media=\"(max-width: 850px)\"><source srcset=\"https:\/\/www.fierbois.com\/wp-content\/uploads\/2025\/05\/AdobeStock_55581458-1024x680.webp\" media=\"(max-width: 1024px)\"><source srcset=\"https:\/\/www.fierbois.com\/wp-content\/uploads\/2025\/05\/AdobeStock_55581458.webp\" media=\"(min-width: 1025px)\"><img decoding=\"async\" src=\"https:\/\/www.fierbois.com\/wp-content\/uploads\/2025\/05\/AdobeStock_55581458-420x279.webp\" width=\"420\" height=\"210\" loading=\"lazy\" alt=\"\" title=\"\"><\/picture><\/figure><\/div><\/div><\/div><div class=\"columns reverse-mob\"><div class=\"columns__item\"><div class=\"gallery f-carousel fc-diapo-mob\" data-fancybox=\"gallery-mob\"><figure class=\"gallery__item\"><picture><source srcset=\"https:\/\/www.fierbois.com\/wp-content\/uploads\/2025\/05\/AdobeStock_549037224-420x211.webp\" media=\"(max-width: 210px)\"><source srcset=\"https:\/\/www.fierbois.com\/wp-content\/uploads\/2025\/05\/AdobeStock_549037224-850x428.webp\" media=\"(max-width: 420px)\"><source srcset=\"https:\/\/www.fierbois.com\/wp-content\/uploads\/2025\/05\/AdobeStock_549037224-768x386.webp\" media=\"(max-width: 850px)\"><source srcset=\"https:\/\/www.fierbois.com\/wp-content\/uploads\/2025\/05\/AdobeStock_549037224-1024x515.webp\" media=\"(max-width: 1024px)\"><source srcset=\"https:\/\/www.fierbois.com\/wp-content\/uploads\/2025\/05\/AdobeStock_549037224.webp\" media=\"(min-width: 1025px)\"><img decoding=\"async\" src=\"https:\/\/www.fierbois.com\/wp-content\/uploads\/2025\/05\/AdobeStock_549037224-420x211.webp\" width=\"420\" height=\"210\" loading=\"lazy\" alt=\"\" title=\"\"><\/picture><\/figure><\/div><\/div><div class=\"columns__item\" style=\"align-self:center;\"><p class=\"wording\" style=\"color: var(--vert);\"  >Mittelalterliches in Ihrem Urlaubsplaner<\/p><h2>Campingurlaub im Schloss von Chinon<\/h2><p    >Sind Sie auf der Suche nach einer erstklassigen Unterkunft auf einem <strong>Campingplatz in Chinon<\/strong> im Loiretal? Wie w\u00e4re es mit einem luxuri\u00f6sen Mobilheim mit K\u00fcche und Terrasse, einem Familienchalet oder einem Lodge-Zelt, nachdem Sie die k\u00f6nigliche Festung von Chinon unter den Loire-Schl\u00f6ssern besichtigt haben? <\/p><\/div><\/div><p  style=\"text-align: center;\"  >  Das ist m\u00f6glich, wenn Sie auf dem 5-Sterne Campingplatz Parc de Fierbois im Loiretal \u00fcbernachten. Unser Campingplatz am Schloss von Chinon bietet Ihnen auch komfortable Campingpl\u00e4tze von 80 bis 100 m\u00b2 mit Stromanschluss, ideal f\u00fcr Ihr Zelt, Ihren Wohnwagen oder Ihr Wohnmobil. Unser Campingplatz in der N\u00e4he von Tours und nur 35 km von Chinon entfernt verf\u00fcgt auch \u00fcber Baumh\u00e4user, die ideal f\u00fcr einen ungew\u00f6hnlichen Aufenthalt sind. Warten Sie nicht l\u00e4nger und buchen Sie Ihren Urlaub auf dem <strong>Campingplatz am Schloss Chinon<\/strong> im Loiretal.   <\/p><div class=\"columns\"><div class=\"columns__item\" style=\"align-self:center;\"><p class=\"wording\" style=\"color: var(--vert);\"  >Alte Steine und gute Flaschen<\/p><h2>Besichtigungen und Sehensw\u00fcrdigkeiten in Chinon<\/h2><p    >Die friedliche und bezaubernde Gemeinde Chinon, s\u00fcdlich von Tours im Loiretal gelegen, ist eine Stadt, die ihre Bekanntheit der k\u00f6niglichen Festung, den Weinbergen, der <strong>Kapelle Sainte Radegonde<\/strong> und Jeanne d&#8217;Arc verdankt.  <\/p><\/div><div class=\"columns__item\"><div class=\"gallery f-carousel fc-diapo-mob\" data-fancybox=\"gallery-mob\"><figure class=\"gallery__item\"><picture><source srcset=\"https:\/\/www.fierbois.com\/wp-content\/uploads\/2025\/05\/AdobeStock_348900969-420x280.webp\" media=\"(max-width: 210px)\"><source srcset=\"https:\/\/www.fierbois.com\/wp-content\/uploads\/2025\/05\/AdobeStock_348900969-850x566.webp\" media=\"(max-width: 420px)\"><source srcset=\"https:\/\/www.fierbois.com\/wp-content\/uploads\/2025\/05\/AdobeStock_348900969-768x512.webp\" media=\"(max-width: 850px)\"><source srcset=\"https:\/\/www.fierbois.com\/wp-content\/uploads\/2025\/05\/AdobeStock_348900969-1024x682.webp\" media=\"(max-width: 1024px)\"><source srcset=\"https:\/\/www.fierbois.com\/wp-content\/uploads\/2025\/05\/AdobeStock_348900969.webp\" media=\"(min-width: 1025px)\"><img decoding=\"async\" src=\"https:\/\/www.fierbois.com\/wp-content\/uploads\/2025\/05\/AdobeStock_348900969-420x280.webp\" width=\"420\" height=\"210\" loading=\"lazy\" alt=\"\" title=\"\"><\/picture><\/figure><\/div><\/div><\/div><p  style=\"text-align: center;\"  >Die Festung, die die Stadt und den Fluss Vienne \u00fcberragt, spielte eine entscheidende Rolle in der Geschichte Frankreichs und der Touraine. Hier stimmte der franz\u00f6sische K\u00f6nig zu, Jeanne d&#8217;Arc die Waffen f\u00fcr die Befreiung von Orl\u00e9ans zu \u00fcbergeben. Chinon verf\u00fcgt \u00fcber weitere bemerkenswerte Geb\u00e4ude wie die Kapelle Sainte-Radegonde und die Stiftskirche Saint-Mexme.<br\/>Der Weinbau ist einer der dynamischsten Sektoren in Chinon und in der Region Pays de la Loire in der N\u00e4he des Campingplatzes Castel Parc de Fierbois. Der Chinon, ein AOC-Wein, wird auf einer Fl\u00e4che von 2.300 Hektar rund um die Gemeinde produziert.     <\/p><p  style=\"text-align: center;\"  >W\u00e4hrend Ihres Urlaubs in den Loire-Schl\u00f6ssern sollten Sie die Gelegenheit nutzen, um die Weinkeller und Winzer zu besuchen, die die Besucher einladen, den Herstellungsprozess kennenzulernen und den Wein zu probieren: Caves Painctes, Ch\u00e2teau de la Grille, Domaine de Noir\u00e9&#8230; Einige interessante Museen sind einen Besuch in Chinon wert, insbesondere das Carroi-mus\u00e9e (Museum f\u00fcr Kunst und lokale Geschichte) und das Mus\u00e9e Rabelais. Wenn Sie die Schl\u00f6sser der Loire faszinieren, dann nutzen Sie Ihren Campingaufenthalt in Chinon, um die Schl\u00f6sser des Loiretals in der N\u00e4he zu besuchen (Schloss Rivau, Schloss Mar\u00e7ay, Schloss Du Coudray Montpensier, Schloss Petit Thouars). Die Departements Maine et Loire, Vienne und Deux S\u00e8vres befinden sich in der N\u00e4he.  <\/p>","protected":false},"excerpt":{"rendered":"<p>Geschichte, Steine und Rebsorten in Chinon Campingplatz Chinon CHINON (35km) Wenn man von Tourismus in der Region Indre-et-Loire spricht, muss man auch die Stadt Chinon und ihre k\u00f6nigliche Festung besuchen, die zu den sch\u00f6nsten Schl\u00f6ssern an der Loire geh\u00f6rt. Diese denkmalgesch\u00fctzte Stadt ist ein unumg\u00e4ngliches Ziel im Loiretal. Mittelalterliches in Ihrem Urlaubsplaner Campingurlaub im Schloss [&hellip;]<\/p>\n","protected":false},"author":1,"featured_media":0,"parent":3596,"menu_order":0,"comment_status":"closed","ping_status":"closed","template":"","meta":{"_acf_changed":false,"footnotes":""},"lieu":[28],"acf":[],"_links":{"self":[{"href":"https:\/\/www.fierbois.com\/de\/wp-json\/wp\/v2\/pages\/3482"}],"collection":[{"href":"https:\/\/www.fierbois.com\/de\/wp-json\/wp\/v2\/pages"}],"about":[{"href":"https:\/\/www.fierbois.com\/de\/wp-json\/wp\/v2\/types\/page"}],"author":[{"embeddable":true,"href":"https:\/\/www.fierbois.com\/de\/wp-json\/wp\/v2\/users\/1"}],"replies":[{"embeddable":true,"href":"https:\/\/www.fierbois.com\/de\/wp-json\/wp\/v2\/comments?post=3482"}],"version-history":[{"count":1,"href":"https:\/\/www.fierbois.com\/de\/wp-json\/wp\/v2\/pages\/3482\/revisions"}],"predecessor-version":[{"id":3485,"href":"https:\/\/www.fierbois.com\/de\/wp-json\/wp\/v2\/pages\/3482\/revisions\/3485"}],"up":[{"embeddable":true,"href":"https:\/\/www.fierbois.com\/de\/wp-json\/wp\/v2\/pages\/3596"}],"wp:attachment":[{"href":"https:\/\/www.fierbois.com\/de\/wp-json\/wp\/v2\/media?parent=3482"}],"wp:term":[{"taxonomy":"lieu","embeddable":true,"href":"https:\/\/www.fierbois.com\/de\/wp-json\/wp\/v2\/lieu?post=3482"}],"curies":[{"name":"wp","href":"https:\/\/api.w.org\/{rel}","templated":true}]}}