{"id":3486,"date":"2025-05-21T10:03:33","date_gmt":"2025-05-21T08:03:33","guid":{"rendered":"https:\/\/www.fierbois.com\/loches\/"},"modified":"2025-12-01T12:21:13","modified_gmt":"2025-12-01T11:21:13","slug":"loches","status":"publish","type":"page","link":"https:\/\/www.fierbois.com\/de\/entdecken-sie-die-kultur-und-das-terroir\/loches\/","title":{"rendered":"Loches"},"content":{"rendered":"<div class=\"diaporama-header align-full\"><div class=\"gallery\"><figure class=\"gallery__item\"><picture><source srcset=\"https:\/\/www.fierbois.com\/wp-content\/uploads\/2025\/05\/AdobeStock_552330013-420x280.webp\" media=\"(max-width: 210px)\"><source srcset=\"https:\/\/www.fierbois.com\/wp-content\/uploads\/2025\/05\/AdobeStock_552330013-850x567.webp\" media=\"(max-width: 420px)\"><source srcset=\"https:\/\/www.fierbois.com\/wp-content\/uploads\/2025\/05\/AdobeStock_552330013-768x512.webp\" media=\"(max-width: 850px)\"><source srcset=\"https:\/\/www.fierbois.com\/wp-content\/uploads\/2025\/05\/AdobeStock_552330013-1024x683.webp\" media=\"(max-width: 1024px)\"><source srcset=\"https:\/\/www.fierbois.com\/wp-content\/uploads\/2025\/05\/AdobeStock_552330013.webp\" media=\"(min-width: 1025px)\"><img loading=\"lazy\" decoding=\"async\" src=\"https:\/\/www.fierbois.com\/wp-content\/uploads\/2025\/05\/AdobeStock_552330013-420x280.webp\" width=\"420\" height=\"210\" alt=\"\" title=\"\"><\/picture><\/figure><\/div><div class=\"diaporama-header__inner\"><\/div><\/div><div class=\"columns\"><div class=\"columns__item\" style=\"align-self:center;\"><p class=\"wording\" style=\"color: var(--vert);\"  >Ein Schloss, ein K\u00f6nig, ein Hauch von Magie in 30 km Entfernung<\/p><h1 style=\"text-align: left;\">Campingplatz Loches<\/h1><p    >LOCHES (30km)<\/p><p    >M\u00f6chten Sie die Region Indre et <strong>Loire im Loiretal<\/strong> bis in die kleinsten Winkel besuchen? Verpassen Sie nicht die Stadt Loches mit ihrem Loire-Schloss in ihrer k\u00f6niglichen Stadt! <\/p><\/div><div class=\"columns__item\" style=\"align-self:flex-start;\"><div class=\"gallery f-carousel fc-diapo-mob\" data-fancybox=\"gallery-mob\"><figure class=\"gallery__item\"><picture><source srcset=\"https:\/\/www.fierbois.com\/wp-content\/uploads\/2025\/05\/AdobeStock_307012464-420x279.webp\" media=\"(max-width: 210px)\"><source srcset=\"https:\/\/www.fierbois.com\/wp-content\/uploads\/2025\/05\/AdobeStock_307012464-850x565.webp\" media=\"(max-width: 420px)\"><source srcset=\"https:\/\/www.fierbois.com\/wp-content\/uploads\/2025\/05\/AdobeStock_307012464-768x511.webp\" media=\"(max-width: 850px)\"><source srcset=\"https:\/\/www.fierbois.com\/wp-content\/uploads\/2025\/05\/AdobeStock_307012464-1024x681.webp\" media=\"(max-width: 1024px)\"><source srcset=\"https:\/\/www.fierbois.com\/wp-content\/uploads\/2025\/05\/AdobeStock_307012464.webp\" media=\"(min-width: 1025px)\"><img decoding=\"async\" src=\"https:\/\/www.fierbois.com\/wp-content\/uploads\/2025\/05\/AdobeStock_307012464-420x279.webp\" width=\"420\" height=\"210\" loading=\"lazy\" alt=\"\" title=\"\"><\/picture><\/figure><\/div><\/div><\/div><div class=\"columns reverse-mob\"><div class=\"columns__item\"><div class=\"gallery f-carousel fc-diapo-mob\" data-fancybox=\"gallery-mob\"><figure class=\"gallery__item\"><picture><source srcset=\"https:\/\/www.fierbois.com\/wp-content\/uploads\/2025\/05\/AdobeStock_559617104-420x280.webp\" media=\"(max-width: 210px)\"><source srcset=\"https:\/\/www.fierbois.com\/wp-content\/uploads\/2025\/05\/AdobeStock_559617104-850x566.webp\" media=\"(max-width: 420px)\"><source srcset=\"https:\/\/www.fierbois.com\/wp-content\/uploads\/2025\/05\/AdobeStock_559617104-768x511.webp\" media=\"(max-width: 850px)\"><source srcset=\"https:\/\/www.fierbois.com\/wp-content\/uploads\/2025\/05\/AdobeStock_559617104-1024x682.webp\" media=\"(max-width: 1024px)\"><source srcset=\"https:\/\/www.fierbois.com\/wp-content\/uploads\/2025\/05\/AdobeStock_559617104.webp\" media=\"(min-width: 1025px)\"><img decoding=\"async\" src=\"https:\/\/www.fierbois.com\/wp-content\/uploads\/2025\/05\/AdobeStock_559617104-420x280.webp\" width=\"420\" height=\"210\" loading=\"lazy\" alt=\"\" title=\"\"><\/picture><\/figure><\/div><\/div><div class=\"columns__item\" style=\"align-self:center;\"><p class=\"wording\" style=\"color: var(--vert);\"  >K\u00f6nigliche Stadt, aber ohne Kronenpflicht!<\/p><h2>Unterkunftsvermietung in der N\u00e4he von Loches<\/h2><p    >M\u00f6chten Sie die k\u00f6nigliche Stadt Loches und die anderen Schl\u00f6sser der Loire besuchen, die Glanzst\u00fccke der Architektur der franz\u00f6sischen Renaissance? Castel Parc de Fierbois l\u00e4dt Sie ein, einen komfortablen Urlaub in der N\u00e4he von Loches zu verbringen. <\/p><\/div><\/div><p  style=\"text-align: center;\"  >Wir bieten Ihnen prestigetr\u00e4chtige Unterk\u00fcnfte f\u00fcr 2 und 10 Personen, die f\u00fcr jedes Budget und jedes Urlauberprofil geeignet sind. Ob zu zweit, allein, mit der Familie oder mit Freunden: unser Mietpark umfasst Mobilheime, Chalets, Ferienh\u00e4user, Baumh\u00e4user und Stellpl\u00e4tze von 80 bis 100 m\u00b2 f\u00fcr Zelte, Wohnmobile und Wohnwagen. Entdecken Sie unseren 5-Sterne-Campingplatz im Loire-Tal.  <\/p><div class=\"columns\"><div class=\"columns__item\" style=\"align-self:center;\"><p class=\"wording\" style=\"color: var(--vert);\"  >Hier haben sogar die W\u00e4nde Geschichten zu erz\u00e4hlen.<\/p><h2>Besichtigungen und Sehensw\u00fcrdigkeiten in Loches<\/h2><p    >In der k\u00f6niglichen Stadt Loches, in der N\u00e4he des Campingplatzes Castel Parc de Fierbois, wurde Karl VII. zum K\u00f6nig von Frankreich gekr\u00f6nt. Die Lage, die Architektur, die mittelalterlichen G\u00e4rten und die wundersch\u00f6ne Sammlung von R\u00fcstungen machen das Schloss von Loches zu einem der sch\u00f6nsten Schl\u00f6sser an der Loire. Es ist so bedeutend, dass es oft das gesamte Erbe dieser Stadt mit 6.300 Einwohnern, die vom Fluss Indre bew\u00e4ssert wird, in den Schatten stellt.  <\/p><\/div><div class=\"columns__item\"><div class=\"gallery f-carousel fc-diapo-mob\" data-fancybox=\"gallery-mob\"><figure class=\"gallery__item\"><picture><source srcset=\"https:\/\/www.fierbois.com\/wp-content\/uploads\/2025\/05\/AdobeStock_548536566-420x280.webp\" media=\"(max-width: 210px)\"><source srcset=\"https:\/\/www.fierbois.com\/wp-content\/uploads\/2025\/05\/AdobeStock_548536566-850x566.webp\" media=\"(max-width: 420px)\"><source srcset=\"https:\/\/www.fierbois.com\/wp-content\/uploads\/2025\/05\/AdobeStock_548536566-768x512.webp\" media=\"(max-width: 850px)\"><source srcset=\"https:\/\/www.fierbois.com\/wp-content\/uploads\/2025\/05\/AdobeStock_548536566-1024x682.webp\" media=\"(max-width: 1024px)\"><source srcset=\"https:\/\/www.fierbois.com\/wp-content\/uploads\/2025\/05\/AdobeStock_548536566.webp\" media=\"(min-width: 1025px)\"><img decoding=\"async\" src=\"https:\/\/www.fierbois.com\/wp-content\/uploads\/2025\/05\/AdobeStock_548536566-420x280.webp\" width=\"420\" height=\"210\" loading=\"lazy\" alt=\"\" title=\"\"><\/picture><\/figure><\/div><\/div><\/div><p  style=\"text-align: center;\"  >Denn wenn Sie durch die Stra\u00dfen von Loches schlendern, k\u00f6nnen Sie wundersch\u00f6ne Geb\u00e4ude sehen, wie die Kirche Saint-Ours, die Kirche Saint-Antoine, den Turm Saint-Antoine, das Haus-Museum Lansyer, die Porte des Cordeliers, die Porte Picois und das Rathaus, den Donjon, die Porte Royale, das Hotel der Caisse d&#8217;\u00c9pargne, die Kapelle von Vignemont und das Herrenhaus von Sansac.<br\/>Wenn Sie w\u00e4hrend Ihres Urlaubs in den Loire-Schl\u00f6ssern eine Verbindung zur Natur suchen, k\u00f6nnen Sie sich im \u00f6ffentlichen Garten von Loches oder in den Prairies du Roy entspannen. F\u00fcr l\u00e4ngere Spazierg\u00e4nge bietet sich der Etang du Pas aux \u00c2nes an, der weniger als 5 km von Loches entfernt auf der Stra\u00dfe nach Montr\u00e9sor liegt. Bevor Sie zum Campingplatz zur\u00fcckkehren, k\u00f6nnen Sie noch einen Abstecher zum Schloss Verneuil-sur-Indre machen, das 6 km von Loches entfernt liegt.  <\/p>","protected":false},"excerpt":{"rendered":"<p>Ein Schloss, ein K\u00f6nig, ein Hauch von Magie in 30 km Entfernung Campingplatz Loches LOCHES (30km) M\u00f6chten Sie die Region Indre et Loire im Loiretal bis in die kleinsten Winkel besuchen? Verpassen Sie nicht die Stadt Loches mit ihrem Loire-Schloss in ihrer k\u00f6niglichen Stadt! K\u00f6nigliche Stadt, aber ohne Kronenpflicht! Unterkunftsvermietung in der N\u00e4he von Loches [&hellip;]<\/p>\n","protected":false},"author":1,"featured_media":0,"parent":3596,"menu_order":0,"comment_status":"closed","ping_status":"closed","template":"","meta":{"_acf_changed":false,"footnotes":""},"lieu":[28],"acf":[],"_links":{"self":[{"href":"https:\/\/www.fierbois.com\/de\/wp-json\/wp\/v2\/pages\/3486"}],"collection":[{"href":"https:\/\/www.fierbois.com\/de\/wp-json\/wp\/v2\/pages"}],"about":[{"href":"https:\/\/www.fierbois.com\/de\/wp-json\/wp\/v2\/types\/page"}],"author":[{"embeddable":true,"href":"https:\/\/www.fierbois.com\/de\/wp-json\/wp\/v2\/users\/1"}],"replies":[{"embeddable":true,"href":"https:\/\/www.fierbois.com\/de\/wp-json\/wp\/v2\/comments?post=3486"}],"version-history":[{"count":1,"href":"https:\/\/www.fierbois.com\/de\/wp-json\/wp\/v2\/pages\/3486\/revisions"}],"predecessor-version":[{"id":3488,"href":"https:\/\/www.fierbois.com\/de\/wp-json\/wp\/v2\/pages\/3486\/revisions\/3488"}],"up":[{"embeddable":true,"href":"https:\/\/www.fierbois.com\/de\/wp-json\/wp\/v2\/pages\/3596"}],"wp:attachment":[{"href":"https:\/\/www.fierbois.com\/de\/wp-json\/wp\/v2\/media?parent=3486"}],"wp:term":[{"taxonomy":"lieu","embeddable":true,"href":"https:\/\/www.fierbois.com\/de\/wp-json\/wp\/v2\/lieu?post=3486"}],"curies":[{"name":"wp","href":"https:\/\/api.w.org\/{rel}","templated":true}]}}