{"id":3495,"date":"2025-05-21T09:58:09","date_gmt":"2025-05-21T07:58:09","guid":{"rendered":"https:\/\/www.fierbois.com\/langeais\/"},"modified":"2025-12-01T12:21:13","modified_gmt":"2025-12-01T11:21:13","slug":"langeais","status":"publish","type":"page","link":"https:\/\/www.fierbois.com\/de\/entdecken-sie-die-kultur-und-das-terroir\/langeais\/","title":{"rendered":"Langeais"},"content":{"rendered":"<div class=\"diaporama-header align-full\"><div class=\"gallery\"><figure class=\"gallery__item\"><picture><source srcset=\"https:\/\/www.fierbois.com\/wp-content\/uploads\/2025\/05\/AdobeStock_322137958-420x280.webp\" media=\"(max-width: 210px)\"><source srcset=\"https:\/\/www.fierbois.com\/wp-content\/uploads\/2025\/05\/AdobeStock_322137958-850x567.webp\" media=\"(max-width: 420px)\"><source srcset=\"https:\/\/www.fierbois.com\/wp-content\/uploads\/2025\/05\/AdobeStock_322137958-768x512.webp\" media=\"(max-width: 850px)\"><source srcset=\"https:\/\/www.fierbois.com\/wp-content\/uploads\/2025\/05\/AdobeStock_322137958-1024x683.webp\" media=\"(max-width: 1024px)\"><source srcset=\"https:\/\/www.fierbois.com\/wp-content\/uploads\/2025\/05\/AdobeStock_322137958.webp\" media=\"(min-width: 1025px)\"><img loading=\"lazy\" decoding=\"async\" src=\"https:\/\/www.fierbois.com\/wp-content\/uploads\/2025\/05\/AdobeStock_322137958-420x280.webp\" width=\"420\" height=\"210\" alt=\"\" title=\"\"><\/picture><\/figure><\/div><div class=\"diaporama-header__inner\"><\/div><\/div><div class=\"columns\"><div class=\"columns__item\" style=\"align-self:center;\"><p class=\"wording\" style=\"color: var(--vert);\"  >Eine Br\u00fccke, ein K\u00f6nig, eine K\u00f6nigin&#8230; und Sie!<\/p><h1 style=\"text-align: left;\">Campingplatz Langeais<\/h1><p    >LANGEAIS (45km)<\/p><p    >Langeais liegt 45 km vom Campingplatz entfernt und beherbergt eines der sch\u00f6nsten Schl\u00f6sser der Loire.<\/p><\/div><div class=\"columns__item\" style=\"align-self:flex-start;\"><div class=\"gallery f-carousel fc-diapo-mob\" data-fancybox=\"gallery-mob\"><figure class=\"gallery__item\"><picture><source srcset=\"https:\/\/www.fierbois.com\/wp-content\/uploads\/2025\/05\/AdobeStock_198289486-420x280.webp\" media=\"(max-width: 210px)\"><source srcset=\"https:\/\/www.fierbois.com\/wp-content\/uploads\/2025\/05\/AdobeStock_198289486-850x566.webp\" media=\"(max-width: 420px)\"><source srcset=\"https:\/\/www.fierbois.com\/wp-content\/uploads\/2025\/05\/AdobeStock_198289486-768x512.webp\" media=\"(max-width: 850px)\"><source srcset=\"https:\/\/www.fierbois.com\/wp-content\/uploads\/2025\/05\/AdobeStock_198289486-1024x682.webp\" media=\"(max-width: 1024px)\"><source srcset=\"https:\/\/www.fierbois.com\/wp-content\/uploads\/2025\/05\/AdobeStock_198289486.webp\" media=\"(min-width: 1025px)\"><img decoding=\"async\" src=\"https:\/\/www.fierbois.com\/wp-content\/uploads\/2025\/05\/AdobeStock_198289486-420x280.webp\" width=\"420\" height=\"210\" loading=\"lazy\" alt=\"\" title=\"\"><\/picture><\/figure><\/div><\/div><\/div><div class=\"columns reverse-mob\"><div class=\"columns__item\"><div class=\"gallery f-carousel fc-diapo-mob\" data-fancybox=\"gallery-mob\"><figure class=\"gallery__item\"><picture><source srcset=\"https:\/\/www.fierbois.com\/wp-content\/uploads\/2025\/05\/AdobeStock_233560556-420x315.webp\" media=\"(max-width: 210px)\"><source srcset=\"https:\/\/www.fierbois.com\/wp-content\/uploads\/2025\/05\/AdobeStock_233560556-850x637.webp\" media=\"(max-width: 420px)\"><source srcset=\"https:\/\/www.fierbois.com\/wp-content\/uploads\/2025\/05\/AdobeStock_233560556-768x575.webp\" media=\"(max-width: 850px)\"><source srcset=\"https:\/\/www.fierbois.com\/wp-content\/uploads\/2025\/05\/AdobeStock_233560556-1024x767.webp\" media=\"(max-width: 1024px)\"><source srcset=\"https:\/\/www.fierbois.com\/wp-content\/uploads\/2025\/05\/AdobeStock_233560556.webp\" media=\"(min-width: 1025px)\"><img decoding=\"async\" src=\"https:\/\/www.fierbois.com\/wp-content\/uploads\/2025\/05\/AdobeStock_233560556-420x315.webp\" width=\"420\" height=\"210\" loading=\"lazy\" alt=\"\" title=\"\"><\/picture><\/figure><\/div><\/div><div class=\"columns__item\" style=\"align-self:center;\"><p class=\"wording\" style=\"color: var(--vert);\"  >In Langeais kann man die Zeit zur\u00fcckdrehen, ohne sich zu beeilen<\/p><h2>Unterkunftsvermietung in der N\u00e4he von Langeais<\/h2><p    >Buchen Sie Ihr luxuri\u00f6ses Mobilheim oder Ihr repr\u00e4sentatives Chalet f\u00fcr 2 bis 6 Personen auf dem <strong>Campingplatz Castel <\/strong>Parc de Fierbois, nur 30 Autominuten vom Schloss Langeais entfernt!<\/p><\/div><\/div><p  style=\"text-align: center;\"  >Unser 5-Sterne-Campingplatz im Departement Indre-et-Loire mit beheiztem Schwimmbad und Sportanlagen bietet Ihnen m\u00f6blierte und ausgestattete Mobilheime und Chalets mit integrierter K\u00fcche und eigener Terrasse f\u00fcr einen komfortablen Urlaub in der N\u00e4he der sch\u00f6nsten Schl\u00f6sser der Loire. Unser Mietpark umfasst auch Ferienh\u00e4user f\u00fcr 2 bis 10 Personen, Baumh\u00e4user f\u00fcr 2 bis 4 Personen und Stellpl\u00e4tze f\u00fcr Zelte, Wohnwagen und Wohnmobile mit Strom. <\/p><div class=\"columns\"><div class=\"columns__item\" style=\"align-self:center;\"><p class=\"wording\" style=\"color: var(--vert);\"  >Ein k\u00f6niglicher Ausflug, nur einen Schritt von der H\u00e4ngematte entfernt<\/p><h2>Besichtigungen und Sehensw\u00fcrdigkeiten in Langeais<\/h2><p    >Bei einem Urlaub in den Schl\u00f6ssern der Loire werden Liebhaber des lokalen Erbes ihre Erwartungen in der N\u00e4he des Campingplatzes Langeais erf\u00fcllt sehen. Ihr Besuch beginnt mit dem Schloss, einer pr\u00e4chtigen k\u00f6niglichen Festung, die 1465 erbaut wurde und die Stadt und die Loire \u00fcberblickt.   <\/p><\/div><div class=\"columns__item\"><div class=\"gallery f-carousel fc-diapo-mob\" data-fancybox=\"gallery-mob\"><figure class=\"gallery__item\"><picture><source srcset=\"https:\/\/www.fierbois.com\/wp-content\/uploads\/2025\/05\/AdobeStock_205377576-420x280.webp\" media=\"(max-width: 210px)\"><source srcset=\"https:\/\/www.fierbois.com\/wp-content\/uploads\/2025\/05\/AdobeStock_205377576-850x566.webp\" media=\"(max-width: 420px)\"><source srcset=\"https:\/\/www.fierbois.com\/wp-content\/uploads\/2025\/05\/AdobeStock_205377576-768x512.webp\" media=\"(max-width: 850px)\"><source srcset=\"https:\/\/www.fierbois.com\/wp-content\/uploads\/2025\/05\/AdobeStock_205377576-1024x682.webp\" media=\"(max-width: 1024px)\"><source srcset=\"https:\/\/www.fierbois.com\/wp-content\/uploads\/2025\/05\/AdobeStock_205377576.webp\" media=\"(min-width: 1025px)\"><img decoding=\"async\" src=\"https:\/\/www.fierbois.com\/wp-content\/uploads\/2025\/05\/AdobeStock_205377576-420x280.webp\" width=\"420\" height=\"210\" loading=\"lazy\" alt=\"\" title=\"\"><\/picture><\/figure><\/div><\/div><\/div><p  style=\"text-align: center;\"  >Das Schloss Langeais erlangte unter Richard L\u00f6wenherz seine ganze Pracht zur\u00fcck und sah Karl VIII. die Ehe mit Anne de Bretagne eingehen. Es beherbergt etwa 15 R\u00e4ume, die der \u00d6ffentlichkeit zug\u00e4nglich sind, mit sehr sch\u00f6nem Mobiliar aus der Epoche und herrlichen Wandteppichen. Die Br\u00fccke von Langeais und die Kirche Saint-Jean-Baptiste sind die beiden anderen gro\u00dfen Attraktionen der Stadt Langeais.  <\/p><p  style=\"text-align: center;\"  >W\u00e4hrend Ihres Aufenthalts in Langeais k\u00f6nnen Sie die Pile de Cinq-Mars, die Grottes Petrifiantes de Savonni\u00e8res, das Schloss Champchevrier und das Museum der Miniaturz\u00fcge in Savign\u00e9-sur-Lathan besichtigen. W\u00e4hrend Ihres Campingurlaubs in Amboise im Herzen des Loiretals k\u00f6nnen Sie auch Chaumont sur Loire, La Ville aux Dames oder den Zoo von Beauval besuchen. <\/p>","protected":false},"excerpt":{"rendered":"<p>Eine Br\u00fccke, ein K\u00f6nig, eine K\u00f6nigin&#8230; und Sie! Campingplatz Langeais LANGEAIS (45km) Langeais liegt 45 km vom Campingplatz entfernt und beherbergt eines der sch\u00f6nsten Schl\u00f6sser der Loire. In Langeais kann man die Zeit zur\u00fcckdrehen, ohne sich zu beeilen Unterkunftsvermietung in der N\u00e4he von Langeais Buchen Sie Ihr luxuri\u00f6ses Mobilheim oder Ihr repr\u00e4sentatives Chalet f\u00fcr 2 [&hellip;]<\/p>\n","protected":false},"author":1,"featured_media":0,"parent":3596,"menu_order":0,"comment_status":"closed","ping_status":"closed","template":"","meta":{"_acf_changed":false,"footnotes":""},"lieu":[28],"acf":[],"_links":{"self":[{"href":"https:\/\/www.fierbois.com\/de\/wp-json\/wp\/v2\/pages\/3495"}],"collection":[{"href":"https:\/\/www.fierbois.com\/de\/wp-json\/wp\/v2\/pages"}],"about":[{"href":"https:\/\/www.fierbois.com\/de\/wp-json\/wp\/v2\/types\/page"}],"author":[{"embeddable":true,"href":"https:\/\/www.fierbois.com\/de\/wp-json\/wp\/v2\/users\/1"}],"replies":[{"embeddable":true,"href":"https:\/\/www.fierbois.com\/de\/wp-json\/wp\/v2\/comments?post=3495"}],"version-history":[{"count":1,"href":"https:\/\/www.fierbois.com\/de\/wp-json\/wp\/v2\/pages\/3495\/revisions"}],"predecessor-version":[{"id":3497,"href":"https:\/\/www.fierbois.com\/de\/wp-json\/wp\/v2\/pages\/3495\/revisions\/3497"}],"up":[{"embeddable":true,"href":"https:\/\/www.fierbois.com\/de\/wp-json\/wp\/v2\/pages\/3596"}],"wp:attachment":[{"href":"https:\/\/www.fierbois.com\/de\/wp-json\/wp\/v2\/media?parent=3495"}],"wp:term":[{"taxonomy":"lieu","embeddable":true,"href":"https:\/\/www.fierbois.com\/de\/wp-json\/wp\/v2\/lieu?post=3495"}],"curies":[{"name":"wp","href":"https:\/\/api.w.org\/{rel}","templated":true}]}}