{"id":3498,"date":"2025-05-21T10:11:34","date_gmt":"2025-05-21T08:11:34","guid":{"rendered":"https:\/\/www.fierbois.com\/towers\/"},"modified":"2025-12-01T12:21:13","modified_gmt":"2025-12-01T11:21:13","slug":"towers","status":"publish","type":"page","link":"https:\/\/www.fierbois.com\/de\/entdecken-sie-die-kultur-und-das-terroir\/towers\/","title":{"rendered":"Towers"},"content":{"rendered":"<div class=\"diaporama-header align-full\"><div class=\"gallery\"><figure class=\"gallery__item\"><picture><source srcset=\"https:\/\/www.fierbois.com\/wp-content\/uploads\/2025\/05\/AdobeStock_429797238-420x281.webp\" media=\"(max-width: 210px)\"><source srcset=\"https:\/\/www.fierbois.com\/wp-content\/uploads\/2025\/05\/AdobeStock_429797238-850x569.webp\" media=\"(max-width: 420px)\"><source srcset=\"https:\/\/www.fierbois.com\/wp-content\/uploads\/2025\/05\/AdobeStock_429797238-768x514.webp\" media=\"(max-width: 850px)\"><source srcset=\"https:\/\/www.fierbois.com\/wp-content\/uploads\/2025\/05\/AdobeStock_429797238-1024x685.webp\" media=\"(max-width: 1024px)\"><source srcset=\"https:\/\/www.fierbois.com\/wp-content\/uploads\/2025\/05\/AdobeStock_429797238.webp\" media=\"(min-width: 1025px)\"><img loading=\"lazy\" decoding=\"async\" src=\"https:\/\/www.fierbois.com\/wp-content\/uploads\/2025\/05\/AdobeStock_429797238-420x281.webp\" width=\"420\" height=\"210\" alt=\"\" title=\"\"><\/picture><\/figure><\/div><div class=\"diaporama-header__inner\"><\/div><\/div><div class=\"columns\"><div class=\"columns__item\" style=\"align-self:center;\"><p class=\"wording\" style=\"color: var(--vert);\"  >Wir haben einen Ausflug nach Tours gemacht<\/p><h1 style=\"text-align: left;\">Campingplatz Tours<\/h1><p    >TOURS (30km)<\/p><p    >Tours, eines der angesagtesten Reiseziele in Indre-et-Loire, erwartet Sie unter anderem mit seiner Kathedrale und seinem Schloss, das Sie an die Schl\u00f6sser der Loire erinnern wird.<\/p><\/div><div class=\"columns__item\" style=\"align-self:flex-start;\"><div class=\"gallery f-carousel fc-diapo-mob\" data-fancybox=\"gallery-mob\"><figure class=\"gallery__item\"><picture><source srcset=\"https:\/\/www.fierbois.com\/wp-content\/uploads\/2025\/05\/AdobeStock_267447760-420x315.webp\" media=\"(max-width: 210px)\"><source srcset=\"https:\/\/www.fierbois.com\/wp-content\/uploads\/2025\/05\/AdobeStock_267447760-850x637.webp\" media=\"(max-width: 420px)\"><source srcset=\"https:\/\/www.fierbois.com\/wp-content\/uploads\/2025\/05\/AdobeStock_267447760-768x575.webp\" media=\"(max-width: 850px)\"><source srcset=\"https:\/\/www.fierbois.com\/wp-content\/uploads\/2025\/05\/AdobeStock_267447760-1024x767.webp\" media=\"(max-width: 1024px)\"><source srcset=\"https:\/\/www.fierbois.com\/wp-content\/uploads\/2025\/05\/AdobeStock_267447760.webp\" media=\"(min-width: 1025px)\"><img decoding=\"async\" src=\"https:\/\/www.fierbois.com\/wp-content\/uploads\/2025\/05\/AdobeStock_267447760-420x315.webp\" width=\"420\" height=\"210\" loading=\"lazy\" alt=\"\" title=\"\"><\/picture><\/figure><\/div><\/div><\/div><div class=\"columns reverse-mob\"><div class=\"columns__item\"><div class=\"gallery f-carousel fc-diapo-mob\" data-fancybox=\"gallery-mob\"><figure class=\"gallery__item\"><picture><source srcset=\"https:\/\/www.fierbois.com\/wp-content\/uploads\/2025\/05\/AdobeStock_270381651-420x280.webp\" media=\"(max-width: 210px)\"><source srcset=\"https:\/\/www.fierbois.com\/wp-content\/uploads\/2025\/05\/AdobeStock_270381651-850x566.webp\" media=\"(max-width: 420px)\"><source srcset=\"https:\/\/www.fierbois.com\/wp-content\/uploads\/2025\/05\/AdobeStock_270381651-768x512.webp\" media=\"(max-width: 850px)\"><source srcset=\"https:\/\/www.fierbois.com\/wp-content\/uploads\/2025\/05\/AdobeStock_270381651-1024x682.webp\" media=\"(max-width: 1024px)\"><source srcset=\"https:\/\/www.fierbois.com\/wp-content\/uploads\/2025\/05\/AdobeStock_270381651.webp\" media=\"(min-width: 1025px)\"><img decoding=\"async\" src=\"https:\/\/www.fierbois.com\/wp-content\/uploads\/2025\/05\/AdobeStock_270381651-420x280.webp\" width=\"420\" height=\"210\" loading=\"lazy\" alt=\"\" title=\"\"><\/picture><\/figure><\/div><\/div><div class=\"columns__item\" style=\"align-self:center;\"><p class=\"wording\" style=\"color: var(--vert);\"  >Zwischen Loire und Legenden: Tours streckt Ihnen die Arme entgegen<\/p><h2>Vermietung von Campingunterk\u00fcnften in der N\u00e4he von Tours<\/h2><p    >Planen Sie Ihren<strong> Campingurlaub in<\/strong> <strong>Tours<\/strong> und suchen Sie eine hochwertige Unterkunft in der N\u00e4he der Stadt <strong>Tours<\/strong>, um die ber\u00fchmte Kathedrale Saint-Gatien, die Touraine und die Loire-Schl\u00f6sser zu besichtigen?<\/p><\/div><\/div><p  style=\"text-align: center;\"  >Der 5-Sterne-Campingplatz Castel Parc de Fierbois in der <strong>N\u00e4he von Tours<\/strong> erwartet Sie f\u00fcr einen <strong>luxuri\u00f6sen<\/strong> und komfortablen <strong>Aufenthalt<\/strong> im Herzen des Loiretals. Um Ihren Anspr\u00fcchen gerecht zu werden, bietet unser <strong>Campingplatz in der N\u00e4he von Tours<\/strong> die Vermietung von Chalets, voll ausgestatteten Mobilheimen,<strong> Ferienwohnungen<\/strong> und Baumh\u00e4usern an. Alle Unterk\u00fcnfte sind komplett m\u00f6bliert, verf\u00fcgen \u00fcber allen <strong>modernen Komfort<\/strong> und k\u00f6nnen 2 bis 10 Personen beherbergen, einige davon sind behindertengerecht.  <\/p><p  style=\"text-align: center;\"  >Unser <strong>Campingplatz in der N\u00e4he von Tours<\/strong> hat auch einen Wasserpark mit Hallenbad und Rutschen, sowie zahlreiche Sportanlagen und Spielpl\u00e4tze f\u00fcr Kinder und Erwachsene. Sie bevorzugen einen traditionelleren Campingurlaub im Departement Indre-et-Loire? Dann werden Sie von unseren schattigen, \u00fcber 80 m\u00b2 gro\u00dfen Campingpl\u00e4tzen mit Stromanschluss begeistert sein, die f\u00fcr<strong> Zelte, Wohnmobile und Wohnwagen<\/strong> reserviert sind. Vor Ort finden Sie Kinderspielpl\u00e4tze, Tages- und Abendanimation, Tennisplatz, Fahrradverleih, Brotverkauf und viele andere Dienstleistungen, die einer 5-Sterne-Anlage w\u00fcrdig sind.   <\/p><div class=\"columns\"><div class=\"columns__item\" style=\"align-self:center;\"><p class=\"wording\" style=\"color: var(--vert);\"  >Tours, das ist Klasse&#8230; ohne sich anzupreisen<\/p><h2>Tourismus und Sehensw\u00fcrdigkeiten in Tours<\/h2><p    >Die Stadt <strong>Tours<\/strong> wurde an den<strong> Ufern der Loire und des Cher<\/strong> erbaut und ist eine Stadt der Kunst und der Geschichte, in der Sie in der N\u00e4he des Campingplatzes Castel Parc de Fierbois tags\u00fcber und abends viele Aktivit\u00e4ten und Unterhaltungsm\u00f6glichkeiten finden.<\/p><\/div><div class=\"columns__item\"><div class=\"gallery f-carousel fc-diapo-mob\" data-fancybox=\"gallery-mob\"><figure class=\"gallery__item\"><picture><source srcset=\"https:\/\/www.fierbois.com\/wp-content\/uploads\/2025\/05\/AdobeStock_244342478-420x204.webp\" media=\"(max-width: 210px)\"><source srcset=\"https:\/\/www.fierbois.com\/wp-content\/uploads\/2025\/05\/AdobeStock_244342478-850x414.webp\" media=\"(max-width: 420px)\"><source srcset=\"https:\/\/www.fierbois.com\/wp-content\/uploads\/2025\/05\/AdobeStock_244342478-768x374.webp\" media=\"(max-width: 850px)\"><source srcset=\"https:\/\/www.fierbois.com\/wp-content\/uploads\/2025\/05\/AdobeStock_244342478-1024x498.webp\" media=\"(max-width: 1024px)\"><source srcset=\"https:\/\/www.fierbois.com\/wp-content\/uploads\/2025\/05\/AdobeStock_244342478.webp\" media=\"(min-width: 1025px)\"><img decoding=\"async\" src=\"https:\/\/www.fierbois.com\/wp-content\/uploads\/2025\/05\/AdobeStock_244342478-420x204.webp\" width=\"420\" height=\"210\" loading=\"lazy\" alt=\"\" title=\"\"><\/picture><\/figure><\/div><\/div><\/div><p  style=\"text-align: center;\"  >In der Stadt gibt es viele sch\u00f6ne Monumente wie das Schloss, die Kathedrale Saint-Gatien und das Kloster der Psallette, die Basilika Saint-Martin, die Kirche Saint-Julien, der Karlsturm und die Abtei von Marmoutier. Die Kathedrale Saint-Gatien steht unter Denkmalschutz. Nehmen Sie sich w\u00e4hrend Ihres <strong>Campingurlaubs in Tours<\/strong> Zeit f\u00fcr einen Spaziergang \u00fcber die Wilson-Br\u00fccke, die Ende des 18. Jahrhunderts gebaut wurde, durch den botanischen Garten, den Garten Pr\u00e9bendes d&#8217;O\u00e9 oder am Ufer des <strong>Sees La Bergeonnerie<\/strong>. Hier finden Sie einen angelegten Park, eine sch\u00f6ne Promenade am See und ein Schwimmbad. Ein echtes Wassersportzentrum, in dem Personen mit eingeschr\u00e4nkter Mobilit\u00e4t bei Vorlage der PMR-Karte einen Vorzugspreis erhalten.    <\/p><p  style=\"text-align: center;\" id=\"gid_2\" >Vergessen Sie nicht, sich in den G\u00e4ngen des <strong>Museums der Sch\u00f6nen K\u00fcnste<\/strong> zu verlieren, das im ehemaligen Bischofspalast untergebracht ist, und bewundern Sie die Werke gro\u00dfer Meister der Malerei wie Rubens und Degas. Sehen Sie sich die H\u00e4user an der Place Plumereau, das Rathaus und das H\u00f4tel Go\u00fcin an. Erkunden Sie die Loire mit dem Fahrrad, denn Ihr <strong>Campingplatz in Tours<\/strong> im Loiretal bietet einen Fahrradverleih an. M\u00f6chten Sie die Spezialit\u00e4ten der Touraine und des Loiretals probieren? Besuchen Sie Les <g id=\"gid_2\">Halles de Tours<\/g>, wo Sie regionale Produkte und eine Austernbar finden. Wenn Sie Weinliebhaber sind, werden Sie die Weinberge durchstreifen und die AOC-Weine der Region wie Touraine, Chinon, Vouvray und Montlouis probieren.     <\/p>","protected":false},"excerpt":{"rendered":"<p>Wir haben einen Ausflug nach Tours gemacht Campingplatz Tours TOURS (30km) Tours, eines der angesagtesten Reiseziele in Indre-et-Loire, erwartet Sie unter anderem mit seiner Kathedrale und seinem Schloss, das Sie an die Schl\u00f6sser der Loire erinnern wird. Zwischen Loire und Legenden: Tours streckt Ihnen die Arme entgegen Vermietung von Campingunterk\u00fcnften in der N\u00e4he von Tours [&hellip;]<\/p>\n","protected":false},"author":1,"featured_media":0,"parent":3596,"menu_order":0,"comment_status":"closed","ping_status":"closed","template":"","meta":{"_acf_changed":false,"footnotes":""},"lieu":[28],"acf":[],"_links":{"self":[{"href":"https:\/\/www.fierbois.com\/de\/wp-json\/wp\/v2\/pages\/3498"}],"collection":[{"href":"https:\/\/www.fierbois.com\/de\/wp-json\/wp\/v2\/pages"}],"about":[{"href":"https:\/\/www.fierbois.com\/de\/wp-json\/wp\/v2\/types\/page"}],"author":[{"embeddable":true,"href":"https:\/\/www.fierbois.com\/de\/wp-json\/wp\/v2\/users\/1"}],"replies":[{"embeddable":true,"href":"https:\/\/www.fierbois.com\/de\/wp-json\/wp\/v2\/comments?post=3498"}],"version-history":[{"count":1,"href":"https:\/\/www.fierbois.com\/de\/wp-json\/wp\/v2\/pages\/3498\/revisions"}],"predecessor-version":[{"id":3499,"href":"https:\/\/www.fierbois.com\/de\/wp-json\/wp\/v2\/pages\/3498\/revisions\/3499"}],"up":[{"embeddable":true,"href":"https:\/\/www.fierbois.com\/de\/wp-json\/wp\/v2\/pages\/3596"}],"wp:attachment":[{"href":"https:\/\/www.fierbois.com\/de\/wp-json\/wp\/v2\/media?parent=3498"}],"wp:term":[{"taxonomy":"lieu","embeddable":true,"href":"https:\/\/www.fierbois.com\/de\/wp-json\/wp\/v2\/lieu?post=3498"}],"curies":[{"name":"wp","href":"https:\/\/api.w.org\/{rel}","templated":true}]}}