{"id":3508,"date":"2025-05-21T10:17:38","date_gmt":"2025-05-21T08:17:38","guid":{"rendered":"https:\/\/www.fierbois.com\/villandry\/"},"modified":"2025-12-01T12:21:13","modified_gmt":"2025-12-01T11:21:13","slug":"villandry","status":"publish","type":"page","link":"https:\/\/www.fierbois.com\/de\/entdecken-sie-die-kultur-und-das-terroir\/villandry\/","title":{"rendered":"Villandry"},"content":{"rendered":"<div class=\"diaporama-header align-full\"><div class=\"gallery\"><figure class=\"gallery__item\"><picture><source srcset=\"https:\/\/www.fierbois.com\/wp-content\/uploads\/2025\/05\/AdobeStock_252999395-420x279.webp\" media=\"(max-width: 210px)\"><source srcset=\"https:\/\/www.fierbois.com\/wp-content\/uploads\/2025\/05\/AdobeStock_252999395-850x564.webp\" media=\"(max-width: 420px)\"><source srcset=\"https:\/\/www.fierbois.com\/wp-content\/uploads\/2025\/05\/AdobeStock_252999395-768x510.webp\" media=\"(max-width: 850px)\"><source srcset=\"https:\/\/www.fierbois.com\/wp-content\/uploads\/2025\/05\/AdobeStock_252999395-1024x680.webp\" media=\"(max-width: 1024px)\"><source srcset=\"https:\/\/www.fierbois.com\/wp-content\/uploads\/2025\/05\/AdobeStock_252999395.webp\" media=\"(min-width: 1025px)\"><img loading=\"lazy\" decoding=\"async\" src=\"https:\/\/www.fierbois.com\/wp-content\/uploads\/2025\/05\/AdobeStock_252999395-420x279.webp\" width=\"420\" height=\"210\" alt=\"\" title=\"\"><\/picture><\/figure><\/div><div class=\"diaporama-header__inner\"><\/div><\/div><div class=\"columns\"><div class=\"columns__item\" style=\"align-self:center;\"><p class=\"wording\" style=\"color: var(--vert);\"  >Der gute Geschmack w\u00e4chst in Villandry<\/p><h1 style=\"text-align: left;\">Campingplatz Villandry<\/h1><p    >VILLANDRY (30km)<\/p><p    >Die charmante Stadt Villandry geh\u00f6rt zu den sch\u00f6nsten kleinen D\u00f6rfern mit Charakter im Departement Indre-et-Loire, vor allem wegen ihres ber\u00fchmten Geb\u00e4udes, das zu den sch\u00f6nsten Schl\u00f6ssern der Loire z\u00e4hlt.<\/p><\/div><div class=\"columns__item\" style=\"align-self:flex-start;\"><div class=\"gallery f-carousel fc-diapo-mob\" data-fancybox=\"gallery-mob\"><figure class=\"gallery__item\"><picture><source srcset=\"https:\/\/www.fierbois.com\/wp-content\/uploads\/2025\/05\/AdobeStock_1052008131-420x315.webp\" media=\"(max-width: 210px)\"><source srcset=\"https:\/\/www.fierbois.com\/wp-content\/uploads\/2025\/05\/AdobeStock_1052008131-850x638.webp\" media=\"(max-width: 420px)\"><source srcset=\"https:\/\/www.fierbois.com\/wp-content\/uploads\/2025\/05\/AdobeStock_1052008131-768x576.webp\" media=\"(max-width: 850px)\"><source srcset=\"https:\/\/www.fierbois.com\/wp-content\/uploads\/2025\/05\/AdobeStock_1052008131-1024x768.webp\" media=\"(max-width: 1024px)\"><source srcset=\"https:\/\/www.fierbois.com\/wp-content\/uploads\/2025\/05\/AdobeStock_1052008131.webp\" media=\"(min-width: 1025px)\"><img decoding=\"async\" src=\"https:\/\/www.fierbois.com\/wp-content\/uploads\/2025\/05\/AdobeStock_1052008131-420x315.webp\" width=\"420\" height=\"210\" loading=\"lazy\" alt=\"\" title=\"\"><\/picture><\/figure><\/div><\/div><\/div><div class=\"columns reverse-mob\"><div class=\"columns__item\"><div class=\"gallery f-carousel fc-diapo-mob\" data-fancybox=\"gallery-mob\"><figure class=\"gallery__item\"><picture><source srcset=\"https:\/\/www.fierbois.com\/wp-content\/uploads\/2025\/05\/AdobeStock_280261788-420x263.webp\" media=\"(max-width: 210px)\"><source srcset=\"https:\/\/www.fierbois.com\/wp-content\/uploads\/2025\/05\/AdobeStock_280261788-850x531.webp\" media=\"(max-width: 420px)\"><source srcset=\"https:\/\/www.fierbois.com\/wp-content\/uploads\/2025\/05\/AdobeStock_280261788-768x480.webp\" media=\"(max-width: 850px)\"><source srcset=\"https:\/\/www.fierbois.com\/wp-content\/uploads\/2025\/05\/AdobeStock_280261788-1024x640.webp\" media=\"(max-width: 1024px)\"><source srcset=\"https:\/\/www.fierbois.com\/wp-content\/uploads\/2025\/05\/AdobeStock_280261788.webp\" media=\"(min-width: 1025px)\"><img decoding=\"async\" src=\"https:\/\/www.fierbois.com\/wp-content\/uploads\/2025\/05\/AdobeStock_280261788-420x263.webp\" width=\"420\" height=\"210\" loading=\"lazy\" alt=\"\" title=\"\"><\/picture><\/figure><\/div><\/div><div class=\"columns__item\" style=\"align-self:center;\"><p class=\"wording\" style=\"color: var(--vert);\"  >Villandry, zwischen Schl\u00f6ssern und perfekten Quadraten<\/p><h2>Camping mieten in Villandry<\/h2><p    >Im Castel Parc de Fierbois laden wir Sie zu einem luxuri\u00f6sen Erlebnis ein. Unser 5-Sterne-Campingplatz im Departement Indre-et-Loire liegt nur 30 km von Villandry entfernt und verf\u00fcgt \u00fcber hochwertige Mietunterk\u00fcnfte f\u00fcr 2 bis 10 Personen, die mit allen <strong>modernen Annehmlichkeiten<\/strong> ausgestattet sind. <\/p><\/div><\/div><p  style=\"text-align: center;\" id=\"gid_0\" >Unsere Mobilheime sind f\u00fcr den anspruchsvollen Gast gedacht, der Exzellenz zum besten Preis sucht, ebenso wie unsere Chalets, Lodge-Zelte, Baumh\u00e4user oder Campingpl\u00e4tze f\u00fcr Zelte, Wohnmobile oder Wohnwagen mit Stromanschluss. Auf unserem<g id=\"gid_0\"> Campingplatz in der Umgebung von Villandry<\/g> finden Sie alle Unterk\u00fcnfte, Einrichtungen und Dienstleistungen, die Sie von einem 5-Sterne-Campingplatz erwarten k\u00f6nnen. Entdecken Sie auch unseren au\u00dfergew\u00f6hnlichen Wasserpark f\u00fcr Gro\u00df und Klein und verbringen Sie wunderbare Momente zwischen <strong>Schwimmen und Faulenzen<\/strong>.  <\/p><div class=\"columns\"><div class=\"columns__item\" style=\"align-self:center;\"><p class=\"wording\" style=\"color: var(--vert);\"  >Villandry: Geometrie in ihrer ganzen Pracht<\/p><h2>Sehensw\u00fcrdigkeiten in der N\u00e4he des Campingplatzes in Villandry<\/h2><p    >Ihr Aktivit\u00e4tenprogramm in Villandry, 30 km vom Castel Parc de Fierbois in Indre-et-Loire entfernt, sollte unbedingt mit diesem <strong>Schloss an der Loire und seinen wundersch\u00f6nen G\u00e4rten<\/strong> beginnen.  <\/p><\/div><div class=\"columns__item\"><div class=\"gallery f-carousel fc-diapo-mob\" data-fancybox=\"gallery-mob\"><figure class=\"gallery__item\"><picture><source srcset=\"https:\/\/www.fierbois.com\/wp-content\/uploads\/2025\/05\/AdobeStock_36026989-1-420x280.webp\" media=\"(max-width: 210px)\"><source srcset=\"https:\/\/www.fierbois.com\/wp-content\/uploads\/2025\/05\/AdobeStock_36026989-1-850x566.webp\" media=\"(max-width: 420px)\"><source srcset=\"https:\/\/www.fierbois.com\/wp-content\/uploads\/2025\/05\/AdobeStock_36026989-1-768x512.webp\" media=\"(max-width: 850px)\"><source srcset=\"https:\/\/www.fierbois.com\/wp-content\/uploads\/2025\/05\/AdobeStock_36026989-1-1024x682.webp\" media=\"(max-width: 1024px)\"><source srcset=\"https:\/\/www.fierbois.com\/wp-content\/uploads\/2025\/05\/AdobeStock_36026989-1.webp\" media=\"(min-width: 1025px)\"><img decoding=\"async\" src=\"https:\/\/www.fierbois.com\/wp-content\/uploads\/2025\/05\/AdobeStock_36026989-1-420x280.webp\" width=\"420\" height=\"210\" loading=\"lazy\" alt=\"\" title=\"\"><\/picture><\/figure><\/div><\/div><\/div><p  style=\"text-align: center;\"  >Denken Sie bei einem Besuch dieses Schlosses daran, dass der englische K\u00f6nig Heinrich II. hier offiziell seine Niederlage gegen\u00fcber dem franz\u00f6sischen K\u00f6nig Philippe Auguste eingestand, indem er den Frieden von Colombiers unterzeichnete. An sonnigen Tagen k\u00f6nnen Sie sich am <strong>Strand von Savonni\u00e8res<\/strong> entspannen und sich im Fluss Cher erfrischen. Nutzen Sie Ihren Urlaub in den Loire-Schl\u00f6ssern, um sich in Savonni\u00e8res zu entspannen und die Petrifizierenden Grotten, eine der Hauptattraktionen der Region, zu entdecken.  <\/p>","protected":false},"excerpt":{"rendered":"<p>Der gute Geschmack w\u00e4chst in Villandry Campingplatz Villandry VILLANDRY (30km) Die charmante Stadt Villandry geh\u00f6rt zu den sch\u00f6nsten kleinen D\u00f6rfern mit Charakter im Departement Indre-et-Loire, vor allem wegen ihres ber\u00fchmten Geb\u00e4udes, das zu den sch\u00f6nsten Schl\u00f6ssern der Loire z\u00e4hlt. Villandry, zwischen Schl\u00f6ssern und perfekten Quadraten Camping mieten in Villandry Im Castel Parc de Fierbois laden [&hellip;]<\/p>\n","protected":false},"author":1,"featured_media":0,"parent":3596,"menu_order":0,"comment_status":"closed","ping_status":"closed","template":"","meta":{"_acf_changed":false,"footnotes":""},"lieu":[28],"acf":[],"_links":{"self":[{"href":"https:\/\/www.fierbois.com\/de\/wp-json\/wp\/v2\/pages\/3508"}],"collection":[{"href":"https:\/\/www.fierbois.com\/de\/wp-json\/wp\/v2\/pages"}],"about":[{"href":"https:\/\/www.fierbois.com\/de\/wp-json\/wp\/v2\/types\/page"}],"author":[{"embeddable":true,"href":"https:\/\/www.fierbois.com\/de\/wp-json\/wp\/v2\/users\/1"}],"replies":[{"embeddable":true,"href":"https:\/\/www.fierbois.com\/de\/wp-json\/wp\/v2\/comments?post=3508"}],"version-history":[{"count":1,"href":"https:\/\/www.fierbois.com\/de\/wp-json\/wp\/v2\/pages\/3508\/revisions"}],"predecessor-version":[{"id":3509,"href":"https:\/\/www.fierbois.com\/de\/wp-json\/wp\/v2\/pages\/3508\/revisions\/3509"}],"up":[{"embeddable":true,"href":"https:\/\/www.fierbois.com\/de\/wp-json\/wp\/v2\/pages\/3596"}],"wp:attachment":[{"href":"https:\/\/www.fierbois.com\/de\/wp-json\/wp\/v2\/media?parent=3508"}],"wp:term":[{"taxonomy":"lieu","embeddable":true,"href":"https:\/\/www.fierbois.com\/de\/wp-json\/wp\/v2\/lieu?post=3508"}],"curies":[{"name":"wp","href":"https:\/\/api.w.org\/{rel}","templated":true}]}}