{"id":3516,"date":"2025-05-21T14:21:12","date_gmt":"2025-05-21T12:21:12","guid":{"rendered":"https:\/\/www.fierbois.com\/schloesser\/"},"modified":"2025-12-01T12:21:13","modified_gmt":"2025-12-01T11:21:13","slug":"schloesser","status":"publish","type":"page","link":"https:\/\/www.fierbois.com\/de\/entdecken-sie-die-kultur-und-das-terroir\/schloesser\/","title":{"rendered":"Schl\u00f6sser"},"content":{"rendered":"<div class=\"diaporama-header align-full\"><div class=\"gallery\"><figure class=\"gallery__item\"><picture><source srcset=\"https:\/\/www.fierbois.com\/wp-content\/uploads\/2025\/05\/AdobeStock_552330013-420x280.webp\" media=\"(max-width: 210px)\"><source srcset=\"https:\/\/www.fierbois.com\/wp-content\/uploads\/2025\/05\/AdobeStock_552330013-850x567.webp\" media=\"(max-width: 420px)\"><source srcset=\"https:\/\/www.fierbois.com\/wp-content\/uploads\/2025\/05\/AdobeStock_552330013-768x512.webp\" media=\"(max-width: 850px)\"><source srcset=\"https:\/\/www.fierbois.com\/wp-content\/uploads\/2025\/05\/AdobeStock_552330013-1024x683.webp\" media=\"(max-width: 1024px)\"><source srcset=\"https:\/\/www.fierbois.com\/wp-content\/uploads\/2025\/05\/AdobeStock_552330013.webp\" media=\"(min-width: 1025px)\"><img loading=\"lazy\" decoding=\"async\" src=\"https:\/\/www.fierbois.com\/wp-content\/uploads\/2025\/05\/AdobeStock_552330013-420x280.webp\" width=\"420\" height=\"210\" alt=\"\" title=\"\"><\/picture><\/figure><\/div><div class=\"diaporama-header__inner\"><\/div><\/div><div class=\"columns\"><div class=\"columns__item\" style=\"align-self:center;\"><p class=\"wording\" style=\"color: var(--vert);\"  >Von der H\u00fctte auf dem Baum zum Schloss auf dem Baum<\/p><h1 style=\"text-align: left;\">Der Campingplatz f\u00fcr Ihren Urlaub in den Schl\u00f6ssern der Loire<\/h1><p    >Welche Region hat eine glanzvollere Vergangenheit als das Loiretal? Wenn Sie sich f\u00fcr einen Urlaub in den Loire-Schl\u00f6ssern entscheiden, k\u00f6nnen Sie Dutzende von gro\u00dfartigen Monumenten besichtigen. Unser Campingplatz Parc de Fierbois ist der ideale Ort, um die Qualit\u00e4t eines 5-Sterne-Campingplatzes mit der N\u00e4he zu den Schl\u00f6ssern zu kombinieren, die Sie nicht verpassen sollten.  <\/p><\/div><div class=\"columns__item\" style=\"align-self:flex-start;\"><div class=\"gallery f-carousel fc-diapo-mob\" data-fancybox=\"gallery-mob\"><figure class=\"gallery__item\"><picture><source srcset=\"https:\/\/www.fierbois.com\/wp-content\/uploads\/2025\/05\/AdobeStock_124628500-420x242.webp\" media=\"(max-width: 210px)\"><source srcset=\"https:\/\/www.fierbois.com\/wp-content\/uploads\/2025\/05\/AdobeStock_124628500-850x489.webp\" media=\"(max-width: 420px)\"><source srcset=\"https:\/\/www.fierbois.com\/wp-content\/uploads\/2025\/05\/AdobeStock_124628500-768x442.webp\" media=\"(max-width: 850px)\"><source srcset=\"https:\/\/www.fierbois.com\/wp-content\/uploads\/2025\/05\/AdobeStock_124628500-1024x589.webp\" media=\"(max-width: 1024px)\"><source srcset=\"https:\/\/www.fierbois.com\/wp-content\/uploads\/2025\/05\/AdobeStock_124628500.webp\" media=\"(min-width: 1025px)\"><img decoding=\"async\" src=\"https:\/\/www.fierbois.com\/wp-content\/uploads\/2025\/05\/AdobeStock_124628500-420x242.webp\" width=\"420\" height=\"210\" loading=\"lazy\" alt=\"\" title=\"\"><\/picture><\/figure><\/div><\/div><\/div><div class=\"columns reverse-mob\"><div class=\"columns__item\"><div class=\"gallery f-carousel fc-diapo-mob\" data-fancybox=\"gallery-mob\"><figure class=\"gallery__item\"><picture><source srcset=\"https:\/\/www.fierbois.com\/wp-content\/uploads\/2025\/05\/AdobeStock_121841639-420x280.webp\" media=\"(max-width: 210px)\"><source srcset=\"https:\/\/www.fierbois.com\/wp-content\/uploads\/2025\/05\/AdobeStock_121841639-850x566.webp\" media=\"(max-width: 420px)\"><source srcset=\"https:\/\/www.fierbois.com\/wp-content\/uploads\/2025\/05\/AdobeStock_121841639-768x512.webp\" media=\"(max-width: 850px)\"><source srcset=\"https:\/\/www.fierbois.com\/wp-content\/uploads\/2025\/05\/AdobeStock_121841639-1024x682.webp\" media=\"(max-width: 1024px)\"><source srcset=\"https:\/\/www.fierbois.com\/wp-content\/uploads\/2025\/05\/AdobeStock_121841639.webp\" media=\"(min-width: 1025px)\"><img decoding=\"async\" src=\"https:\/\/www.fierbois.com\/wp-content\/uploads\/2025\/05\/AdobeStock_121841639-420x280.webp\" width=\"420\" height=\"210\" loading=\"lazy\" alt=\"\" title=\"\"><\/picture><\/figure><\/div><\/div><div class=\"columns__item\" style=\"align-self:center;\"><p class=\"wording\" style=\"color: var(--vert);\"  >K\u00f6niglicher Urlaub, freundliche Atmosph\u00e4re<\/p><h2>Die Juwelen der Renaissance in Ihrer Reichweite<\/h2><p    >Das Loiretal, das von der UNESCO zum Weltkulturerbe erkl\u00e4rt wurde, ist mit fast 3000 Schl\u00f6ssern \u00fcbers\u00e4t. Was haben sie gemeinsam? Sie wurden haupts\u00e4chlich in der Renaissance entwickelt, obwohl einige von ihnen aus dem Mittelalter stammen. Dies ist der Fall beim Schloss Loches, das nur eine halbe Stunde vom Campingplatz entfernt liegt und einen imposanten mittelalterlichen Bergfried mit einem k\u00f6niglichen Renaissancehaus verbindet.   <\/p><\/div><\/div><p  style=\"text-align: center;\"  >Andere architektonische Glanzlichter k\u00f6nnen in einem Umkreis von 30-35 Minuten besichtigt werden, angefangen mit dem Schloss Villandry, das Sie bei Ihrem Urlaub in den Loire-Schl\u00f6ssern unbedingt besuchen sollten, das mit Eleganz die Zeiten \u00fcberdauert hat und von G\u00e4rten seltener Pracht begleitet wird. W\u00e4hrend Villandry die Handschrift von Franz I\u1d49\u02b3 tr\u00e4gt, ist sein Nachbar Langeais als das Schloss von Ludwig XI. bekannt und beherbergte die Hochzeit von Anne de Bretagne mit Karl VIII.: ein originelles Schloss mit einem gro\u00dfen Park, der sehr spielerisch angelegt wurde. <\/p><p  style=\"text-align: center;\"  >Auch das Schloss von Uss\u00e9 ist verspielt! Es liegt 40 km von unserem Campingplatz entfernt am Ufer der Loire und ist so m\u00e4rchenhaft, dass es Charles Perrault zu Dornr\u00f6schen inspirierte. Die von Le N\u00f4tre entworfenen G\u00e4rten geh\u00f6ren zu den sch\u00f6nsten, die Sie in der Region besuchen k\u00f6nnen. Auch das Schloss Chenonceau mit seinen majest\u00e4tischen G\u00e4rten von Katharina von Medici und Diane von Poitiers und dem Meisterwerk des Schlosses mit seinen B\u00f6gen, die den Cher \u00fcberspannen, ist sehenswert.   <\/p><p  style=\"text-align: center;\"  >Und was ist mit Azay-le-Rideau? Dieses Renaissance-Juwel, das dem Campingplatz am n\u00e4chsten liegt, ist auch eines der sch\u00f6nsten, die Sie w\u00e4hrend Ihres Urlaubs in den Loire-Schl\u00f6ssern sehen sollten. Es wird Sie mit seiner originellen Lage am Wasser und seinem romantischen Park verzaubern, der zu jeder Tageszeit magisch ist!  <\/p><div class=\"columns\"><div class=\"columns__item\" style=\"align-self:center;\"><p class=\"wording\" style=\"color: var(--vert);\"  >Ein Thron f\u00fcr den Tag, ein Liegestuhl f\u00fcr den Abend<\/p><h2>Urlaub in den Schl\u00f6ssern der Loire auf einem 5-Sterne-Campingplatz<\/h2><p    >Unser 5* Campingplatz Le Parc de Fierbois liegt ideal im Departement Indre-et-Loire f\u00fcr Ihren <strong>Urlaub in den Schl\u00f6ssern der Loire<\/strong> und empf\u00e4ngt Sie inmitten eines bewaldeten Gebietes, das wir sch\u00fctzen. In diesem Paradies unter freiem Himmel k\u00f6nnen Sie verschiedene Unterkunftsarten buchen, insbesondere wenn Sie einen Zwischenstopp w\u00e4hrend Ihres Wohnmobilurlaubs in den Loire-Schl\u00f6ssern einlegen m\u00f6chten. <\/p><\/div><div class=\"columns__item\"><div class=\"gallery f-carousel fc-diapo-mob\" data-fancybox=\"gallery-mob\"><figure class=\"gallery__item\"><picture><source srcset=\"https:\/\/www.fierbois.com\/wp-content\/uploads\/2025\/05\/AdobeStock_559617104-420x280.webp\" media=\"(max-width: 210px)\"><source srcset=\"https:\/\/www.fierbois.com\/wp-content\/uploads\/2025\/05\/AdobeStock_559617104-850x566.webp\" media=\"(max-width: 420px)\"><source srcset=\"https:\/\/www.fierbois.com\/wp-content\/uploads\/2025\/05\/AdobeStock_559617104-768x511.webp\" media=\"(max-width: 850px)\"><source srcset=\"https:\/\/www.fierbois.com\/wp-content\/uploads\/2025\/05\/AdobeStock_559617104-1024x682.webp\" media=\"(max-width: 1024px)\"><source srcset=\"https:\/\/www.fierbois.com\/wp-content\/uploads\/2025\/05\/AdobeStock_559617104.webp\" media=\"(min-width: 1025px)\"><img decoding=\"async\" src=\"https:\/\/www.fierbois.com\/wp-content\/uploads\/2025\/05\/AdobeStock_559617104-420x280.webp\" width=\"420\" height=\"210\" loading=\"lazy\" alt=\"\" title=\"\"><\/picture><\/figure><\/div><\/div><\/div><p  style=\"text-align: center;\"  >F\u00fcr ein ungew\u00f6hnliches Erlebnis in den B\u00e4umen bieten wir Ihnen die M\u00f6glichkeit, in einem Baumhaus zu \u00fcbernachten. Unser Angebot umfasst auch komfortable Mobilheime in verschiedenen Ausf\u00fchrungen, Holzchalets f\u00fcr Familien, aber auch Ferienwohnungen und -h\u00e4user. Egal welche Unterkunft Sie w\u00e4hlen, Sie k\u00f6nnen sicher sein, dass unser Campingplatz im Loiretal keine Kompromisse bei der Qualit\u00e4t macht. Unser Team k\u00fcmmert sich um Ihren Komfort und bietet Ihnen eine breite Palette an Dienstleistungen, die den Parc de Fierbois zum idealen Campingplatz f\u00fcr Ihren Urlaub in den Schl\u00f6ssern der Loire machen.   <\/p><h3 style=\"text-align: center;\">Swimmingpools, See und Animation<\/h3><p  style=\"text-align: center;\"  >Unser Campingplatz verf\u00fcgt \u00fcber einen dreifachen Wasserbereich: drei verschiedene Umgebungen, in denen Sie Ihre Badefreuden genie\u00dfen k\u00f6nnen! Der gro\u00dfe Au\u00dfenpool verf\u00fcgt \u00fcber ein Kinderbecken, Rutschen und ein Becken mit tropischem Dekor. Wenn das Wetter nicht mitspielt, k\u00f6nnen Sie im beheizten Hallenbad schwimmen, das von transparenten W\u00e4nden umgeben ist und einen unvergleichlichen Blick auf die Au\u00dfenwelt bietet. Der dritte Bereich liegt mitten in der Natur: ein 7 Hektar gro\u00dfer See mit einem Sandstrand und Wasserspielen, damit Sie sich immer wieder am Wasser erfreuen k\u00f6nnen. Die Aktivit\u00e4ten auf unserem Campingplatz in den Schl\u00f6ssern der Loire sind vielf\u00e4ltig, vor allem dank des 100 Hektar gro\u00dfen Waldes. Spazierg\u00e4nge, Abenteuerparcours, Lasergame&#8230; Die Freizeitaktivit\u00e4ten und 100 % Natur im Parc de Fierbois werden ein H\u00f6hepunkt Ihres Urlaubs sein. Am Abend f\u00fchrt die warme Atmosph\u00e4re unseres Campingplatzes zu geselligen Veranstaltungen mit Auff\u00fchrungen und Spielen f\u00fcr alle.      <\/p><div class=\"columns reverse-mob\"><div class=\"columns__item\"><div class=\"gallery f-carousel fc-diapo-mob\" data-fancybox=\"gallery-mob\"><figure class=\"gallery__item\"><picture><source srcset=\"https:\/\/www.fierbois.com\/wp-content\/uploads\/2025\/05\/AdobeStock_623862413-420x280.webp\" media=\"(max-width: 210px)\"><source srcset=\"https:\/\/www.fierbois.com\/wp-content\/uploads\/2025\/05\/AdobeStock_623862413-850x566.webp\" media=\"(max-width: 420px)\"><source srcset=\"https:\/\/www.fierbois.com\/wp-content\/uploads\/2025\/05\/AdobeStock_623862413-768x512.webp\" media=\"(max-width: 850px)\"><source srcset=\"https:\/\/www.fierbois.com\/wp-content\/uploads\/2025\/05\/AdobeStock_623862413-1024x682.webp\" media=\"(max-width: 1024px)\"><source srcset=\"https:\/\/www.fierbois.com\/wp-content\/uploads\/2025\/05\/AdobeStock_623862413.webp\" media=\"(min-width: 1025px)\"><img decoding=\"async\" src=\"https:\/\/www.fierbois.com\/wp-content\/uploads\/2025\/05\/AdobeStock_623862413-420x280.webp\" width=\"420\" height=\"210\" loading=\"lazy\" alt=\"\" title=\"\"><\/picture><\/figure><\/div><\/div><div class=\"columns__item\" style=\"align-self:center;\"><p class=\"wording\" style=\"color: var(--vert);\"  >W\u00e4hlen Sie zwischen Geschichte und Baden.<\/p><h2>Entdecken Sie alle Sch\u00e4tze des Loiretals auf einem Campingplatz<\/h2><p    >Die Ufer der Loire sind reich an historischen Monumenten, aber es gibt noch viele andere touristische Attraktionen. Kennen Sie Montlouis sur Loire? Es ist eines der sch\u00f6nsten D\u00f6rfer im Loiretal und liegt nur 15 km von unserem Campingplatz entfernt!    <\/p><\/div><\/div><p  style=\"text-align: center;\"  >Auch die nahe gelegenen Beaulieu-l\u00e8s-Loches und Rochecorbon geh\u00f6ren zu den &#8222;Petites Cit\u00e9s de Caract\u00e8re&#8220;, die Sie besuchen sollten. Verpassen Sie auch nicht die emblematischen St\u00e4dte Tours, Saumur und Orl\u00e9ans, die alle \u00fcber ein reiches Erbe verf\u00fcgen, das von der glorreichen Vergangenheit einer Region zeugt, die von den K\u00f6nigen gesch\u00e4tzt wurde. <\/p><h3 style=\"text-align: center;\">Naturfreizeit in Val de Loire<\/h3><p  style=\"text-align: center;\"  >Um die anderen Vorz\u00fcge des Loiretals zu entdecken, schwingen Sie sich auf Ihr Fahrrad! Die Loire mit dem Fahrrad zu erkunden, ist eine der sch\u00f6nsten Erfahrungen, die Sie machen k\u00f6nnen, insbesondere auf dem 30 km langen gr\u00fcnen Weg zwischen Amboise und Tours. <\/p><p  style=\"text-align: center;\"  >Ihr Urlaub in den Loire-Schl\u00f6ssern ist auch eine gute Gelegenheit f\u00fcr einen Kanu- oder Kajakausflug auf der Loire oder f\u00fcr eine Wanderung. Es gibt viele Wege rund um Villandry und Azay-le-Rideau, und Sie k\u00f6nnen sogar dem GR3 folgen, um eine gro\u00dfe Wanderung in der N\u00e4he der Schl\u00f6sser zu machen.<\/p><h3 style=\"text-align: center;\">Sch\u00e4tze vom Teller bis zum Glas Wein!<\/h3><p  style=\"text-align: center;\"  >Es ist kein Zufall, dass Rabelais Gargantua in seinem Haus in der Touraine schrieb! Ziegenk\u00e4se, Tarte Tatin und Rillons sind die Stars auf den Tellern. Und was ist mit den Weinen? Das Loiretal ist ein beliebtes Ziel f\u00fcr Weintourismus mit Chinon, Vouvray oder auch AOP Saumur. So viele sch\u00f6ne Entdeckungen k\u00f6nnen Sie w\u00e4hrend Ihres Urlaubs in den Loire-Schl\u00f6ssern machen!    <\/p>","protected":false},"excerpt":{"rendered":"<p>Von der H\u00fctte auf dem Baum zum Schloss auf dem Baum Der Campingplatz f\u00fcr Ihren Urlaub in den Schl\u00f6ssern der Loire Welche Region hat eine glanzvollere Vergangenheit als das Loiretal? Wenn Sie sich f\u00fcr einen Urlaub in den Loire-Schl\u00f6ssern entscheiden, k\u00f6nnen Sie Dutzende von gro\u00dfartigen Monumenten besichtigen. Unser Campingplatz Parc de Fierbois ist der ideale [&hellip;]<\/p>\n","protected":false},"author":1,"featured_media":0,"parent":3596,"menu_order":0,"comment_status":"closed","ping_status":"closed","template":"","meta":{"_acf_changed":false,"footnotes":""},"lieu":[25],"acf":[],"_links":{"self":[{"href":"https:\/\/www.fierbois.com\/de\/wp-json\/wp\/v2\/pages\/3516"}],"collection":[{"href":"https:\/\/www.fierbois.com\/de\/wp-json\/wp\/v2\/pages"}],"about":[{"href":"https:\/\/www.fierbois.com\/de\/wp-json\/wp\/v2\/types\/page"}],"author":[{"embeddable":true,"href":"https:\/\/www.fierbois.com\/de\/wp-json\/wp\/v2\/users\/1"}],"replies":[{"embeddable":true,"href":"https:\/\/www.fierbois.com\/de\/wp-json\/wp\/v2\/comments?post=3516"}],"version-history":[{"count":1,"href":"https:\/\/www.fierbois.com\/de\/wp-json\/wp\/v2\/pages\/3516\/revisions"}],"predecessor-version":[{"id":3517,"href":"https:\/\/www.fierbois.com\/de\/wp-json\/wp\/v2\/pages\/3516\/revisions\/3517"}],"up":[{"embeddable":true,"href":"https:\/\/www.fierbois.com\/de\/wp-json\/wp\/v2\/pages\/3596"}],"wp:attachment":[{"href":"https:\/\/www.fierbois.com\/de\/wp-json\/wp\/v2\/media?parent=3516"}],"wp:term":[{"taxonomy":"lieu","embeddable":true,"href":"https:\/\/www.fierbois.com\/de\/wp-json\/wp\/v2\/lieu?post=3516"}],"curies":[{"name":"wp","href":"https:\/\/api.w.org\/{rel}","templated":true}]}}