{"id":3530,"date":"2025-04-03T14:53:48","date_gmt":"2025-04-03T12:53:48","guid":{"rendered":"https:\/\/www.fierbois.com\/speziell-fuer-radfahrer-und-wanderer\/"},"modified":"2026-02-06T15:50:24","modified_gmt":"2026-02-06T14:50:24","slug":"speziell-fuer-radfahrer-und-wanderer","status":"publish","type":"page","link":"https:\/\/www.fierbois.com\/de\/speziell-fuer-radfahrer-und-wanderer\/","title":{"rendered":"Speziell f\u00fcr Radfahrer und Wanderer"},"content":{"rendered":"<div class=\"diaporama-header align-full\"><div class=\"gallery\"><figure class=\"gallery__item\"><picture><source srcset=\"https:\/\/www.fierbois.com\/wp-content\/uploads\/2025\/08\/5-420x219.webp\" media=\"(max-width: 210px)\"><source srcset=\"https:\/\/www.fierbois.com\/wp-content\/uploads\/2025\/08\/5-850x443.webp\" media=\"(max-width: 420px)\"><source srcset=\"https:\/\/www.fierbois.com\/wp-content\/uploads\/2025\/08\/5-768x400.webp\" media=\"(max-width: 850px)\"><source srcset=\"https:\/\/www.fierbois.com\/wp-content\/uploads\/2025\/08\/5-1024x533.webp\" media=\"(max-width: 1024px)\"><source srcset=\"https:\/\/www.fierbois.com\/wp-content\/uploads\/2025\/08\/5.webp\" media=\"(min-width: 1025px)\"><img loading=\"lazy\" decoding=\"async\" src=\"https:\/\/www.fierbois.com\/wp-content\/uploads\/2025\/08\/5-420x219.webp\" width=\"420\" height=\"210\" alt=\"\" title=\"\"><\/picture><\/figure><\/div><div class=\"diaporama-header__inner\"><\/div><\/div>\n\n<div class=\"columns sec-10\"><div class=\"columns__item fade-down\"><p class=\"wording\" style=\"color: var(--vert);\"  >Machen Sie eine Pause, im Rhythmus Ihrer Schritte oder Ihrer Pedaltritte.<\/p><div class=\"buttons\"><span class=\"buttons__btn btn-resa is-style-resa\">Buchen Sie Ihren Urlaub<\/span><\/div><div class=\"gallery\"><figure class=\"gallery__item\"><picture><source srcset=\"https:\/\/www.fierbois.com\/wp-content\/uploads\/2025\/10\/cycliste-canadienne-420x280.jpg.webp\" media=\"(max-width: 210px)\"><source srcset=\"https:\/\/www.fierbois.com\/wp-content\/uploads\/2025\/10\/cycliste-canadienne-850x566.jpg.webp\" media=\"(max-width: 420px)\"><source srcset=\"https:\/\/www.fierbois.com\/wp-content\/uploads\/2025\/10\/cycliste-canadienne-768x512.jpg.webp\" media=\"(max-width: 850px)\"><source srcset=\"https:\/\/www.fierbois.com\/wp-content\/uploads\/2025\/10\/cycliste-canadienne-1024x682.jpg.webp\" media=\"(max-width: 1024px)\"><source srcset=\"https:\/\/www.fierbois.com\/wp-content\/uploads\/2025\/10\/cycliste-canadienne.jpg.webp\" media=\"(min-width: 1025px)\"><img decoding=\"async\" src=\"https:\/\/www.fierbois.com\/wp-content\/uploads\/2025\/10\/cycliste-canadienne-420x280.jpg.webp\" width=\"420\" height=\"210\" loading=\"lazy\" alt=\"\" title=\"\"><\/picture><figcaption>Iglu-Zelt<\/figcaption><\/figure><\/div><\/div><div class=\"columns__item fade-up reverse-mob\"><div class=\"gallery\"><figure class=\"gallery__item\"><picture><source srcset=\"https:\/\/www.fierbois.com\/wp-content\/uploads\/2025\/08\/emplacement-1024x768-1-420x315.webp\" media=\"(max-width: 210px)\"><source srcset=\"https:\/\/www.fierbois.com\/wp-content\/uploads\/2025\/08\/emplacement-1024x768-1-850x638.webp\" media=\"(max-width: 420px)\"><source srcset=\"https:\/\/www.fierbois.com\/wp-content\/uploads\/2025\/08\/emplacement-1024x768-1-768x576.webp\" media=\"(max-width: 850px)\"><source srcset=\"https:\/\/www.fierbois.com\/wp-content\/uploads\/2025\/08\/emplacement-1024x768-1.webp\" media=\"(max-width: 1024px)\"><source srcset=\"https:\/\/www.fierbois.com\/wp-content\/uploads\/2025\/08\/emplacement-1024x768-1.webp\" media=\"(min-width: 1025px)\"><img decoding=\"async\" src=\"https:\/\/www.fierbois.com\/wp-content\/uploads\/2025\/08\/emplacement-1024x768-1-420x315.webp\" width=\"420\" height=\"210\" loading=\"lazy\" alt=\"\" title=\"\"><\/picture><figcaption>Stellplatz mit Strom<\/figcaption><\/figure><\/div><h1>Etappenaufenthalte f\u00fcr Radfahrer und Wanderer im Herzen der Natur<\/h1><p    >Der mit dem Label \u201eAccueil V\u00e9lo\u201d ausgezeichnete Parc de Fierbois hei\u00dft Radfahrer und Wanderer f\u00fcr eine oder zwei N\u00e4chte mit gro\u00dfz\u00fcgigen, einfachen und praktischen Angeboten willkommen. Wenn Sie mit leichtem Gep\u00e4ck reisen m\u00f6chten, k\u00f6nnen Sie ein bereits aufgebautes Iglu-Zelt mit einer richtigen Matratze nutzen, das nach einem anstrengenden Tag bereitsteht, um Sie zu empfangen. Auf dem Stellplatz finden Sie au\u00dferdem eine Mikrowelle, einen K\u00fchlschrank, eine Steckdose zum Aufladen Ihres Handys und einen Tisch f\u00fcr Ihre Mahlzeiten. Sie m\u00fcssen sich nur noch niederlassen und die ruhige und nat\u00fcrliche Umgebung genie\u00dfen.<\/p><p    >Um Ihren Aufenthalt noch angenehmer zu gestalten, bieten wir Ihnen das <strong>Waschen und Trocknen Ihrer W\u00e4sche<\/strong> sowie einen <strong>Sonderpreis<\/strong> f\u00fcr Radreisende. Ob Sie nun auf einer Wandertour oder einer regionalen Rundreise sind, dies ist der ideale Zwischenstopp, um Ihre Batterien wieder aufzuladen&#8230; ohne logistische Sorgen. <\/p><\/div><\/div>","protected":false},"excerpt":{"rendered":"<p>Machen Sie eine Pause, im Rhythmus Ihrer Schritte oder Ihrer Pedaltritte. Etappenaufenthalte f\u00fcr Radfahrer und Wanderer im Herzen der Natur Der mit dem Label \u201eAccueil V\u00e9lo\u201d ausgezeichnete Parc de Fierbois hei\u00dft Radfahrer und Wanderer f\u00fcr eine oder zwei N\u00e4chte mit gro\u00dfz\u00fcgigen, einfachen und praktischen Angeboten willkommen. Wenn Sie mit leichtem Gep\u00e4ck reisen m\u00f6chten, k\u00f6nnen Sie [&hellip;]<\/p>\n","protected":false},"author":1,"featured_media":0,"parent":0,"menu_order":0,"comment_status":"open","ping_status":"open","template":"","meta":{"_acf_changed":false,"footnotes":""},"lieu":[],"acf":[],"_links":{"self":[{"href":"https:\/\/www.fierbois.com\/de\/wp-json\/wp\/v2\/pages\/3530"}],"collection":[{"href":"https:\/\/www.fierbois.com\/de\/wp-json\/wp\/v2\/pages"}],"about":[{"href":"https:\/\/www.fierbois.com\/de\/wp-json\/wp\/v2\/types\/page"}],"author":[{"embeddable":true,"href":"https:\/\/www.fierbois.com\/de\/wp-json\/wp\/v2\/users\/1"}],"replies":[{"embeddable":true,"href":"https:\/\/www.fierbois.com\/de\/wp-json\/wp\/v2\/comments?post=3530"}],"version-history":[{"count":4,"href":"https:\/\/www.fierbois.com\/de\/wp-json\/wp\/v2\/pages\/3530\/revisions"}],"predecessor-version":[{"id":4983,"href":"https:\/\/www.fierbois.com\/de\/wp-json\/wp\/v2\/pages\/3530\/revisions\/4983"}],"wp:attachment":[{"href":"https:\/\/www.fierbois.com\/de\/wp-json\/wp\/v2\/media?parent=3530"}],"wp:term":[{"taxonomy":"lieu","embeddable":true,"href":"https:\/\/www.fierbois.com\/de\/wp-json\/wp\/v2\/lieu?post=3530"}],"curies":[{"name":"wp","href":"https:\/\/api.w.org\/{rel}","templated":true}]}}