{"id":3541,"date":"2025-04-03T14:53:48","date_gmt":"2025-04-03T12:53:48","guid":{"rendered":"https:\/\/www.fierbois.com\/eine-familiengeschichte\/"},"modified":"2025-12-13T12:47:16","modified_gmt":"2025-12-13T11:47:16","slug":"eine-familiengeschichte","status":"publish","type":"page","link":"https:\/\/www.fierbois.com\/de\/eine-familiengeschichte\/","title":{"rendered":"Eine Familiengeschichte"},"content":{"rendered":"<div class=\"diaporama-header align-full\"><div class=\"gallery\"><figure class=\"gallery__item\"><picture><source srcset=\"https:\/\/www.fierbois.com\/wp-content\/uploads\/2025\/10\/Fierbois-en-1970-1920-420x233.jpg.webp\" media=\"(max-width: 210px)\"><source srcset=\"https:\/\/www.fierbois.com\/wp-content\/uploads\/2025\/10\/Fierbois-en-1970-1920-850x472.jpg.webp\" media=\"(max-width: 420px)\"><source srcset=\"https:\/\/www.fierbois.com\/wp-content\/uploads\/2025\/10\/Fierbois-en-1970-1920-768x427.jpg.webp\" media=\"(max-width: 850px)\"><source srcset=\"https:\/\/www.fierbois.com\/wp-content\/uploads\/2025\/10\/Fierbois-en-1970-1920-1024x569.jpg.webp\" media=\"(max-width: 1024px)\"><source srcset=\"https:\/\/www.fierbois.com\/wp-content\/uploads\/2025\/10\/Fierbois-en-1970-1920.jpg.webp\" media=\"(min-width: 1025px)\"><img loading=\"lazy\" decoding=\"async\" src=\"https:\/\/www.fierbois.com\/wp-content\/uploads\/2025\/10\/Fierbois-en-1970-1920-420x233.jpg.webp\" width=\"420\" height=\"210\" alt=\"\" title=\"\"><\/picture><\/figure><\/div><div class=\"diaporama-header__inner\"><\/div><\/div><div class=\"columns sec-10\"><div class=\"columns__item fade-down\"><p class=\"wording\" style=\"color: var(--vert);\"  >Die Gr\u00fcnder: Claude und Max de Lussac<\/p><div class=\"gallery\"><figure class=\"gallery__item\"><picture><source srcset=\"https:\/\/www.fierbois.com\/wp-content\/uploads\/2025\/10\/Fierbois-magasin-en-1970-420x282.jpg.webp\" media=\"(max-width: 210px)\"><source srcset=\"https:\/\/www.fierbois.com\/wp-content\/uploads\/2025\/10\/Fierbois-magasin-en-1970-850x571.jpg.webp\" media=\"(max-width: 420px)\"><source srcset=\"https:\/\/www.fierbois.com\/wp-content\/uploads\/2025\/10\/Fierbois-magasin-en-1970-768x516.jpg.webp\" media=\"(max-width: 850px)\"><source srcset=\"https:\/\/www.fierbois.com\/wp-content\/uploads\/2025\/10\/Fierbois-magasin-en-1970-1024x688.jpg.webp\" media=\"(max-width: 1024px)\"><source srcset=\"https:\/\/www.fierbois.com\/wp-content\/uploads\/2025\/10\/Fierbois-magasin-en-1970.jpg.webp\" media=\"(min-width: 1025px)\"><img decoding=\"async\" src=\"https:\/\/www.fierbois.com\/wp-content\/uploads\/2025\/10\/Fierbois-magasin-en-1970-420x282.jpg.webp\" width=\"420\" height=\"210\" loading=\"lazy\" alt=\"\" title=\"\"><\/picture><\/figure><\/div><\/div><div class=\"columns__item fade-up reverse-mob\"><div class=\"gallery\"><figure class=\"gallery__item\"><picture><source srcset=\"https:\/\/www.fierbois.com\/wp-content\/uploads\/2025\/10\/Fierbois-Bungalow-toile-en-1970-420x270.jpg.webp\" media=\"(max-width: 210px)\"><source srcset=\"https:\/\/www.fierbois.com\/wp-content\/uploads\/2025\/10\/Fierbois-Bungalow-toile-en-1970-850x547.jpg.webp\" media=\"(max-width: 420px)\"><source srcset=\"https:\/\/www.fierbois.com\/wp-content\/uploads\/2025\/10\/Fierbois-Bungalow-toile-en-1970-768x494.jpg.webp\" media=\"(max-width: 850px)\"><source srcset=\"https:\/\/www.fierbois.com\/wp-content\/uploads\/2025\/10\/Fierbois-Bungalow-toile-en-1970-1024x659.jpg.webp\" media=\"(max-width: 1024px)\"><source srcset=\"https:\/\/www.fierbois.com\/wp-content\/uploads\/2025\/10\/Fierbois-Bungalow-toile-en-1970.jpg.webp\" media=\"(min-width: 1025px)\"><img decoding=\"async\" src=\"https:\/\/www.fierbois.com\/wp-content\/uploads\/2025\/10\/Fierbois-Bungalow-toile-en-1970-420x270.jpg.webp\" width=\"420\" height=\"210\" loading=\"lazy\" alt=\"\" title=\"\"><\/picture><\/figure><\/div><p    >Alles begann im Jahr 1966. Claude und Max de Lussac gr\u00fcndeten hier einen Erholungsort f\u00fcr die Einwohner von Tourange, mit Angeln, Schwimmen und Tennis in einer ruhigen Umgebung. Drei Jahre sp\u00e4ter wurde der Campingplatz Fierbois in die Familie der Campings Castels aufgenommen.  <\/p><div class=\"lireplus fc-desk\"><p    >Lesen Sie mehr<\/p><div class=\"group\"><p    >Die Saisonarbeiter sind Studenten, oft aus dem Ausland, die im Haus der Familie wohnen. Und die Auff\u00fchrungen werden von allen durchgef\u00fchrt, von den Kindern der Familie, den Saisonarbeitern und den Campingg\u00e4sten. Jeder bringt sein Talent ein (Theater, Musik, Akrobatik &#8230;.), um die kleine Gemeinschaft der Camper zu unterhalten. Eine fr\u00fche Talentshow.<\/p><p    >Der fr\u00fche Tod von Max de Lussac im Jahr 1986 beendete diese erste Periode, die episch, fr\u00f6hlich und fantasievoll war.<\/p><\/div><\/div><\/div><\/div><div class=\"columns reverse-mob\"><div class=\"columns__item\"><div class=\"gallery\"><figure class=\"gallery__item\"><picture><source srcset=\"https:\/\/www.fierbois.com\/wp-content\/uploads\/2025\/10\/Fierbois-Pt-Sanitaire-avant-1994-420x274.jpg.webp\" media=\"(max-width: 210px)\"><source srcset=\"https:\/\/www.fierbois.com\/wp-content\/uploads\/2025\/10\/Fierbois-Pt-Sanitaire-avant-1994-850x554.jpg.webp\" media=\"(max-width: 420px)\"><source srcset=\"https:\/\/www.fierbois.com\/wp-content\/uploads\/2025\/10\/Fierbois-Pt-Sanitaire-avant-1994-768x501.jpg.webp\" media=\"(max-width: 850px)\"><source srcset=\"https:\/\/www.fierbois.com\/wp-content\/uploads\/2025\/10\/Fierbois-Pt-Sanitaire-avant-1994-1024x668.jpg.webp\" media=\"(max-width: 1024px)\"><source srcset=\"https:\/\/www.fierbois.com\/wp-content\/uploads\/2025\/10\/Fierbois-Pt-Sanitaire-avant-1994.jpg.webp\" media=\"(min-width: 1025px)\"><img decoding=\"async\" src=\"https:\/\/www.fierbois.com\/wp-content\/uploads\/2025\/10\/Fierbois-Pt-Sanitaire-avant-1994-420x274.jpg.webp\" width=\"420\" height=\"210\" loading=\"lazy\" alt=\"\" title=\"\"><\/picture><\/figure><\/div><\/div><div class=\"columns__item\"><h2 class=\"wording\" style=\"color: var(--vert);\">Der Entwickler: R\u00e9gis<\/h2><p    >R\u00e9gis, einer seiner S\u00f6hne, \u00fcbernahm die Leitung und f\u00fchrte den Campingplatz in eine andere Epoche: die Einrichtungen mussten verst\u00e4rkt werden, die Kunden erwarteten mehr Qualit\u00e4t und der Park begann mit dem Erwerb von Sternen, um den Komfort und die Dienstleistungen f\u00fcr die Kunden zu erh\u00f6hen: beheiztes Schwimmbad 1989, Rutschen und Wasserpark 1991, Bogenschie\u00dfen und Abenteuerparcours 2005, Citystade 2023&#8230;.<\/p><div class=\"lireplus fc-desk\"><p    >Lesen Sie mehr<\/p><div class=\"group\"><p    >Gleichzeitig erweitert der Park seine Unterkunftsarten, die immer komfortabler und ger\u00e4umiger werden. Neuester Trend? Glamping: Ungew\u00f6hnliche Unterk\u00fcnfte, um eine naturverbundenere Erfahrung zu machen (Baumh\u00e4user, Holz- und Zeltlodges am See, Safarizelte mit Gemeinschaftsgrill &#8230;).<\/p><p    >Auch auf dem Campingplatz wurde mit der Entwicklung von Premium-Castels (heute: Stellpl\u00e4tze Avantage) und Stellpl\u00e4tzen mit privaten Sanit\u00e4ranlagen (unsere heutigen Premium-Stellpl\u00e4tze) nicht gegeizt. Manche werden sagen, dass dies der Tod des Campinggeistes ist (die \u00dcberquerung des Campingplatzes mit der ber\u00fchmten Toilettenpapierrolle!!!), aber es ist auch eine M\u00f6glichkeit, einen integrativeren Campingplatz neu zu erfinden. Dies ist jedenfalls unsere Absicht &#8230;.<\/p><p    >F\u00fcr den Gaumen begann alles mit dem Restaurant, das 1970 er\u00f6ffnet wurde. 1985 kam eine Pizzeria hinzu. Seit 2005 verw\u00f6hnt Sie die Poolbar den ganzen Tag \u00fcber mit Animationen und Snacks direkt am Wasser. <\/p><\/div><\/div><\/div><\/div><div class=\"columns sec-10 reverse-mob\"><div class=\"columns__item fade-up reverse-mob\"><div class=\"gallery\"><figure class=\"gallery__item\"><picture><source srcset=\"https:\/\/www.fierbois.com\/wp-content\/uploads\/2025\/10\/Resto-2011-420x279.jpg.webp\" media=\"(max-width: 210px)\"><source srcset=\"https:\/\/www.fierbois.com\/wp-content\/uploads\/2025\/10\/Resto-2011-850x564.jpg.webp\" media=\"(max-width: 420px)\"><source srcset=\"https:\/\/www.fierbois.com\/wp-content\/uploads\/2025\/10\/Resto-2011-768x510.jpg.webp\" media=\"(max-width: 850px)\"><source srcset=\"https:\/\/www.fierbois.com\/wp-content\/uploads\/2025\/10\/Resto-2011-1024x680.jpg.webp\" media=\"(max-width: 1024px)\"><source srcset=\"https:\/\/www.fierbois.com\/wp-content\/uploads\/2025\/10\/Resto-2011.jpg.webp\" media=\"(min-width: 1025px)\"><img decoding=\"async\" src=\"https:\/\/www.fierbois.com\/wp-content\/uploads\/2025\/10\/Resto-2011-420x279.jpg.webp\" width=\"420\" height=\"210\" loading=\"lazy\" alt=\"\" title=\"\"><\/picture><\/figure><\/div><p    >Im Jahr 2022 \u00fcbergibt R\u00e9gis die Leitung an seinen Bruder Guillaume, dem sich 2023 seine Frau Christine anschlie\u00dft. Ein Unternehmen dieser Gr\u00f6\u00dfe ist mittlerweile zu schwer f\u00fcr ein Paar Schultern: Es sind nicht zu viele, um dieses Schiff zu steuern! <\/p><div class=\"lireplus fc-desk\"><p    >Lesen Sie mehr<\/p><div class=\"group\"><p    >Wir sind davon \u00fcberzeugt, dass Familienunternehmen Sch\u00e4tze sind, die es zu hegen und zu pflegen gilt, sowohl innerhalb einer Familie als auch in einem bestimmten Gebiet&#8230; <br\/>Dies ist eine Gelegenheit f\u00fcr unsere Kunden, unsere Verpflichtungen kennenzulernen, was uns sehr am Herzen liegt. F\u00fcr uns bedeutet dies, dass wir uns gegen zu viel Standardisierung wehren und ein originelles Erlebnis in diesem Rohdiamanten der Natur, dem Parc de Fierbois, anbieten.  <\/p><p    >Wir versprechen, Sie \u00fcber den weiteren Verlauf auf dem Laufenden zu halten &#8230;.<\/p><\/div><\/div><\/div><div class=\"columns__item fade-down\"><p class=\"wording\" style=\"color: var(--vert);\"  >Die \u00dcbermittler: Christine und Guillaume  <\/p><div class=\"gallery\"><figure class=\"gallery__item\"><picture><source srcset=\"https:\/\/www.fierbois.com\/wp-content\/uploads\/2025\/10\/plage-avant-2011-redim-420x280.jpg.webp\" media=\"(max-width: 210px)\"><source srcset=\"https:\/\/www.fierbois.com\/wp-content\/uploads\/2025\/10\/plage-avant-2011-redim-850x566.jpg.webp\" media=\"(max-width: 420px)\"><source srcset=\"https:\/\/www.fierbois.com\/wp-content\/uploads\/2025\/10\/plage-avant-2011-redim-768x512.jpg.webp\" media=\"(max-width: 850px)\"><source srcset=\"https:\/\/www.fierbois.com\/wp-content\/uploads\/2025\/10\/plage-avant-2011-redim-1024x682.jpg.webp\" media=\"(max-width: 1024px)\"><source srcset=\"https:\/\/www.fierbois.com\/wp-content\/uploads\/2025\/10\/plage-avant-2011-redim.jpg.webp\" media=\"(min-width: 1025px)\"><img decoding=\"async\" src=\"https:\/\/www.fierbois.com\/wp-content\/uploads\/2025\/10\/plage-avant-2011-redim-420x280.jpg.webp\" width=\"420\" height=\"210\" loading=\"lazy\" alt=\"\" title=\"\"><\/picture><\/figure><\/div><\/div><\/div>","protected":false},"excerpt":{"rendered":"<p>Die Gr\u00fcnder: Claude und Max de Lussac Alles begann im Jahr 1966. Claude und Max de Lussac gr\u00fcndeten hier einen Erholungsort f\u00fcr die Einwohner von Tourange, mit Angeln, Schwimmen und Tennis in einer ruhigen Umgebung. Drei Jahre sp\u00e4ter wurde der Campingplatz Fierbois in die Familie der Campings Castels aufgenommen. Der Entwickler: R\u00e9gis R\u00e9gis, einer seiner [&hellip;]<\/p>\n","protected":false},"author":1,"featured_media":0,"parent":0,"menu_order":0,"comment_status":"open","ping_status":"open","template":"","meta":{"_acf_changed":false,"footnotes":""},"lieu":[],"acf":[],"_links":{"self":[{"href":"https:\/\/www.fierbois.com\/de\/wp-json\/wp\/v2\/pages\/3541"}],"collection":[{"href":"https:\/\/www.fierbois.com\/de\/wp-json\/wp\/v2\/pages"}],"about":[{"href":"https:\/\/www.fierbois.com\/de\/wp-json\/wp\/v2\/types\/page"}],"author":[{"embeddable":true,"href":"https:\/\/www.fierbois.com\/de\/wp-json\/wp\/v2\/users\/1"}],"replies":[{"embeddable":true,"href":"https:\/\/www.fierbois.com\/de\/wp-json\/wp\/v2\/comments?post=3541"}],"version-history":[{"count":12,"href":"https:\/\/www.fierbois.com\/de\/wp-json\/wp\/v2\/pages\/3541\/revisions"}],"predecessor-version":[{"id":4430,"href":"https:\/\/www.fierbois.com\/de\/wp-json\/wp\/v2\/pages\/3541\/revisions\/4430"}],"wp:attachment":[{"href":"https:\/\/www.fierbois.com\/de\/wp-json\/wp\/v2\/media?parent=3541"}],"wp:term":[{"taxonomy":"lieu","embeddable":true,"href":"https:\/\/www.fierbois.com\/de\/wp-json\/wp\/v2\/lieu?post=3541"}],"curies":[{"name":"wp","href":"https:\/\/api.w.org\/{rel}","templated":true}]}}