{"id":3567,"date":"2025-04-03T14:53:48","date_gmt":"2025-04-03T12:53:48","guid":{"rendered":"https:\/\/www.fierbois.com\/bringen-sie-ihre-vierbeinigen-freunde-mit\/"},"modified":"2026-01-29T11:27:14","modified_gmt":"2026-01-29T10:27:14","slug":"bringen-sie-ihre-vierbeinigen-freunde-mit","status":"publish","type":"page","link":"https:\/\/www.fierbois.com\/de\/bringen-sie-ihre-vierbeinigen-freunde-mit\/","title":{"rendered":"Bringen Sie Ihre vierbeinigen Freunde mit"},"content":{"rendered":"<div class=\"diaporama-header align-full\"><div class=\"gallery\"><figure class=\"gallery__item\"><picture><source srcset=\"https:\/\/www.fierbois.com\/wp-content\/uploads\/2025\/04\/AdobeStock_313692438-420x280.webp\" media=\"(max-width: 210px)\"><source srcset=\"https:\/\/www.fierbois.com\/wp-content\/uploads\/2025\/04\/AdobeStock_313692438-850x568.webp\" media=\"(max-width: 420px)\"><source srcset=\"https:\/\/www.fierbois.com\/wp-content\/uploads\/2025\/04\/AdobeStock_313692438-768x513.webp\" media=\"(max-width: 850px)\"><source srcset=\"https:\/\/www.fierbois.com\/wp-content\/uploads\/2025\/04\/AdobeStock_313692438-1024x684.webp\" media=\"(max-width: 1024px)\"><source srcset=\"https:\/\/www.fierbois.com\/wp-content\/uploads\/2025\/04\/AdobeStock_313692438.webp\" media=\"(min-width: 1025px)\"><img loading=\"lazy\" decoding=\"async\" src=\"https:\/\/www.fierbois.com\/wp-content\/uploads\/2025\/04\/AdobeStock_313692438-420x280.webp\" width=\"420\" height=\"210\" alt=\"\" title=\"\"><\/picture><\/figure><\/div><div class=\"diaporama-header__inner\"><\/div><\/div><div class=\"columns reverse-mob\"><div class=\"columns__item\"><div class=\"gallery\"><figure class=\"gallery__item\"><picture><source srcset=\"https:\/\/www.fierbois.com\/wp-content\/uploads\/2025\/04\/AdobeStock_440157013-420x302.webp\" media=\"(max-width: 210px)\"><source srcset=\"https:\/\/www.fierbois.com\/wp-content\/uploads\/2025\/04\/AdobeStock_440157013-850x611.webp\" media=\"(max-width: 420px)\"><source srcset=\"https:\/\/www.fierbois.com\/wp-content\/uploads\/2025\/04\/AdobeStock_440157013-768x552.webp\" media=\"(max-width: 850px)\"><source srcset=\"https:\/\/www.fierbois.com\/wp-content\/uploads\/2025\/04\/AdobeStock_440157013-1024x736.webp\" media=\"(max-width: 1024px)\"><source srcset=\"https:\/\/www.fierbois.com\/wp-content\/uploads\/2025\/04\/AdobeStock_440157013.webp\" media=\"(min-width: 1025px)\"><img decoding=\"async\" src=\"https:\/\/www.fierbois.com\/wp-content\/uploads\/2025\/04\/AdobeStock_440157013-420x302.webp\" width=\"420\" height=\"210\" loading=\"lazy\" alt=\"\" title=\"\"><\/picture><figcaption>Unsere Luft schnuppern<\/figcaption><\/figure><\/div><\/div><div class=\"columns__item\"><p class=\"wording\" style=\"color: var(--vert);\"  >Ihre Haustiere sind Familie, sie sind hier zu Hause<\/p><h2>Im Urlaub werden die H\u00fcndchen nicht vergessen<\/h2><p   id=\"https:\/\/emmenetonchien.com\/\" >Als gl\u00fcckliche Besitzer von \u201evierbeinigen Freunden\u201c wissen wir, wie es ist: Ohne Hund oder Katze in den Urlaub zu fahren, ist einfach nicht dasselbe. Und damit zu leben, ist nicht immer einfach. Bei uns werden sie wie Freunde empfangen&#8230; auf vier Pfoten.<br\/>Wir sind sogar mit dem Label <a href=\"https:\/\/emmenetonchien.com\/equipe-emmenetonchien\/\" data-type=\"link\" data-id=\"https:\/\/emmenetonchien.com\/\" rel=\"noopener\">Qualidog<\/a> ausgezeichnet, dem Label f\u00fcr hundefreundliche Einrichtungen!<br\/>Spazierg\u00e4nge in der Natur, schattige Pl\u00e4tze, gemeinsame Momente&#8230; Der Parc de Fierbois ist auch ihr Urlaubsort.<\/p><\/div><\/div><div class=\"columns sec-10\"><div class=\"columns__item fade-down\"><p class=\"wording\" style=\"color: var(--vert);\"  >Die richtigen Gesten f\u00fcr einen perfekten Aufenthalt<\/p><div class=\"gallery\"><figure class=\"gallery__item\"><picture><source srcset=\"https:\/\/www.fierbois.com\/wp-content\/uploads\/2025\/04\/AdobeStock_219815857-420x280.webp\" media=\"(max-width: 210px)\"><source srcset=\"https:\/\/www.fierbois.com\/wp-content\/uploads\/2025\/04\/AdobeStock_219815857-850x566.webp\" media=\"(max-width: 420px)\"><source srcset=\"https:\/\/www.fierbois.com\/wp-content\/uploads\/2025\/04\/AdobeStock_219815857-768x512.webp\" media=\"(max-width: 850px)\"><source srcset=\"https:\/\/www.fierbois.com\/wp-content\/uploads\/2025\/04\/AdobeStock_219815857-1024x682.webp\" media=\"(max-width: 1024px)\"><source srcset=\"https:\/\/www.fierbois.com\/wp-content\/uploads\/2025\/04\/AdobeStock_219815857.webp\" media=\"(min-width: 1025px)\"><img decoding=\"async\" src=\"https:\/\/www.fierbois.com\/wp-content\/uploads\/2025\/04\/AdobeStock_219815857-420x280.webp\" width=\"420\" height=\"210\" loading=\"lazy\" alt=\"\" title=\"\"><\/picture><figcaption>Toutou ist erlaubt<\/figcaption><\/figure><\/div><\/div><div class=\"columns__item fade-up reverse-mob\"><div class=\"gallery\"><figure class=\"gallery__item\"><picture><source srcset=\"https:\/\/www.fierbois.com\/wp-content\/uploads\/2025\/04\/AdobeStock_309598560-420x280.webp\" media=\"(max-width: 210px)\"><source srcset=\"https:\/\/www.fierbois.com\/wp-content\/uploads\/2025\/04\/AdobeStock_309598560-850x566.webp\" media=\"(max-width: 420px)\"><source srcset=\"https:\/\/www.fierbois.com\/wp-content\/uploads\/2025\/04\/AdobeStock_309598560-768x511.webp\" media=\"(max-width: 850px)\"><source srcset=\"https:\/\/www.fierbois.com\/wp-content\/uploads\/2025\/04\/AdobeStock_309598560-1024x682.webp\" media=\"(max-width: 1024px)\"><source srcset=\"https:\/\/www.fierbois.com\/wp-content\/uploads\/2025\/04\/AdobeStock_309598560.webp\" media=\"(min-width: 1025px)\"><img decoding=\"async\" src=\"https:\/\/www.fierbois.com\/wp-content\/uploads\/2025\/04\/AdobeStock_309598560-420x280.webp\" width=\"420\" height=\"210\" loading=\"lazy\" alt=\"\" title=\"\"><\/picture><figcaption>Aufenthalt inklusive Hund<\/figcaption><\/figure><\/div><h2>Ein hundefreundlicher Aufenthalt<\/h2><p    >Haustiere sind bei uns willkommen! Sie m\u00fcssen nur \u00fcber einen aktuellen Impfpass, eine Parasitenbehandlung und einen Chip oder eine T\u00e4towierung zur Identifizierung des Tieres verf\u00fcgen. F\u00fcr Mobilheime wird eine kleine Geb\u00fchr erhoben, aber auf dem Stellplatz ist es kostenlos. Sie sollten Ihren Hund nicht alleine lassen und die Leine bei Spazierg\u00e4ngen anbehalten, au\u00dfer in den W\u00e4ldern, weit weg von anderen Urlaubern: dort herrscht v\u00f6llige Freiheit! Es gibt keinen Zugang zum Pool, aber der Strand ist f\u00fcr sie da.      <\/p><\/div><\/div><div class=\"columns\"><div class=\"columns__item\"><p class=\"wording\" style=\"color: var(--vert);\"  >Gehen Sie mit Ihrem Partner auf Abenteuerreise<\/p><h2>Wir versprechen Ihnen einen Urlaub mit vier Pfoten und ohne Probleme.<\/h2><p    >Genie\u00dfen Sie die herrlichen Schl\u00f6sser der Loire, wo Ihr Hund meist gemeinsam mit Ihnen die G\u00e4rten erkunden kann. Einige Schl\u00f6sser, wie Uss\u00e9 oder Langeais, bieten sogar die M\u00f6glichkeit, die gesamte Tour zusammen zu machen. Weitere Informationen finden Sie in Ihrem digitalen Besucherheft und gehen Sie mit Ihrem vierbeinigen Freund auf Abenteuerreise!  <\/p><\/div><div class=\"columns__item\"><div class=\"gallery\"><figure class=\"gallery__item\"><picture><source srcset=\"https:\/\/www.fierbois.com\/wp-content\/uploads\/2025\/04\/AdobeStock_1099645862-420x280.webp\" media=\"(max-width: 210px)\"><source srcset=\"https:\/\/www.fierbois.com\/wp-content\/uploads\/2025\/04\/AdobeStock_1099645862-850x566.webp\" media=\"(max-width: 420px)\"><source srcset=\"https:\/\/www.fierbois.com\/wp-content\/uploads\/2025\/04\/AdobeStock_1099645862-768x512.webp\" media=\"(max-width: 850px)\"><source srcset=\"https:\/\/www.fierbois.com\/wp-content\/uploads\/2025\/04\/AdobeStock_1099645862-1024x682.webp\" media=\"(max-width: 1024px)\"><source srcset=\"https:\/\/www.fierbois.com\/wp-content\/uploads\/2025\/04\/AdobeStock_1099645862.webp\" media=\"(min-width: 1025px)\"><img decoding=\"async\" src=\"https:\/\/www.fierbois.com\/wp-content\/uploads\/2025\/04\/AdobeStock_1099645862-420x280.webp\" width=\"420\" height=\"210\" loading=\"lazy\" alt=\"\" title=\"\"><\/picture><\/figure><\/div><\/div><\/div>","protected":false},"excerpt":{"rendered":"<p>Ihre Haustiere sind Familie, sie sind hier zu Hause Im Urlaub werden die H\u00fcndchen nicht vergessen Als gl\u00fcckliche Besitzer von \u201evierbeinigen Freunden\u201c wissen wir, wie es ist: Ohne Hund oder Katze in den Urlaub zu fahren, ist einfach nicht dasselbe. Und damit zu leben, ist nicht immer einfach. Bei uns werden sie wie Freunde empfangen&#8230; [&hellip;]<\/p>\n","protected":false},"author":1,"featured_media":0,"parent":0,"menu_order":0,"comment_status":"open","ping_status":"open","template":"","meta":{"_acf_changed":false,"footnotes":""},"lieu":[],"acf":[],"_links":{"self":[{"href":"https:\/\/www.fierbois.com\/de\/wp-json\/wp\/v2\/pages\/3567"}],"collection":[{"href":"https:\/\/www.fierbois.com\/de\/wp-json\/wp\/v2\/pages"}],"about":[{"href":"https:\/\/www.fierbois.com\/de\/wp-json\/wp\/v2\/types\/page"}],"author":[{"embeddable":true,"href":"https:\/\/www.fierbois.com\/de\/wp-json\/wp\/v2\/users\/1"}],"replies":[{"embeddable":true,"href":"https:\/\/www.fierbois.com\/de\/wp-json\/wp\/v2\/comments?post=3567"}],"version-history":[{"count":3,"href":"https:\/\/www.fierbois.com\/de\/wp-json\/wp\/v2\/pages\/3567\/revisions"}],"predecessor-version":[{"id":4884,"href":"https:\/\/www.fierbois.com\/de\/wp-json\/wp\/v2\/pages\/3567\/revisions\/4884"}],"wp:attachment":[{"href":"https:\/\/www.fierbois.com\/de\/wp-json\/wp\/v2\/media?parent=3567"}],"wp:term":[{"taxonomy":"lieu","embeddable":true,"href":"https:\/\/www.fierbois.com\/de\/wp-json\/wp\/v2\/lieu?post=3567"}],"curies":[{"name":"wp","href":"https:\/\/api.w.org\/{rel}","templated":true}]}}