{"id":3573,"date":"2024-07-15T12:36:18","date_gmt":"2024-07-15T10:36:18","guid":{"rendered":"https:\/\/www.fierbois.com\/startseite\/"},"modified":"2026-01-29T11:14:38","modified_gmt":"2026-01-29T10:14:38","slug":"startseite","status":"publish","type":"page","link":"https:\/\/www.fierbois.com\/de\/","title":{"rendered":"Startseite"},"content":{"rendered":"<div class=\"group sec-00 align-full\">\n<figure class=\"wp-block-video\"><video autoplay=\"\" loop=\"\" muted=\"\" poster=\"https:\/\/www.fierbois.com\/wp-content\/uploads\/2025\/06\/screen-video-fierbois-ete-2024.webp\" src=\"\/wp-content\/uploads\/video\/fierbois-ete-2024-16-9.mp4\" playsinline=\"\"><\/video><\/figure>\n<\/div><div class=\"columns sec-10\"><div class=\"columns__item fade-down\"><p class=\"wording\" style=\"color: var(--vert);\"  >100 Hektar Natur im Herzen der Region der Loire-Schl\u00f6sser<\/p><div class=\"gallery\"><figure class=\"gallery__item\"><a href=\"https:\/\/www.fierbois.com\/de\/waldgebiet\/\"><picture><source srcset=\"https:\/\/www.fierbois.com\/wp-content\/uploads\/2025\/08\/Photo-54-420x315.webp\" media=\"(max-width: 210px)\"><source srcset=\"https:\/\/www.fierbois.com\/wp-content\/uploads\/2025\/08\/Photo-54-850x637.webp\" media=\"(max-width: 420px)\"><source srcset=\"https:\/\/www.fierbois.com\/wp-content\/uploads\/2025\/08\/Photo-54-768x575.webp\" media=\"(max-width: 850px)\"><source srcset=\"https:\/\/www.fierbois.com\/wp-content\/uploads\/2025\/08\/Photo-54-1024x767.webp\" media=\"(max-width: 1024px)\"><source srcset=\"https:\/\/www.fierbois.com\/wp-content\/uploads\/2025\/08\/Photo-54.webp\" media=\"(min-width: 1025px)\"><img decoding=\"async\" src=\"https:\/\/www.fierbois.com\/wp-content\/uploads\/2025\/08\/Photo-54-420x315.webp\" width=\"420\" height=\"210\" loading=\"lazy\" alt=\"\" title=\"\"><\/picture><figcaption>Der Wald<\/figcaption><\/a><\/figure><\/div><\/div><div class=\"columns__item fade-up reverse-mob\"><div class=\"gallery\"><figure class=\"gallery__item\"><a href=\"https:\/\/www.fierbois.com\/de\/der-see\/\"><picture><source srcset=\"https:\/\/www.fierbois.com\/wp-content\/uploads\/2025\/03\/Photo-110-420x308.webp\" media=\"(max-width: 210px)\"><source srcset=\"https:\/\/www.fierbois.com\/wp-content\/uploads\/2025\/03\/Photo-110-850x624.webp\" media=\"(max-width: 420px)\"><source srcset=\"https:\/\/www.fierbois.com\/wp-content\/uploads\/2025\/03\/Photo-110-768x564.webp\" media=\"(max-width: 850px)\"><source srcset=\"https:\/\/www.fierbois.com\/wp-content\/uploads\/2025\/03\/Photo-110-1024x752.webp\" media=\"(max-width: 1024px)\"><source srcset=\"https:\/\/www.fierbois.com\/wp-content\/uploads\/2025\/03\/Photo-110.webp\" media=\"(min-width: 1025px)\"><img decoding=\"async\" src=\"https:\/\/www.fierbois.com\/wp-content\/uploads\/2025\/03\/Photo-110-420x308.webp\" width=\"420\" height=\"210\" loading=\"lazy\" alt=\"\" title=\"\"><\/picture><figcaption>Der See<\/figcaption><\/a><\/figure><\/div><h1>Le Parc de Fierbois, der Castel 5-Sterne-Campingplatz im Departement Indre-et-Loire<\/h1><div class=\"buttons\"><span class=\"buttons__btn btn-resa is-style-resa\">Buchen Sie Ihren Urlaub<\/span><\/div><p    >Entdecken Sie einen einzigartigen Ort in der N\u00e4he von Tours, wo die unber\u00fchrte Natur Sie mit offenen Armen empf\u00e4ngt. Unser 5-Sterne-Campingplatz im Departement Indre-et-Loire ist der perfekte Ort, um sich zu erholen.<\/p><div class=\"lireplus fc-desk\"><p    >Lesen Sie mehr<\/p><div class=\"group\"><p    >Auf 100 Hektar Gr\u00fcnfl\u00e4che k\u00f6nnen Sie im Wald spazieren gehen und die Ruhe unseres 7 Hektar gro\u00dfen Sees genie\u00dfen.<br\/>Dies ist ein au\u00dfergew\u00f6hnliches, gesch\u00fctztes Naturreservat, in dem Sie erholsame und entdeckungsreiche Momente verbringen k\u00f6nnen. Wir begr\u00fc\u00dfen Sie zu einem ruhigen und entspannten Urlaub im Loiretal.<\/p><\/div><\/div><\/div><\/div><div class=\"columns reverse-mob\"><div class=\"columns__item fade-up\"><div class=\"gallery\"><figure class=\"gallery__item\"><a href=\"https:\/\/www.fierbois.com\/de\/das-team-das-sie-begruessen-wird\/\"><picture><source srcset=\"https:\/\/www.fierbois.com\/wp-content\/uploads\/2025\/08\/Christine-et-Guillaume-1-e1762261408600-420x249.webp\" media=\"(max-width: 210px)\"><source srcset=\"https:\/\/www.fierbois.com\/wp-content\/uploads\/2025\/08\/Christine-et-Guillaume-1-e1762261408600-850x504.webp\" media=\"(max-width: 420px)\"><source srcset=\"https:\/\/www.fierbois.com\/wp-content\/uploads\/2025\/08\/Christine-et-Guillaume-1-e1762261408600-768x455.webp\" media=\"(max-width: 850px)\"><source srcset=\"https:\/\/www.fierbois.com\/wp-content\/uploads\/2025\/08\/Christine-et-Guillaume-1-e1762261408600-1024x607.webp\" media=\"(max-width: 1024px)\"><source srcset=\"https:\/\/www.fierbois.com\/wp-content\/uploads\/2025\/08\/Christine-et-Guillaume-1-e1762261408600.webp\" media=\"(min-width: 1025px)\"><img decoding=\"async\" src=\"https:\/\/www.fierbois.com\/wp-content\/uploads\/2025\/08\/Christine-et-Guillaume-1-e1762261408600-420x249.webp\" width=\"420\" height=\"210\" loading=\"lazy\" alt=\"\" title=\"\"><\/picture><figcaption>Ihre Gastgeber<\/figcaption><\/a><\/figure><\/div><\/div><div class=\"columns__item fade-left\"><p class=\"wording\" style=\"color: var(--vert);\"  >Wir begr\u00fc\u00dfen Sie bei uns in der Natur.<\/p><h2>Ein engagiertes Team zu Ihren Diensten<\/h2><p    >Seit mehr als 50 Jahren ist der Parc de Fierbois in der N\u00e4he von Tours mehr als nur ein Campingplatz. Es ist eine Geschichte der Familie, der Leidenschaft und der Natur. <\/p><div class=\"lireplus fc-desk\"><p    >Lesen Sie mehr<\/p><div class=\"group\"><p    >In der Kette Les Castels haben wir uns eine authentische Seite bewahrt, aber Ihre Gastfreundschaft und die Qualit\u00e4t Ihres Aufenthalts sind f\u00fcr uns das Wichtigste. Wir tun alles, um Ihnen einen unvergesslichen Aufenthalt zu erm\u00f6glichen.<br\/><br\/>Wir m\u00f6chten diesen Ort erhalten. Alles ist so konzipiert, dass Sie sich hier wie zu Hause f\u00fchlen k\u00f6nnen. Hinter unserem L\u00e4cheln finden Sie ein engagiertes Team, das bereit ist, Ihren Aufenthalt noch besser zu machen.<\/p><\/div><\/div><\/div><\/div><div class=\"columns sec-10\"><div class=\"columns__item fade-down\"><p class=\"wording\" style=\"color: var(--vert);\"  >Sie werden mit Schuhen voller Erde, aber mit einem Herzen voller Freude nach Hause gehen.<\/p><div class=\"gallery\"><figure class=\"gallery__item\"><a href=\"https:\/\/www.fierbois.com\/de\/bringen-sie-ihre-vierbeinigen-freunde-mit\/\"><picture><source srcset=\"https:\/\/www.fierbois.com\/wp-content\/uploads\/2025\/08\/chien-camping-420x280.webp\" media=\"(max-width: 210px)\"><source srcset=\"https:\/\/www.fierbois.com\/wp-content\/uploads\/2025\/08\/chien-camping-850x566.webp\" media=\"(max-width: 420px)\"><source srcset=\"https:\/\/www.fierbois.com\/wp-content\/uploads\/2025\/08\/chien-camping-768x512.webp\" media=\"(max-width: 850px)\"><source srcset=\"https:\/\/www.fierbois.com\/wp-content\/uploads\/2025\/08\/chien-camping-1024x682.webp\" media=\"(max-width: 1024px)\"><source srcset=\"https:\/\/www.fierbois.com\/wp-content\/uploads\/2025\/08\/chien-camping.webp\" media=\"(min-width: 1025px)\"><img decoding=\"async\" src=\"https:\/\/www.fierbois.com\/wp-content\/uploads\/2025\/08\/chien-camping-420x280.webp\" width=\"420\" height=\"210\" loading=\"lazy\" alt=\"\" title=\"\"><\/picture><figcaption>Ihre Begleiter<\/figcaption><\/a><\/figure><\/div><\/div><div class=\"columns__item fade-up reverse-mob\"><div class=\"gallery\"><figure class=\"gallery__item\"><a href=\"https:\/\/www.fierbois.com\/de\/kinder-und-jugendclub\/\"><picture><source srcset=\"https:\/\/www.fierbois.com\/wp-content\/uploads\/2025\/03\/IMG_2670-420x308.webp\" media=\"(max-width: 210px)\"><source srcset=\"https:\/\/www.fierbois.com\/wp-content\/uploads\/2025\/03\/IMG_2670-850x624.webp\" media=\"(max-width: 420px)\"><source srcset=\"https:\/\/www.fierbois.com\/wp-content\/uploads\/2025\/03\/IMG_2670-768x564.webp\" media=\"(max-width: 850px)\"><source srcset=\"https:\/\/www.fierbois.com\/wp-content\/uploads\/2025\/03\/IMG_2670-1024x752.webp\" media=\"(max-width: 1024px)\"><source srcset=\"https:\/\/www.fierbois.com\/wp-content\/uploads\/2025\/03\/IMG_2670.webp\" media=\"(min-width: 1025px)\"><img decoding=\"async\" src=\"https:\/\/www.fierbois.com\/wp-content\/uploads\/2025\/03\/IMG_2670-420x308.webp\" width=\"420\" height=\"210\" loading=\"lazy\" alt=\"\" title=\"\"><\/picture><figcaption>Kinder<\/figcaption><\/a><\/figure><\/div><h2>Ihre Aktivit\u00e4ten auf dem 5-Sterne-Campingplatz Val de Loire<\/h2><p    >Wenn Sie in unserem Park in der N\u00e4he von Tours ankommen, werden Sie sofort unsere freundliche Atmosph\u00e4re sp\u00fcren. Hier spielen die Kinder im Freien, rennen herum und machen sich schmutzig, und das ist auch gut so! Auch Ihre vierbeinigen Freunde sind herzlich willkommen, um diese Momente mit der Familie zu teilen.  <\/p><div class=\"lireplus fc-desk\"><p    >Lesen Sie mehr<\/p><div class=\"group\"><p    >Vor Ort haben Sie alles, was Sie brauchen: Restaurants, Gesch\u00e4fte, Bars, W\u00e4scherei und eine Rezeption, die Ihnen gerne behilflich ist.<br\/><br\/>Bei den Aktivit\u00e4ten ist f\u00fcr jeden Geschmack etwas dabei: Wasserpark mit Rutschen, beheiztes Schwimmbad, See mit Wasserspielen, Abenteuerpark, Minigolf oder auch ein Multisportplatz&#8230; Ob Sie sich entspannen oder bewegen wollen, wir haben alles f\u00fcr Sie vorbereitet! <\/p><\/div><\/div><\/div><\/div><div class=\"columns sec-10\"><div class=\"columns__item fade-down\"><p class=\"wording\" style=\"color: var(--vert);\"  >Tauchen Sie ein ins Vergn\u00fcgen, im Schwimmbad oder auf dem See!<\/p><div class=\"gallery\"><figure class=\"gallery__item\"><a href=\"https:\/\/www.fierbois.com\/de\/aktivitaeten-fuer-alle\/\"><picture><source srcset=\"https:\/\/www.fierbois.com\/wp-content\/uploads\/2025\/03\/AdobeStock_1086083001-1-420x250.webp\" media=\"(max-width: 210px)\"><source srcset=\"https:\/\/www.fierbois.com\/wp-content\/uploads\/2025\/03\/AdobeStock_1086083001-1-850x506.webp\" media=\"(max-width: 420px)\"><source srcset=\"https:\/\/www.fierbois.com\/wp-content\/uploads\/2025\/03\/AdobeStock_1086083001-1-768x458.webp\" media=\"(max-width: 850px)\"><source srcset=\"https:\/\/www.fierbois.com\/wp-content\/uploads\/2025\/03\/AdobeStock_1086083001-1-1024x610.webp\" media=\"(max-width: 1024px)\"><source srcset=\"https:\/\/www.fierbois.com\/wp-content\/uploads\/2025\/03\/AdobeStock_1086083001-1.webp\" media=\"(min-width: 1025px)\"><img decoding=\"async\" src=\"https:\/\/www.fierbois.com\/wp-content\/uploads\/2025\/03\/AdobeStock_1086083001-1-420x250.webp\" width=\"420\" height=\"210\" alt=\"Cano\u00eb et paddle sur la rivi\u00e8re\" loading=\"lazy\" title=\"\"><\/picture><figcaption>Nautische Aktivit\u00e4ten<\/figcaption><\/a><\/figure><\/div><\/div><div class=\"columns__item fade-up reverse-mob\"><div class=\"gallery\"><figure class=\"gallery__item\"><a href=\"https:\/\/www.fierbois.com\/de\/der-wasserbereich\/\"><picture><source srcset=\"https:\/\/www.fierbois.com\/wp-content\/uploads\/2025\/03\/IMG_2670-1-420x310.webp\" media=\"(max-width: 210px)\"><source srcset=\"https:\/\/www.fierbois.com\/wp-content\/uploads\/2025\/03\/IMG_2670-1-850x627.webp\" media=\"(max-width: 420px)\"><source srcset=\"https:\/\/www.fierbois.com\/wp-content\/uploads\/2025\/03\/IMG_2670-1-768x566.webp\" media=\"(max-width: 850px)\"><source srcset=\"https:\/\/www.fierbois.com\/wp-content\/uploads\/2025\/03\/IMG_2670-1-1024x755.webp\" media=\"(max-width: 1024px)\"><source srcset=\"https:\/\/www.fierbois.com\/wp-content\/uploads\/2025\/03\/IMG_2670-1.webp\" media=\"(min-width: 1025px)\"><img decoding=\"async\" src=\"https:\/\/www.fierbois.com\/wp-content\/uploads\/2025\/03\/IMG_2670-1-420x310.webp\" width=\"420\" height=\"210\" loading=\"lazy\" alt=\"\" title=\"\"><\/picture><figcaption>Der Wasserbereich<\/figcaption><\/a><\/figure><\/div><h2>See oder Wasserpark, f\u00fcr jeden Geschmack etwas dabei<\/h2><p    >Ob im Schwimmbad oder auf dem See, genie\u00dfen Sie das erfrischende Wasser zum Schwimmen, Entspannen und Spa\u00df haben mit der ganzen Familie. Lassen Sie sich im Pool vom sanften, sicheren Schwimmen tragen. Auf dem See k\u00f6nnen Sie zahlreiche Wassersportarten ausprobieren: Paddeln, Kajakfahren oder Naturbaden. Zwischen Nervenkitzel und Entspannung verspricht Ihnen das Wasser unvergessliche Momente!   <\/p><\/div><\/div><div class=\"columns sec-10\"><div class=\"columns__item fade-up reverse-mob\"><div class=\"gallery f-carousel fc-diapo\" data-fancybox=\"gallery\"><figure class=\"gallery__item\"><a href=\"https:\/\/www.fierbois.com\/de\/speziell-fuer-radfahrer-und-wanderer\/\"><picture><source srcset=\"https:\/\/www.fierbois.com\/wp-content\/uploads\/2025\/03\/Photo-23-2-420x307.webp\" media=\"(max-width: 210px)\"><source srcset=\"https:\/\/www.fierbois.com\/wp-content\/uploads\/2025\/03\/Photo-23-2-850x621.webp\" media=\"(max-width: 420px)\"><source srcset=\"https:\/\/www.fierbois.com\/wp-content\/uploads\/2025\/03\/Photo-23-2-768x561.webp\" media=\"(max-width: 850px)\"><source srcset=\"https:\/\/www.fierbois.com\/wp-content\/uploads\/2025\/03\/Photo-23-2-1024x748.webp\" media=\"(max-width: 1024px)\"><source srcset=\"https:\/\/www.fierbois.com\/wp-content\/uploads\/2025\/03\/Photo-23-2.webp\" media=\"(min-width: 1025px)\"><img decoding=\"async\" src=\"https:\/\/www.fierbois.com\/wp-content\/uploads\/2025\/03\/Photo-23-2-420x307.webp\" width=\"420\" height=\"210\" loading=\"lazy\" alt=\"\" title=\"\"><\/picture><figcaption>Radfahrer<\/figcaption><\/a><\/figure><figure class=\"gallery__item\"><a href=\"https:\/\/www.fierbois.com\/de\/ungewoehnliche-unterkuenfte\/\"><picture><source srcset=\"https:\/\/www.fierbois.com\/wp-content\/uploads\/2025\/08\/CABANES-FAMILIALES-4-420x315.webp\" media=\"(max-width: 210px)\"><source srcset=\"https:\/\/www.fierbois.com\/wp-content\/uploads\/2025\/08\/CABANES-FAMILIALES-4-850x638.webp\" media=\"(max-width: 420px)\"><source srcset=\"https:\/\/www.fierbois.com\/wp-content\/uploads\/2025\/08\/CABANES-FAMILIALES-4-768x576.webp\" media=\"(max-width: 850px)\"><source srcset=\"https:\/\/www.fierbois.com\/wp-content\/uploads\/2025\/08\/CABANES-FAMILIALES-4-1024x768.webp\" media=\"(max-width: 1024px)\"><source srcset=\"https:\/\/www.fierbois.com\/wp-content\/uploads\/2025\/08\/CABANES-FAMILIALES-4.webp\" media=\"(min-width: 1025px)\"><img decoding=\"async\" src=\"https:\/\/www.fierbois.com\/wp-content\/uploads\/2025\/08\/CABANES-FAMILIALES-4-420x315.webp\" width=\"420\" height=\"210\" loading=\"lazy\" alt=\"\" title=\"\"><\/picture><figcaption>H\u00fctten<\/figcaption><\/a><\/figure><figure class=\"gallery__item\"><a href=\"https:\/\/www.fierbois.com\/de\/die-lodges\/\"><picture><source srcset=\"https:\/\/www.fierbois.com\/wp-content\/uploads\/2025\/10\/00000988085-420x318.jpg.webp\" media=\"(max-width: 210px)\"><source srcset=\"https:\/\/www.fierbois.com\/wp-content\/uploads\/2025\/10\/00000988085-850x643.jpg.webp\" media=\"(max-width: 420px)\"><source srcset=\"https:\/\/www.fierbois.com\/wp-content\/uploads\/2025\/10\/00000988085-768x581.jpg.webp\" media=\"(max-width: 850px)\"><source srcset=\"https:\/\/www.fierbois.com\/wp-content\/uploads\/2025\/10\/00000988085-1024x775.jpg.webp\" media=\"(max-width: 1024px)\"><source srcset=\"https:\/\/www.fierbois.com\/wp-content\/uploads\/2025\/10\/00000988085.jpg.webp\" media=\"(min-width: 1025px)\"><img decoding=\"async\" src=\"https:\/\/www.fierbois.com\/wp-content\/uploads\/2025\/10\/00000988085-420x318.jpg.webp\" width=\"420\" height=\"210\" loading=\"lazy\" alt=\"\" title=\"\"><\/picture><figcaption>Logen<\/figcaption><\/a><\/figure><figure class=\"gallery__item\"><a href=\"https:\/\/www.fierbois.com\/de\/mobilheime\/\"><picture><source srcset=\"https:\/\/www.fierbois.com\/wp-content\/uploads\/2025\/08\/parc-de-fierbois-sd-2-sur-21-420x294.webp\" media=\"(max-width: 210px)\"><source srcset=\"https:\/\/www.fierbois.com\/wp-content\/uploads\/2025\/08\/parc-de-fierbois-sd-2-sur-21-850x594.webp\" media=\"(max-width: 420px)\"><source srcset=\"https:\/\/www.fierbois.com\/wp-content\/uploads\/2025\/08\/parc-de-fierbois-sd-2-sur-21-768x537.webp\" media=\"(max-width: 850px)\"><source srcset=\"https:\/\/www.fierbois.com\/wp-content\/uploads\/2025\/08\/parc-de-fierbois-sd-2-sur-21-1024x716.webp\" media=\"(max-width: 1024px)\"><source srcset=\"https:\/\/www.fierbois.com\/wp-content\/uploads\/2025\/08\/parc-de-fierbois-sd-2-sur-21.webp\" media=\"(min-width: 1025px)\"><img decoding=\"async\" src=\"https:\/\/www.fierbois.com\/wp-content\/uploads\/2025\/08\/parc-de-fierbois-sd-2-sur-21-420x294.webp\" width=\"420\" height=\"210\" loading=\"lazy\" alt=\"\" title=\"\"><\/picture><figcaption>Mobilheime<\/figcaption><\/a><\/figure><figure class=\"gallery__item\"><a href=\"https:\/\/www.fierbois.com\/de\/ferienwohnungen\/\"><picture><source srcset=\"https:\/\/www.fierbois.com\/wp-content\/uploads\/2025\/08\/parc-de-Fierbois-SD-37-420x280.webp\" media=\"(max-width: 210px)\"><source srcset=\"https:\/\/www.fierbois.com\/wp-content\/uploads\/2025\/08\/parc-de-Fierbois-SD-37-850x566.webp\" media=\"(max-width: 420px)\"><source srcset=\"https:\/\/www.fierbois.com\/wp-content\/uploads\/2025\/08\/parc-de-Fierbois-SD-37-768x512.webp\" media=\"(max-width: 850px)\"><source srcset=\"https:\/\/www.fierbois.com\/wp-content\/uploads\/2025\/08\/parc-de-Fierbois-SD-37-1024x682.webp\" media=\"(max-width: 1024px)\"><source srcset=\"https:\/\/www.fierbois.com\/wp-content\/uploads\/2025\/08\/parc-de-Fierbois-SD-37.webp\" media=\"(min-width: 1025px)\"><img decoding=\"async\" src=\"https:\/\/www.fierbois.com\/wp-content\/uploads\/2025\/08\/parc-de-Fierbois-SD-37-420x280.webp\" width=\"420\" height=\"210\" loading=\"lazy\" alt=\"\" title=\"\"><\/picture><figcaption>Ferienwohnungen<\/figcaption><\/a><\/figure><\/div><h2>Eine gro\u00dfe Auswahl an Mietunterk\u00fcnften auf einem Campingplatz im Departement Indre-et-Loire<\/h2><p    >Wir haben ein Ziel: dass Sie abschalten k\u00f6nnen, die Ruhe genie\u00dfen und sich einfach die Zeit nehmen, um zu atmen, umgeben von B\u00e4umen, Insekten und Tieren. In unserem Park in Centre-Val de Loire k\u00f6nnen Sie sich richtig erholen. <\/p><\/div><div class=\"columns__item fade-down\"><p class=\"wording\" style=\"color: var(--vert);\"  >N\u00e4chte, die von der Melodie der Natur eingelullt werden<\/p><div class=\"gallery f-carousel fc-diapo\" data-fancybox=\"gallery\"><figure class=\"gallery__item\"><a href=\"https:\/\/www.fierbois.com\/de\/zelt-aufstellen\/\"><picture><source srcset=\"https:\/\/www.fierbois.com\/wp-content\/uploads\/2025\/03\/AdobeStock_926037767-420x236.webp\" media=\"(max-width: 210px)\"><source srcset=\"https:\/\/www.fierbois.com\/wp-content\/uploads\/2025\/03\/AdobeStock_926037767-850x478.webp\" media=\"(max-width: 420px)\"><source srcset=\"https:\/\/www.fierbois.com\/wp-content\/uploads\/2025\/03\/AdobeStock_926037767-768x432.webp\" media=\"(max-width: 850px)\"><source srcset=\"https:\/\/www.fierbois.com\/wp-content\/uploads\/2025\/03\/AdobeStock_926037767-1024x576.webp\" media=\"(max-width: 1024px)\"><source srcset=\"https:\/\/www.fierbois.com\/wp-content\/uploads\/2025\/03\/AdobeStock_926037767.webp\" media=\"(min-width: 1025px)\"><img decoding=\"async\" src=\"https:\/\/www.fierbois.com\/wp-content\/uploads\/2025\/03\/AdobeStock_926037767-420x236.webp\" width=\"420\" height=\"210\" alt=\"Campeur devant sa tente\" loading=\"lazy\" title=\"\"><\/picture><figcaption>Zelt aufstellen<\/figcaption><\/a><\/figure><figure class=\"gallery__item\"><a href=\"https:\/\/www.fierbois.com\/de\/parken-im-gruenen\/\"><picture><source srcset=\"https:\/\/www.fierbois.com\/wp-content\/uploads\/2025\/10\/AdobeStock_461135916-420x280.webp\" media=\"(max-width: 210px)\"><source srcset=\"https:\/\/www.fierbois.com\/wp-content\/uploads\/2025\/10\/AdobeStock_461135916-850x567.webp\" media=\"(max-width: 420px)\"><source srcset=\"https:\/\/www.fierbois.com\/wp-content\/uploads\/2025\/10\/AdobeStock_461135916-768x512.webp\" media=\"(max-width: 850px)\"><source srcset=\"https:\/\/www.fierbois.com\/wp-content\/uploads\/2025\/10\/AdobeStock_461135916-1024x683.webp\" media=\"(max-width: 1024px)\"><source srcset=\"https:\/\/www.fierbois.com\/wp-content\/uploads\/2025\/10\/AdobeStock_461135916.webp\" media=\"(min-width: 1025px)\"><img decoding=\"async\" src=\"https:\/\/www.fierbois.com\/wp-content\/uploads\/2025\/10\/AdobeStock_461135916-420x280.webp\" width=\"420\" height=\"210\" loading=\"lazy\" alt=\"\" title=\"\"><\/picture><figcaption>Parken im Gr\u00fcnen<\/figcaption><\/a><\/figure><\/div><\/div><\/div><div class=\"columns sec-10\"><div class=\"columns__item fade-down\"><p class=\"wording\" style=\"color: var(--vert);\"  >Eine Region zum Erkunden, Atmen und Entfliehen<\/p><div class=\"gallery\"><figure class=\"gallery__item\"><a href=\"https:\/\/www.fierbois.com\/de\/bewegung-natur-und-sportaktivitaeten\/\"><picture><source srcset=\"https:\/\/www.fierbois.com\/wp-content\/uploads\/2025\/08\/IMG_5225-280x420.webp\" media=\"(max-width: 210px)\"><source srcset=\"https:\/\/www.fierbois.com\/wp-content\/uploads\/2025\/08\/IMG_5225-567x850.webp\" media=\"(max-width: 420px)\"><source srcset=\"https:\/\/www.fierbois.com\/wp-content\/uploads\/2025\/08\/IMG_5225-768x1152.webp\" media=\"(max-width: 850px)\"><source srcset=\"https:\/\/www.fierbois.com\/wp-content\/uploads\/2025\/08\/IMG_5225-683x1024.webp\" media=\"(max-width: 1024px)\"><source srcset=\"https:\/\/www.fierbois.com\/wp-content\/uploads\/2025\/08\/IMG_5225.webp\" media=\"(min-width: 1025px)\"><img decoding=\"async\" src=\"https:\/\/www.fierbois.com\/wp-content\/uploads\/2025\/08\/IMG_5225-280x420.webp\" width=\"420\" height=\"210\" loading=\"lazy\" alt=\"\" title=\"\"><\/picture><figcaption>Bewegen Sie sich<\/figcaption><\/a><\/figure><\/div><\/div><div class=\"columns__item fade-up reverse-mob\"><div class=\"gallery\"><figure class=\"gallery__item\"><a href=\"https:\/\/www.fierbois.com\/de\/entdecken-sie-die-kultur-und-das-terroir\/\"><picture><source srcset=\"https:\/\/www.fierbois.com\/wp-content\/uploads\/2025\/08\/bords-loire-420x182.webp\" media=\"(max-width: 210px)\"><source srcset=\"https:\/\/www.fierbois.com\/wp-content\/uploads\/2025\/08\/bords-loire-850x369.webp\" media=\"(max-width: 420px)\"><source srcset=\"https:\/\/www.fierbois.com\/wp-content\/uploads\/2025\/08\/bords-loire-768x334.webp\" media=\"(max-width: 850px)\"><source srcset=\"https:\/\/www.fierbois.com\/wp-content\/uploads\/2025\/08\/bords-loire-1024x445.webp\" media=\"(max-width: 1024px)\"><source srcset=\"https:\/\/www.fierbois.com\/wp-content\/uploads\/2025\/08\/bords-loire.webp\" media=\"(min-width: 1025px)\"><img decoding=\"async\" src=\"https:\/\/www.fierbois.com\/wp-content\/uploads\/2025\/08\/bords-loire-420x182.webp\" width=\"420\" height=\"210\" loading=\"lazy\" alt=\"\" title=\"\"><\/picture><figcaption>Entdecken Sie<\/figcaption><\/a><\/figure><\/div><h2>Ihr Urlaub auf dem Campingplatz im Loiretal<\/h2><p    >Entdecken Sie eine Region, in der jeder Weg ein Abenteuer ist, in der jede Landschaft zur Kontemplation einl\u00e4dt. Hier wird erforscht, geatmet und die Seele baumeln gelassen inmitten einer gesch\u00fctzten Natur. Ob zu Fu\u00df, mit dem Fahrrad oder auf dem Wasser, lassen Sie sich von der Sch\u00f6nheit der Orte tragen und erleben Sie unvergessliche Momente.  <\/p><\/div><\/div>","protected":false},"excerpt":{"rendered":"<p>100 Hektar Natur im Herzen der Region der Loire-Schl\u00f6sser Le Parc de Fierbois, der Castel 5-Sterne-Campingplatz im Departement Indre-et-Loire Entdecken Sie einen einzigartigen Ort in der N\u00e4he von Tours, wo die unber\u00fchrte Natur Sie mit offenen Armen empf\u00e4ngt. Unser 5-Sterne-Campingplatz im Departement Indre-et-Loire ist der perfekte Ort, um sich zu erholen. Wir begr\u00fc\u00dfen Sie bei [&hellip;]<\/p>\n","protected":false},"author":1,"featured_media":0,"parent":0,"menu_order":0,"comment_status":"closed","ping_status":"closed","template":"","meta":{"_acf_changed":false,"footnotes":""},"lieu":[],"acf":[],"_links":{"self":[{"href":"https:\/\/www.fierbois.com\/de\/wp-json\/wp\/v2\/pages\/3573"}],"collection":[{"href":"https:\/\/www.fierbois.com\/de\/wp-json\/wp\/v2\/pages"}],"about":[{"href":"https:\/\/www.fierbois.com\/de\/wp-json\/wp\/v2\/types\/page"}],"author":[{"embeddable":true,"href":"https:\/\/www.fierbois.com\/de\/wp-json\/wp\/v2\/users\/1"}],"replies":[{"embeddable":true,"href":"https:\/\/www.fierbois.com\/de\/wp-json\/wp\/v2\/comments?post=3573"}],"version-history":[{"count":20,"href":"https:\/\/www.fierbois.com\/de\/wp-json\/wp\/v2\/pages\/3573\/revisions"}],"predecessor-version":[{"id":4857,"href":"https:\/\/www.fierbois.com\/de\/wp-json\/wp\/v2\/pages\/3573\/revisions\/4857"}],"wp:attachment":[{"href":"https:\/\/www.fierbois.com\/de\/wp-json\/wp\/v2\/media?parent=3573"}],"wp:term":[{"taxonomy":"lieu","embeddable":true,"href":"https:\/\/www.fierbois.com\/de\/wp-json\/wp\/v2\/lieu?post=3573"}],"curies":[{"name":"wp","href":"https:\/\/api.w.org\/{rel}","templated":true}]}}