{"id":3603,"date":"2025-04-03T14:53:48","date_gmt":"2025-04-03T12:53:48","guid":{"rendered":"https:\/\/www.fierbois.com\/die-natur-im-mittelpunkt-ihres-aufenthalts\/"},"modified":"2025-12-17T10:32:53","modified_gmt":"2025-12-17T09:32:53","slug":"die-natur-im-mittelpunkt-ihres-aufenthalts","status":"publish","type":"page","link":"https:\/\/www.fierbois.com\/de\/die-natur-im-mittelpunkt-ihres-aufenthalts\/","title":{"rendered":"Die Natur im Mittelpunkt Ihres Aufenthalts"},"content":{"rendered":"<div class=\"diaporama-header align-full\"><div class=\"gallery\"><figure class=\"gallery__item\"><picture><source srcset=\"https:\/\/www.fierbois.com\/wp-content\/uploads\/2025\/04\/AdobeStock_373586987-420x251.webp\" media=\"(max-width: 210px)\"><source srcset=\"https:\/\/www.fierbois.com\/wp-content\/uploads\/2025\/04\/AdobeStock_373586987-850x509.webp\" media=\"(max-width: 420px)\"><source srcset=\"https:\/\/www.fierbois.com\/wp-content\/uploads\/2025\/04\/AdobeStock_373586987-768x460.webp\" media=\"(max-width: 850px)\"><source srcset=\"https:\/\/www.fierbois.com\/wp-content\/uploads\/2025\/04\/AdobeStock_373586987-1024x613.webp\" media=\"(max-width: 1024px)\"><source srcset=\"https:\/\/www.fierbois.com\/wp-content\/uploads\/2025\/04\/AdobeStock_373586987.webp\" media=\"(min-width: 1025px)\"><img loading=\"lazy\" decoding=\"async\" src=\"https:\/\/www.fierbois.com\/wp-content\/uploads\/2025\/04\/AdobeStock_373586987-420x251.webp\" width=\"420\" height=\"210\" alt=\"\" title=\"\"><\/picture><\/figure><\/div><div class=\"diaporama-header__inner\"><\/div><\/div><div class=\"columns sec-10 reverse-mob\"><div class=\"columns__item fade-up reverse-mob\"><div class=\"gallery\"><figure class=\"gallery__item\"><picture><source srcset=\"https:\/\/www.fierbois.com\/wp-content\/uploads\/2025\/04\/AdobeStock_42328215-420x280.webp\" media=\"(max-width: 210px)\"><source srcset=\"https:\/\/www.fierbois.com\/wp-content\/uploads\/2025\/04\/AdobeStock_42328215-850x566.webp\" media=\"(max-width: 420px)\"><source srcset=\"https:\/\/www.fierbois.com\/wp-content\/uploads\/2025\/04\/AdobeStock_42328215-768x512.webp\" media=\"(max-width: 850px)\"><source srcset=\"https:\/\/www.fierbois.com\/wp-content\/uploads\/2025\/04\/AdobeStock_42328215-1024x682.webp\" media=\"(max-width: 1024px)\"><source srcset=\"https:\/\/www.fierbois.com\/wp-content\/uploads\/2025\/04\/AdobeStock_42328215.webp\" media=\"(min-width: 1025px)\"><img decoding=\"async\" src=\"https:\/\/www.fierbois.com\/wp-content\/uploads\/2025\/04\/AdobeStock_42328215-420x280.webp\" width=\"420\" height=\"210\" loading=\"lazy\" alt=\"\" title=\"\"><\/picture><figcaption>\u00d6kologie<\/figcaption><\/figure><\/div><h2>Verpflichtungen, um die Natur zum L\u00e4cheln zu bringen<\/h2><p    >Wir haben das Gl\u00fcck, in einem unglaublichen St\u00fcck Natur zu liegen. Die Umwelt ist unser aller Lebensraum und wir wollen sie erhalten. \u00d6kologie ist Teil unserer Priorit\u00e4ten, bei jeder Entscheidung, jeder Einrichtung, jeder Geste des t\u00e4glichen Lebens. Aus diesem Grund legen wir gro\u00dfen Wert auf unseren frisch erneuerten Gr\u00fcnen Schl\u00fcssel. Wir haben auch vor, um unseren Standort herum Wald aufzuforsten, und bis heute wurden bereits 50.000 B\u00e4ume aufgeforstet. Wir gehen Schritt f\u00fcr Schritt vor, aber immer in die richtige Richtung. Und mit Ihnen an unserer Seite ist es noch besser.<\/p><\/div><div class=\"columns__item fade-down\"><p class=\"wording\" style=\"color: var(--vert);\"  >Wir k\u00fcmmern uns um unseren Planeten, so wie wir uns auch um Sie k\u00fcmmern.<\/p><div class=\"gallery\"><figure class=\"gallery__item\"><picture><source srcset=\"https:\/\/www.fierbois.com\/wp-content\/uploads\/2025\/04\/AdobeStock_605057037-420x280.webp\" media=\"(max-width: 210px)\"><source srcset=\"https:\/\/www.fierbois.com\/wp-content\/uploads\/2025\/04\/AdobeStock_605057037-850x566.webp\" media=\"(max-width: 420px)\"><source srcset=\"https:\/\/www.fierbois.com\/wp-content\/uploads\/2025\/04\/AdobeStock_605057037-768x512.webp\" media=\"(max-width: 850px)\"><source srcset=\"https:\/\/www.fierbois.com\/wp-content\/uploads\/2025\/04\/AdobeStock_605057037-1024x682.webp\" media=\"(max-width: 1024px)\"><source srcset=\"https:\/\/www.fierbois.com\/wp-content\/uploads\/2025\/04\/AdobeStock_605057037.webp\" media=\"(min-width: 1025px)\"><img decoding=\"async\" src=\"https:\/\/www.fierbois.com\/wp-content\/uploads\/2025\/04\/AdobeStock_605057037-420x280.webp\" width=\"420\" height=\"210\" loading=\"lazy\" alt=\"\" title=\"\"><\/picture><figcaption>Handeln<\/figcaption><\/figure><\/div><\/div><\/div><div class=\"columns reverse-mob\"><div class=\"columns__item\"><div class=\"gallery\"><figure class=\"gallery__item\"><picture><source srcset=\"https:\/\/www.fierbois.com\/wp-content\/uploads\/2025\/04\/AdobeStock_222908419-420x280.webp\" media=\"(max-width: 210px)\"><source srcset=\"https:\/\/www.fierbois.com\/wp-content\/uploads\/2025\/04\/AdobeStock_222908419-850x566.webp\" media=\"(max-width: 420px)\"><source srcset=\"https:\/\/www.fierbois.com\/wp-content\/uploads\/2025\/04\/AdobeStock_222908419-768x512.webp\" media=\"(max-width: 850px)\"><source srcset=\"https:\/\/www.fierbois.com\/wp-content\/uploads\/2025\/04\/AdobeStock_222908419-1024x682.webp\" media=\"(max-width: 1024px)\"><source srcset=\"https:\/\/www.fierbois.com\/wp-content\/uploads\/2025\/04\/AdobeStock_222908419.webp\" media=\"(min-width: 1025px)\"><img decoding=\"async\" src=\"https:\/\/www.fierbois.com\/wp-content\/uploads\/2025\/04\/AdobeStock_222908419-420x280.webp\" width=\"420\" height=\"210\" loading=\"lazy\" alt=\"\" title=\"\"><\/picture><figcaption>Atmen<\/figcaption><\/figure><\/div><\/div><div class=\"columns__item\"><p class=\"wording\" style=\"color: var(--vert);\"  >Ein Ansto\u00df f\u00fcr den Planeten<\/p><h2>Wir verw\u00f6hnen die Natur gemeinsam<\/h2><p    >Hier ist man vorsichtig: Wasser wird gespart, nachts wird weniger beleuchtet, die Vegetation wird in Ruhe gelassen. Wir passen uns an, pflanzen kl\u00fcger und verbrauchen weniger. Wir haben einen Campingplatz, der sch\u00f6n, angenehm und gut f\u00fcr den Planeten bleibt. So k\u00f6nnen Sie genie\u00dfen, sich erholen, durchatmen&#8230; und gleichzeitig Teil des Wandels sein.   <\/p><\/div><\/div><div class=\"columns sec-10\"><div class=\"columns__item fade-down\"><p class=\"wording\" style=\"color: var(--vert);\"  >Wir k\u00fcmmern uns um die Energie wie um alles andere.<\/p><div class=\"gallery\"><figure class=\"gallery__item\"><picture><source srcset=\"https:\/\/www.fierbois.com\/wp-content\/uploads\/2025\/04\/AdobeStock_990472129-420x235.webp\" media=\"(max-width: 210px)\"><source srcset=\"https:\/\/www.fierbois.com\/wp-content\/uploads\/2025\/04\/AdobeStock_990472129-850x476.webp\" media=\"(max-width: 420px)\"><source srcset=\"https:\/\/www.fierbois.com\/wp-content\/uploads\/2025\/04\/AdobeStock_990472129-768x430.webp\" media=\"(max-width: 850px)\"><source srcset=\"https:\/\/www.fierbois.com\/wp-content\/uploads\/2025\/04\/AdobeStock_990472129-1024x574.webp\" media=\"(max-width: 1024px)\"><source srcset=\"https:\/\/www.fierbois.com\/wp-content\/uploads\/2025\/04\/AdobeStock_990472129.webp\" media=\"(min-width: 1025px)\"><img decoding=\"async\" src=\"https:\/\/www.fierbois.com\/wp-content\/uploads\/2025\/04\/AdobeStock_990472129-420x235.webp\" width=\"420\" height=\"210\" loading=\"lazy\" alt=\"\" title=\"\"><\/picture><figcaption>Weniger verbrauchen<\/figcaption><\/figure><\/div><\/div><div class=\"columns__item fade-up reverse-mob\"><div class=\"gallery\"><figure class=\"gallery__item\"><picture><source srcset=\"https:\/\/www.fierbois.com\/wp-content\/uploads\/2025\/04\/AdobeStock_1222566316-420x280.webp\" media=\"(max-width: 210px)\"><source srcset=\"https:\/\/www.fierbois.com\/wp-content\/uploads\/2025\/04\/AdobeStock_1222566316-850x566.webp\" media=\"(max-width: 420px)\"><source srcset=\"https:\/\/www.fierbois.com\/wp-content\/uploads\/2025\/04\/AdobeStock_1222566316-768x512.webp\" media=\"(max-width: 850px)\"><source srcset=\"https:\/\/www.fierbois.com\/wp-content\/uploads\/2025\/04\/AdobeStock_1222566316-1024x682.webp\" media=\"(max-width: 1024px)\"><source srcset=\"https:\/\/www.fierbois.com\/wp-content\/uploads\/2025\/04\/AdobeStock_1222566316.webp\" media=\"(min-width: 1025px)\"><img decoding=\"async\" src=\"https:\/\/www.fierbois.com\/wp-content\/uploads\/2025\/04\/AdobeStock_1222566316-420x280.webp\" width=\"420\" height=\"210\" loading=\"lazy\" alt=\"\" title=\"\"><\/picture><figcaption>Ermutigung zu kleinen Gesten<\/figcaption><\/figure><\/div><h2>Weniger Energie, mehr gesunder Menschenverstand<\/h2><p    >Der Tourismus ist sehr konsumorientiert, hier wird es anders gemacht. Wir? Es wird auf Solarenergie gesetzt, um das Wasser zu erw\u00e4rmen und bestimmte Bereiche zu beleuchten. Sie stellen auf LEDs mit Anwesenheitserkennung um und dimmen das Licht in der Nacht. Ab 2026 werden wir mit 2500 m2 Voltaikpaneelen sogar einen Gro\u00dfteil unseres Stroms vor Ort erzeugen. Wir f\u00f6rdern das Fahrradfahren, bieten Bettw\u00e4sche f\u00fcr diejenigen an, die ohne Auto kommen&#8230; und teilen die Fahrten. Sie? Sie k\u00f6nnen mit dem Zug anreisen, ein Fahrrad nehmen und daran denken, die Klimaanlage oder das Licht auszuschalten, wenn Sie gehen. Nichts Kompliziertes. Nur ein wenig mehr Aufmerksamkeit f\u00fcr einen leichteren Aufenthalt&#8230; f\u00fcr den Planeten.<\/p><\/div><\/div><div class=\"columns sec-10 reverse-mob\"><div class=\"columns__item fade-up reverse-mob\"><div class=\"gallery\"><figure class=\"gallery__item\"><picture><source srcset=\"https:\/\/www.fierbois.com\/wp-content\/uploads\/2025\/04\/AdobeStock_309750737-420x280.webp\" media=\"(max-width: 210px)\"><source srcset=\"https:\/\/www.fierbois.com\/wp-content\/uploads\/2025\/04\/AdobeStock_309750737-850x566.webp\" media=\"(max-width: 420px)\"><source srcset=\"https:\/\/www.fierbois.com\/wp-content\/uploads\/2025\/04\/AdobeStock_309750737-768x512.webp\" media=\"(max-width: 850px)\"><source srcset=\"https:\/\/www.fierbois.com\/wp-content\/uploads\/2025\/04\/AdobeStock_309750737-1024x682.webp\" media=\"(max-width: 1024px)\"><source srcset=\"https:\/\/www.fierbois.com\/wp-content\/uploads\/2025\/04\/AdobeStock_309750737.webp\" media=\"(min-width: 1025px)\"><img decoding=\"async\" src=\"https:\/\/www.fierbois.com\/wp-content\/uploads\/2025\/04\/AdobeStock_309750737-420x280.webp\" width=\"420\" height=\"210\" loading=\"lazy\" alt=\"\" title=\"\"><\/picture><figcaption>N\u00fctzliche Geste<\/figcaption><\/figure><\/div><h2>Jeder Tropfen z\u00e4hlt wirklich<\/h2><p    >Hier wird das Wasser respektiert. Wir? Wir pflanzen Pflanzen, die kaum gegossen werden m\u00fcssen, installieren sparsame Ger\u00e4te, sp\u00fcren Lecks auf und fangen das Wasser aus den Karaffen auf, um die Pflanzen zu gie\u00dfen. Und wir behandeln unser gesamtes Abwasser auf nat\u00fcrliche Weise. Sie? Sie k\u00f6nnen ein Leck melden, bei Kurzaufenthalten Handt\u00fccher mitbringen, Maschinen nur voll laufen lassen, k\u00fcrzer duschen oder lange Wasserspiele vermeiden.     <\/p><\/div><div class=\"columns__item fade-down\"><p class=\"wording\" style=\"color: var(--vert);\"  >Kleine Gesten, gro\u00dfe Hilfe f\u00fcr den Planeten<\/p><div class=\"gallery\"><figure class=\"gallery__item\"><picture><source srcset=\"https:\/\/www.fierbois.com\/wp-content\/uploads\/2025\/04\/AdobeStock_995048014-420x235.webp\" media=\"(max-width: 210px)\"><source srcset=\"https:\/\/www.fierbois.com\/wp-content\/uploads\/2025\/04\/AdobeStock_995048014-850x476.webp\" media=\"(max-width: 420px)\"><source srcset=\"https:\/\/www.fierbois.com\/wp-content\/uploads\/2025\/04\/AdobeStock_995048014-768x430.webp\" media=\"(max-width: 850px)\"><source srcset=\"https:\/\/www.fierbois.com\/wp-content\/uploads\/2025\/04\/AdobeStock_995048014-1024x574.webp\" media=\"(max-width: 1024px)\"><source srcset=\"https:\/\/www.fierbois.com\/wp-content\/uploads\/2025\/04\/AdobeStock_995048014.webp\" media=\"(min-width: 1025px)\"><img decoding=\"async\" src=\"https:\/\/www.fierbois.com\/wp-content\/uploads\/2025\/04\/AdobeStock_995048014-420x235.webp\" width=\"420\" height=\"210\" loading=\"lazy\" alt=\"\" title=\"\"><\/picture><figcaption>Bewahrte Natur<\/figcaption><\/figure><\/div><\/div><\/div><div class=\"columns reverse-mob\"><div class=\"columns__item\"><div class=\"gallery\"><figure class=\"gallery__item\"><picture><source srcset=\"https:\/\/www.fierbois.com\/wp-content\/uploads\/2025\/12\/AdobeStock_254792353-420x280.webp\" media=\"(max-width: 210px)\"><source srcset=\"https:\/\/www.fierbois.com\/wp-content\/uploads\/2025\/12\/AdobeStock_254792353-850x566.webp\" media=\"(max-width: 420px)\"><source srcset=\"https:\/\/www.fierbois.com\/wp-content\/uploads\/2025\/12\/AdobeStock_254792353-768x512.webp\" media=\"(max-width: 850px)\"><source srcset=\"https:\/\/www.fierbois.com\/wp-content\/uploads\/2025\/12\/AdobeStock_254792353-1024x682.webp\" media=\"(max-width: 1024px)\"><source srcset=\"https:\/\/www.fierbois.com\/wp-content\/uploads\/2025\/12\/AdobeStock_254792353.webp\" media=\"(min-width: 1025px)\"><img decoding=\"async\" src=\"https:\/\/www.fierbois.com\/wp-content\/uploads\/2025\/12\/AdobeStock_254792353-420x280.webp\" width=\"420\" height=\"210\" loading=\"lazy\" alt=\"\" title=\"\"><\/picture><figcaption>Jede Geste z\u00e4hlt<\/figcaption><\/figure><\/div><\/div><div class=\"columns__item\"><p class=\"wording\" style=\"color: var(--vert);\"  >Guter Abfall ist der, den man nicht gemacht hat<\/p><h2>Weniger Abfall, mehr gesunder Menschenverstand<\/h2><p    >Wir bevorzugen das, was lange h\u00e4lt, vor dem, was weggeworfen wird. Wir reparieren, statt zu ersetzen, w\u00e4hlen solide Materialien und vermeiden Plastik, wo immer wir k\u00f6nnen. Und wir unterst\u00fctzen Sie dabei: Beh\u00e4lter werden bei der Ankunft ausgeh\u00e4ndigt, Anweisungen in jeder Unterkunft und ein Sortierbereich steht zur Verf\u00fcgung. Was recycelt werden kann, wird recycelt. Was gespendet werden kann, wird auch gespendet. Und organische Abf\u00e4lle werden vor Ort kompostiert.     <\/p><\/div><\/div><div class=\"columns\"><div class=\"columns__item\"><p class=\"wording\" style=\"color: var(--vert);\"  >Sie k\u00f6nnen ohne Schuldgef\u00fchle genie\u00dfen.<\/p><h2>Gut essen ist ein Zeichen setzen<\/h2><p    >Besser essen ist gut f\u00fcr Sie&#8230; und f\u00fcr den Planeten. Im Parc de Fierbois setzen wir auf lokale, biologische und pflanzliche Produkte und auf den gesunden Menschenverstand. Unsere Gerichte sind gepr\u00e4gt von saisonalen Produkten, lokalen Bieren und Weinen und geschmackvollen veganen Optionen. Wir k\u00e4mpfen auch gegen die Verschwendung: Reste werden direkt in den Doggy Bag gepackt.   <\/p><\/div><div class=\"columns__item\"><div class=\"gallery\"><figure class=\"gallery__item\"><picture><source srcset=\"https:\/\/www.fierbois.com\/wp-content\/uploads\/2025\/04\/AdobeStock_650834597-420x280.webp\" media=\"(max-width: 210px)\"><source srcset=\"https:\/\/www.fierbois.com\/wp-content\/uploads\/2025\/04\/AdobeStock_650834597-850x566.webp\" media=\"(max-width: 420px)\"><source srcset=\"https:\/\/www.fierbois.com\/wp-content\/uploads\/2025\/04\/AdobeStock_650834597-768x512.webp\" media=\"(max-width: 850px)\"><source srcset=\"https:\/\/www.fierbois.com\/wp-content\/uploads\/2025\/04\/AdobeStock_650834597-1024x682.webp\" media=\"(max-width: 1024px)\"><source srcset=\"https:\/\/www.fierbois.com\/wp-content\/uploads\/2025\/04\/AdobeStock_650834597.webp\" media=\"(min-width: 1025px)\"><img decoding=\"async\" src=\"https:\/\/www.fierbois.com\/wp-content\/uploads\/2025\/04\/AdobeStock_650834597-420x280.webp\" width=\"420\" height=\"210\" loading=\"lazy\" alt=\"\" title=\"\"><\/picture><figcaption>Gute Produkte<\/figcaption><\/figure><\/div><\/div><\/div>","protected":false},"excerpt":{"rendered":"<p>Verpflichtungen, um die Natur zum L\u00e4cheln zu bringen Wir haben das Gl\u00fcck, in einem unglaublichen St\u00fcck Natur zu liegen. Die Umwelt ist unser aller Lebensraum und wir wollen sie erhalten. \u00d6kologie ist Teil unserer Priorit\u00e4ten, bei jeder Entscheidung, jeder Einrichtung, jeder Geste des t\u00e4glichen Lebens. Aus diesem Grund legen wir gro\u00dfen Wert auf unseren frisch [&hellip;]<\/p>\n","protected":false},"author":1,"featured_media":0,"parent":0,"menu_order":0,"comment_status":"open","ping_status":"open","template":"","meta":{"_acf_changed":false,"footnotes":""},"lieu":[],"acf":[],"_links":{"self":[{"href":"https:\/\/www.fierbois.com\/de\/wp-json\/wp\/v2\/pages\/3603"}],"collection":[{"href":"https:\/\/www.fierbois.com\/de\/wp-json\/wp\/v2\/pages"}],"about":[{"href":"https:\/\/www.fierbois.com\/de\/wp-json\/wp\/v2\/types\/page"}],"author":[{"embeddable":true,"href":"https:\/\/www.fierbois.com\/de\/wp-json\/wp\/v2\/users\/1"}],"replies":[{"embeddable":true,"href":"https:\/\/www.fierbois.com\/de\/wp-json\/wp\/v2\/comments?post=3603"}],"version-history":[{"count":8,"href":"https:\/\/www.fierbois.com\/de\/wp-json\/wp\/v2\/pages\/3603\/revisions"}],"predecessor-version":[{"id":4649,"href":"https:\/\/www.fierbois.com\/de\/wp-json\/wp\/v2\/pages\/3603\/revisions\/4649"}],"wp:attachment":[{"href":"https:\/\/www.fierbois.com\/de\/wp-json\/wp\/v2\/media?parent=3603"}],"wp:term":[{"taxonomy":"lieu","embeddable":true,"href":"https:\/\/www.fierbois.com\/de\/wp-json\/wp\/v2\/lieu?post=3603"}],"curies":[{"name":"wp","href":"https:\/\/api.w.org\/{rel}","templated":true}]}}