{"id":3608,"date":"2025-04-03T14:53:48","date_gmt":"2025-04-03T12:53:48","guid":{"rendered":"https:\/\/www.fierbois.com\/bewegung-natur-und-sportaktivitaeten\/"},"modified":"2025-12-08T16:51:30","modified_gmt":"2025-12-08T15:51:30","slug":"bewegung-natur-und-sportaktivitaeten","status":"publish","type":"page","link":"https:\/\/www.fierbois.com\/de\/bewegung-natur-und-sportaktivitaeten\/","title":{"rendered":"Bewegung: Natur- und Sportaktivit\u00e4ten"},"content":{"rendered":"<div class=\"diaporama-header align-full\"><div class=\"gallery\"><figure class=\"gallery__item\"><picture><source srcset=\"https:\/\/www.fierbois.com\/wp-content\/uploads\/2025\/05\/AdobeStock_214779421-420x280.webp\" media=\"(max-width: 210px)\"><source srcset=\"https:\/\/www.fierbois.com\/wp-content\/uploads\/2025\/05\/AdobeStock_214779421-850x567.webp\" media=\"(max-width: 420px)\"><source srcset=\"https:\/\/www.fierbois.com\/wp-content\/uploads\/2025\/05\/AdobeStock_214779421-768x512.webp\" media=\"(max-width: 850px)\"><source srcset=\"https:\/\/www.fierbois.com\/wp-content\/uploads\/2025\/05\/AdobeStock_214779421-1024x683.webp\" media=\"(max-width: 1024px)\"><source srcset=\"https:\/\/www.fierbois.com\/wp-content\/uploads\/2025\/05\/AdobeStock_214779421.webp\" media=\"(min-width: 1025px)\"><img loading=\"lazy\" decoding=\"async\" src=\"https:\/\/www.fierbois.com\/wp-content\/uploads\/2025\/05\/AdobeStock_214779421-420x280.webp\" width=\"420\" height=\"210\" alt=\"\" title=\"\"><\/picture><\/figure><\/div><div class=\"diaporama-header__inner\"><\/div><\/div><div class=\"columns sec-10\"><div class=\"columns__item fade-down\"><p class=\"wording\" style=\"color: var(--vert);\"  >Bewegung zum Vergn\u00fcgen, nicht f\u00fcr die Uhr<\/p><div class=\"gallery\"><figure class=\"gallery__item\"><picture><source srcset=\"https:\/\/www.fierbois.com\/wp-content\/uploads\/2025\/05\/AdobeStock_33000400-420x280.webp\" media=\"(max-width: 210px)\"><source srcset=\"https:\/\/www.fierbois.com\/wp-content\/uploads\/2025\/05\/AdobeStock_33000400-850x566.webp\" media=\"(max-width: 420px)\"><source srcset=\"https:\/\/www.fierbois.com\/wp-content\/uploads\/2025\/05\/AdobeStock_33000400-768x512.webp\" media=\"(max-width: 850px)\"><source srcset=\"https:\/\/www.fierbois.com\/wp-content\/uploads\/2025\/05\/AdobeStock_33000400-1024x682.webp\" media=\"(max-width: 1024px)\"><source srcset=\"https:\/\/www.fierbois.com\/wp-content\/uploads\/2025\/05\/AdobeStock_33000400.webp\" media=\"(min-width: 1025px)\"><img decoding=\"async\" src=\"https:\/\/www.fierbois.com\/wp-content\/uploads\/2025\/05\/AdobeStock_33000400-420x280.webp\" width=\"420\" height=\"210\" loading=\"lazy\" alt=\"\" title=\"\"><\/picture><figcaption>Fahrradtouren<\/figcaption><\/figure><\/div><\/div><div class=\"columns__item fade-up reverse-mob\"><div class=\"gallery\"><figure class=\"gallery__item\"><picture><source srcset=\"https:\/\/www.fierbois.com\/wp-content\/uploads\/2025\/05\/AdobeStock_283051937-420x280.webp\" media=\"(max-width: 210px)\"><source srcset=\"https:\/\/www.fierbois.com\/wp-content\/uploads\/2025\/05\/AdobeStock_283051937-850x566.webp\" media=\"(max-width: 420px)\"><source srcset=\"https:\/\/www.fierbois.com\/wp-content\/uploads\/2025\/05\/AdobeStock_283051937-768x512.webp\" media=\"(max-width: 850px)\"><source srcset=\"https:\/\/www.fierbois.com\/wp-content\/uploads\/2025\/05\/AdobeStock_283051937-1024x682.webp\" media=\"(max-width: 1024px)\"><source srcset=\"https:\/\/www.fierbois.com\/wp-content\/uploads\/2025\/05\/AdobeStock_283051937.webp\" media=\"(min-width: 1025px)\"><img decoding=\"async\" src=\"https:\/\/www.fierbois.com\/wp-content\/uploads\/2025\/05\/AdobeStock_283051937-420x280.webp\" width=\"420\" height=\"210\" loading=\"lazy\" alt=\"\" title=\"\"><\/picture><figcaption>Kanu und Kajak<\/figcaption><\/figure><\/div><h1>Sauerstoff und Freiheit tanken<\/h1><p    >Hier im Loiretal k\u00f6nnen Sie sich so bewegen, wie es Ihnen gef\u00e4llt: mit dem Fahrrad entlang der Loire, mit dem Kanu auf dem Fluss Indre oder bei einem gem\u00fctlichen Spaziergang durch die Landschaft von Tours. Erleben Sie Abenteuer in Ihrem eigenen Rhythmus, inmitten einer gro\u00dfz\u00fcgigen und beruhigenden Natur. Ob Sie nun ein Sonntagssportler oder ein echter Abenteurer sind, es gibt immer einen Weg, der auf Sie wartet!  <\/p><div class=\"lireplus fc-desk\"><p    >Lesen Sie mehr<\/p><div class=\"group\"><p    >Um Ihren Aufenthalt zu erleichtern, steht Ihnen an der Rezeption ein <strong>interaktives Terminal<\/strong> zur Verf\u00fcgung. Sie wurde in Zusammenarbeit mit dem Fremdenverkehrsamt installiert und erm\u00f6glicht es Ihnen, <strong>die Sehensw\u00fcrdigkeiten in der N\u00e4he zu entdecken<\/strong>, Wander- und <strong>Besichtigungsrouten herunterzuladen<\/strong> und sogar <strong>Ihre Eintrittskarten<\/strong> mit wenigen Klicks zu <strong>kaufen<\/strong>. <\/p><\/div><\/div><\/div><\/div>\r\n<section id=\"fc-alentours\" class=\"wp-block-columns\">\r\n\r\n  <div id=\"listing-alentours\" class=\"wp-block-column\">\r\n    \r\n    <div class=\"filtres\">\r\n      <div>\r\n        <input id=\"all\" name=\"filter\" type=\"radio\" class=\"all-input\" checked=\"checked\" \/>\r\n        <label for=\"all\" class=\"all-label\">Alle Orte<\/label>\r\n      <\/div>\r\n      <div><input id=\"aktivitaten\" name=\"filter\" type=\"radio\" \/><label for=\"aktivitaten\">Aktivit\u00e4ten<\/label><\/div>      <input type='hidden' id='current_page'\/>\r\n      <input type='hidden' id='show_per_page'\/>\r\n    <\/div>\r\n\r\n    <div id=\"listing\">\r\n              <article class=\"lieu-alentour currentCat visuel\" data-cat=\"camping\" data-slug=\"camping\" data-icone=\"[picto icon=\"house-light\"]\"\" data-couleur=\"#af8f4e\"\" data-latitude=\"47.1467404\" data-longitude=\"0.6526418\">\r\n          <div class=\"texte-lieu\">\r\n            <p class=\"categorie-lieu\">\r\n              <span class=\"fc-icon\"><svg xmlns=\"http:\/\/www.w3.org\/2000\/svg\"  viewBox=\"0 0 576 512\" width=\"16px\" height=\"16px\"><!--! Font Awesome Pro 6.4.2 by @fontawesome - https:\/\/fontawesome.com License - https:\/\/fontawesome.com\/license (Commercial License) Copyright 2023 Fonticons, Inc.--><path d=\"M298.6 4c-6-5.3-15.1-5.3-21.2 0L5.4 244c-6.6 5.8-7.3 16-1.4 22.6s16 7.3 22.6 1.4L64 235V432c0 44.2 35.8 80 80 80H432c44.2 0 80-35.8 80-80V235l37.4 33c6.6 5.8 16.7 5.2 22.6-1.4s5.2-16.7-1.4-22.6L298.6 4zM96 432V206.7L288 37.3 480 206.7V432c0 26.5-21.5 48-48 48H368V320c0-17.7-14.3-32-32-32H240c-17.7 0-32 14.3-32 32V480H144c-26.5 0-48-21.5-48-48zm144 48V320h96V480H240z\"\/><\/svg><\/span>Campingplatz            <\/p>\r\n            <p class=\"titre-lieu\">Parc de Fierbois<\/p>\r\n          <\/div>\r\n                  <\/article>\r\n                <article class=\"lieu-alentour currentCat visuel\" data-cat=\"aktivitaten\" data-slug=\"parc-des-grandes-brosses\" data-icone=\"\" data-couleur=\"\" data-latitude=\"47.4380659\" data-longitude=\"0.6797217\">\r\n          <div class=\"texte-lieu\">\r\n              <p class=\"categorie-lieu\">\r\n                <span class=\"fc-icon\"><svg xmlns=\"http:\/\/www.w3.org\/2000\/svg\"  viewBox=\"0 0 384 512\" width=\"16px\" height=\"16px\"><!--! Font Awesome Pro 6.4.2 by @fontawesome - https:\/\/fontawesome.com License - https:\/\/fontawesome.com\/license (Commercial License) Copyright 2023 Fonticons, Inc.--><path d=\"M384 192c0 87.4-117 243-168.3 307.2c-12.3 15.3-35.1 15.3-47.4 0C117 435 0 279.4 0 192C0 86 86 0 192 0S384 86 384 192z\"\/><\/svg><\/span>Aktivit\u00e4ten              <\/p>\r\n              <p class=\"titre-lieu \">Parc des Grandes Brosses<\/p>\r\n            <\/div>\r\n          <img loading=\"lazy\" decoding=\"async\" width=\"1024\" height=\"576\" src=\"https:\/\/www.fierbois.com\/wp-content\/uploads\/2025\/05\/AdobeStock_299210721-1024x576.webp\" class=\"attachment-large size-large\" alt=\"\" srcset=\"https:\/\/www.fierbois.com\/wp-content\/uploads\/2025\/05\/AdobeStock_299210721-1024x576.webp 1024w, https:\/\/www.fierbois.com\/wp-content\/uploads\/2025\/05\/AdobeStock_299210721-850x478.webp 850w, https:\/\/www.fierbois.com\/wp-content\/uploads\/2025\/05\/AdobeStock_299210721-420x236.webp 420w, https:\/\/www.fierbois.com\/wp-content\/uploads\/2025\/05\/AdobeStock_299210721-768x432.webp 768w, https:\/\/www.fierbois.com\/wp-content\/uploads\/2025\/05\/AdobeStock_299210721-1536x864.webp 1536w, https:\/\/www.fierbois.com\/wp-content\/uploads\/2025\/05\/AdobeStock_299210721.webp 1920w\" sizes=\"(max-width: 1024px) 100vw, 1024px\" title=\"\">        <\/article>\r\n              <article class=\"lieu-alentour currentCat visuel\" data-cat=\"aktivitaten\" data-slug=\"domaine-de-cande\" data-icone=\"\" data-couleur=\"\" data-latitude=\"47.296853\" data-longitude=\"0.6643894\">\r\n          <div class=\"texte-lieu\">\r\n              <p class=\"categorie-lieu\">\r\n                <span class=\"fc-icon\"><svg xmlns=\"http:\/\/www.w3.org\/2000\/svg\"  viewBox=\"0 0 384 512\" width=\"16px\" height=\"16px\"><!--! Font Awesome Pro 6.4.2 by @fontawesome - https:\/\/fontawesome.com License - https:\/\/fontawesome.com\/license (Commercial License) Copyright 2023 Fonticons, Inc.--><path d=\"M384 192c0 87.4-117 243-168.3 307.2c-12.3 15.3-35.1 15.3-47.4 0C117 435 0 279.4 0 192C0 86 86 0 192 0S384 86 384 192z\"\/><\/svg><\/span>Aktivit\u00e4ten              <\/p>\r\n              <p class=\"titre-lieu \">Domaine de Cand\u00e9<\/p>\r\n            <\/div>\r\n          <img loading=\"lazy\" decoding=\"async\" width=\"1024\" height=\"680\" src=\"https:\/\/www.fierbois.com\/wp-content\/uploads\/2025\/05\/AdobeStock_127000736-1024x680.webp\" class=\"attachment-large size-large\" alt=\"\" srcset=\"https:\/\/www.fierbois.com\/wp-content\/uploads\/2025\/05\/AdobeStock_127000736-1024x680.webp 1024w, https:\/\/www.fierbois.com\/wp-content\/uploads\/2025\/05\/AdobeStock_127000736-850x564.webp 850w, https:\/\/www.fierbois.com\/wp-content\/uploads\/2025\/05\/AdobeStock_127000736-420x279.webp 420w, https:\/\/www.fierbois.com\/wp-content\/uploads\/2025\/05\/AdobeStock_127000736-768x510.webp 768w, https:\/\/www.fierbois.com\/wp-content\/uploads\/2025\/05\/AdobeStock_127000736-1536x1020.webp 1536w, https:\/\/www.fierbois.com\/wp-content\/uploads\/2025\/05\/AdobeStock_127000736.webp 1920w\" sizes=\"(max-width: 1024px) 100vw, 1024px\" title=\"\">        <\/article>\r\n              <article class=\"lieu-alentour currentCat visuel\" data-cat=\"aktivitaten\" data-slug=\"freizeitzentrum-saint-cyr\" data-icone=\"\" data-couleur=\"\" data-latitude=\"46.7212151\" data-longitude=\"0.4558636\">\r\n          <div class=\"texte-lieu\">\r\n              <p class=\"categorie-lieu\">\r\n                <span class=\"fc-icon\"><svg xmlns=\"http:\/\/www.w3.org\/2000\/svg\"  viewBox=\"0 0 384 512\" width=\"16px\" height=\"16px\"><!--! Font Awesome Pro 6.4.2 by @fontawesome - https:\/\/fontawesome.com License - https:\/\/fontawesome.com\/license (Commercial License) Copyright 2023 Fonticons, Inc.--><path d=\"M384 192c0 87.4-117 243-168.3 307.2c-12.3 15.3-35.1 15.3-47.4 0C117 435 0 279.4 0 192C0 86 86 0 192 0S384 86 384 192z\"\/><\/svg><\/span>Aktivit\u00e4ten              <\/p>\r\n              <p class=\"titre-lieu \">Freizeitzentrum Saint-Cyr<\/p>\r\n            <\/div>\r\n          <img loading=\"lazy\" decoding=\"async\" width=\"1024\" height=\"576\" src=\"https:\/\/www.fierbois.com\/wp-content\/uploads\/2025\/05\/AdobeStock_696995173-1024x576.webp\" class=\"attachment-large size-large\" alt=\"\" srcset=\"https:\/\/www.fierbois.com\/wp-content\/uploads\/2025\/05\/AdobeStock_696995173-1024x576.webp 1024w, https:\/\/www.fierbois.com\/wp-content\/uploads\/2025\/05\/AdobeStock_696995173-850x478.webp 850w, https:\/\/www.fierbois.com\/wp-content\/uploads\/2025\/05\/AdobeStock_696995173-420x236.webp 420w, https:\/\/www.fierbois.com\/wp-content\/uploads\/2025\/05\/AdobeStock_696995173-768x432.webp 768w, https:\/\/www.fierbois.com\/wp-content\/uploads\/2025\/05\/AdobeStock_696995173-1536x864.webp 1536w, https:\/\/www.fierbois.com\/wp-content\/uploads\/2025\/05\/AdobeStock_696995173.webp 1920w\" sizes=\"(max-width: 1024px) 100vw, 1024px\" title=\"\">        <\/article>\r\n              <article class=\"lieu-alentour currentCat visuel\" data-cat=\"aktivitaten\" data-slug=\"das-haras-de-la-vallee-des-rois-gestuet-im-tal-der-koenige\" data-icone=\"\" data-couleur=\"\" data-latitude=\"47.3461404\" data-longitude=\"0.860347\">\r\n          <div class=\"texte-lieu\">\r\n              <p class=\"categorie-lieu\">\r\n                <span class=\"fc-icon\"><svg xmlns=\"http:\/\/www.w3.org\/2000\/svg\"  viewBox=\"0 0 384 512\" width=\"16px\" height=\"16px\"><!--! Font Awesome Pro 6.4.2 by @fontawesome - https:\/\/fontawesome.com License - https:\/\/fontawesome.com\/license (Commercial License) Copyright 2023 Fonticons, Inc.--><path d=\"M384 192c0 87.4-117 243-168.3 307.2c-12.3 15.3-35.1 15.3-47.4 0C117 435 0 279.4 0 192C0 86 86 0 192 0S384 86 384 192z\"\/><\/svg><\/span>Aktivit\u00e4ten              <\/p>\r\n              <p class=\"titre-lieu \">Das Haras de la Vall\u00e9e des Rois (Gest\u00fct im Tal der K\u00f6nige)<\/p>\r\n            <\/div>\r\n          <img loading=\"lazy\" decoding=\"async\" width=\"1024\" height=\"683\" src=\"https:\/\/www.fierbois.com\/wp-content\/uploads\/2025\/05\/AdobeStock_132751222-1024x683.webp\" class=\"attachment-large size-large\" alt=\"\" srcset=\"https:\/\/www.fierbois.com\/wp-content\/uploads\/2025\/05\/AdobeStock_132751222-1024x683.webp 1024w, https:\/\/www.fierbois.com\/wp-content\/uploads\/2025\/05\/AdobeStock_132751222-850x567.webp 850w, https:\/\/www.fierbois.com\/wp-content\/uploads\/2025\/05\/AdobeStock_132751222-420x280.webp 420w, https:\/\/www.fierbois.com\/wp-content\/uploads\/2025\/05\/AdobeStock_132751222-768x512.webp 768w, https:\/\/www.fierbois.com\/wp-content\/uploads\/2025\/05\/AdobeStock_132751222-1536x1024.webp 1536w, https:\/\/www.fierbois.com\/wp-content\/uploads\/2025\/05\/AdobeStock_132751222.webp 1920w\" sizes=\"(max-width: 1024px) 100vw, 1024px\" title=\"\">        <\/article>\r\n              <article class=\"lieu-alentour currentCat visuel\" data-cat=\"aktivitaten\" data-slug=\"kanufahrten-auf-der-vienne-oder-dem-indre\" data-icone=\"\" data-couleur=\"\" data-latitude=\"46.4054744\" data-longitude=\"0.7024772\">\r\n          <div class=\"texte-lieu\">\r\n              <p class=\"categorie-lieu\">\r\n                <span class=\"fc-icon\"><svg xmlns=\"http:\/\/www.w3.org\/2000\/svg\"  viewBox=\"0 0 384 512\" width=\"16px\" height=\"16px\"><!--! Font Awesome Pro 6.4.2 by @fontawesome - https:\/\/fontawesome.com License - https:\/\/fontawesome.com\/license (Commercial License) Copyright 2023 Fonticons, Inc.--><path d=\"M384 192c0 87.4-117 243-168.3 307.2c-12.3 15.3-35.1 15.3-47.4 0C117 435 0 279.4 0 192C0 86 86 0 192 0S384 86 384 192z\"\/><\/svg><\/span>Aktivit\u00e4ten              <\/p>\r\n              <p class=\"titre-lieu \">Kanufahrten auf der Vienne oder dem Indre<\/p>\r\n            <\/div>\r\n          <img loading=\"lazy\" decoding=\"async\" width=\"1024\" height=\"655\" src=\"https:\/\/www.fierbois.com\/wp-content\/uploads\/2025\/05\/AdobeStock_196310861-1024x655.webp\" class=\"attachment-large size-large\" alt=\"\" srcset=\"https:\/\/www.fierbois.com\/wp-content\/uploads\/2025\/05\/AdobeStock_196310861-1024x655.webp 1024w, https:\/\/www.fierbois.com\/wp-content\/uploads\/2025\/05\/AdobeStock_196310861-850x544.webp 850w, https:\/\/www.fierbois.com\/wp-content\/uploads\/2025\/05\/AdobeStock_196310861-420x269.webp 420w, https:\/\/www.fierbois.com\/wp-content\/uploads\/2025\/05\/AdobeStock_196310861-768x491.webp 768w, https:\/\/www.fierbois.com\/wp-content\/uploads\/2025\/05\/AdobeStock_196310861-1536x982.webp 1536w, https:\/\/www.fierbois.com\/wp-content\/uploads\/2025\/05\/AdobeStock_196310861.webp 1920w\" sizes=\"(max-width: 1024px) 100vw, 1024px\" title=\"\">        <\/article>\r\n              <a href=\"https:\/\/www.fierbois.com\/de\/bewegung-natur-und-sportaktivitaeten\/die-loire-mit-dem-fahrrad\/\" class=\"lieu-alentour currentCat visuel\" data-cat=\"aktivitaten\" data-slug=\"die-loire-mit-dem-fahrrad\" data-icone=\"\" data-couleur=\"\" data-latitude=\"47.2648983\" data-longitude=\"0.3033295\">\r\n          <div class=\"texte-lieu\">\r\n            <p class=\"categorie-lieu\">\r\n              <span class=\"fc-icon\"><svg xmlns=\"http:\/\/www.w3.org\/2000\/svg\"  viewBox=\"0 0 384 512\" width=\"16px\" height=\"16px\"><!--! Font Awesome Pro 6.4.2 by @fontawesome - https:\/\/fontawesome.com License - https:\/\/fontawesome.com\/license (Commercial License) Copyright 2023 Fonticons, Inc.--><path d=\"M384 192c0 87.4-117 243-168.3 307.2c-12.3 15.3-35.1 15.3-47.4 0C117 435 0 279.4 0 192C0 86 86 0 192 0S384 86 384 192z\"\/><\/svg><\/span>Aktivit\u00e4ten            <\/p>\r\n            <p class=\"titre-lieu\">Loire mit dem Fahrrad <span class=\"fc-icon\"><svg xmlns=\"http:\/\/www.w3.org\/2000\/svg\"  viewBox=\"0 0 448 512\" width=\"16px\" height=\"16px\"><!--! Font Awesome Pro 6.4.2 by @fontawesome - https:\/\/fontawesome.com License - https:\/\/fontawesome.com\/license (Commercial License) Copyright 2023 Fonticons, Inc.--><path d=\"M443.3 267.3c6.2-6.2 6.2-16.4 0-22.6l-176-176c-6.2-6.2-16.4-6.2-22.6 0s-6.2 16.4 0 22.6L393.4 240 16 240c-8.8 0-16 7.2-16 16s7.2 16 16 16l377.4 0L244.7 420.7c-6.2 6.2-6.2 16.4 0 22.6s16.4 6.2 22.6 0l176-176z\"\/><\/svg><\/span><\/p>\r\n          <\/div>\r\n          <img loading=\"lazy\" decoding=\"async\" width=\"1024\" height=\"682\" src=\"https:\/\/www.fierbois.com\/wp-content\/uploads\/2025\/05\/AdobeStock_456921544-1024x682.webp\" class=\"attachment-large size-large\" alt=\"\" srcset=\"https:\/\/www.fierbois.com\/wp-content\/uploads\/2025\/05\/AdobeStock_456921544-1024x682.webp 1024w, https:\/\/www.fierbois.com\/wp-content\/uploads\/2025\/05\/AdobeStock_456921544-850x566.webp 850w, https:\/\/www.fierbois.com\/wp-content\/uploads\/2025\/05\/AdobeStock_456921544-420x280.webp 420w, https:\/\/www.fierbois.com\/wp-content\/uploads\/2025\/05\/AdobeStock_456921544-768x512.webp 768w, https:\/\/www.fierbois.com\/wp-content\/uploads\/2025\/05\/AdobeStock_456921544-1536x1023.webp 1536w, https:\/\/www.fierbois.com\/wp-content\/uploads\/2025\/05\/AdobeStock_456921544.webp 1920w\" sizes=\"(max-width: 1024px) 100vw, 1024px\" title=\"\">        <\/a>\r\n          <\/div>\r\n    <div id='page_navigation'><\/div>\r\n  <\/div>\r\n\r\n  <div id=\"map-alentours\" class=\"wp-block-column\">\r\n    <div id=\"map\"><\/div>\r\n  <\/div>\r\n\r\n<\/section>\r\n\r\n","protected":false},"excerpt":{"rendered":"<p>Bewegung zum Vergn\u00fcgen, nicht f\u00fcr die Uhr Sauerstoff und Freiheit tanken Hier im Loiretal k\u00f6nnen Sie sich so bewegen, wie es Ihnen gef\u00e4llt: mit dem Fahrrad entlang der Loire, mit dem Kanu auf dem Fluss Indre oder bei einem gem\u00fctlichen Spaziergang durch die Landschaft von Tours. Erleben Sie Abenteuer in Ihrem eigenen Rhythmus, inmitten einer [&hellip;]<\/p>\n","protected":false},"author":1,"featured_media":0,"parent":0,"menu_order":0,"comment_status":"open","ping_status":"open","template":"","meta":{"_acf_changed":false,"footnotes":""},"lieu":[],"acf":[],"_links":{"self":[{"href":"https:\/\/www.fierbois.com\/de\/wp-json\/wp\/v2\/pages\/3608"}],"collection":[{"href":"https:\/\/www.fierbois.com\/de\/wp-json\/wp\/v2\/pages"}],"about":[{"href":"https:\/\/www.fierbois.com\/de\/wp-json\/wp\/v2\/types\/page"}],"author":[{"embeddable":true,"href":"https:\/\/www.fierbois.com\/de\/wp-json\/wp\/v2\/users\/1"}],"replies":[{"embeddable":true,"href":"https:\/\/www.fierbois.com\/de\/wp-json\/wp\/v2\/comments?post=3608"}],"version-history":[{"count":2,"href":"https:\/\/www.fierbois.com\/de\/wp-json\/wp\/v2\/pages\/3608\/revisions"}],"predecessor-version":[{"id":4214,"href":"https:\/\/www.fierbois.com\/de\/wp-json\/wp\/v2\/pages\/3608\/revisions\/4214"}],"wp:attachment":[{"href":"https:\/\/www.fierbois.com\/de\/wp-json\/wp\/v2\/media?parent=3608"}],"wp:term":[{"taxonomy":"lieu","embeddable":true,"href":"https:\/\/www.fierbois.com\/de\/wp-json\/wp\/v2\/lieu?post=3608"}],"curies":[{"name":"wp","href":"https:\/\/api.w.org\/{rel}","templated":true}]}}