{"id":3617,"date":"2025-04-03T14:53:48","date_gmt":"2025-04-03T12:53:48","guid":{"rendered":"https:\/\/www.fierbois.com\/sich-wundern\/"},"modified":"2025-12-09T09:18:13","modified_gmt":"2025-12-09T08:18:13","slug":"sich-wundern","status":"publish","type":"page","link":"https:\/\/www.fierbois.com\/de\/sich-wundern\/","title":{"rendered":"Sich wundern"},"content":{"rendered":"<div class=\"diaporama-header align-full\"><div class=\"gallery\"><figure class=\"gallery__item\"><picture><source srcset=\"https:\/\/www.fierbois.com\/wp-content\/uploads\/2025\/05\/AdobeStock_527050436-420x315.webp\" media=\"(max-width: 210px)\"><source srcset=\"https:\/\/www.fierbois.com\/wp-content\/uploads\/2025\/05\/AdobeStock_527050436-850x638.webp\" media=\"(max-width: 420px)\"><source srcset=\"https:\/\/www.fierbois.com\/wp-content\/uploads\/2025\/05\/AdobeStock_527050436-768x576.webp\" media=\"(max-width: 850px)\"><source srcset=\"https:\/\/www.fierbois.com\/wp-content\/uploads\/2025\/05\/AdobeStock_527050436-1024x768.webp\" media=\"(max-width: 1024px)\"><source srcset=\"https:\/\/www.fierbois.com\/wp-content\/uploads\/2025\/05\/AdobeStock_527050436.webp\" media=\"(min-width: 1025px)\"><img loading=\"lazy\" decoding=\"async\" src=\"https:\/\/www.fierbois.com\/wp-content\/uploads\/2025\/05\/AdobeStock_527050436-420x315.webp\" width=\"420\" height=\"210\" alt=\"\" title=\"\"><\/picture><\/figure><\/div><div class=\"diaporama-header__inner\"><\/div><\/div><div class=\"columns sec-10\"><div class=\"columns__item fade-down\"><p class=\"wording\" style=\"color: var(--vert);\"  >Das Geheimrezept f\u00fcr Familiengl\u00fcck<\/p><div class=\"gallery\"><figure class=\"gallery__item\"><picture><source srcset=\"https:\/\/www.fierbois.com\/wp-content\/uploads\/2025\/05\/AdobeStock_166609374-420x280.webp\" media=\"(max-width: 210px)\"><source srcset=\"https:\/\/www.fierbois.com\/wp-content\/uploads\/2025\/05\/AdobeStock_166609374-850x566.webp\" media=\"(max-width: 420px)\"><source srcset=\"https:\/\/www.fierbois.com\/wp-content\/uploads\/2025\/05\/AdobeStock_166609374-768x512.webp\" media=\"(max-width: 850px)\"><source srcset=\"https:\/\/www.fierbois.com\/wp-content\/uploads\/2025\/05\/AdobeStock_166609374-1024x682.webp\" media=\"(max-width: 1024px)\"><source srcset=\"https:\/\/www.fierbois.com\/wp-content\/uploads\/2025\/05\/AdobeStock_166609374.webp\" media=\"(min-width: 1025px)\"><img decoding=\"async\" src=\"https:\/\/www.fierbois.com\/wp-content\/uploads\/2025\/05\/AdobeStock_166609374-420x280.webp\" width=\"420\" height=\"210\" loading=\"lazy\" alt=\"\" title=\"\"><\/picture><figcaption>ZooParc de Beauval<\/figcaption><\/figure><\/div><\/div><div class=\"columns__item fade-up reverse-mob\"><div class=\"gallery\"><figure class=\"gallery__item\"><picture><source srcset=\"https:\/\/www.fierbois.com\/wp-content\/uploads\/2025\/10\/AdobeStock_521847869-420x280.jpeg.webp\" media=\"(max-width: 210px)\"><source srcset=\"https:\/\/www.fierbois.com\/wp-content\/uploads\/2025\/10\/AdobeStock_521847869-850x566.jpeg.webp\" media=\"(max-width: 420px)\"><source srcset=\"https:\/\/www.fierbois.com\/wp-content\/uploads\/2025\/10\/AdobeStock_521847869-768x512.jpeg.webp\" media=\"(max-width: 850px)\"><source srcset=\"https:\/\/www.fierbois.com\/wp-content\/uploads\/2025\/10\/AdobeStock_521847869-1024x682.jpeg.webp\" media=\"(max-width: 1024px)\"><source srcset=\"https:\/\/www.fierbois.com\/wp-content\/uploads\/2025\/10\/AdobeStock_521847869.jpeg.webp\" media=\"(min-width: 1025px)\"><img decoding=\"async\" src=\"https:\/\/www.fierbois.com\/wp-content\/uploads\/2025\/10\/AdobeStock_521847869-420x280.jpeg.webp\" width=\"420\" height=\"210\" loading=\"lazy\" alt=\"\" title=\"\"><\/picture><figcaption>Family Park 37<\/figcaption><\/figure><\/div><h1>Leuchtende Augen&#8230; nicht nur bei Kindern!<\/h1><p    >Pandas, Reisen in die Zukunft, Shows unter den Sternen&#8230; Das Loiretal ist auch eine gro\u00dfe Portion Magie, die Sie mit Ihrer Familie teilen k\u00f6nnen. Nur einen Katzensprung vom Campingplatz entfernt erleben Sie Tage (und Abende!), die Kinderaugen zum Funkeln bringen&#8230; und die Gro\u00dfen in ihre Kindheit zur\u00fcckversetzen. <\/p><div class=\"lireplus fc-desk\"><p    >Lesen Sie mehr<\/p><div class=\"group\"><p    >M\u00f6chten Sie die Region in aller Freiheit erkunden? Ein <strong>interaktives Terminal<\/strong>, das an der Rezeption zug\u00e4nglich ist, f\u00fchrt Sie durch Ihre Entdeckungen: <strong>Ideen f\u00fcr Besichtigungen, Routen zum Herunterladen, Tickets zum Buchen<\/strong>&#8230; Alles ist vorhanden, um Ihre Ausfl\u00fcge in wenigen Augenblicken zu organisieren, dank unserer Partnerschaft mit dem Office de Tourisme. <\/p><\/div><\/div><\/div><\/div>\r\n<section id=\"fc-alentours\" class=\"wp-block-columns\">\r\n\r\n  <div id=\"listing-alentours\" class=\"wp-block-column\">\r\n    \r\n    <div class=\"filtres\">\r\n      <div>\r\n        <input id=\"all\" name=\"filter\" type=\"radio\" class=\"all-input\" checked=\"checked\" \/>\r\n        <label for=\"all\" class=\"all-label\">Alle Orte<\/label>\r\n      <\/div>\r\n      <div><input id=\"aktivitaten\" name=\"filter\" type=\"radio\" \/><label for=\"aktivitaten\">Aktivit\u00e4ten<\/label><\/div>      <input type='hidden' id='current_page'\/>\r\n      <input type='hidden' id='show_per_page'\/>\r\n    <\/div>\r\n\r\n    <div id=\"listing\">\r\n              <article class=\"lieu-alentour currentCat visuel\" data-cat=\"camping\" data-slug=\"camping\" data-icone=\"[picto icon=\"house-light\"]\"\" data-couleur=\"#af8f4e\"\" data-latitude=\"47.1467404\" data-longitude=\"0.6526418\">\r\n          <div class=\"texte-lieu\">\r\n            <p class=\"categorie-lieu\">\r\n              <span class=\"fc-icon\"><svg xmlns=\"http:\/\/www.w3.org\/2000\/svg\"  viewBox=\"0 0 576 512\" width=\"16px\" height=\"16px\"><!--! Font Awesome Pro 6.4.2 by @fontawesome - https:\/\/fontawesome.com License - https:\/\/fontawesome.com\/license (Commercial License) Copyright 2023 Fonticons, Inc.--><path d=\"M298.6 4c-6-5.3-15.1-5.3-21.2 0L5.4 244c-6.6 5.8-7.3 16-1.4 22.6s16 7.3 22.6 1.4L64 235V432c0 44.2 35.8 80 80 80H432c44.2 0 80-35.8 80-80V235l37.4 33c6.6 5.8 16.7 5.2 22.6-1.4s5.2-16.7-1.4-22.6L298.6 4zM96 432V206.7L288 37.3 480 206.7V432c0 26.5-21.5 48-48 48H368V320c0-17.7-14.3-32-32-32H240c-17.7 0-32 14.3-32 32V480H144c-26.5 0-48-21.5-48-48zm144 48V320h96V480H240z\"\/><\/svg><\/span>Campingplatz            <\/p>\r\n            <p class=\"titre-lieu\">Parc de Fierbois<\/p>\r\n          <\/div>\r\n                  <\/article>\r\n                <article class=\"lieu-alentour currentCat visuel\" data-cat=\"aktivitaten\" data-slug=\"futuroscope\" data-icone=\"\" data-couleur=\"\" data-latitude=\"46.6666138\" data-longitude=\"0.3674498\">\r\n          <div class=\"texte-lieu\">\r\n              <p class=\"categorie-lieu\">\r\n                <span class=\"fc-icon\"><svg xmlns=\"http:\/\/www.w3.org\/2000\/svg\"  viewBox=\"0 0 384 512\" width=\"16px\" height=\"16px\"><!--! Font Awesome Pro 6.4.2 by @fontawesome - https:\/\/fontawesome.com License - https:\/\/fontawesome.com\/license (Commercial License) Copyright 2023 Fonticons, Inc.--><path d=\"M384 192c0 87.4-117 243-168.3 307.2c-12.3 15.3-35.1 15.3-47.4 0C117 435 0 279.4 0 192C0 86 86 0 192 0S384 86 384 192z\"\/><\/svg><\/span>Aktivit\u00e4ten              <\/p>\r\n              <p class=\"titre-lieu \">Futuroscope<\/p>\r\n            <\/div>\r\n          <img loading=\"lazy\" decoding=\"async\" width=\"1024\" height=\"606\" src=\"https:\/\/www.fierbois.com\/wp-content\/uploads\/2025\/05\/AdobeStock_298720141_Editorial_Use_Only-1-1024x606.webp\" class=\"attachment-large size-large\" alt=\"\" srcset=\"https:\/\/www.fierbois.com\/wp-content\/uploads\/2025\/05\/AdobeStock_298720141_Editorial_Use_Only-1-1024x606.webp 1024w, https:\/\/www.fierbois.com\/wp-content\/uploads\/2025\/05\/AdobeStock_298720141_Editorial_Use_Only-1-850x503.webp 850w, https:\/\/www.fierbois.com\/wp-content\/uploads\/2025\/05\/AdobeStock_298720141_Editorial_Use_Only-1-420x249.webp 420w, https:\/\/www.fierbois.com\/wp-content\/uploads\/2025\/05\/AdobeStock_298720141_Editorial_Use_Only-1-768x455.webp 768w, https:\/\/www.fierbois.com\/wp-content\/uploads\/2025\/05\/AdobeStock_298720141_Editorial_Use_Only-1-1536x910.webp 1536w, https:\/\/www.fierbois.com\/wp-content\/uploads\/2025\/05\/AdobeStock_298720141_Editorial_Use_Only-1.webp 1920w\" sizes=\"(max-width: 1024px) 100vw, 1024px\" title=\"\">        <\/article>\r\n              <a href=\"https:\/\/www.fierbois.com\/de\/sich-wundern\/beauval-zoo\/\" class=\"lieu-alentour currentCat visuel\" data-cat=\"aktivitaten\" data-slug=\"beauval-zoo\" data-icone=\"\" data-couleur=\"\" data-latitude=\"47.2476534\" data-longitude=\"1.35309\">\r\n          <div class=\"texte-lieu\">\r\n            <p class=\"categorie-lieu\">\r\n              <span class=\"fc-icon\"><svg xmlns=\"http:\/\/www.w3.org\/2000\/svg\"  viewBox=\"0 0 384 512\" width=\"16px\" height=\"16px\"><!--! Font Awesome Pro 6.4.2 by @fontawesome - https:\/\/fontawesome.com License - https:\/\/fontawesome.com\/license (Commercial License) Copyright 2023 Fonticons, Inc.--><path d=\"M384 192c0 87.4-117 243-168.3 307.2c-12.3 15.3-35.1 15.3-47.4 0C117 435 0 279.4 0 192C0 86 86 0 192 0S384 86 384 192z\"\/><\/svg><\/span>Aktivit\u00e4ten            <\/p>\r\n            <p class=\"titre-lieu\">Beauval Zoo <span class=\"fc-icon\"><svg xmlns=\"http:\/\/www.w3.org\/2000\/svg\"  viewBox=\"0 0 448 512\" width=\"16px\" height=\"16px\"><!--! Font Awesome Pro 6.4.2 by @fontawesome - https:\/\/fontawesome.com License - https:\/\/fontawesome.com\/license (Commercial License) Copyright 2023 Fonticons, Inc.--><path d=\"M443.3 267.3c6.2-6.2 6.2-16.4 0-22.6l-176-176c-6.2-6.2-16.4-6.2-22.6 0s-6.2 16.4 0 22.6L393.4 240 16 240c-8.8 0-16 7.2-16 16s7.2 16 16 16l377.4 0L244.7 420.7c-6.2 6.2-6.2 16.4 0 22.6s16.4 6.2 22.6 0l176-176z\"\/><\/svg><\/span><\/p>\r\n          <\/div>\r\n          <img loading=\"lazy\" decoding=\"async\" width=\"1024\" height=\"683\" src=\"https:\/\/www.fierbois.com\/wp-content\/uploads\/2025\/05\/AdobeStock_382841165-1024x683.webp\" class=\"attachment-large size-large\" alt=\"\" srcset=\"https:\/\/www.fierbois.com\/wp-content\/uploads\/2025\/05\/AdobeStock_382841165-1024x683.webp 1024w, https:\/\/www.fierbois.com\/wp-content\/uploads\/2025\/05\/AdobeStock_382841165-850x567.webp 850w, https:\/\/www.fierbois.com\/wp-content\/uploads\/2025\/05\/AdobeStock_382841165-420x280.webp 420w, https:\/\/www.fierbois.com\/wp-content\/uploads\/2025\/05\/AdobeStock_382841165-768x512.webp 768w, https:\/\/www.fierbois.com\/wp-content\/uploads\/2025\/05\/AdobeStock_382841165-1536x1024.webp 1536w, https:\/\/www.fierbois.com\/wp-content\/uploads\/2025\/05\/AdobeStock_382841165.webp 1920w\" sizes=\"(max-width: 1024px) 100vw, 1024px\" title=\"\">        <\/a>\r\n              <article class=\"lieu-alentour currentCat visuel\" data-cat=\"aktivitaten\" data-slug=\"festival-terres-du-son\" data-icone=\"\" data-couleur=\"\" data-latitude=\"47.296422\" data-longitude=\"0.6652221\">\r\n          <div class=\"texte-lieu\">\r\n              <p class=\"categorie-lieu\">\r\n                <span class=\"fc-icon\"><svg xmlns=\"http:\/\/www.w3.org\/2000\/svg\"  viewBox=\"0 0 384 512\" width=\"16px\" height=\"16px\"><!--! Font Awesome Pro 6.4.2 by @fontawesome - https:\/\/fontawesome.com License - https:\/\/fontawesome.com\/license (Commercial License) Copyright 2023 Fonticons, Inc.--><path d=\"M384 192c0 87.4-117 243-168.3 307.2c-12.3 15.3-35.1 15.3-47.4 0C117 435 0 279.4 0 192C0 86 86 0 192 0S384 86 384 192z\"\/><\/svg><\/span>Aktivit\u00e4ten              <\/p>\r\n              <p class=\"titre-lieu \">Festival terres du son<\/p>\r\n            <\/div>\r\n          <img loading=\"lazy\" decoding=\"async\" width=\"1024\" height=\"666\" src=\"https:\/\/www.fierbois.com\/wp-content\/uploads\/2025\/10\/concert-1024x666.jpeg\" class=\"attachment-large size-large\" alt=\"\" srcset=\"https:\/\/www.fierbois.com\/wp-content\/uploads\/2025\/10\/concert-1024x666.jpeg 1024w, https:\/\/www.fierbois.com\/wp-content\/uploads\/2025\/10\/concert-850x553.jpeg 850w, https:\/\/www.fierbois.com\/wp-content\/uploads\/2025\/10\/concert-420x273.jpeg 420w, https:\/\/www.fierbois.com\/wp-content\/uploads\/2025\/10\/concert-768x499.jpeg 768w, https:\/\/www.fierbois.com\/wp-content\/uploads\/2025\/10\/concert.jpeg 1280w\" sizes=\"(max-width: 1024px) 100vw, 1024px\" title=\"\">        <\/article>\r\n              <article class=\"lieu-alentour currentCat visuel\" data-cat=\"aktivitaten\" data-slug=\"familienpark-37\" data-icone=\"\" data-couleur=\"\" data-latitude=\"47.261719\" data-longitude=\"0.6723869\">\r\n          <div class=\"texte-lieu\">\r\n              <p class=\"categorie-lieu\">\r\n                <span class=\"fc-icon\"><svg xmlns=\"http:\/\/www.w3.org\/2000\/svg\"  viewBox=\"0 0 384 512\" width=\"16px\" height=\"16px\"><!--! Font Awesome Pro 6.4.2 by @fontawesome - https:\/\/fontawesome.com License - https:\/\/fontawesome.com\/license (Commercial License) Copyright 2023 Fonticons, Inc.--><path d=\"M384 192c0 87.4-117 243-168.3 307.2c-12.3 15.3-35.1 15.3-47.4 0C117 435 0 279.4 0 192C0 86 86 0 192 0S384 86 384 192z\"\/><\/svg><\/span>Aktivit\u00e4ten              <\/p>\r\n              <p class=\"titre-lieu \">Familienpark 37<\/p>\r\n            <\/div>\r\n          <img loading=\"lazy\" decoding=\"async\" width=\"1024\" height=\"682\" src=\"https:\/\/www.fierbois.com\/wp-content\/uploads\/2025\/10\/AdobeStock_521847869-1024x682.jpeg\" class=\"attachment-large size-large\" alt=\"\" srcset=\"https:\/\/www.fierbois.com\/wp-content\/uploads\/2025\/10\/AdobeStock_521847869-1024x682.jpeg 1024w, https:\/\/www.fierbois.com\/wp-content\/uploads\/2025\/10\/AdobeStock_521847869-850x566.jpeg 850w, https:\/\/www.fierbois.com\/wp-content\/uploads\/2025\/10\/AdobeStock_521847869-420x280.jpeg 420w, https:\/\/www.fierbois.com\/wp-content\/uploads\/2025\/10\/AdobeStock_521847869-768x512.jpeg 768w, https:\/\/www.fierbois.com\/wp-content\/uploads\/2025\/10\/AdobeStock_521847869.jpeg 1280w\" sizes=\"(max-width: 1024px) 100vw, 1024px\" title=\"\">        <\/article>\r\n              <article class=\"lieu-alentour currentCat visuel\" data-cat=\"aktivitaten\" data-slug=\"der-dampfzug-von-richelieu\" data-icone=\"\" data-couleur=\"\" data-latitude=\"47.0125981\" data-longitude=\"0.3240312\">\r\n          <div class=\"texte-lieu\">\r\n              <p class=\"categorie-lieu\">\r\n                <span class=\"fc-icon\"><svg xmlns=\"http:\/\/www.w3.org\/2000\/svg\"  viewBox=\"0 0 384 512\" width=\"16px\" height=\"16px\"><!--! Font Awesome Pro 6.4.2 by @fontawesome - https:\/\/fontawesome.com License - https:\/\/fontawesome.com\/license (Commercial License) Copyright 2023 Fonticons, Inc.--><path d=\"M384 192c0 87.4-117 243-168.3 307.2c-12.3 15.3-35.1 15.3-47.4 0C117 435 0 279.4 0 192C0 86 86 0 192 0S384 86 384 192z\"\/><\/svg><\/span>Aktivit\u00e4ten              <\/p>\r\n              <p class=\"titre-lieu \">Der Dampfzug von Richelieu  <\/p>\r\n            <\/div>\r\n          <img loading=\"lazy\" decoding=\"async\" width=\"1024\" height=\"683\" src=\"https:\/\/www.fierbois.com\/wp-content\/uploads\/2025\/05\/AdobeStock_342642386-1024x683.webp\" class=\"attachment-large size-large\" alt=\"\" srcset=\"https:\/\/www.fierbois.com\/wp-content\/uploads\/2025\/05\/AdobeStock_342642386-1024x683.webp 1024w, https:\/\/www.fierbois.com\/wp-content\/uploads\/2025\/05\/AdobeStock_342642386-850x567.webp 850w, https:\/\/www.fierbois.com\/wp-content\/uploads\/2025\/05\/AdobeStock_342642386-420x280.webp 420w, https:\/\/www.fierbois.com\/wp-content\/uploads\/2025\/05\/AdobeStock_342642386-768x512.webp 768w, https:\/\/www.fierbois.com\/wp-content\/uploads\/2025\/05\/AdobeStock_342642386-1536x1024.webp 1536w, https:\/\/www.fierbois.com\/wp-content\/uploads\/2025\/05\/AdobeStock_342642386.webp 1920w\" sizes=\"(max-width: 1024px) 100vw, 1024px\" title=\"\">        <\/article>\r\n              <article class=\"lieu-alentour currentCat visuel\" data-cat=\"aktivitaten\" data-slug=\"das-museum-der-vorgeschichte-von-grand-pressigny\" data-icone=\"\" data-couleur=\"\" data-latitude=\"46.9219007\" data-longitude=\"0.8033008\">\r\n          <div class=\"texte-lieu\">\r\n              <p class=\"categorie-lieu\">\r\n                <span class=\"fc-icon\"><svg xmlns=\"http:\/\/www.w3.org\/2000\/svg\"  viewBox=\"0 0 384 512\" width=\"16px\" height=\"16px\"><!--! Font Awesome Pro 6.4.2 by @fontawesome - https:\/\/fontawesome.com License - https:\/\/fontawesome.com\/license (Commercial License) Copyright 2023 Fonticons, Inc.--><path d=\"M384 192c0 87.4-117 243-168.3 307.2c-12.3 15.3-35.1 15.3-47.4 0C117 435 0 279.4 0 192C0 86 86 0 192 0S384 86 384 192z\"\/><\/svg><\/span>Aktivit\u00e4ten              <\/p>\r\n              <p class=\"titre-lieu \">Das Museum der Vorgeschichte von Grand-Pressigny<\/p>\r\n            <\/div>\r\n          <img loading=\"lazy\" decoding=\"async\" width=\"1024\" height=\"662\" src=\"https:\/\/www.fierbois.com\/wp-content\/uploads\/2026\/03\/AdobeStock_1573360830-1024x662.jpeg\" class=\"attachment-large size-large\" alt=\"\" srcset=\"https:\/\/www.fierbois.com\/wp-content\/uploads\/2026\/03\/AdobeStock_1573360830-1024x662.jpeg 1024w, https:\/\/www.fierbois.com\/wp-content\/uploads\/2026\/03\/AdobeStock_1573360830-850x550.jpeg 850w, https:\/\/www.fierbois.com\/wp-content\/uploads\/2026\/03\/AdobeStock_1573360830-420x272.jpeg 420w, https:\/\/www.fierbois.com\/wp-content\/uploads\/2026\/03\/AdobeStock_1573360830-768x497.jpeg 768w, https:\/\/www.fierbois.com\/wp-content\/uploads\/2026\/03\/AdobeStock_1573360830.jpeg 1280w\" sizes=\"(max-width: 1024px) 100vw, 1024px\" title=\"\">        <\/article>\r\n              <article class=\"lieu-alentour currentCat visuel\" data-cat=\"aktivitaten\" data-slug=\"die-seifenfabrik-martin-de-candre\" data-icone=\"\" data-couleur=\"\" data-latitude=\"47.2011141\" data-longitude=\"0.0473931\">\r\n          <div class=\"texte-lieu\">\r\n              <p class=\"categorie-lieu\">\r\n                <span class=\"fc-icon\"><svg xmlns=\"http:\/\/www.w3.org\/2000\/svg\"  viewBox=\"0 0 384 512\" width=\"16px\" height=\"16px\"><!--! Font Awesome Pro 6.4.2 by @fontawesome - https:\/\/fontawesome.com License - https:\/\/fontawesome.com\/license (Commercial License) Copyright 2023 Fonticons, Inc.--><path d=\"M384 192c0 87.4-117 243-168.3 307.2c-12.3 15.3-35.1 15.3-47.4 0C117 435 0 279.4 0 192C0 86 86 0 192 0S384 86 384 192z\"\/><\/svg><\/span>Aktivit\u00e4ten              <\/p>\r\n              <p class=\"titre-lieu \">Die Seifenfabrik Martin de Candre<\/p>\r\n            <\/div>\r\n          <img loading=\"lazy\" decoding=\"async\" width=\"1024\" height=\"683\" src=\"https:\/\/www.fierbois.com\/wp-content\/uploads\/2025\/05\/AdobeStock_110998752-1024x683.webp\" class=\"attachment-large size-large\" alt=\"\" srcset=\"https:\/\/www.fierbois.com\/wp-content\/uploads\/2025\/05\/AdobeStock_110998752-1024x683.webp 1024w, https:\/\/www.fierbois.com\/wp-content\/uploads\/2025\/05\/AdobeStock_110998752-850x567.webp 850w, https:\/\/www.fierbois.com\/wp-content\/uploads\/2025\/05\/AdobeStock_110998752-420x280.webp 420w, https:\/\/www.fierbois.com\/wp-content\/uploads\/2025\/05\/AdobeStock_110998752-768x512.webp 768w, https:\/\/www.fierbois.com\/wp-content\/uploads\/2025\/05\/AdobeStock_110998752-1536x1024.webp 1536w, https:\/\/www.fierbois.com\/wp-content\/uploads\/2025\/05\/AdobeStock_110998752.webp 1920w\" sizes=\"(max-width: 1024px) 100vw, 1024px\" title=\"\">        <\/article>\r\n              <article class=\"lieu-alentour currentCat visuel\" data-cat=\"aktivitaten\" data-slug=\"reserve-zoologique-de-la-haute-touche\" data-icone=\"\" data-couleur=\"\" data-latitude=\"46.8770124\" data-longitude=\"1.0938679\">\r\n          <div class=\"texte-lieu\">\r\n              <p class=\"categorie-lieu\">\r\n                <span class=\"fc-icon\"><svg xmlns=\"http:\/\/www.w3.org\/2000\/svg\"  viewBox=\"0 0 384 512\" width=\"16px\" height=\"16px\"><!--! Font Awesome Pro 6.4.2 by @fontawesome - https:\/\/fontawesome.com License - https:\/\/fontawesome.com\/license (Commercial License) Copyright 2023 Fonticons, Inc.--><path d=\"M384 192c0 87.4-117 243-168.3 307.2c-12.3 15.3-35.1 15.3-47.4 0C117 435 0 279.4 0 192C0 86 86 0 192 0S384 86 384 192z\"\/><\/svg><\/span>Aktivit\u00e4ten              <\/p>\r\n              <p class=\"titre-lieu \">R\u00e9serve zoologique de la Haute-Touche<\/p>\r\n            <\/div>\r\n          <img loading=\"lazy\" decoding=\"async\" width=\"1024\" height=\"683\" src=\"https:\/\/www.fierbois.com\/wp-content\/uploads\/2026\/03\/AdobeStock_1805206088-1024x683.jpeg\" class=\"attachment-large size-large\" alt=\"\" srcset=\"https:\/\/www.fierbois.com\/wp-content\/uploads\/2026\/03\/AdobeStock_1805206088-1024x683.jpeg 1024w, https:\/\/www.fierbois.com\/wp-content\/uploads\/2026\/03\/AdobeStock_1805206088-850x567.jpeg 850w, https:\/\/www.fierbois.com\/wp-content\/uploads\/2026\/03\/AdobeStock_1805206088-420x280.jpeg 420w, https:\/\/www.fierbois.com\/wp-content\/uploads\/2026\/03\/AdobeStock_1805206088-768x512.jpeg 768w, https:\/\/www.fierbois.com\/wp-content\/uploads\/2026\/03\/AdobeStock_1805206088.jpeg 1280w\" sizes=\"(max-width: 1024px) 100vw, 1024px\" title=\"\">        <\/article>\r\n          <\/div>\r\n    <div id='page_navigation'><\/div>\r\n  <\/div>\r\n\r\n  <div id=\"map-alentours\" class=\"wp-block-column\">\r\n    <div id=\"map\"><\/div>\r\n  <\/div>\r\n\r\n<\/section>\r\n\r\n","protected":false},"excerpt":{"rendered":"<p>Das Geheimrezept f\u00fcr Familiengl\u00fcck Leuchtende Augen&#8230; nicht nur bei Kindern! Pandas, Reisen in die Zukunft, Shows unter den Sternen&#8230; Das Loiretal ist auch eine gro\u00dfe Portion Magie, die Sie mit Ihrer Familie teilen k\u00f6nnen. Nur einen Katzensprung vom Campingplatz entfernt erleben Sie Tage (und Abende!), die Kinderaugen zum Funkeln bringen&#8230; und die Gro\u00dfen in ihre [&hellip;]<\/p>\n","protected":false},"author":1,"featured_media":0,"parent":0,"menu_order":0,"comment_status":"open","ping_status":"open","template":"","meta":{"_acf_changed":false,"footnotes":""},"lieu":[],"acf":[],"_links":{"self":[{"href":"https:\/\/www.fierbois.com\/de\/wp-json\/wp\/v2\/pages\/3617"}],"collection":[{"href":"https:\/\/www.fierbois.com\/de\/wp-json\/wp\/v2\/pages"}],"about":[{"href":"https:\/\/www.fierbois.com\/de\/wp-json\/wp\/v2\/types\/page"}],"author":[{"embeddable":true,"href":"https:\/\/www.fierbois.com\/de\/wp-json\/wp\/v2\/users\/1"}],"replies":[{"embeddable":true,"href":"https:\/\/www.fierbois.com\/de\/wp-json\/wp\/v2\/comments?post=3617"}],"version-history":[{"count":2,"href":"https:\/\/www.fierbois.com\/de\/wp-json\/wp\/v2\/pages\/3617\/revisions"}],"predecessor-version":[{"id":4250,"href":"https:\/\/www.fierbois.com\/de\/wp-json\/wp\/v2\/pages\/3617\/revisions\/4250"}],"wp:attachment":[{"href":"https:\/\/www.fierbois.com\/de\/wp-json\/wp\/v2\/media?parent=3617"}],"wp:term":[{"taxonomy":"lieu","embeddable":true,"href":"https:\/\/www.fierbois.com\/de\/wp-json\/wp\/v2\/lieu?post=3617"}],"curies":[{"name":"wp","href":"https:\/\/api.w.org\/{rel}","templated":true}]}}