{"id":3621,"date":"2025-04-03T14:53:48","date_gmt":"2025-04-03T12:53:48","guid":{"rendered":"https:\/\/www.fierbois.com\/aktivitaeten-fuer-alle\/"},"modified":"2026-04-13T15:29:09","modified_gmt":"2026-04-13T13:29:09","slug":"aktivitaeten-fuer-alle","status":"publish","type":"page","link":"https:\/\/www.fierbois.com\/de\/aktivitaeten-fuer-alle\/","title":{"rendered":"Aktivit\u00e4ten f\u00fcr alle"},"content":{"rendered":"<div class=\"diaporama-header align-full\"><div class=\"gallery\"><figure class=\"gallery__item\"><picture><source srcset=\"https:\/\/www.fierbois.com\/wp-content\/uploads\/2025\/08\/parc-de-fierbois-sd-19-sur-21-420x282.webp\" media=\"(max-width: 210px)\"><source srcset=\"https:\/\/www.fierbois.com\/wp-content\/uploads\/2025\/08\/parc-de-fierbois-sd-19-sur-21-850x570.webp\" media=\"(max-width: 420px)\"><source srcset=\"https:\/\/www.fierbois.com\/wp-content\/uploads\/2025\/08\/parc-de-fierbois-sd-19-sur-21-768x515.webp\" media=\"(max-width: 850px)\"><source srcset=\"https:\/\/www.fierbois.com\/wp-content\/uploads\/2025\/08\/parc-de-fierbois-sd-19-sur-21-1024x686.webp\" media=\"(max-width: 1024px)\"><source srcset=\"https:\/\/www.fierbois.com\/wp-content\/uploads\/2025\/08\/parc-de-fierbois-sd-19-sur-21.webp\" media=\"(min-width: 1025px)\"><img loading=\"lazy\" decoding=\"async\" src=\"https:\/\/www.fierbois.com\/wp-content\/uploads\/2025\/08\/parc-de-fierbois-sd-19-sur-21-420x282.webp\" width=\"420\" height=\"210\" alt=\"\" title=\"\"><\/picture><\/figure><\/div><div class=\"diaporama-header__inner\"><\/div><\/div>\n\n<div class=\"columns reverse-mob\"><div class=\"columns__item fade-up\"><div class=\"gallery f-carousel fc-diapo\" data-fancybox=\"gallery\"><figure class=\"gallery__item\"><picture><source srcset=\"https:\/\/www.fierbois.com\/wp-content\/uploads\/2025\/08\/IMG_4619-420x280.webp\" media=\"(max-width: 210px)\"><source srcset=\"https:\/\/www.fierbois.com\/wp-content\/uploads\/2025\/08\/IMG_4619-850x566.webp\" media=\"(max-width: 420px)\"><source srcset=\"https:\/\/www.fierbois.com\/wp-content\/uploads\/2025\/08\/IMG_4619-768x512.webp\" media=\"(max-width: 850px)\"><source srcset=\"https:\/\/www.fierbois.com\/wp-content\/uploads\/2025\/08\/IMG_4619-1024x682.webp\" media=\"(max-width: 1024px)\"><source srcset=\"https:\/\/www.fierbois.com\/wp-content\/uploads\/2025\/08\/IMG_4619.webp\" media=\"(min-width: 1025px)\"><img decoding=\"async\" src=\"https:\/\/www.fierbois.com\/wp-content\/uploads\/2025\/08\/IMG_4619-420x280.webp\" width=\"420\" height=\"210\" loading=\"lazy\" alt=\"\" title=\"\"><\/picture><figcaption>Spa\u00df haben<\/figcaption><\/figure><figure class=\"gallery__item\"><picture><source srcset=\"https:\/\/www.fierbois.com\/wp-content\/uploads\/2025\/08\/sejour-activites-2-420x280.webp\" media=\"(max-width: 210px)\"><source srcset=\"https:\/\/www.fierbois.com\/wp-content\/uploads\/2025\/08\/sejour-activites-2-850x566.webp\" media=\"(max-width: 420px)\"><source srcset=\"https:\/\/www.fierbois.com\/wp-content\/uploads\/2025\/08\/sejour-activites-2-768x512.webp\" media=\"(max-width: 850px)\"><source srcset=\"https:\/\/www.fierbois.com\/wp-content\/uploads\/2025\/08\/sejour-activites-2-1024x682.webp\" media=\"(max-width: 1024px)\"><source srcset=\"https:\/\/www.fierbois.com\/wp-content\/uploads\/2025\/08\/sejour-activites-2.webp\" media=\"(min-width: 1025px)\"><img decoding=\"async\" src=\"https:\/\/www.fierbois.com\/wp-content\/uploads\/2025\/08\/sejour-activites-2-420x280.webp\" width=\"420\" height=\"210\" loading=\"lazy\" alt=\"\" title=\"\"><\/picture><figcaption>Genie\u00dfen Sie<\/figcaption><\/figure><\/div><\/div><div class=\"columns__item fade-down\"><p class=\"wording\" style=\"color: var(--vert);\"  >Vergessen Sie die Routine leben Sie einen erf\u00fcllten Tag<\/p><h1>Momente des Spa\u00dfes und der Gemeinsamkeit im Loiretal<\/h1><p    >Von Juni bis August bieten wir Ihnen eine gro\u00dfe Auswahl an Animationen und Aktivit\u00e4ten an 6 Tagen in der Woche. Genie\u00dfen Sie die zahlreichen Einrichtungen, die Ihren Aufenthalt zu einem unvergesslichen Erlebnis machen werden.<\/p><p  style=\"color: var(--dorefonce);\"  ><strong>Neuheit 2026: Trailrunning im Wald und Orientierungslauf<\/strong><\/p><div class=\"buttons\"><a href=\"https:\/\/www.fierbois.com\/wp-content\/uploads\/2024\/12\/tableau-des-activites-E.jpg\" rel=\"noreferrer noopener\" rel=\"noreferrer noopener\" class=\"buttons__btn fancybox is-style-1\">Entdecken Sie alle unsere Aktivit\u00e4ten<\/a><a href=\"https:\/\/portal.loungeup.com\/n\/agenda\/133043\" rel=\"noreferrer noopener\" class=\"buttons__btn\">Das Programm der Woche entdecken<\/a><\/div><\/div><\/div>\n\n<div class=\"columns sec-10\"><div class=\"columns__item fade-down\"><p class=\"wording\" style=\"color: var(--vert);\"  >Originelle Aktivit\u00e4ten f\u00fcr unvergessliche Erinnerungen<\/p><div class=\"gallery f-carousel fc-diapo\" data-fancybox=\"gallery\"><figure class=\"gallery__item\"><picture><source srcset=\"https:\/\/www.fierbois.com\/wp-content\/uploads\/2025\/08\/parc-aventure-fierbois-1-420x273.webp\" media=\"(max-width: 210px)\"><source srcset=\"https:\/\/www.fierbois.com\/wp-content\/uploads\/2025\/08\/parc-aventure-fierbois-1.webp\" media=\"(max-width: 420px)\"><source srcset=\"https:\/\/www.fierbois.com\/wp-content\/uploads\/2025\/08\/parc-aventure-fierbois-1.webp\" media=\"(max-width: 850px)\"><source srcset=\"https:\/\/www.fierbois.com\/wp-content\/uploads\/2025\/08\/parc-aventure-fierbois-1.webp\" media=\"(max-width: 1024px)\"><source srcset=\"https:\/\/www.fierbois.com\/wp-content\/uploads\/2025\/08\/parc-aventure-fierbois-1.webp\" media=\"(min-width: 1025px)\"><img decoding=\"async\" src=\"https:\/\/www.fierbois.com\/wp-content\/uploads\/2025\/08\/parc-aventure-fierbois-1-420x273.webp\" width=\"420\" height=\"210\" loading=\"lazy\" alt=\"\" title=\"\"><\/picture><figcaption>Baumklettern<\/figcaption><\/figure><figure class=\"gallery__item\"><picture><source srcset=\"https:\/\/www.fierbois.com\/wp-content\/uploads\/2025\/08\/sejour-activites-5-280x420.webp\" media=\"(max-width: 210px)\"><source srcset=\"https:\/\/www.fierbois.com\/wp-content\/uploads\/2025\/08\/sejour-activites-5-567x850.webp\" media=\"(max-width: 420px)\"><source srcset=\"https:\/\/www.fierbois.com\/wp-content\/uploads\/2025\/08\/sejour-activites-5-768x1152.webp\" media=\"(max-width: 850px)\"><source srcset=\"https:\/\/www.fierbois.com\/wp-content\/uploads\/2025\/08\/sejour-activites-5-683x1024.webp\" media=\"(max-width: 1024px)\"><source srcset=\"https:\/\/www.fierbois.com\/wp-content\/uploads\/2025\/08\/sejour-activites-5.webp\" media=\"(min-width: 1025px)\"><img decoding=\"async\" src=\"https:\/\/www.fierbois.com\/wp-content\/uploads\/2025\/08\/sejour-activites-5-280x420.webp\" width=\"420\" height=\"210\" loading=\"lazy\" alt=\"\" title=\"\"><\/picture><figcaption>Bogenschie\u00dfen<\/figcaption><\/figure><\/div><\/div><div class=\"columns__item fade-up reverse-mob\"><div class=\"gallery f-carousel fc-diapo\" data-fancybox=\"gallery\"><figure class=\"gallery__item\"><picture><source srcset=\"https:\/\/www.fierbois.com\/wp-content\/uploads\/2026\/02\/lasergame-420x286.webp\" media=\"(max-width: 210px)\"><source srcset=\"https:\/\/www.fierbois.com\/wp-content\/uploads\/2026\/02\/lasergame-850x579.webp\" media=\"(max-width: 420px)\"><source srcset=\"https:\/\/www.fierbois.com\/wp-content\/uploads\/2026\/02\/lasergame-768x523.webp\" media=\"(max-width: 850px)\"><source srcset=\"https:\/\/www.fierbois.com\/wp-content\/uploads\/2026\/02\/lasergame-1024x698.webp\" media=\"(max-width: 1024px)\"><source srcset=\"https:\/\/www.fierbois.com\/wp-content\/uploads\/2026\/02\/lasergame.webp\" media=\"(min-width: 1025px)\"><img decoding=\"async\" src=\"https:\/\/www.fierbois.com\/wp-content\/uploads\/2026\/02\/lasergame-420x286.webp\" width=\"420\" height=\"210\" loading=\"lazy\" alt=\"\" title=\"\"><\/picture><figcaption>Laser Game<\/figcaption><\/figure><figure class=\"gallery__item\"><picture><source srcset=\"https:\/\/www.fierbois.com\/wp-content\/uploads\/2025\/08\/parc-de-fierbois-sd-21-sur-21-420x300.webp\" media=\"(max-width: 210px)\"><source srcset=\"https:\/\/www.fierbois.com\/wp-content\/uploads\/2025\/08\/parc-de-fierbois-sd-21-sur-21-850x606.webp\" media=\"(max-width: 420px)\"><source srcset=\"https:\/\/www.fierbois.com\/wp-content\/uploads\/2025\/08\/parc-de-fierbois-sd-21-sur-21-768x548.webp\" media=\"(max-width: 850px)\"><source srcset=\"https:\/\/www.fierbois.com\/wp-content\/uploads\/2025\/08\/parc-de-fierbois-sd-21-sur-21-1024x730.webp\" media=\"(max-width: 1024px)\"><source srcset=\"https:\/\/www.fierbois.com\/wp-content\/uploads\/2025\/08\/parc-de-fierbois-sd-21-sur-21.webp\" media=\"(min-width: 1025px)\"><img decoding=\"async\" src=\"https:\/\/www.fierbois.com\/wp-content\/uploads\/2025\/08\/parc-de-fierbois-sd-21-sur-21-420x300.webp\" width=\"420\" height=\"210\" loading=\"lazy\" alt=\"\" title=\"\"><\/picture><figcaption>Stadtstadion<\/figcaption><\/figure><figure class=\"gallery__item\"><picture><source srcset=\"https:\/\/www.fierbois.com\/wp-content\/uploads\/2025\/08\/sejour-activites-4-420x236.webp\" media=\"(max-width: 210px)\"><source srcset=\"https:\/\/www.fierbois.com\/wp-content\/uploads\/2025\/08\/sejour-activites-4-850x478.webp\" media=\"(max-width: 420px)\"><source srcset=\"https:\/\/www.fierbois.com\/wp-content\/uploads\/2025\/08\/sejour-activites-4-768x432.webp\" media=\"(max-width: 850px)\"><source srcset=\"https:\/\/www.fierbois.com\/wp-content\/uploads\/2025\/08\/sejour-activites-4-1024x576.webp\" media=\"(max-width: 1024px)\"><source srcset=\"https:\/\/www.fierbois.com\/wp-content\/uploads\/2025\/08\/sejour-activites-4.webp\" media=\"(min-width: 1025px)\"><img decoding=\"async\" src=\"https:\/\/www.fierbois.com\/wp-content\/uploads\/2025\/08\/sejour-activites-4-420x236.webp\" width=\"420\" height=\"210\" loading=\"lazy\" alt=\"\" title=\"\"><\/picture><figcaption>Boulodrome<\/figcaption><\/figure><\/div><h2>Auf der Suche nach Abenteuer oder Entspannung, jeder Augenblick ist eine Entdeckung.<\/h2><p    >G\u00f6nnen Sie Ihren Kindern eine Fahrt mit dem Rosalien, um den Park auf andere Weise zu entdecken. Testen Sie Ihr Gleichgewicht auf dem Skatepark, rasen Sie mit einem Pedal-Gokart durch die Gegend oder begeben Sie sich in luftige H\u00f6hen auf unserem Hochseilgarten. Sie k\u00f6nnen auch mit einem Kanu oder Paddelboot eine erfrischende Fahrt unternehmen oder Ihre Freunde auf den aufblasbaren Spielger\u00e4ten am See herausfordern.  <\/p><div class=\"lireplus fc-desk\"><p    >Lesen Sie mehr<\/p><div class=\"group\"><p    >F\u00fcr ein wenig Spa\u00df im Innenbereich erwartet Sie der Arcade-Spielraum mit seinen Retro-Terminals und den Herausforderungen f\u00fcr Freunde. Und um den Tag sanft ausklingen zu lassen, gibt es nichts Besseres als eine Yoga-Sitzung, um die Batterien wieder aufzuladen. <\/p><\/div><\/div><\/div><\/div>\n\n<div class=\"columns sec-10 reverse-mob\"><div class=\"columns__item fade-up reverse-mob\"><div class=\"gallery f-carousel fc-diapo\" data-fancybox=\"gallery\"><figure class=\"gallery__item\"><picture><source srcset=\"https:\/\/www.fierbois.com\/wp-content\/uploads\/2025\/08\/DSC_0505-420x281.webp\" media=\"(max-width: 210px)\"><source srcset=\"https:\/\/www.fierbois.com\/wp-content\/uploads\/2025\/08\/DSC_0505-850x568.webp\" media=\"(max-width: 420px)\"><source srcset=\"https:\/\/www.fierbois.com\/wp-content\/uploads\/2025\/08\/DSC_0505-768x514.webp\" media=\"(max-width: 850px)\"><source srcset=\"https:\/\/www.fierbois.com\/wp-content\/uploads\/2025\/08\/DSC_0505-1024x685.webp\" media=\"(max-width: 1024px)\"><source srcset=\"https:\/\/www.fierbois.com\/wp-content\/uploads\/2025\/08\/DSC_0505.webp\" media=\"(min-width: 1025px)\"><img decoding=\"async\" src=\"https:\/\/www.fierbois.com\/wp-content\/uploads\/2025\/08\/DSC_0505-420x281.webp\" width=\"420\" height=\"210\" loading=\"lazy\" alt=\"\" title=\"\"><\/picture><figcaption>Tennis<\/figcaption><\/figure><figure class=\"gallery__item\"><picture><source srcset=\"https:\/\/www.fierbois.com\/wp-content\/uploads\/2025\/08\/sejour-activites-1-420x314.webp\" media=\"(max-width: 210px)\"><source srcset=\"https:\/\/www.fierbois.com\/wp-content\/uploads\/2025\/08\/sejour-activites-1-850x636.webp\" media=\"(max-width: 420px)\"><source srcset=\"https:\/\/www.fierbois.com\/wp-content\/uploads\/2025\/08\/sejour-activites-1-768x575.webp\" media=\"(max-width: 850px)\"><source srcset=\"https:\/\/www.fierbois.com\/wp-content\/uploads\/2025\/08\/sejour-activites-1-1024x767.webp\" media=\"(max-width: 1024px)\"><source srcset=\"https:\/\/www.fierbois.com\/wp-content\/uploads\/2025\/08\/sejour-activites-1.webp\" media=\"(min-width: 1025px)\"><img decoding=\"async\" src=\"https:\/\/www.fierbois.com\/wp-content\/uploads\/2025\/08\/sejour-activites-1-420x314.webp\" width=\"420\" height=\"210\" loading=\"lazy\" alt=\"\" title=\"\"><\/picture><figcaption>Trampolin<\/figcaption><\/figure><\/div><h2>Ein Muss f\u00fcr alle, die sich gemeinsam bewegen wollen<\/h2><p    >W\u00e4hrend sich die Kleinen auf dem Spielplatz mit Rutschen und Schaukeln austoben, k\u00f6nnen sich die Gr\u00f6\u00dferen auf den Sportpl\u00e4tzen messen. Ein spannendes Fu\u00dfballspiel, eine Partie Volleyball im Sand, ein paar K\u00f6rbe beim Basketball&#8230; Sie entscheiden, auf welcher Seite Sie stehen wollen! <\/p><\/div><div class=\"columns__item fade-down\"><p class=\"wording\" style=\"color: var(--vert);\"  >Hier vergisst man die Bildschirme und genie\u00dft das Leben<\/p><div class=\"gallery f-carousel fc-diapo\" data-fancybox=\"gallery\"><figure class=\"gallery__item\"><picture><source srcset=\"https:\/\/www.fierbois.com\/wp-content\/uploads\/2025\/08\/parc-de-fierbois-hd-34-420x273.webp\" media=\"(max-width: 210px)\"><source srcset=\"https:\/\/www.fierbois.com\/wp-content\/uploads\/2025\/08\/parc-de-fierbois-hd-34-850x552.webp\" media=\"(max-width: 420px)\"><source srcset=\"https:\/\/www.fierbois.com\/wp-content\/uploads\/2025\/08\/parc-de-fierbois-hd-34-768x499.webp\" media=\"(max-width: 850px)\"><source srcset=\"https:\/\/www.fierbois.com\/wp-content\/uploads\/2025\/08\/parc-de-fierbois-hd-34-1024x665.webp\" media=\"(max-width: 1024px)\"><source srcset=\"https:\/\/www.fierbois.com\/wp-content\/uploads\/2025\/08\/parc-de-fierbois-hd-34.webp\" media=\"(min-width: 1025px)\"><img decoding=\"async\" src=\"https:\/\/www.fierbois.com\/wp-content\/uploads\/2025\/08\/parc-de-fierbois-hd-34-420x273.webp\" width=\"420\" height=\"210\" loading=\"lazy\" alt=\"\" title=\"\"><\/picture><figcaption>Tischtennis<\/figcaption><\/figure><figure class=\"gallery__item\"><picture><source srcset=\"https:\/\/www.fierbois.com\/wp-content\/uploads\/2025\/08\/sejour-activites-7-420x292.webp\" media=\"(max-width: 210px)\"><source srcset=\"https:\/\/www.fierbois.com\/wp-content\/uploads\/2025\/08\/sejour-activites-7-850x591.webp\" media=\"(max-width: 420px)\"><source srcset=\"https:\/\/www.fierbois.com\/wp-content\/uploads\/2025\/08\/sejour-activites-7-768x534.webp\" media=\"(max-width: 850px)\"><source srcset=\"https:\/\/www.fierbois.com\/wp-content\/uploads\/2025\/08\/sejour-activites-7-1024x712.webp\" media=\"(max-width: 1024px)\"><source srcset=\"https:\/\/www.fierbois.com\/wp-content\/uploads\/2025\/08\/sejour-activites-7.webp\" media=\"(min-width: 1025px)\"><img decoding=\"async\" src=\"https:\/\/www.fierbois.com\/wp-content\/uploads\/2025\/08\/sejour-activites-7-420x292.webp\" width=\"420\" height=\"210\" loading=\"lazy\" alt=\"\" title=\"\"><\/picture><figcaption>Entspannung<\/figcaption><\/figure><\/div><\/div><\/div>","protected":false},"excerpt":{"rendered":"<p>Vergessen Sie die Routine leben Sie einen erf\u00fcllten Tag Momente des Spa\u00dfes und der Gemeinsamkeit im Loiretal Von Juni bis August bieten wir Ihnen eine gro\u00dfe Auswahl an Animationen und Aktivit\u00e4ten an 6 Tagen in der Woche. Genie\u00dfen Sie die zahlreichen Einrichtungen, die Ihren Aufenthalt zu einem unvergesslichen Erlebnis machen werden. Neuheit 2026: Trailrunning im [&hellip;]<\/p>\n","protected":false},"author":1,"featured_media":0,"parent":0,"menu_order":0,"comment_status":"open","ping_status":"open","template":"","meta":{"_acf_changed":false,"footnotes":""},"lieu":[],"acf":[],"_links":{"self":[{"href":"https:\/\/www.fierbois.com\/de\/wp-json\/wp\/v2\/pages\/3621"}],"collection":[{"href":"https:\/\/www.fierbois.com\/de\/wp-json\/wp\/v2\/pages"}],"about":[{"href":"https:\/\/www.fierbois.com\/de\/wp-json\/wp\/v2\/types\/page"}],"author":[{"embeddable":true,"href":"https:\/\/www.fierbois.com\/de\/wp-json\/wp\/v2\/users\/1"}],"replies":[{"embeddable":true,"href":"https:\/\/www.fierbois.com\/de\/wp-json\/wp\/v2\/comments?post=3621"}],"version-history":[{"count":12,"href":"https:\/\/www.fierbois.com\/de\/wp-json\/wp\/v2\/pages\/3621\/revisions"}],"predecessor-version":[{"id":5194,"href":"https:\/\/www.fierbois.com\/de\/wp-json\/wp\/v2\/pages\/3621\/revisions\/5194"}],"wp:attachment":[{"href":"https:\/\/www.fierbois.com\/de\/wp-json\/wp\/v2\/media?parent=3621"}],"wp:term":[{"taxonomy":"lieu","embeddable":true,"href":"https:\/\/www.fierbois.com\/de\/wp-json\/wp\/v2\/lieu?post=3621"}],"curies":[{"name":"wp","href":"https:\/\/api.w.org\/{rel}","templated":true}]}}