{"id":3630,"date":"2025-04-03T14:53:48","date_gmt":"2025-04-03T12:53:48","guid":{"rendered":"https:\/\/www.fierbois.com\/essen-und-trinken\/"},"modified":"2026-02-06T15:39:08","modified_gmt":"2026-02-06T14:39:08","slug":"essen-und-trinken","status":"publish","type":"page","link":"https:\/\/www.fierbois.com\/de\/essen-und-trinken\/","title":{"rendered":"Essen und Trinken"},"content":{"rendered":"<div class=\"diaporama-header align-full\"><div class=\"gallery\"><figure class=\"gallery__item\"><picture><source srcset=\"https:\/\/www.fierbois.com\/wp-content\/uploads\/2025\/08\/sejour-se-restaurer-resto-420x280.webp\" media=\"(max-width: 210px)\"><source srcset=\"https:\/\/www.fierbois.com\/wp-content\/uploads\/2025\/08\/sejour-se-restaurer-resto-850x567.webp\" media=\"(max-width: 420px)\"><source srcset=\"https:\/\/www.fierbois.com\/wp-content\/uploads\/2025\/08\/sejour-se-restaurer-resto-768x512.webp\" media=\"(max-width: 850px)\"><source srcset=\"https:\/\/www.fierbois.com\/wp-content\/uploads\/2025\/08\/sejour-se-restaurer-resto-1024x683.webp\" media=\"(max-width: 1024px)\"><source srcset=\"https:\/\/www.fierbois.com\/wp-content\/uploads\/2025\/08\/sejour-se-restaurer-resto.webp\" media=\"(min-width: 1025px)\"><img loading=\"lazy\" decoding=\"async\" src=\"https:\/\/www.fierbois.com\/wp-content\/uploads\/2025\/08\/sejour-se-restaurer-resto-420x280.webp\" width=\"420\" height=\"210\" alt=\"\" title=\"\"><\/picture><\/figure><\/div><div class=\"diaporama-header__inner\"><\/div><\/div>\n\n<div class=\"columns sec-10 reverse-mob\"><div class=\"columns__item fade-up reverse-mob\"><div class=\"gallery\"><figure class=\"gallery__item\"><picture><source srcset=\"https:\/\/www.fierbois.com\/wp-content\/uploads\/2025\/04\/parc-de-Fierbois-SD-30-420x280.webp\" media=\"(max-width: 210px)\"><source srcset=\"https:\/\/www.fierbois.com\/wp-content\/uploads\/2025\/04\/parc-de-Fierbois-SD-30-850x566.webp\" media=\"(max-width: 420px)\"><source srcset=\"https:\/\/www.fierbois.com\/wp-content\/uploads\/2025\/04\/parc-de-Fierbois-SD-30-768x512.webp\" media=\"(max-width: 850px)\"><source srcset=\"https:\/\/www.fierbois.com\/wp-content\/uploads\/2025\/04\/parc-de-Fierbois-SD-30-1024x682.webp\" media=\"(max-width: 1024px)\"><source srcset=\"https:\/\/www.fierbois.com\/wp-content\/uploads\/2025\/04\/parc-de-Fierbois-SD-30.webp\" media=\"(min-width: 1025px)\"><img decoding=\"async\" src=\"https:\/\/www.fierbois.com\/wp-content\/uploads\/2025\/04\/parc-de-Fierbois-SD-30-420x280.webp\" width=\"420\" height=\"210\" loading=\"lazy\" alt=\"\" title=\"\"><\/picture><figcaption>Terrasse<\/figcaption><\/figure><\/div><h2>Eine kulinarische Reise ins Herz der Natur<\/h2><p    >Machen Sie es sich auf unserer schattigen Terrasse bequem, genie\u00dfen Sie die Sonne, ein Glas Wein aus dem Loiretal in der Hand, und lassen Sie sich von unserer traditionellen K\u00fcche verw\u00f6hnen, die unsere lokalen Produkte in den Vordergrund stellt.<\/p><div class=\"lireplus fc-desk\"><p    >Lesen Sie mehr<\/p><div class=\"group\"><p    >F\u00fcr diejenigen, die ein leichtes Mittagessen w\u00fcnschen, bieten wir gesunde und schmackhafte Optionen an, die ideal sind, um sich f\u00fcr das n\u00e4chste Abenteuer zu st\u00e4rken. Wir garantieren Ihnen, dass jede Mahlzeit Spa\u00df macht und k\u00f6stlich ist! <\/p><\/div><\/div><\/div><div class=\"columns__item fade-down\"><p class=\"wording\" style=\"color: var(--vert);\"  >Le Bistrot de la Place: ein geschmackliches Abenteuer<\/p><div class=\"gallery\"><figure class=\"gallery__item\"><picture><source srcset=\"https:\/\/www.fierbois.com\/wp-content\/uploads\/2025\/04\/AdobeStock_982527856-1-420x254.webp\" media=\"(max-width: 210px)\"><source srcset=\"https:\/\/www.fierbois.com\/wp-content\/uploads\/2025\/04\/AdobeStock_982527856-1-850x514.webp\" media=\"(max-width: 420px)\"><source srcset=\"https:\/\/www.fierbois.com\/wp-content\/uploads\/2025\/04\/AdobeStock_982527856-1-768x464.webp\" media=\"(max-width: 850px)\"><source srcset=\"https:\/\/www.fierbois.com\/wp-content\/uploads\/2025\/04\/AdobeStock_982527856-1.webp\" media=\"(max-width: 1024px)\"><source srcset=\"https:\/\/www.fierbois.com\/wp-content\/uploads\/2025\/04\/AdobeStock_982527856-1.webp\" media=\"(min-width: 1025px)\"><img decoding=\"async\" src=\"https:\/\/www.fierbois.com\/wp-content\/uploads\/2025\/04\/AdobeStock_982527856-1-420x254.webp\" width=\"420\" height=\"210\" alt=\"March\u00e9 de fruits et l\u00e9gumes\" loading=\"lazy\" title=\"\"><\/picture><figcaption>Frische Produkte<\/figcaption><\/figure><\/div><\/div><\/div>\n\n<div class=\"columns\"><div class=\"columns__item\"><p class=\"wording\" style=\"color: var(--vert);\"  >Le Grand Magasin: Alles f\u00fcr Ihren Genuss!<\/p><p    ><strong>Le Grand Magasin&#8220; (<\/strong> 250 m\u00b2) mit einem umfassenden Dienstleistungsangebot: 7 Tage die Woche von 8.00 bis 12.30 Uhr und von 15.30 bis 19.00 Uhr von Mai bis Juni ge\u00f6ffnet. Von 8.00 bis 13.00 Uhr und 15.00 bis 19.30 Uhr im Juli\/August. <\/p><ul><li>Die B\u00e4ckerei- und Viennoiserie-Ecke: jeden Morgen ab 8 Uhr duftende Backwaren, ein kleiner Kaffee kann Ihnen sogar zu Ihrem frisch gebackenen Croissant serviert werden;\n<\/li><li>Frische Ecke: mit Obst und Gem\u00fcse von lokalen Produzenten, wenn m\u00f6glich;\n<\/li><li>Feinkostladen: regionale Produkte, zum Verschenken, zum Mitnehmen nach Hause &#8230; oder zum Teilen vor Ort;\n<\/li><\/ul><div class=\"lireplus fc-desk\"><p    >Lesen Sie mehr<\/p><div class=\"group\"><ul><li>Der Weinkeller mit vielen Etiketten aus dem Loire-Tal;\n<\/li><li>Der Kleiderladen und die Hygieneabteilung ;\n<\/li><li>Die Ecke f\u00fcr Tierfreunde: Hier finden Sie alles f\u00fcr unsere vierbeinigen Freunde;\n<\/li><li>Die Basarecke: f\u00fcr alles andere! (Strandspiele, Zeichenmaterial, Postkarten, Einhornbojen, Holzkohle f\u00fcr Ihren Grill, usw.). \n<\/li><\/ul><\/div><\/div><\/div><div class=\"columns__item\"><div class=\"gallery f-carousel fc-diapo\" data-fancybox=\"gallery\"><figure class=\"gallery__item\"><picture><source srcset=\"https:\/\/www.fierbois.com\/wp-content\/uploads\/2025\/12\/AdobeStock_213870135-420x280.webp\" media=\"(max-width: 210px)\"><source srcset=\"https:\/\/www.fierbois.com\/wp-content\/uploads\/2025\/12\/AdobeStock_213870135-850x566.webp\" media=\"(max-width: 420px)\"><source srcset=\"https:\/\/www.fierbois.com\/wp-content\/uploads\/2025\/12\/AdobeStock_213870135-768x512.webp\" media=\"(max-width: 850px)\"><source srcset=\"https:\/\/www.fierbois.com\/wp-content\/uploads\/2025\/12\/AdobeStock_213870135-1024x682.webp\" media=\"(max-width: 1024px)\"><source srcset=\"https:\/\/www.fierbois.com\/wp-content\/uploads\/2025\/12\/AdobeStock_213870135.webp\" media=\"(min-width: 1025px)\"><img decoding=\"async\" src=\"https:\/\/www.fierbois.com\/wp-content\/uploads\/2025\/12\/AdobeStock_213870135-420x280.webp\" width=\"420\" height=\"210\" loading=\"lazy\" alt=\"\" title=\"\"><\/picture><figcaption>Viennoiseries<\/figcaption><\/figure><figure class=\"gallery__item\"><picture><source srcset=\"https:\/\/www.fierbois.com\/wp-content\/uploads\/2025\/12\/AdobeStock_147516063-420x277.webp\" media=\"(max-width: 210px)\"><source srcset=\"https:\/\/www.fierbois.com\/wp-content\/uploads\/2025\/12\/AdobeStock_147516063-850x560.webp\" media=\"(max-width: 420px)\"><source srcset=\"https:\/\/www.fierbois.com\/wp-content\/uploads\/2025\/12\/AdobeStock_147516063-768x506.webp\" media=\"(max-width: 850px)\"><source srcset=\"https:\/\/www.fierbois.com\/wp-content\/uploads\/2025\/12\/AdobeStock_147516063-1024x675.webp\" media=\"(max-width: 1024px)\"><source srcset=\"https:\/\/www.fierbois.com\/wp-content\/uploads\/2025\/12\/AdobeStock_147516063.webp\" media=\"(min-width: 1025px)\"><img decoding=\"async\" src=\"https:\/\/www.fierbois.com\/wp-content\/uploads\/2025\/12\/AdobeStock_147516063-420x277.webp\" width=\"420\" height=\"210\" loading=\"lazy\" alt=\"\" title=\"\"><\/picture><figcaption>Frische Ecke<\/figcaption><\/figure><\/div><\/div><\/div>\n\n<div class=\"columns sec-10\"><div class=\"columns__item fade-down\"><p class=\"wording\" style=\"color: var(--vert);\"  >Leckere L\u00f6sungen f\u00fcr den kleinen Hunger zwischendurch<\/p><div class=\"gallery\"><figure class=\"gallery__item\"><picture><source srcset=\"https:\/\/www.fierbois.com\/wp-content\/uploads\/2025\/04\/Photo-5-3-420x308.webp\" media=\"(max-width: 210px)\"><source srcset=\"https:\/\/www.fierbois.com\/wp-content\/uploads\/2025\/04\/Photo-5-3.webp\" media=\"(max-width: 420px)\"><source srcset=\"https:\/\/www.fierbois.com\/wp-content\/uploads\/2025\/04\/Photo-5-3-768x564.webp\" media=\"(max-width: 850px)\"><source srcset=\"https:\/\/www.fierbois.com\/wp-content\/uploads\/2025\/04\/Photo-5-3.webp\" media=\"(max-width: 1024px)\"><source srcset=\"https:\/\/www.fierbois.com\/wp-content\/uploads\/2025\/04\/Photo-5-3.webp\" media=\"(min-width: 1025px)\"><img decoding=\"async\" src=\"https:\/\/www.fierbois.com\/wp-content\/uploads\/2025\/04\/Photo-5-3-420x308.webp\" width=\"420\" height=\"210\" loading=\"lazy\" alt=\"\" title=\"\"><\/picture><figcaption>Die Pizzeria<\/figcaption><\/figure><\/div><\/div><div class=\"columns__item fade-up reverse-mob\"><div class=\"gallery f-carousel fc-diapo\" data-fancybox=\"gallery\"><figure class=\"gallery__item\"><picture><source srcset=\"https:\/\/www.fierbois.com\/wp-content\/uploads\/2026\/02\/snack-420x262.webp\" media=\"(max-width: 210px)\"><source srcset=\"https:\/\/www.fierbois.com\/wp-content\/uploads\/2026\/02\/snack-850x530.webp\" media=\"(max-width: 420px)\"><source srcset=\"https:\/\/www.fierbois.com\/wp-content\/uploads\/2026\/02\/snack-768x479.webp\" media=\"(max-width: 850px)\"><source srcset=\"https:\/\/www.fierbois.com\/wp-content\/uploads\/2026\/02\/snack-1024x638.webp\" media=\"(max-width: 1024px)\"><source srcset=\"https:\/\/www.fierbois.com\/wp-content\/uploads\/2026\/02\/snack.webp\" media=\"(min-width: 1025px)\"><img decoding=\"async\" src=\"https:\/\/www.fierbois.com\/wp-content\/uploads\/2026\/02\/snack-420x262.webp\" width=\"420\" height=\"210\" loading=\"lazy\" alt=\"\" title=\"\"><\/picture><figcaption>Verkauf zum Mitnehmen<\/figcaption><\/figure><figure class=\"gallery__item\"><picture><source srcset=\"https:\/\/www.fierbois.com\/wp-content\/uploads\/2025\/08\/sejour-se-restaurer-magasin-420x280.webp\" media=\"(max-width: 210px)\"><source srcset=\"https:\/\/www.fierbois.com\/wp-content\/uploads\/2025\/08\/sejour-se-restaurer-magasin.webp\" media=\"(max-width: 420px)\"><source srcset=\"https:\/\/www.fierbois.com\/wp-content\/uploads\/2025\/08\/sejour-se-restaurer-magasin-768x512.webp\" media=\"(max-width: 850px)\"><source srcset=\"https:\/\/www.fierbois.com\/wp-content\/uploads\/2025\/08\/sejour-se-restaurer-magasin.webp\" media=\"(max-width: 1024px)\"><source srcset=\"https:\/\/www.fierbois.com\/wp-content\/uploads\/2025\/08\/sejour-se-restaurer-magasin.webp\" media=\"(min-width: 1025px)\"><img decoding=\"async\" src=\"https:\/\/www.fierbois.com\/wp-content\/uploads\/2025\/08\/sejour-se-restaurer-magasin-420x280.webp\" width=\"420\" height=\"210\" loading=\"lazy\" alt=\"\" title=\"\"><\/picture><figcaption>Laden<\/figcaption><\/figure><\/div><h2>Wir sind da, um all Ihre Gourmetw\u00fcnsche zu erf\u00fcllen.<\/h2><p    >Herzhaft, s\u00fc\u00df, schnell und immer k\u00f6stlich, der Snack Corner bietet Ihnen Snacks f\u00fcr zwischendurch, w\u00e4hrend unser Pizzab\u00e4cker hausgemachte Pizzen aus frischen und qualitativ hochwertigen Zutaten zubereitet. Wir haben alles, was Sie brauchen, um Ihre Batterien in einer entspannten und gut gelaunten Atmosph\u00e4re wieder aufzuladen! <\/p><\/div><\/div>\n\n<div class=\"columns\"><div class=\"columns__item\"><p class=\"wording\" style=\"color: var(--vert);\"  >Die Bar: wo alles lebendig wird<\/p><h2>Der Treffpunkt f\u00fcr Feinschmecker, Gaumenfreuden und Entspannung<\/h2><p    >Machen Sie es sich auf unserer Sonnenterrasse bequem und genie\u00dfen Sie hausgemachte Cocktails, Aperitif-Bretter, Eis oder k\u00fchle Getr\u00e4nke, w\u00e4hrend Sie die freundliche Atmosph\u00e4re genie\u00dfen. Hier finden auch unsere Shows und Konzerte statt, f\u00fcr festliche Abende unter dem Sternenhimmel. Sind Sie eher ein Spieler? Unser Spielzimmer mit Billardtischen, Flipperautomaten und anderen \u00dcberraschungen erwartet Sie f\u00fcr stundenlangen Spa\u00df.   <\/p><\/div><div class=\"columns__item\"><div class=\"gallery f-carousel fc-diapo\" data-fancybox=\"gallery\"><figure class=\"gallery__item\"><picture><source srcset=\"https:\/\/www.fierbois.com\/wp-content\/uploads\/2025\/08\/sejour-se-resturer-le-bar-420x280.webp\" media=\"(max-width: 210px)\"><source srcset=\"https:\/\/www.fierbois.com\/wp-content\/uploads\/2025\/08\/sejour-se-resturer-le-bar-850x566.webp\" media=\"(max-width: 420px)\"><source srcset=\"https:\/\/www.fierbois.com\/wp-content\/uploads\/2025\/08\/sejour-se-resturer-le-bar-768x512.webp\" media=\"(max-width: 850px)\"><source srcset=\"https:\/\/www.fierbois.com\/wp-content\/uploads\/2025\/08\/sejour-se-resturer-le-bar-1024x682.webp\" media=\"(max-width: 1024px)\"><source srcset=\"https:\/\/www.fierbois.com\/wp-content\/uploads\/2025\/08\/sejour-se-resturer-le-bar.webp\" media=\"(min-width: 1025px)\"><img decoding=\"async\" src=\"https:\/\/www.fierbois.com\/wp-content\/uploads\/2025\/08\/sejour-se-resturer-le-bar-420x280.webp\" width=\"420\" height=\"210\" loading=\"lazy\" alt=\"\" title=\"\"><\/picture><figcaption>Bar<\/figcaption><\/figure><figure class=\"gallery__item\"><picture><source srcset=\"https:\/\/www.fierbois.com\/wp-content\/uploads\/2025\/10\/parc-de-fierbois-hd-16-sur-21-1280-420x292.jpg.webp\" media=\"(max-width: 210px)\"><source srcset=\"https:\/\/www.fierbois.com\/wp-content\/uploads\/2025\/10\/parc-de-fierbois-hd-16-sur-21-1280-850x592.jpg.webp\" media=\"(max-width: 420px)\"><source srcset=\"https:\/\/www.fierbois.com\/wp-content\/uploads\/2025\/10\/parc-de-fierbois-hd-16-sur-21-1280-768x535.jpg.webp\" media=\"(max-width: 850px)\"><source srcset=\"https:\/\/www.fierbois.com\/wp-content\/uploads\/2025\/10\/parc-de-fierbois-hd-16-sur-21-1280-1024x713.jpg.webp\" media=\"(max-width: 1024px)\"><source srcset=\"https:\/\/www.fierbois.com\/wp-content\/uploads\/2025\/10\/parc-de-fierbois-hd-16-sur-21-1280.jpg.webp\" media=\"(min-width: 1025px)\"><img decoding=\"async\" src=\"https:\/\/www.fierbois.com\/wp-content\/uploads\/2025\/10\/parc-de-fierbois-hd-16-sur-21-1280-420x292.jpg.webp\" width=\"420\" height=\"210\" loading=\"lazy\" alt=\"\" title=\"\"><\/picture><figcaption>Bar<\/figcaption><\/figure><\/div><\/div><\/div>","protected":false},"excerpt":{"rendered":"<p>Eine kulinarische Reise ins Herz der Natur Machen Sie es sich auf unserer schattigen Terrasse bequem, genie\u00dfen Sie die Sonne, ein Glas Wein aus dem Loiretal in der Hand, und lassen Sie sich von unserer traditionellen K\u00fcche verw\u00f6hnen, die unsere lokalen Produkte in den Vordergrund stellt. Le Bistrot de la Place: ein geschmackliches Abenteuer Le [&hellip;]<\/p>\n","protected":false},"author":1,"featured_media":0,"parent":0,"menu_order":0,"comment_status":"open","ping_status":"open","template":"","meta":{"_acf_changed":false,"footnotes":""},"lieu":[],"acf":[],"_links":{"self":[{"href":"https:\/\/www.fierbois.com\/de\/wp-json\/wp\/v2\/pages\/3630"}],"collection":[{"href":"https:\/\/www.fierbois.com\/de\/wp-json\/wp\/v2\/pages"}],"about":[{"href":"https:\/\/www.fierbois.com\/de\/wp-json\/wp\/v2\/types\/page"}],"author":[{"embeddable":true,"href":"https:\/\/www.fierbois.com\/de\/wp-json\/wp\/v2\/users\/1"}],"replies":[{"embeddable":true,"href":"https:\/\/www.fierbois.com\/de\/wp-json\/wp\/v2\/comments?post=3630"}],"version-history":[{"count":7,"href":"https:\/\/www.fierbois.com\/de\/wp-json\/wp\/v2\/pages\/3630\/revisions"}],"predecessor-version":[{"id":4975,"href":"https:\/\/www.fierbois.com\/de\/wp-json\/wp\/v2\/pages\/3630\/revisions\/4975"}],"wp:attachment":[{"href":"https:\/\/www.fierbois.com\/de\/wp-json\/wp\/v2\/media?parent=3630"}],"wp:term":[{"taxonomy":"lieu","embeddable":true,"href":"https:\/\/www.fierbois.com\/de\/wp-json\/wp\/v2\/lieu?post=3630"}],"curies":[{"name":"wp","href":"https:\/\/api.w.org\/{rel}","templated":true}]}}