{"id":3640,"date":"2025-04-03T14:53:48","date_gmt":"2025-04-03T12:53:48","guid":{"rendered":"https:\/\/www.fierbois.com\/nach-der-anstrengung-die-abende\/"},"modified":"2026-02-06T15:45:51","modified_gmt":"2026-02-06T14:45:51","slug":"nach-der-anstrengung-die-abende","status":"publish","type":"page","link":"https:\/\/www.fierbois.com\/de\/nach-der-anstrengung-die-abende\/","title":{"rendered":"Nach der Anstrengung die Abende"},"content":{"rendered":"<div class=\"diaporama-header align-full\"><div class=\"gallery\"><figure class=\"gallery__item\"><picture><source srcset=\"https:\/\/www.fierbois.com\/wp-content\/uploads\/2025\/08\/sejour-soirees-4-420x280.webp\" media=\"(max-width: 210px)\"><source srcset=\"https:\/\/www.fierbois.com\/wp-content\/uploads\/2025\/08\/sejour-soirees-4-850x567.webp\" media=\"(max-width: 420px)\"><source srcset=\"https:\/\/www.fierbois.com\/wp-content\/uploads\/2025\/08\/sejour-soirees-4-768x512.webp\" media=\"(max-width: 850px)\"><source srcset=\"https:\/\/www.fierbois.com\/wp-content\/uploads\/2025\/08\/sejour-soirees-4-1024x683.webp\" media=\"(max-width: 1024px)\"><source srcset=\"https:\/\/www.fierbois.com\/wp-content\/uploads\/2025\/08\/sejour-soirees-4.webp\" media=\"(min-width: 1025px)\"><img loading=\"lazy\" decoding=\"async\" src=\"https:\/\/www.fierbois.com\/wp-content\/uploads\/2025\/08\/sejour-soirees-4-420x280.webp\" width=\"420\" height=\"210\" alt=\"\" title=\"\"><\/picture><\/figure><\/div><div class=\"diaporama-header__inner\"><\/div><\/div>\n\n<div class=\"columns sec-10\"><div class=\"columns__item fade-down\"><p class=\"wording\" style=\"color: var(--vert);\"  >Gute Laune und Unterhaltung garantiert<\/p><div class=\"gallery\"><figure class=\"gallery__item\"><picture><source srcset=\"https:\/\/www.fierbois.com\/wp-content\/uploads\/2025\/08\/Sejour-les-soirees-2-315x420.webp\" media=\"(max-width: 210px)\"><source srcset=\"https:\/\/www.fierbois.com\/wp-content\/uploads\/2025\/08\/Sejour-les-soirees-2-638x850.webp\" media=\"(max-width: 420px)\"><source srcset=\"https:\/\/www.fierbois.com\/wp-content\/uploads\/2025\/08\/Sejour-les-soirees-2-768x1024.webp\" media=\"(max-width: 850px)\"><source srcset=\"https:\/\/www.fierbois.com\/wp-content\/uploads\/2025\/08\/Sejour-les-soirees-2-768x1024.webp\" media=\"(max-width: 1024px)\"><source srcset=\"https:\/\/www.fierbois.com\/wp-content\/uploads\/2025\/08\/Sejour-les-soirees-2.webp\" media=\"(min-width: 1025px)\"><img decoding=\"async\" src=\"https:\/\/www.fierbois.com\/wp-content\/uploads\/2025\/08\/Sejour-les-soirees-2-315x420.webp\" width=\"420\" height=\"210\" loading=\"lazy\" alt=\"\" title=\"\"><\/picture><figcaption>Talent Show<\/figcaption><\/figure><\/div><\/div><div class=\"columns__item fade-up reverse-mob\"><div class=\"gallery f-carousel fc-diapo\" data-fancybox=\"gallery\"><figure class=\"gallery__item\"><picture><source srcset=\"https:\/\/www.fierbois.com\/wp-content\/uploads\/2025\/08\/sejour-les-soirees-1-315x420.webp\" media=\"(max-width: 210px)\"><source srcset=\"https:\/\/www.fierbois.com\/wp-content\/uploads\/2025\/08\/sejour-les-soirees-1-638x850.webp\" media=\"(max-width: 420px)\"><source srcset=\"https:\/\/www.fierbois.com\/wp-content\/uploads\/2025\/08\/sejour-les-soirees-1-768x1024.webp\" media=\"(max-width: 850px)\"><source srcset=\"https:\/\/www.fierbois.com\/wp-content\/uploads\/2025\/08\/sejour-les-soirees-1-768x1024.webp\" media=\"(max-width: 1024px)\"><source srcset=\"https:\/\/www.fierbois.com\/wp-content\/uploads\/2025\/08\/sejour-les-soirees-1.webp\" media=\"(min-width: 1025px)\"><img decoding=\"async\" src=\"https:\/\/www.fierbois.com\/wp-content\/uploads\/2025\/08\/sejour-les-soirees-1-315x420.webp\" width=\"420\" height=\"210\" loading=\"lazy\" alt=\"\" title=\"\"><\/picture><figcaption>Auff\u00fchrung<\/figcaption><\/figure><figure class=\"gallery__item\"><picture><source srcset=\"https:\/\/www.fierbois.com\/wp-content\/uploads\/2025\/08\/karaoke-420x280.webp\" media=\"(max-width: 210px)\"><source srcset=\"https:\/\/www.fierbois.com\/wp-content\/uploads\/2025\/08\/karaoke-850x566.webp\" media=\"(max-width: 420px)\"><source srcset=\"https:\/\/www.fierbois.com\/wp-content\/uploads\/2025\/08\/karaoke-768x512.webp\" media=\"(max-width: 850px)\"><source srcset=\"https:\/\/www.fierbois.com\/wp-content\/uploads\/2025\/08\/karaoke-1024x682.webp\" media=\"(max-width: 1024px)\"><source srcset=\"https:\/\/www.fierbois.com\/wp-content\/uploads\/2025\/08\/karaoke.webp\" media=\"(min-width: 1025px)\"><img decoding=\"async\" src=\"https:\/\/www.fierbois.com\/wp-content\/uploads\/2025\/08\/karaoke-420x280.webp\" width=\"420\" height=\"210\" loading=\"lazy\" alt=\"\" title=\"\"><\/picture><figcaption>Karaoke<\/figcaption><\/figure><\/div><h1>Originelle und unvergessliche Abende erleben<\/h1><p    >Humorvolle Shows, Karaoke und Themenabende erwarten Sie in der Bar, in einem Raum, der der Geselligkeit gewidmet ist. Ob mit der Familie oder mit Freunden, hier ist f\u00fcr jeden Geschmack etwas dabei, mit Veranstaltungen wie der &#8222;Talent Show&#8220;, der &#8222;Tanz um die Welt&#8220; oder dem &#8222;Starquizz&#8220;.<\/p><p    >In der Hochsaison sind unsere Konzerte, Shows und Spiele so konzipiert, dass sie alle Nationalit\u00e4ten zusammenbringen, mit zug\u00e4nglichen, visuellen und geselligen Animationen, damit jeder ohne Sprachbarrieren daran teilhaben kann.<\/p><\/div><\/div>\n\n<div class=\"columns\"><div class=\"columns__item\"><p class=\"wording\" style=\"color: var(--vert);\"  >Momente zum Teilen, von den J\u00fcngsten bis zu den Feinschmeckern<\/p><h2>Verbringen Sie einen unvergesslichen Moment mit Kindern oder Erwachsenen.<\/h2><p    >F\u00fcr die \u00e4lteren G\u00e4ste gibt es eine Happy Hour von 18.00 bis 19.00 Uhr f\u00fcr eine wohlverdiente Pause. Die Bar ist bis 23:30 Uhr ge\u00f6ffnet, wenn Sie den Abend verl\u00e4ngern m\u00f6chten. <\/p><\/div><div class=\"columns__item\"><div class=\"gallery\"><figure class=\"gallery__item\"><picture><source srcset=\"https:\/\/www.fierbois.com\/wp-content\/uploads\/2025\/08\/happy-hour-420x279.webp\" media=\"(max-width: 210px)\"><source srcset=\"https:\/\/www.fierbois.com\/wp-content\/uploads\/2025\/08\/happy-hour-850x565.webp\" media=\"(max-width: 420px)\"><source srcset=\"https:\/\/www.fierbois.com\/wp-content\/uploads\/2025\/08\/happy-hour-768x511.webp\" media=\"(max-width: 850px)\"><source srcset=\"https:\/\/www.fierbois.com\/wp-content\/uploads\/2025\/08\/happy-hour-1024x681.webp\" media=\"(max-width: 1024px)\"><source srcset=\"https:\/\/www.fierbois.com\/wp-content\/uploads\/2025\/08\/happy-hour.webp\" media=\"(min-width: 1025px)\"><img decoding=\"async\" src=\"https:\/\/www.fierbois.com\/wp-content\/uploads\/2025\/08\/happy-hour-420x279.webp\" width=\"420\" height=\"210\" loading=\"lazy\" alt=\"\" title=\"\"><\/picture><figcaption>Happy Hour<\/figcaption><\/figure><\/div><\/div><\/div>","protected":false},"excerpt":{"rendered":"<p>Gute Laune und Unterhaltung garantiert Originelle und unvergessliche Abende erleben Humorvolle Shows, Karaoke und Themenabende erwarten Sie in der Bar, in einem Raum, der der Geselligkeit gewidmet ist. Ob mit der Familie oder mit Freunden, hier ist f\u00fcr jeden Geschmack etwas dabei, mit Veranstaltungen wie der &#8222;Talent Show&#8220;, der &#8222;Tanz um die Welt&#8220; oder dem [&hellip;]<\/p>\n","protected":false},"author":1,"featured_media":0,"parent":0,"menu_order":0,"comment_status":"open","ping_status":"open","template":"","meta":{"_acf_changed":false,"footnotes":""},"lieu":[],"acf":[],"_links":{"self":[{"href":"https:\/\/www.fierbois.com\/de\/wp-json\/wp\/v2\/pages\/3640"}],"collection":[{"href":"https:\/\/www.fierbois.com\/de\/wp-json\/wp\/v2\/pages"}],"about":[{"href":"https:\/\/www.fierbois.com\/de\/wp-json\/wp\/v2\/types\/page"}],"author":[{"embeddable":true,"href":"https:\/\/www.fierbois.com\/de\/wp-json\/wp\/v2\/users\/1"}],"replies":[{"embeddable":true,"href":"https:\/\/www.fierbois.com\/de\/wp-json\/wp\/v2\/comments?post=3640"}],"version-history":[{"count":3,"href":"https:\/\/www.fierbois.com\/de\/wp-json\/wp\/v2\/pages\/3640\/revisions"}],"predecessor-version":[{"id":4980,"href":"https:\/\/www.fierbois.com\/de\/wp-json\/wp\/v2\/pages\/3640\/revisions\/4980"}],"wp:attachment":[{"href":"https:\/\/www.fierbois.com\/de\/wp-json\/wp\/v2\/media?parent=3640"}],"wp:term":[{"taxonomy":"lieu","embeddable":true,"href":"https:\/\/www.fierbois.com\/de\/wp-json\/wp\/v2\/lieu?post=3640"}],"curies":[{"name":"wp","href":"https:\/\/api.w.org\/{rel}","templated":true}]}}