{"id":3641,"date":"2025-04-03T14:53:48","date_gmt":"2025-04-03T12:53:48","guid":{"rendered":"https:\/\/www.fierbois.com\/kinder-und-jugendclub\/"},"modified":"2025-12-15T09:51:05","modified_gmt":"2025-12-15T08:51:05","slug":"kinder-und-jugendclub","status":"publish","type":"page","link":"https:\/\/www.fierbois.com\/de\/kinder-und-jugendclub\/","title":{"rendered":"Kinder- und Jugendclub"},"content":{"rendered":"<div class=\"diaporama-header align-full\"><div class=\"gallery\"><figure class=\"gallery__item\"><picture><source srcset=\"https:\/\/www.fierbois.com\/wp-content\/uploads\/2025\/08\/enfants-420x280.webp\" media=\"(max-width: 210px)\"><source srcset=\"https:\/\/www.fierbois.com\/wp-content\/uploads\/2025\/08\/enfants-850x567.webp\" media=\"(max-width: 420px)\"><source srcset=\"https:\/\/www.fierbois.com\/wp-content\/uploads\/2025\/08\/enfants-768x512.webp\" media=\"(max-width: 850px)\"><source srcset=\"https:\/\/www.fierbois.com\/wp-content\/uploads\/2025\/08\/enfants-1024x683.webp\" media=\"(max-width: 1024px)\"><source srcset=\"https:\/\/www.fierbois.com\/wp-content\/uploads\/2025\/08\/enfants.webp\" media=\"(min-width: 1025px)\"><img loading=\"lazy\" decoding=\"async\" src=\"https:\/\/www.fierbois.com\/wp-content\/uploads\/2025\/08\/enfants-420x280.webp\" width=\"420\" height=\"210\" alt=\"\" title=\"\"><\/picture><\/figure><\/div><div class=\"diaporama-header__inner\"><\/div><\/div><div class=\"columns sec-10\"><div class=\"columns__item fade-down\"><p class=\"wording\" style=\"color: var(--vert);\"  >Ihre kleinen Forscher tauschen die Bildschirme gegen das echte Leben ein<\/p><div class=\"gallery f-carousel fc-diapo\" data-fancybox=\"gallery\"><figure class=\"gallery__item\"><picture><source srcset=\"https:\/\/www.fierbois.com\/wp-content\/uploads\/2025\/08\/8-fierbois-club-enfant-2-420x279.webp\" media=\"(max-width: 210px)\"><source srcset=\"https:\/\/www.fierbois.com\/wp-content\/uploads\/2025\/08\/8-fierbois-club-enfant-2-850x564.webp\" media=\"(max-width: 420px)\"><source srcset=\"https:\/\/www.fierbois.com\/wp-content\/uploads\/2025\/08\/8-fierbois-club-enfant-2-768x510.webp\" media=\"(max-width: 850px)\"><source srcset=\"https:\/\/www.fierbois.com\/wp-content\/uploads\/2025\/08\/8-fierbois-club-enfant-2-1024x680.webp\" media=\"(max-width: 1024px)\"><source srcset=\"https:\/\/www.fierbois.com\/wp-content\/uploads\/2025\/08\/8-fierbois-club-enfant-2.webp\" media=\"(min-width: 1025px)\"><img decoding=\"async\" src=\"https:\/\/www.fierbois.com\/wp-content\/uploads\/2025\/08\/8-fierbois-club-enfant-2-420x279.webp\" width=\"420\" height=\"210\" loading=\"lazy\" alt=\"\" title=\"\"><\/picture><figcaption>Kinderclub<\/figcaption><\/figure><figure class=\"gallery__item\"><picture><source srcset=\"https:\/\/www.fierbois.com\/wp-content\/uploads\/2025\/08\/sejour-enfant-1-295x420.webp\" media=\"(max-width: 210px)\"><source srcset=\"https:\/\/www.fierbois.com\/wp-content\/uploads\/2025\/08\/sejour-enfant-1-598x850.webp\" media=\"(max-width: 420px)\"><source srcset=\"https:\/\/www.fierbois.com\/wp-content\/uploads\/2025\/08\/sejour-enfant-1-768x1092.webp\" media=\"(max-width: 850px)\"><source srcset=\"https:\/\/www.fierbois.com\/wp-content\/uploads\/2025\/08\/sejour-enfant-1-720x1024.webp\" media=\"(max-width: 1024px)\"><source srcset=\"https:\/\/www.fierbois.com\/wp-content\/uploads\/2025\/08\/sejour-enfant-1.webp\" media=\"(min-width: 1025px)\"><img decoding=\"async\" src=\"https:\/\/www.fierbois.com\/wp-content\/uploads\/2025\/08\/sejour-enfant-1-295x420.webp\" width=\"420\" height=\"210\" loading=\"lazy\" alt=\"\" title=\"\"><\/picture><figcaption>Spielerische Aktivit\u00e4ten<\/figcaption><\/figure><\/div><\/div><div class=\"columns__item fade-up reverse-mob\"><div class=\"gallery f-carousel fc-diapo\" data-fancybox=\"gallery\"><figure class=\"gallery__item\"><picture><source srcset=\"https:\/\/www.fierbois.com\/wp-content\/uploads\/2025\/08\/sejour-enfants-2-420x261.webp\" media=\"(max-width: 210px)\"><source srcset=\"https:\/\/www.fierbois.com\/wp-content\/uploads\/2025\/08\/sejour-enfants-2-850x527.webp\" media=\"(max-width: 420px)\"><source srcset=\"https:\/\/www.fierbois.com\/wp-content\/uploads\/2025\/08\/sejour-enfants-2-768x476.webp\" media=\"(max-width: 850px)\"><source srcset=\"https:\/\/www.fierbois.com\/wp-content\/uploads\/2025\/08\/sejour-enfants-2-1024x635.webp\" media=\"(max-width: 1024px)\"><source srcset=\"https:\/\/www.fierbois.com\/wp-content\/uploads\/2025\/08\/sejour-enfants-2.webp\" media=\"(min-width: 1025px)\"><img decoding=\"async\" src=\"https:\/\/www.fierbois.com\/wp-content\/uploads\/2025\/08\/sejour-enfants-2-420x261.webp\" width=\"420\" height=\"210\" loading=\"lazy\" alt=\"\" title=\"\"><\/picture><figcaption>Disco Kids<\/figcaption><\/figure><figure class=\"gallery__item\"><picture><source srcset=\"https:\/\/www.fierbois.com\/wp-content\/uploads\/2025\/10\/Ados-fierbois-Copie-420x315.jpg.webp\" media=\"(max-width: 210px)\"><source srcset=\"https:\/\/www.fierbois.com\/wp-content\/uploads\/2025\/10\/Ados-fierbois-Copie-850x638.jpg.webp\" media=\"(max-width: 420px)\"><source srcset=\"https:\/\/www.fierbois.com\/wp-content\/uploads\/2025\/10\/Ados-fierbois-Copie-768x576.jpg.webp\" media=\"(max-width: 850px)\"><source srcset=\"https:\/\/www.fierbois.com\/wp-content\/uploads\/2025\/10\/Ados-fierbois-Copie-1024x768.jpg.webp\" media=\"(max-width: 1024px)\"><source srcset=\"https:\/\/www.fierbois.com\/wp-content\/uploads\/2025\/10\/Ados-fierbois-Copie.jpg.webp\" media=\"(min-width: 1025px)\"><img decoding=\"async\" src=\"https:\/\/www.fierbois.com\/wp-content\/uploads\/2025\/10\/Ados-fierbois-Copie-420x315.jpg.webp\" width=\"420\" height=\"210\" loading=\"lazy\" alt=\"\" title=\"\"><\/picture><figcaption>Aktivit\u00e4ten in der Natur<\/figcaption><\/figure><\/div><h1>Abenteuer, Lachen und viele Freunde<\/h1><p    >Hier haben die 4-12-J\u00e4hrigen ihr eigenes Versteck! Der Kinderclub ist an den Wochenenden im Mai und t\u00e4glich im Juli und August ge\u00f6ffnet. <br\/>Was steht auf dem Programm? Erkundungen in der Natur, H\u00fctten bauen, Spiele im Freien und faszinierende Entdeckungen im Herzen des gro\u00dfen Waldes. Und das ist noch nicht alles!  <\/p><div class=\"lireplus fc-desk\"><p    >Lesen Sie mehr<\/p><div class=\"group\"><p    >Unsere passionierten Animateure begleiten die kleinen Abenteurer bei der Entdeckung der Fauna, der Flora und der hundertj\u00e4hrigen B\u00e4ume, die den Zauber des Parks ausmachen.<br\/>Und weil man nach einem anstrengenden Tag auch mal etwas Sch\u00f6nes erleben m\u00f6chte, treffen wir uns um 18.30 Uhr zur Mini-Disco! Jeden Abend verwandelt sich der zentrale Bereich der Bar in eine Tanzfl\u00e4che, auf der sich die Kinder zu ihrer Lieblingsmusik austoben und am\u00fcsieren k\u00f6nnen. Ein unvergessliches Urlaubserlebnis!  <\/p><\/div><\/div><\/div><\/div><div class=\"columns sec-10 reverse-mob\"><div class=\"columns__item fade-up reverse-mob\"><div class=\"gallery f-carousel fc-diapo\" data-fancybox=\"gallery\"><figure class=\"gallery__item\"><picture><source srcset=\"https:\/\/www.fierbois.com\/wp-content\/uploads\/2025\/10\/club-ados-420x315.jpg.webp\" media=\"(max-width: 210px)\"><source srcset=\"https:\/\/www.fierbois.com\/wp-content\/uploads\/2025\/10\/club-ados-850x638.jpg.webp\" media=\"(max-width: 420px)\"><source srcset=\"https:\/\/www.fierbois.com\/wp-content\/uploads\/2025\/10\/club-ados-768x576.jpg.webp\" media=\"(max-width: 850px)\"><source srcset=\"https:\/\/www.fierbois.com\/wp-content\/uploads\/2025\/10\/club-ados-1024x768.jpg.webp\" media=\"(max-width: 1024px)\"><source srcset=\"https:\/\/www.fierbois.com\/wp-content\/uploads\/2025\/10\/club-ados.jpg.webp\" media=\"(min-width: 1025px)\"><img decoding=\"async\" src=\"https:\/\/www.fierbois.com\/wp-content\/uploads\/2025\/10\/club-ados-420x315.jpg.webp\" width=\"420\" height=\"210\" loading=\"lazy\" alt=\"\" title=\"\"><\/picture><figcaption>Club f\u00fcr Jugendliche<\/figcaption><\/figure><figure class=\"gallery__item\"><picture><source srcset=\"https:\/\/www.fierbois.com\/wp-content\/uploads\/2025\/08\/sejour-ados-2-420x273.webp\" media=\"(max-width: 210px)\"><source srcset=\"https:\/\/www.fierbois.com\/wp-content\/uploads\/2025\/08\/sejour-ados-2-850x552.webp\" media=\"(max-width: 420px)\"><source srcset=\"https:\/\/www.fierbois.com\/wp-content\/uploads\/2025\/08\/sejour-ados-2-768x499.webp\" media=\"(max-width: 850px)\"><source srcset=\"https:\/\/www.fierbois.com\/wp-content\/uploads\/2025\/08\/sejour-ados-2-1024x665.webp\" media=\"(max-width: 1024px)\"><source srcset=\"https:\/\/www.fierbois.com\/wp-content\/uploads\/2025\/08\/sejour-ados-2.webp\" media=\"(min-width: 1025px)\"><img decoding=\"async\" src=\"https:\/\/www.fierbois.com\/wp-content\/uploads\/2025\/08\/sejour-ados-2-420x273.webp\" width=\"420\" height=\"210\" loading=\"lazy\" alt=\"\" title=\"\"><\/picture><figcaption>Sportliche Aktivit\u00e4ten<\/figcaption><\/figure><\/div><h2>Hier vergisst man die Bildschirme und genie\u00dft das Leben<\/h2><p    >Ihre Teenager haben nur einen Wunsch: sich mit Freunden zu treffen und unvergessliche Momente zu erleben! Der Teenager-Club ist genau daf\u00fcr da! W\u00e4hrend des Sommers haben sie freie Hand bei der Auswahl ihrer Aktivit\u00e4ten und k\u00f6nnen sich auf ihre eigene Art und Weise austoben.  <\/p><div class=\"lireplus fc-desk\"><p    >Lesen Sie mehr<\/p><div class=\"group\"><p    >Unter der Leitung unseres dynamischen Animateurs st\u00fcrzen sie sich in Abenteuer, Herausforderungen und lustige Abende. So verbringen Sie einen Urlaub fernab vom Bildschirm, aber voller Lachen und Erinnerungen! <\/p><\/div><\/div><\/div><div class=\"columns__item fade-down\"><p class=\"wording\" style=\"color: var(--vert);\"  >Ein Spot nur f\u00fcr Ihre Teenager<\/p><div class=\"gallery f-carousel fc-diapo\" data-fancybox=\"gallery\"><figure class=\"gallery__item\"><picture><source srcset=\"https:\/\/www.fierbois.com\/wp-content\/uploads\/2025\/08\/soiree-420x288.webp\" media=\"(max-width: 210px)\"><source srcset=\"https:\/\/www.fierbois.com\/wp-content\/uploads\/2025\/08\/soiree-850x583.webp\" media=\"(max-width: 420px)\"><source srcset=\"https:\/\/www.fierbois.com\/wp-content\/uploads\/2025\/08\/soiree-768x527.webp\" media=\"(max-width: 850px)\"><source srcset=\"https:\/\/www.fierbois.com\/wp-content\/uploads\/2025\/08\/soiree-1024x702.webp\" media=\"(max-width: 1024px)\"><source srcset=\"https:\/\/www.fierbois.com\/wp-content\/uploads\/2025\/08\/soiree.webp\" media=\"(min-width: 1025px)\"><img decoding=\"async\" src=\"https:\/\/www.fierbois.com\/wp-content\/uploads\/2025\/08\/soiree-420x288.webp\" width=\"420\" height=\"210\" loading=\"lazy\" alt=\"\" title=\"\"><\/picture><figcaption>Spa\u00dfabende<\/figcaption><\/figure><figure class=\"gallery__item\"><picture><source srcset=\"https:\/\/www.fierbois.com\/wp-content\/uploads\/2025\/10\/Fierbois-lac-013-420x280.jpg.webp\" media=\"(max-width: 210px)\"><source srcset=\"https:\/\/www.fierbois.com\/wp-content\/uploads\/2025\/10\/Fierbois-lac-013-850x566.jpg.webp\" media=\"(max-width: 420px)\"><source srcset=\"https:\/\/www.fierbois.com\/wp-content\/uploads\/2025\/10\/Fierbois-lac-013-768x512.jpg.webp\" media=\"(max-width: 850px)\"><source srcset=\"https:\/\/www.fierbois.com\/wp-content\/uploads\/2025\/10\/Fierbois-lac-013-1024x682.jpg.webp\" media=\"(max-width: 1024px)\"><source srcset=\"https:\/\/www.fierbois.com\/wp-content\/uploads\/2025\/10\/Fierbois-lac-013.jpg.webp\" media=\"(min-width: 1025px)\"><img decoding=\"async\" src=\"https:\/\/www.fierbois.com\/wp-content\/uploads\/2025\/10\/Fierbois-lac-013-420x280.jpg.webp\" width=\"420\" height=\"210\" loading=\"lazy\" alt=\"\" title=\"\"><\/picture><figcaption>Nautische Aktivit\u00e4ten<\/figcaption><\/figure><\/div><\/div><\/div>","protected":false},"excerpt":{"rendered":"<p>Ihre kleinen Forscher tauschen die Bildschirme gegen das echte Leben ein Abenteuer, Lachen und viele Freunde Hier haben die 4-12-J\u00e4hrigen ihr eigenes Versteck! Der Kinderclub ist an den Wochenenden im Mai und t\u00e4glich im Juli und August ge\u00f6ffnet. Was steht auf dem Programm? Erkundungen in der Natur, H\u00fctten bauen, Spiele im Freien und faszinierende Entdeckungen [&hellip;]<\/p>\n","protected":false},"author":1,"featured_media":0,"parent":0,"menu_order":0,"comment_status":"closed","ping_status":"closed","template":"","meta":{"_acf_changed":false,"footnotes":""},"lieu":[],"acf":[],"_links":{"self":[{"href":"https:\/\/www.fierbois.com\/de\/wp-json\/wp\/v2\/pages\/3641"}],"collection":[{"href":"https:\/\/www.fierbois.com\/de\/wp-json\/wp\/v2\/pages"}],"about":[{"href":"https:\/\/www.fierbois.com\/de\/wp-json\/wp\/v2\/types\/page"}],"author":[{"embeddable":true,"href":"https:\/\/www.fierbois.com\/de\/wp-json\/wp\/v2\/users\/1"}],"replies":[{"embeddable":true,"href":"https:\/\/www.fierbois.com\/de\/wp-json\/wp\/v2\/comments?post=3641"}],"version-history":[{"count":3,"href":"https:\/\/www.fierbois.com\/de\/wp-json\/wp\/v2\/pages\/3641\/revisions"}],"predecessor-version":[{"id":4486,"href":"https:\/\/www.fierbois.com\/de\/wp-json\/wp\/v2\/pages\/3641\/revisions\/4486"}],"wp:attachment":[{"href":"https:\/\/www.fierbois.com\/de\/wp-json\/wp\/v2\/media?parent=3641"}],"wp:term":[{"taxonomy":"lieu","embeddable":true,"href":"https:\/\/www.fierbois.com\/de\/wp-json\/wp\/v2\/lieu?post=3641"}],"curies":[{"name":"wp","href":"https:\/\/api.w.org\/{rel}","templated":true}]}}