{"id":3658,"date":"2025-04-03T14:53:48","date_gmt":"2025-04-03T12:53:48","guid":{"rendered":"https:\/\/www.fierbois.com\/mobilheime\/"},"modified":"2025-12-17T13:44:10","modified_gmt":"2025-12-17T12:44:10","slug":"mobilheime","status":"publish","type":"page","link":"https:\/\/www.fierbois.com\/de\/mobilheime\/","title":{"rendered":"Mobilheime und Chalets"},"content":{"rendered":"<div class=\"diaporama-header align-full\"><div class=\"gallery\"><figure class=\"gallery__item\"><picture><source srcset=\"https:\/\/www.fierbois.com\/wp-content\/uploads\/2025\/08\/parc-de-fierbois-sd-2-sur-21-1-420x294.webp\" media=\"(max-width: 210px)\"><source srcset=\"https:\/\/www.fierbois.com\/wp-content\/uploads\/2025\/08\/parc-de-fierbois-sd-2-sur-21-1-850x595.webp\" media=\"(max-width: 420px)\"><source srcset=\"https:\/\/www.fierbois.com\/wp-content\/uploads\/2025\/08\/parc-de-fierbois-sd-2-sur-21-1-768x537.webp\" media=\"(max-width: 850px)\"><source srcset=\"https:\/\/www.fierbois.com\/wp-content\/uploads\/2025\/08\/parc-de-fierbois-sd-2-sur-21-1-1024x716.webp\" media=\"(max-width: 1024px)\"><source srcset=\"https:\/\/www.fierbois.com\/wp-content\/uploads\/2025\/08\/parc-de-fierbois-sd-2-sur-21-1.webp\" media=\"(min-width: 1025px)\"><img loading=\"lazy\" decoding=\"async\" src=\"https:\/\/www.fierbois.com\/wp-content\/uploads\/2025\/08\/parc-de-fierbois-sd-2-sur-21-1-420x294.webp\" width=\"420\" height=\"210\" alt=\"\" title=\"\"><\/picture><\/figure><\/div><div class=\"diaporama-header__inner\"><\/div><\/div><div class=\"columns sec-10\"><div class=\"columns__item fade-down\"><p class=\"wording\" style=\"color: var(--vert);\"  >Sie werden die richtige Unterkunft f\u00fcr Sie finden.<\/p><p    >Sind Sie eher ein Mobilheim- oder ein Chalet-Fan? <\/p><div class=\"buttons display-flex \" style=\"justify-content:center;\"><span class=\"buttons__btn btn-resa is-style-resa\">Buchen Sie Ihren Urlaub<\/span><\/div><div class=\"gallery f-carousel fc-diapo\" data-fancybox=\"gallery\"><figure class=\"gallery__item\"><picture><source srcset=\"https:\/\/www.fierbois.com\/wp-content\/uploads\/2025\/08\/mobil-home-classique-1024x806-1-420x331.webp\" media=\"(max-width: 210px)\"><source srcset=\"https:\/\/www.fierbois.com\/wp-content\/uploads\/2025\/08\/mobil-home-classique-1024x806-1-850x669.webp\" media=\"(max-width: 420px)\"><source srcset=\"https:\/\/www.fierbois.com\/wp-content\/uploads\/2025\/08\/mobil-home-classique-1024x806-1-768x605.webp\" media=\"(max-width: 850px)\"><source srcset=\"https:\/\/www.fierbois.com\/wp-content\/uploads\/2025\/08\/mobil-home-classique-1024x806-1.webp\" media=\"(max-width: 1024px)\"><source srcset=\"https:\/\/www.fierbois.com\/wp-content\/uploads\/2025\/08\/mobil-home-classique-1024x806-1.webp\" media=\"(min-width: 1025px)\"><img decoding=\"async\" src=\"https:\/\/www.fierbois.com\/wp-content\/uploads\/2025\/08\/mobil-home-classique-1024x806-1-420x331.webp\" width=\"420\" height=\"210\" loading=\"lazy\" alt=\"\" title=\"\"><\/picture><figcaption>Klassisch<\/figcaption><\/figure><figure class=\"gallery__item\"><picture><source srcset=\"https:\/\/www.fierbois.com\/wp-content\/uploads\/2025\/08\/mobil-home-confort-1024x687-1-420x282.webp\" media=\"(max-width: 210px)\"><source srcset=\"https:\/\/www.fierbois.com\/wp-content\/uploads\/2025\/08\/mobil-home-confort-1024x687-1-850x570.webp\" media=\"(max-width: 420px)\"><source srcset=\"https:\/\/www.fierbois.com\/wp-content\/uploads\/2025\/08\/mobil-home-confort-1024x687-1-768x515.webp\" media=\"(max-width: 850px)\"><source srcset=\"https:\/\/www.fierbois.com\/wp-content\/uploads\/2025\/08\/mobil-home-confort-1024x687-1.webp\" media=\"(max-width: 1024px)\"><source srcset=\"https:\/\/www.fierbois.com\/wp-content\/uploads\/2025\/08\/mobil-home-confort-1024x687-1.webp\" media=\"(min-width: 1025px)\"><img decoding=\"async\" src=\"https:\/\/www.fierbois.com\/wp-content\/uploads\/2025\/08\/mobil-home-confort-1024x687-1-420x282.webp\" width=\"420\" height=\"210\" loading=\"lazy\" alt=\"\" title=\"\"><\/picture><figcaption>Komfort<\/figcaption><\/figure><figure class=\"gallery__item\"><picture><source srcset=\"https:\/\/www.fierbois.com\/wp-content\/uploads\/2025\/08\/mobil-home-avantage-1024x683-1-420x280.webp\" media=\"(max-width: 210px)\"><source srcset=\"https:\/\/www.fierbois.com\/wp-content\/uploads\/2025\/08\/mobil-home-avantage-1024x683-1-850x567.webp\" media=\"(max-width: 420px)\"><source srcset=\"https:\/\/www.fierbois.com\/wp-content\/uploads\/2025\/08\/mobil-home-avantage-1024x683-1-768x512.webp\" media=\"(max-width: 850px)\"><source srcset=\"https:\/\/www.fierbois.com\/wp-content\/uploads\/2025\/08\/mobil-home-avantage-1024x683-1.webp\" media=\"(max-width: 1024px)\"><source srcset=\"https:\/\/www.fierbois.com\/wp-content\/uploads\/2025\/08\/mobil-home-avantage-1024x683-1.webp\" media=\"(min-width: 1025px)\"><img decoding=\"async\" src=\"https:\/\/www.fierbois.com\/wp-content\/uploads\/2025\/08\/mobil-home-avantage-1024x683-1-420x280.webp\" width=\"420\" height=\"210\" loading=\"lazy\" alt=\"\" title=\"\"><\/picture><figcaption>Vorteil<\/figcaption><\/figure><figure class=\"gallery__item\"><picture><source srcset=\"https:\/\/www.fierbois.com\/wp-content\/uploads\/2025\/12\/MH-Premium-420x294.webp\" media=\"(max-width: 210px)\"><source srcset=\"https:\/\/www.fierbois.com\/wp-content\/uploads\/2025\/12\/MH-Premium-850x594.webp\" media=\"(max-width: 420px)\"><source srcset=\"https:\/\/www.fierbois.com\/wp-content\/uploads\/2025\/12\/MH-Premium-768x537.webp\" media=\"(max-width: 850px)\"><source srcset=\"https:\/\/www.fierbois.com\/wp-content\/uploads\/2025\/12\/MH-Premium-1024x716.webp\" media=\"(max-width: 1024px)\"><source srcset=\"https:\/\/www.fierbois.com\/wp-content\/uploads\/2025\/12\/MH-Premium.webp\" media=\"(min-width: 1025px)\"><img decoding=\"async\" src=\"https:\/\/www.fierbois.com\/wp-content\/uploads\/2025\/12\/MH-Premium-420x294.webp\" width=\"420\" height=\"210\" loading=\"lazy\" alt=\"\" title=\"\"><\/picture><figcaption>Premium<\/figcaption><\/figure><\/div><\/div><div class=\"columns__item fade-up reverse-mob\"><div class=\"gallery f-carousel fc-diapo\" data-fancybox=\"gallery\"><figure class=\"gallery__item\"><picture><source srcset=\"https:\/\/www.fierbois.com\/wp-content\/uploads\/2025\/10\/parc-de-fierbois-8-420x280.jpg.webp\" media=\"(max-width: 210px)\"><source srcset=\"https:\/\/www.fierbois.com\/wp-content\/uploads\/2025\/10\/parc-de-fierbois-8-850x566.jpg.webp\" media=\"(max-width: 420px)\"><source srcset=\"https:\/\/www.fierbois.com\/wp-content\/uploads\/2025\/10\/parc-de-fierbois-8-768x512.jpg.webp\" media=\"(max-width: 850px)\"><source srcset=\"https:\/\/www.fierbois.com\/wp-content\/uploads\/2025\/10\/parc-de-fierbois-8-1024x682.jpg.webp\" media=\"(max-width: 1024px)\"><source srcset=\"https:\/\/www.fierbois.com\/wp-content\/uploads\/2025\/10\/parc-de-fierbois-8.jpg.webp\" media=\"(min-width: 1025px)\"><img decoding=\"async\" src=\"https:\/\/www.fierbois.com\/wp-content\/uploads\/2025\/10\/parc-de-fierbois-8-420x280.jpg.webp\" width=\"420\" height=\"210\" loading=\"lazy\" alt=\"\" title=\"\"><\/picture><\/figure><figure class=\"gallery__item\"><picture><source srcset=\"https:\/\/www.fierbois.com\/wp-content\/uploads\/2025\/10\/parc-de-fierbois-7-420x280.jpg.webp\" media=\"(max-width: 210px)\"><source srcset=\"https:\/\/www.fierbois.com\/wp-content\/uploads\/2025\/10\/parc-de-fierbois-7-850x566.jpg.webp\" media=\"(max-width: 420px)\"><source srcset=\"https:\/\/www.fierbois.com\/wp-content\/uploads\/2025\/10\/parc-de-fierbois-7-768x512.jpg.webp\" media=\"(max-width: 850px)\"><source srcset=\"https:\/\/www.fierbois.com\/wp-content\/uploads\/2025\/10\/parc-de-fierbois-7-1024x682.jpg.webp\" media=\"(max-width: 1024px)\"><source srcset=\"https:\/\/www.fierbois.com\/wp-content\/uploads\/2025\/10\/parc-de-fierbois-7.jpg.webp\" media=\"(min-width: 1025px)\"><img decoding=\"async\" src=\"https:\/\/www.fierbois.com\/wp-content\/uploads\/2025\/10\/parc-de-fierbois-7-420x280.jpg.webp\" width=\"420\" height=\"210\" loading=\"lazy\" alt=\"\" title=\"\"><\/picture><\/figure><figure class=\"gallery__item\"><picture><source srcset=\"https:\/\/www.fierbois.com\/wp-content\/uploads\/2025\/10\/parc-de-fierbois-10-420x280.jpg.webp\" media=\"(max-width: 210px)\"><source srcset=\"https:\/\/www.fierbois.com\/wp-content\/uploads\/2025\/10\/parc-de-fierbois-10-850x566.jpg.webp\" media=\"(max-width: 420px)\"><source srcset=\"https:\/\/www.fierbois.com\/wp-content\/uploads\/2025\/10\/parc-de-fierbois-10-768x512.jpg.webp\" media=\"(max-width: 850px)\"><source srcset=\"https:\/\/www.fierbois.com\/wp-content\/uploads\/2025\/10\/parc-de-fierbois-10-1024x682.jpg.webp\" media=\"(max-width: 1024px)\"><source srcset=\"https:\/\/www.fierbois.com\/wp-content\/uploads\/2025\/10\/parc-de-fierbois-10.jpg.webp\" media=\"(min-width: 1025px)\"><img decoding=\"async\" src=\"https:\/\/www.fierbois.com\/wp-content\/uploads\/2025\/10\/parc-de-fierbois-10-420x280.jpg.webp\" width=\"420\" height=\"210\" loading=\"lazy\" alt=\"\" title=\"\"><\/picture><\/figure><figure class=\"gallery__item\"><picture><source srcset=\"https:\/\/www.fierbois.com\/wp-content\/uploads\/2025\/10\/parc-de-fierbois-9-420x280.jpg.webp\" media=\"(max-width: 210px)\"><source srcset=\"https:\/\/www.fierbois.com\/wp-content\/uploads\/2025\/10\/parc-de-fierbois-9-850x566.jpg.webp\" media=\"(max-width: 420px)\"><source srcset=\"https:\/\/www.fierbois.com\/wp-content\/uploads\/2025\/10\/parc-de-fierbois-9-768x512.jpg.webp\" media=\"(max-width: 850px)\"><source srcset=\"https:\/\/www.fierbois.com\/wp-content\/uploads\/2025\/10\/parc-de-fierbois-9-1024x682.jpg.webp\" media=\"(max-width: 1024px)\"><source srcset=\"https:\/\/www.fierbois.com\/wp-content\/uploads\/2025\/10\/parc-de-fierbois-9.jpg.webp\" media=\"(min-width: 1025px)\"><img decoding=\"async\" src=\"https:\/\/www.fierbois.com\/wp-content\/uploads\/2025\/10\/parc-de-fierbois-9-420x280.jpg.webp\" width=\"420\" height=\"210\" loading=\"lazy\" alt=\"\" title=\"\"><\/picture><\/figure><\/div><h1>Mobilheimvermietung in der N\u00e4he von Tours<\/h1><p   id=\"gid_0\" >G\u00f6nnen Sie sich Erholung in einer au\u00dfergew\u00f6hnlichen nat\u00fcrlichen Umgebung. Der Campingplatz bietet Ihnen inmitten der Natur eine <g id=\"gid_0\">gro\u00dfe Auswahl an Mobilheimen in der N\u00e4he von Tours<\/g>. W\u00e4hlen Sie das Mietobjekt, das Ihren Erwartungen am besten entspricht, anhand von 3 Kriterien:  <\/p><\/div><\/div><div class=\"columns fade-up\" data-fc=\"\"><div class=\"columns__item\" style=\"align-self:flex-start;\"><p class=\"wording\" style=\"color: var(--vert);\"  >1. Aufnahmekapazit\u00e4t<\/p><p    >Unsere Mobilheime in der N\u00e4he von Tours sind zwischen 29m\u00b2 und 40m\u00b2 gro\u00df und haben 2 oder 3 Schlafzimmer f\u00fcr 4 bis 6 Personen.<\/p><\/div><div class=\"columns__item\" style=\"align-self:flex-start;\"><p class=\"wording\" style=\"color: var(--vert);\"  >2. Komfortniveau<\/p><p    > <strong>Der Parc de Fierbois <\/strong>hat eine Reihe von <strong>Mobilheimen<\/strong> f\u00fcr jedes Budget im Angebot<strong>.<\/strong><\/p><p    >Ihr Ausstattungsniveau variiert je nach den 4 angebotenen Komfortklassen:<strong> Premium &#8211; Avantage &#8211; Comfort &#8211; Classique<\/strong>.<\/p><p    >In der folgenden Tabelle sind die Details der einzelnen Komfortstufen aufgef\u00fchrt.  <\/p><div class=\"buttons\"><a href=\"https:\/\/www.fierbois.com\/wp-content\/uploads\/2024\/12\/2025-Gammes-mobilhomes-vert.jpg\" rel=\"noreferrer noopener\" rel=\"noreferrer noopener\" target=\"_blank\" rel=\"noreferrer noopener\" rel=\"noreferrer noopener\" rel=\"noreferrer noopener\" rel=\"noreferrer noopener\" class=\"buttons__btn fancybox is-style-1\">Vergleich der Produktreihen<\/a><\/div><\/div><div class=\"columns__item\" style=\"align-self:flex-start;\"><p class=\"wording\" style=\"color: var(--vert);\"  >3. Lage im Park<\/p><p    >Unsere Auswahl an <strong>Mobilheimen<\/strong> <strong>Tours<\/strong>, die das Herzst\u00fcck unseres Mietparks bilden, sind je nach Komfort in 5 verschiedene Bereiche des Campingplatzes aufgeteilt:<\/p><ul><li>Le Clos des Amis (Fu\u00dfg\u00e4ngerzone)\n<\/li><li>Le Verger (keine Fu\u00dfg\u00e4ngerzone)\n<\/li><li>Le Bois Bertrand (keine Fu\u00dfg\u00e4ngerzone)\n<\/li><li>Les Charmes (keine Fu\u00dfg\u00e4ngerzone)\n<\/li><li>Les Grands Ch\u00eanes (keine Fu\u00dfg\u00e4ngerzone)\n<\/li><\/ul><div class=\"buttons\"><a href=\"https:\/\/www.fierbois.com\/wp-content\/uploads\/2024\/12\/Plan_Mobilhome-BAT4.jpg\" rel=\"noreferrer noopener\" rel=\"noreferrer noopener\" target=\"_blank\" rel=\"noreferrer noopener\" rel=\"noreferrer noopener\" rel=\"noreferrer noopener\" rel=\"noreferrer noopener\" class=\"buttons__btn fancybox is-style-1\">Siehe den Standort<\/a><\/div><\/div><\/div><div class=\"columns sec-10\"><div class=\"columns__item fade-down\"><p class=\"wording\" style=\"color: var(--vert);\"  >Entdecken Sie das richtige Chalet f\u00fcr Sie<\/p><div class=\"buttons display-flex \" style=\"justify-content:center;\"><span class=\"buttons__btn btn-resa is-style-resa\">Buchen Sie Ihren Urlaub<\/span><\/div><div class=\"gallery f-carousel fc-diapo\" data-fancybox=\"gallery\"><figure class=\"gallery__item\"><picture><source srcset=\"https:\/\/www.fierbois.com\/wp-content\/uploads\/2025\/12\/00001315076-420x315.webp\" media=\"(max-width: 210px)\"><source srcset=\"https:\/\/www.fierbois.com\/wp-content\/uploads\/2025\/12\/00001315076-850x638.webp\" media=\"(max-width: 420px)\"><source srcset=\"https:\/\/www.fierbois.com\/wp-content\/uploads\/2025\/12\/00001315076-768x576.webp\" media=\"(max-width: 850px)\"><source srcset=\"https:\/\/www.fierbois.com\/wp-content\/uploads\/2025\/12\/00001315076-1024x768.webp\" media=\"(max-width: 1024px)\"><source srcset=\"https:\/\/www.fierbois.com\/wp-content\/uploads\/2025\/12\/00001315076.webp\" media=\"(min-width: 1025px)\"><img decoding=\"async\" src=\"https:\/\/www.fierbois.com\/wp-content\/uploads\/2025\/12\/00001315076-420x315.webp\" width=\"420\" height=\"210\" loading=\"lazy\" alt=\"\" title=\"\"><\/picture><figcaption>Klassisch<\/figcaption><\/figure><figure class=\"gallery__item\"><picture><source srcset=\"https:\/\/www.fierbois.com\/wp-content\/uploads\/2025\/12\/00000771192-420x315.webp\" media=\"(max-width: 210px)\"><source srcset=\"https:\/\/www.fierbois.com\/wp-content\/uploads\/2025\/12\/00000771192-850x638.webp\" media=\"(max-width: 420px)\"><source srcset=\"https:\/\/www.fierbois.com\/wp-content\/uploads\/2025\/12\/00000771192-768x576.webp\" media=\"(max-width: 850px)\"><source srcset=\"https:\/\/www.fierbois.com\/wp-content\/uploads\/2025\/12\/00000771192-1024x768.webp\" media=\"(max-width: 1024px)\"><source srcset=\"https:\/\/www.fierbois.com\/wp-content\/uploads\/2025\/12\/00000771192.webp\" media=\"(min-width: 1025px)\"><img decoding=\"async\" src=\"https:\/\/www.fierbois.com\/wp-content\/uploads\/2025\/12\/00000771192-420x315.webp\" width=\"420\" height=\"210\" loading=\"lazy\" alt=\"\" title=\"\"><\/picture><figcaption>Komfort<\/figcaption><\/figure><figure class=\"gallery__item\"><picture><source srcset=\"https:\/\/www.fierbois.com\/wp-content\/uploads\/2025\/12\/00001221815-420x280.webp\" media=\"(max-width: 210px)\"><source srcset=\"https:\/\/www.fierbois.com\/wp-content\/uploads\/2025\/12\/00001221815.webp\" media=\"(max-width: 420px)\"><source srcset=\"https:\/\/www.fierbois.com\/wp-content\/uploads\/2025\/12\/00001221815-768x512.webp\" media=\"(max-width: 850px)\"><source srcset=\"https:\/\/www.fierbois.com\/wp-content\/uploads\/2025\/12\/00001221815.webp\" media=\"(max-width: 1024px)\"><source srcset=\"https:\/\/www.fierbois.com\/wp-content\/uploads\/2025\/12\/00001221815.webp\" media=\"(min-width: 1025px)\"><img decoding=\"async\" src=\"https:\/\/www.fierbois.com\/wp-content\/uploads\/2025\/12\/00001221815-420x280.webp\" width=\"420\" height=\"210\" loading=\"lazy\" alt=\"\" title=\"\"><\/picture><figcaption>Vorteil<\/figcaption><\/figure><figure class=\"gallery__item\"><picture><source srcset=\"https:\/\/www.fierbois.com\/wp-content\/uploads\/2025\/12\/chalet-premium-6-pers-3-420x279.webp\" media=\"(max-width: 210px)\"><source srcset=\"https:\/\/www.fierbois.com\/wp-content\/uploads\/2025\/12\/chalet-premium-6-pers-3-850x564.webp\" media=\"(max-width: 420px)\"><source srcset=\"https:\/\/www.fierbois.com\/wp-content\/uploads\/2025\/12\/chalet-premium-6-pers-3-768x510.webp\" media=\"(max-width: 850px)\"><source srcset=\"https:\/\/www.fierbois.com\/wp-content\/uploads\/2025\/12\/chalet-premium-6-pers-3-1024x680.webp\" media=\"(max-width: 1024px)\"><source srcset=\"https:\/\/www.fierbois.com\/wp-content\/uploads\/2025\/12\/chalet-premium-6-pers-3.webp\" media=\"(min-width: 1025px)\"><img decoding=\"async\" src=\"https:\/\/www.fierbois.com\/wp-content\/uploads\/2025\/12\/chalet-premium-6-pers-3-420x279.webp\" width=\"420\" height=\"210\" loading=\"lazy\" alt=\"\" title=\"\"><\/picture><figcaption>Premium<\/figcaption><\/figure><\/div><\/div><div class=\"columns__item fade-up reverse-mob\"><div class=\"gallery f-carousel fc-diapo\" data-fancybox=\"gallery\"><figure class=\"gallery__item\"><picture><source srcset=\"https:\/\/www.fierbois.com\/wp-content\/uploads\/2025\/12\/00001221817-420x315.webp\" media=\"(max-width: 210px)\"><source srcset=\"https:\/\/www.fierbois.com\/wp-content\/uploads\/2025\/12\/00001221817-850x638.webp\" media=\"(max-width: 420px)\"><source srcset=\"https:\/\/www.fierbois.com\/wp-content\/uploads\/2025\/12\/00001221817-768x576.webp\" media=\"(max-width: 850px)\"><source srcset=\"https:\/\/www.fierbois.com\/wp-content\/uploads\/2025\/12\/00001221817-1024x768.webp\" media=\"(max-width: 1024px)\"><source srcset=\"https:\/\/www.fierbois.com\/wp-content\/uploads\/2025\/12\/00001221817.webp\" media=\"(min-width: 1025px)\"><img decoding=\"async\" src=\"https:\/\/www.fierbois.com\/wp-content\/uploads\/2025\/12\/00001221817-420x315.webp\" width=\"420\" height=\"210\" loading=\"lazy\" alt=\"\" title=\"\"><\/picture><\/figure><figure class=\"gallery__item\"><picture><source srcset=\"https:\/\/www.fierbois.com\/wp-content\/uploads\/2025\/12\/00001169418-420x315.webp\" media=\"(max-width: 210px)\"><source srcset=\"https:\/\/www.fierbois.com\/wp-content\/uploads\/2025\/12\/00001169418-850x638.webp\" media=\"(max-width: 420px)\"><source srcset=\"https:\/\/www.fierbois.com\/wp-content\/uploads\/2025\/12\/00001169418-768x576.webp\" media=\"(max-width: 850px)\"><source srcset=\"https:\/\/www.fierbois.com\/wp-content\/uploads\/2025\/12\/00001169418-1024x768.webp\" media=\"(max-width: 1024px)\"><source srcset=\"https:\/\/www.fierbois.com\/wp-content\/uploads\/2025\/12\/00001169418.webp\" media=\"(min-width: 1025px)\"><img decoding=\"async\" src=\"https:\/\/www.fierbois.com\/wp-content\/uploads\/2025\/12\/00001169418-420x315.webp\" width=\"420\" height=\"210\" loading=\"lazy\" alt=\"\" title=\"\"><\/picture><\/figure><figure class=\"gallery__item\"><picture><source srcset=\"https:\/\/www.fierbois.com\/wp-content\/uploads\/2025\/12\/00000777976-420x315.webp\" media=\"(max-width: 210px)\"><source srcset=\"https:\/\/www.fierbois.com\/wp-content\/uploads\/2025\/12\/00000777976-850x637.webp\" media=\"(max-width: 420px)\"><source srcset=\"https:\/\/www.fierbois.com\/wp-content\/uploads\/2025\/12\/00000777976-768x575.webp\" media=\"(max-width: 850px)\"><source srcset=\"https:\/\/www.fierbois.com\/wp-content\/uploads\/2025\/12\/00000777976.webp\" media=\"(max-width: 1024px)\"><source srcset=\"https:\/\/www.fierbois.com\/wp-content\/uploads\/2025\/12\/00000777976.webp\" media=\"(min-width: 1025px)\"><img decoding=\"async\" src=\"https:\/\/www.fierbois.com\/wp-content\/uploads\/2025\/12\/00000777976-420x315.webp\" width=\"420\" height=\"210\" loading=\"lazy\" alt=\"\" title=\"\"><\/picture><\/figure><\/div><h2>Chalets in der N\u00e4he von Tours mieten<\/h2><p    >Wenn Sie wie wir Baumliebhaber sind, gibt es keinen Zweifel: W\u00e4hlen Sie ein Chalet. Die Komfortstandards sind \u00e4hnlich wie bei den Mobilheimen, aber sie sind etwas gr\u00f6\u00dfer und liegen in der Grande F\u00fbtaie, einer Fu\u00dfg\u00e4ngerzone, die unter hundertj\u00e4hrigen Eichen liegt.<\/p><\/div><\/div><div class=\"columns fade-up\" data-fc=\"\"><div class=\"columns__item\" style=\"align-self:flex-start;\"><p class=\"wording\" style=\"color: var(--vert);\"  >1. Aufnahmekapazit\u00e4t<\/p><p    >Unsere Chalets in der N\u00e4he von Tours haben eine Fl\u00e4che zwischen 35m\u00b2 und 46m\u00b2.<\/p><\/div><div class=\"columns__item\" style=\"align-self:flex-start;\"><p class=\"wording\" style=\"color: var(--vert);\"  >2. Komfortniveau<\/p><p    ><strong>Der Parc de Fierbois <\/strong>hat eine Reihe von <strong>Chalets<\/strong> f\u00fcr jedes Budget im Angebot<strong>.<\/strong><\/p><p    >Ihr Ausstattungsniveau variiert je nach den 4 angebotenen Komfortklassen:<strong> Premium &#8211; Avantage &#8211; Comfort &#8211; Classique<\/strong>.<\/p><div class=\"buttons\"><a href=\"https:\/\/www.fierbois.com\/wp-content\/uploads\/2024\/12\/2025-Gammes-mobilhomes-vert.jpg\" rel=\"noreferrer noopener\" rel=\"noreferrer noopener\" target=\"_blank\" rel=\"noreferrer noopener\" rel=\"noreferrer noopener\" rel=\"noreferrer noopener\" rel=\"noreferrer noopener\" class=\"buttons__btn fancybox is-style-1\">Vergleich der Produktreihen<\/a><\/div><\/div><div class=\"columns__item\" style=\"align-self:flex-start;\"><p class=\"wording\" style=\"color: var(--vert);\"  >3. Lage im Park<\/p><p    >Unsere Auswahl an <strong>Chalets in Tours<\/strong>, im Herzen unseres Mietparks, ist nach Komfortklassen gegliedert.<\/p><div class=\"buttons\"><a href=\"https:\/\/www.fierbois.com\/wp-content\/uploads\/2024\/12\/Plan_Fierbois_2024_00001.jpg\" rel=\"noreferrer noopener\" rel=\"noreferrer noopener\" target=\"_blank\" rel=\"noreferrer noopener\" rel=\"noreferrer noopener\" rel=\"noreferrer noopener\" rel=\"noreferrer noopener\" class=\"buttons__btn fancybox is-style-1\">Siehe den Standort<\/a><\/div><\/div><\/div>","protected":false},"excerpt":{"rendered":"<p>Sie werden die richtige Unterkunft f\u00fcr Sie finden. Sind Sie eher ein Mobilheim- oder ein Chalet-Fan? Mobilheimvermietung in der N\u00e4he von Tours G\u00f6nnen Sie sich Erholung in einer au\u00dfergew\u00f6hnlichen nat\u00fcrlichen Umgebung. Der Campingplatz bietet Ihnen inmitten der Natur eine gro\u00dfe Auswahl an Mobilheimen in der N\u00e4he von Tours. W\u00e4hlen Sie das Mietobjekt, das Ihren Erwartungen [&hellip;]<\/p>\n","protected":false},"author":1,"featured_media":0,"parent":0,"menu_order":0,"comment_status":"open","ping_status":"open","template":"","meta":{"_acf_changed":false,"footnotes":""},"lieu":[],"acf":[],"_links":{"self":[{"href":"https:\/\/www.fierbois.com\/de\/wp-json\/wp\/v2\/pages\/3658"}],"collection":[{"href":"https:\/\/www.fierbois.com\/de\/wp-json\/wp\/v2\/pages"}],"about":[{"href":"https:\/\/www.fierbois.com\/de\/wp-json\/wp\/v2\/types\/page"}],"author":[{"embeddable":true,"href":"https:\/\/www.fierbois.com\/de\/wp-json\/wp\/v2\/users\/1"}],"replies":[{"embeddable":true,"href":"https:\/\/www.fierbois.com\/de\/wp-json\/wp\/v2\/comments?post=3658"}],"version-history":[{"count":11,"href":"https:\/\/www.fierbois.com\/de\/wp-json\/wp\/v2\/pages\/3658\/revisions"}],"predecessor-version":[{"id":4769,"href":"https:\/\/www.fierbois.com\/de\/wp-json\/wp\/v2\/pages\/3658\/revisions\/4769"}],"wp:attachment":[{"href":"https:\/\/www.fierbois.com\/de\/wp-json\/wp\/v2\/media?parent=3658"}],"wp:term":[{"taxonomy":"lieu","embeddable":true,"href":"https:\/\/www.fierbois.com\/de\/wp-json\/wp\/v2\/lieu?post=3658"}],"curies":[{"name":"wp","href":"https:\/\/api.w.org\/{rel}","templated":true}]}}