{"id":3670,"date":"2025-04-03T14:53:48","date_gmt":"2025-04-03T12:53:48","guid":{"rendered":"https:\/\/www.fierbois.com\/ferienwohnungen\/"},"modified":"2026-01-29T09:20:33","modified_gmt":"2026-01-29T08:20:33","slug":"ferienwohnungen","status":"publish","type":"page","link":"https:\/\/www.fierbois.com\/de\/ferienwohnungen\/","title":{"rendered":"Ferienwohnungen"},"content":{"rendered":"<div class=\"diaporama-header align-full\"><div class=\"gallery\"><figure class=\"gallery__item\"><picture><source srcset=\"https:\/\/www.fierbois.com\/wp-content\/uploads\/2025\/08\/grande-maison-420x236.webp\" media=\"(max-width: 210px)\"><source srcset=\"https:\/\/www.fierbois.com\/wp-content\/uploads\/2025\/08\/grande-maison-850x478.webp\" media=\"(max-width: 420px)\"><source srcset=\"https:\/\/www.fierbois.com\/wp-content\/uploads\/2025\/08\/grande-maison-768x432.webp\" media=\"(max-width: 850px)\"><source srcset=\"https:\/\/www.fierbois.com\/wp-content\/uploads\/2025\/08\/grande-maison-1024x576.webp\" media=\"(max-width: 1024px)\"><source srcset=\"https:\/\/www.fierbois.com\/wp-content\/uploads\/2025\/08\/grande-maison.webp\" media=\"(min-width: 1025px)\"><img loading=\"lazy\" decoding=\"async\" src=\"https:\/\/www.fierbois.com\/wp-content\/uploads\/2025\/08\/grande-maison-420x236.webp\" width=\"420\" height=\"210\" alt=\"\" title=\"\"><\/picture><\/figure><\/div><div class=\"diaporama-header__inner\"><\/div><\/div>\n\n<div class=\"columns sec-10\"><div class=\"columns__item fade-down\"><p class=\"wording\" style=\"color: var(--vert);\"  >Ihre Blase der Ruhe und Privatsph\u00e4re<\/p><div class=\"buttons display-flex \" style=\"justify-content:center;\"><span class=\"buttons__btn btn-resa is-style-resa\"><span class=\"fc-span\">Buchen Sie Ihren Urlaub<\/span><\/span><\/div><div class=\"gallery f-carousel fc-diapo\" data-fancybox=\"gallery\"><figure class=\"gallery__item\"><picture><source srcset=\"https:\/\/www.fierbois.com\/wp-content\/uploads\/2025\/12\/Grande-maison-1-420x280.webp\" media=\"(max-width: 210px)\"><source srcset=\"https:\/\/www.fierbois.com\/wp-content\/uploads\/2025\/12\/Grande-maison-1-850x566.webp\" media=\"(max-width: 420px)\"><source srcset=\"https:\/\/www.fierbois.com\/wp-content\/uploads\/2025\/12\/Grande-maison-1-768x512.webp\" media=\"(max-width: 850px)\"><source srcset=\"https:\/\/www.fierbois.com\/wp-content\/uploads\/2025\/12\/Grande-maison-1-1024x682.webp\" media=\"(max-width: 1024px)\"><source srcset=\"https:\/\/www.fierbois.com\/wp-content\/uploads\/2025\/12\/Grande-maison-1.webp\" media=\"(min-width: 1025px)\"><img decoding=\"async\" src=\"https:\/\/www.fierbois.com\/wp-content\/uploads\/2025\/12\/Grande-maison-1-420x280.webp\" width=\"420\" height=\"210\" loading=\"lazy\" alt=\"\" title=\"\"><\/picture><figcaption>Gro\u00dfes Haus<\/figcaption><\/figure><figure class=\"gallery__item\"><picture><source srcset=\"https:\/\/www.fierbois.com\/wp-content\/uploads\/2025\/12\/Frene-5-420x315.webp\" media=\"(max-width: 210px)\"><source srcset=\"https:\/\/www.fierbois.com\/wp-content\/uploads\/2025\/12\/Frene-5.webp\" media=\"(max-width: 420px)\"><source srcset=\"https:\/\/www.fierbois.com\/wp-content\/uploads\/2025\/12\/Frene-5.webp\" media=\"(max-width: 850px)\"><source srcset=\"https:\/\/www.fierbois.com\/wp-content\/uploads\/2025\/12\/Frene-5.webp\" media=\"(max-width: 1024px)\"><source srcset=\"https:\/\/www.fierbois.com\/wp-content\/uploads\/2025\/12\/Frene-5.webp\" media=\"(min-width: 1025px)\"><img decoding=\"async\" src=\"https:\/\/www.fierbois.com\/wp-content\/uploads\/2025\/12\/Frene-5-420x315.webp\" width=\"420\" height=\"210\" loading=\"lazy\" alt=\"\" title=\"\"><\/picture><figcaption>Esche<\/figcaption><\/figure><figure class=\"gallery__item\"><picture><source srcset=\"https:\/\/www.fierbois.com\/wp-content\/uploads\/2025\/12\/Maison-rose-315x420.webp\" media=\"(max-width: 210px)\"><source srcset=\"https:\/\/www.fierbois.com\/wp-content\/uploads\/2025\/12\/Maison-rose-638x850.webp\" media=\"(max-width: 420px)\"><source srcset=\"https:\/\/www.fierbois.com\/wp-content\/uploads\/2025\/12\/Maison-rose-768x1024.webp\" media=\"(max-width: 850px)\"><source srcset=\"https:\/\/www.fierbois.com\/wp-content\/uploads\/2025\/12\/Maison-rose-768x1024.webp\" media=\"(max-width: 1024px)\"><source srcset=\"https:\/\/www.fierbois.com\/wp-content\/uploads\/2025\/12\/Maison-rose.webp\" media=\"(min-width: 1025px)\"><img decoding=\"async\" src=\"https:\/\/www.fierbois.com\/wp-content\/uploads\/2025\/12\/Maison-rose-315x420.webp\" width=\"420\" height=\"210\" loading=\"lazy\" alt=\"\" title=\"\"><\/picture><figcaption>Rosa Haus<\/figcaption><\/figure><\/div><\/div><div class=\"columns__item fade-up reverse-mob\"><div class=\"gallery f-carousel fc-diapo\" data-fancybox=\"gallery\"><figure class=\"gallery__item\"><picture><source srcset=\"https:\/\/www.fierbois.com\/wp-content\/uploads\/2025\/12\/Tilleul-1-315x420.webp\" media=\"(max-width: 210px)\"><source srcset=\"https:\/\/www.fierbois.com\/wp-content\/uploads\/2025\/12\/Tilleul-1-638x850.webp\" media=\"(max-width: 420px)\"><source srcset=\"https:\/\/www.fierbois.com\/wp-content\/uploads\/2025\/12\/Tilleul-1-768x1024.webp\" media=\"(max-width: 850px)\"><source srcset=\"https:\/\/www.fierbois.com\/wp-content\/uploads\/2025\/12\/Tilleul-1-768x1024.webp\" media=\"(max-width: 1024px)\"><source srcset=\"https:\/\/www.fierbois.com\/wp-content\/uploads\/2025\/12\/Tilleul-1.webp\" media=\"(min-width: 1025px)\"><img decoding=\"async\" src=\"https:\/\/www.fierbois.com\/wp-content\/uploads\/2025\/12\/Tilleul-1-315x420.webp\" width=\"420\" height=\"210\" loading=\"lazy\" alt=\"\" title=\"\"><\/picture><figcaption>Linde<\/figcaption><\/figure><figure class=\"gallery__item\"><picture><source srcset=\"https:\/\/www.fierbois.com\/wp-content\/uploads\/2025\/12\/Frene-6-420x280.webp\" media=\"(max-width: 210px)\"><source srcset=\"https:\/\/www.fierbois.com\/wp-content\/uploads\/2025\/12\/Frene-6-850x566.webp\" media=\"(max-width: 420px)\"><source srcset=\"https:\/\/www.fierbois.com\/wp-content\/uploads\/2025\/12\/Frene-6-768x512.webp\" media=\"(max-width: 850px)\"><source srcset=\"https:\/\/www.fierbois.com\/wp-content\/uploads\/2025\/12\/Frene-6-1024x682.webp\" media=\"(max-width: 1024px)\"><source srcset=\"https:\/\/www.fierbois.com\/wp-content\/uploads\/2025\/12\/Frene-6.webp\" media=\"(min-width: 1025px)\"><img decoding=\"async\" src=\"https:\/\/www.fierbois.com\/wp-content\/uploads\/2025\/12\/Frene-6-420x280.webp\" width=\"420\" height=\"210\" loading=\"lazy\" alt=\"\" title=\"\"><\/picture><figcaption>Esche<\/figcaption><\/figure><\/div><h1>Wohnungen f\u00fcr einen ruhigen und gem\u00fctlichen Aufenthalt<\/h1><p    >M\u00f6chten Sie die gesellige Atmosph\u00e4re eines Campingplatzes im Departement Indre-et-Loire erleben und gleichzeitig den Komfort eines echten Ferienhauses genie\u00dfen?  <br>Wir bieten Ihnen Wohnungen und H\u00e4user, die so konzipiert sind, dass sie Ihnen mehr als nur ein traditionelles Ferienhaus bieten. Alles ist f\u00fcr Ihren Komfort vorgesehen: unsere Unterk\u00fcnfte sind komplett ausgestattet. Sie brauchen nur noch Ihre Koffer abzustellen und Ihren Aufenthalt im Herzen von Centre-Val de Loire zu genie\u00dfen.  <\/p><\/div><\/div>\n\n<div class=\"columns fade-up\" data-fc=\"\"><div class=\"columns__item\" style=\"align-self:flex-start;\"><p class=\"wording\" style=\"color: var(--vert);\"  >1. Aufnahmekapazit\u00e4t<\/p><p    >Unsere Apartments in der N\u00e4he von Tours bieten eine Wohnfl\u00e4che von 40 bis 230 m\u00b2, mit 2 bis 5 separaten Schlafzimmern, um bequem 4 bis 11 Personen unterzubringen.<\/p><\/div><div class=\"columns__item\" style=\"align-self:flex-start;\"><p class=\"wording\" style=\"color: var(--vert);\"  >2. Komfortniveau<\/p><p    >Der Parc de Fierbois bietet verschiedene Arten von Unterk\u00fcnften an &#8211; Appartements, H\u00e4user oder gro\u00dfe H\u00e4user &#8211; die f\u00fcr jedes Budget geeignet sind.<\/p><p    >Jede Unterkunft bietet einen anderen Komfortstandard, der in der folgenden Tabelle aufgef\u00fchrt ist.<\/p><div class=\"buttons\"><a href=\"https:\/\/www.fierbois.com\/wp-content\/uploads\/2024\/12\/appartements-en-2.jpg\" rel=\"noreferrer noopener\" rel=\"noreferrer noopener\" target=\"_blank\" rel=\"noreferrer noopener\" rel=\"noreferrer noopener\" rel=\"noreferrer noopener\" rel=\"noreferrer noopener\" class=\"buttons__btn fancybox is-style-1\">Vergleich der Produktreihen<\/a><\/div><\/div><div class=\"columns__item\" style=\"align-self:flex-start;\"><p class=\"wording\" style=\"color: var(--vert);\"  >3. Lage im Park<\/p><p    >Die komplett ausgestatteten Wohnungen befinden sich in charmanten alten Geb\u00e4uden, die sorgf\u00e4ltig renoviert wurden, um Ihnen einen optimalen Komfort zu garantieren. Sie liegen etwas abseits vom Herzen des Parks und bieten eine Oase der Ruhe, w\u00e4hrend alle Aktivit\u00e4ten und Dienstleistungen in der N\u00e4he sind. Hier m\u00fcssen Sie sich nicht mehr zwischen Ruhe und Unterhaltung entscheiden!  <\/p><div class=\"buttons\"><a href=\"https:\/\/www.fierbois.com\/wp-content\/uploads\/2024\/12\/Plan_Fierbois_2024_00001.jpg\" rel=\"noreferrer noopener\" rel=\"noreferrer noopener\" target=\"_blank\" rel=\"noreferrer noopener\" rel=\"noreferrer noopener\" rel=\"noreferrer noopener\" rel=\"noreferrer noopener\" class=\"buttons__btn fancybox is-style-1\">Siehe den Standort<\/a><\/div><\/div><\/div>","protected":false},"excerpt":{"rendered":"<p>Ihre Blase der Ruhe und Privatsph\u00e4re Wohnungen f\u00fcr einen ruhigen und gem\u00fctlichen Aufenthalt M\u00f6chten Sie die gesellige Atmosph\u00e4re eines Campingplatzes im Departement Indre-et-Loire erleben und gleichzeitig den Komfort eines echten Ferienhauses genie\u00dfen? Wir bieten Ihnen Wohnungen und H\u00e4user, die so konzipiert sind, dass sie Ihnen mehr als nur ein traditionelles Ferienhaus bieten. Alles ist f\u00fcr [&hellip;]<\/p>\n","protected":false},"author":1,"featured_media":0,"parent":0,"menu_order":0,"comment_status":"open","ping_status":"open","template":"","meta":{"_acf_changed":false,"footnotes":""},"lieu":[],"acf":[],"_links":{"self":[{"href":"https:\/\/www.fierbois.com\/de\/wp-json\/wp\/v2\/pages\/3670"}],"collection":[{"href":"https:\/\/www.fierbois.com\/de\/wp-json\/wp\/v2\/pages"}],"about":[{"href":"https:\/\/www.fierbois.com\/de\/wp-json\/wp\/v2\/types\/page"}],"author":[{"embeddable":true,"href":"https:\/\/www.fierbois.com\/de\/wp-json\/wp\/v2\/users\/1"}],"replies":[{"embeddable":true,"href":"https:\/\/www.fierbois.com\/de\/wp-json\/wp\/v2\/comments?post=3670"}],"version-history":[{"count":17,"href":"https:\/\/www.fierbois.com\/de\/wp-json\/wp\/v2\/pages\/3670\/revisions"}],"predecessor-version":[{"id":4843,"href":"https:\/\/www.fierbois.com\/de\/wp-json\/wp\/v2\/pages\/3670\/revisions\/4843"}],"wp:attachment":[{"href":"https:\/\/www.fierbois.com\/de\/wp-json\/wp\/v2\/media?parent=3670"}],"wp:term":[{"taxonomy":"lieu","embeddable":true,"href":"https:\/\/www.fierbois.com\/de\/wp-json\/wp\/v2\/lieu?post=3670"}],"curies":[{"name":"wp","href":"https:\/\/api.w.org\/{rel}","templated":true}]}}