{"id":3290,"date":"2025-04-03T14:53:51","date_gmt":"2025-04-03T12:53:51","guid":{"rendered":"https:\/\/www.fierbois.com\/camping-azay-le-rideau\/"},"modified":"2026-04-09T11:45:50","modified_gmt":"2026-04-09T09:45:50","slug":"camping-azay-le-rideau","status":"publish","type":"page","link":"https:\/\/www.fierbois.com\/en\/camping-azay-le-rideau\/","title":{"rendered":"Camping Azay-le-Rideau"},"content":{"rendered":"<div class=\"columns sec-10\"><div class=\"columns__item fade-down\"><h1 class=\"wording\" style=\"color: var(--vert);\">Azay-le-Rideau Campsite<\/h1><div class=\"gallery\"><figure class=\"gallery__item\"><picture><source srcset=\"https:\/\/www.fierbois.com\/wp-content\/uploads\/2025\/08\/sejour-activites-4-420x236.webp\" media=\"(max-width: 210px)\"><source srcset=\"https:\/\/www.fierbois.com\/wp-content\/uploads\/2025\/08\/sejour-activites-4-850x478.webp\" media=\"(max-width: 420px)\"><source srcset=\"https:\/\/www.fierbois.com\/wp-content\/uploads\/2025\/08\/sejour-activites-4-768x432.webp\" media=\"(max-width: 850px)\"><source srcset=\"https:\/\/www.fierbois.com\/wp-content\/uploads\/2025\/08\/sejour-activites-4-1024x576.webp\" media=\"(max-width: 1024px)\"><source srcset=\"https:\/\/www.fierbois.com\/wp-content\/uploads\/2025\/08\/sejour-activites-4.webp\" media=\"(min-width: 1025px)\"><img decoding=\"async\" src=\"https:\/\/www.fierbois.com\/wp-content\/uploads\/2025\/08\/sejour-activites-4-420x236.webp\" width=\"420\" height=\"210\" loading=\"lazy\" alt=\"\" title=\"\"><\/picture><\/figure><\/div><\/div><div class=\"columns__item fade-up reverse-mob\"><div class=\"gallery\"><figure class=\"gallery__item\"><picture><source srcset=\"https:\/\/www.fierbois.com\/wp-content\/uploads\/2025\/05\/AdobeStock_299210721-420x236.webp\" media=\"(max-width: 210px)\"><source srcset=\"https:\/\/www.fierbois.com\/wp-content\/uploads\/2025\/05\/AdobeStock_299210721-850x478.webp\" media=\"(max-width: 420px)\"><source srcset=\"https:\/\/www.fierbois.com\/wp-content\/uploads\/2025\/05\/AdobeStock_299210721-768x432.webp\" media=\"(max-width: 850px)\"><source srcset=\"https:\/\/www.fierbois.com\/wp-content\/uploads\/2025\/05\/AdobeStock_299210721-1024x576.webp\" media=\"(max-width: 1024px)\"><source srcset=\"https:\/\/www.fierbois.com\/wp-content\/uploads\/2025\/05\/AdobeStock_299210721.webp\" media=\"(min-width: 1025px)\"><img decoding=\"async\" src=\"https:\/\/www.fierbois.com\/wp-content\/uploads\/2025\/05\/AdobeStock_299210721-420x236.webp\" width=\"420\" height=\"210\" loading=\"lazy\" alt=\"\" title=\"\"><\/picture><\/figure><\/div><p    >AZAY LE RIDEAU (25 km)<\/p><p   id=\"gid_1\" >Southwest of Tours, the <strong>Ch\u00e2teau d&#8217;Azay-le-Rideau<\/strong> embodies the elegance of the French Renaissance. This remarkable edifice is probably one of the most famous <g id=\"gid_1\">ch\u00e2teaux of the Loire Valley<\/g>. It offers an unforgettable plunge into French history.  <\/p><p   id=\"73\" >Stay at Parc de Fierbois, a <a href=\"https:\/\/www.fierbois.com\/en\/\" data-type=\"page\" data-id=\"73\">5-star campsite in Indre-et-Loire<\/a>, and discover this architectural marvel and the other emblematic ch\u00e2teaux of the Loire Valley.<\/p><\/div><\/div><h2 class=\"wording\" style=\"text-align: center;color: var(--dore);\">Visit the castles of the Loire Valley, immersion <span class=\"fc-span\">in France&#8217;s historic heritage<\/span><\/h2><p  style=\"text-align: center;\" id=\"1590\" >The <a href=\"https:\/\/www.fierbois.com\/val-de-loire\/tourisme-val-de-loire\/\" data-type=\"cocon-seo\" data-id=\"1590\">Loire Valley<\/a> is a region rich in history and famous for its Loire castles. These buildings are a veritable immersion in France&#8217;s historical heritage, bearing witness to the evolution of architecture and art over the centuries. They bear witness to several centuries of history, <strong>from the Middle Ages to the 19th century<\/strong>. Their construction and evolution are intimately linked to the history of the <g id=\"gid_2\">kings of France<\/g> and the French<g id=\"gid_3\"> nobility <\/g>. From the development of the French Renaissance to the intrigues of the kings&#8217; courts, the ch\u00e2teaux of the Loire Valley have been the setting for many historic events.    <\/p><div class=\"lireplus fc-desk\"><p class=\"center\" style=\"text-align: center;\"  >Read more<\/p><div class=\"group\"><p  style=\"text-align: center;\"  >The architecture of these ch\u00e2teaux also reflects the artistic and cultural influences of each era. For example, the<strong>elegance of the Renaissance<\/strong>, the grandeur of Classicism and the romanticism of the 19th century. Each ch\u00e2teau has its own personality, its own charm, a reflection of the era and people who shaped it. A <strong>visit to the ch\u00e2teaux of the Loire Valley<\/strong> is an enriching experience that helps you understand the grandeur and complexity of <strong>French history<\/strong>. It also offers the opportunity to admire works of art, sumptuous gardens and breathtaking landscapes. Whether you&#8217;re a history buff, an architecture enthusiast, or simply a traveler in search of beauty and discovery, the chateaux of the Loire Valley are a must-see during your <strong>stay at the 5-star Parc de Fierbois campsite<\/strong>.     <\/p><\/div><\/div><h2 class=\"wording\" style=\"text-align: center;color: var(--vert);\">Ch\u00e2teau d&#8217;Azay-le-Rideau, a<span class=\"fc-span\"> Renaissance gem<\/span><\/h2><p  style=\"text-align: center;\"  >The <a href=\"https:\/\/www.azay-le-rideau.fr\/\" target=\"_blank\" rel=\"noreferrer noopener\">Ch\u00e2teau d&#8217;Azay-le-Rideau<\/a>, described by writer Honor\u00e9 de Balzac as &#8220;a faceted diamond set by the Indre&#8221;, is truly an architectural gem of the French Renaissance. Built during the reign of Fran\u00e7ois I by Gilles Berthelot, it is situated on a small island in the Indre River. The Ch\u00e2teau d&#8217;Azay le Rideau is distinguished by a subtle blend of French traditions and innovative decor from Italy.  <\/p><div class=\"lireplus fc-desk\"><p class=\"center\" style=\"text-align: center;\"  >Read more<\/p><div class=\"group\"><p  style=\"text-align: center;\"  >Although its two wings were built in the 16th century, it was in the 19th century that the ch\u00e2teau took on the form we know today, illustrating the 19th-century taste for Renaissance art. Its landscaped grounds, designed in the 19th century, surround the ch\u00e2teau and offer an ideal setting for a stroll. In addition to Ch\u00e2teau d&#8217;Azay-le-Rideau, there are other ch\u00e2teaux of the Loire Valley to discover nearby, most notably Chambord and Chenonceau.  <\/p><\/div><\/div><h2 class=\"wording\" style=\"text-align: center;color: var(--dore);\">Camping <span class=\"fc-span\">in Azay le Rideau<\/span><\/h2><p  style=\"text-align: center;\" id=\"gid_0\" >Le Parc de Fierbois, a 5-star campsite in Indre-et-Loire, is the ideal place to discover the Ch\u00e2teau d&#8217;Azay-le-Rideau. Located near <g id=\"gid_0\">Tours<\/g>, this campsite is set in a <g id=\"gid_1\">100-hectare protected natural site<\/g>, bordered by a lake and surrounded by a vast forest. Parc de Fierbois offers a <a href=\"https:\/\/www.fierbois.com\/en\/mobile-homes\/\" data-type=\"page\" data-id=\"402\">wide range of accommodation<\/a>; visitors can choose to rent <strong>mobile homes or chalets<\/strong>, an apartment or even a vacation home for 2 to 10 people. For those seeking adventure and originality, atypical accommodations such as <strong>tree houses<\/strong> and lodges are available. The campsite also offers 130 comfortable <strong>camping pitches<\/strong> for tents, caravans and motorhomes.    <\/p><div class=\"lireplus fc-desk\"><p class=\"center\" style=\"text-align: center;\"  >Read more<\/p><div class=\"group\"><p  style=\"text-align: center;\" id=\"406\" ><a href=\"https:\/\/www.fierbois.com\/en\/catering\/\" data-type=\"page\" data-id=\"406\">Services<\/a> include a restaurant, pizzeria, store, bar, laundry facilities and a varied program of<a href=\"https:\/\/www.fierbois.com\/val-de-loire\/activites-en-val-de-loire\/\" data-type=\"cocon-seo\" data-id=\"1579\">activities and entertainment<\/a> for all ages. Visitors can enjoy an <a href=\"https:\/\/www.fierbois.com\/en\/aquatic-area\/\" data-type=\"page\" data-id=\"416\">aquatic area with slides<\/a>, a heated swimming pool, a large lake with water games, minigolf, a multi-sports field and many other top-of-the-range facilities. A stay at the Parc de Fierbois campsite is an opportunity to enjoy a unique experience in the heart of nature, while discovering the cultural and historical heritage of the Loire castles region. To visit in the vicinity of Chambord and the campsite: <a href=\"https:\/\/www.fierbois.com\/val-de-loire\/visiter-tours\/\" data-type=\"cocon-seo\" data-id=\"1601\">Tours<\/a>, <a href=\"https:\/\/www.fierbois.com\/en\/discover-local-culture-and-produce\/villandry\/\" data-type=\"page\" data-id=\"1298\">Villandry<\/a>, <a href=\"https:\/\/www.fierbois.com\/en\/discover-local-culture-and-produce\/loches\/\" data-type=\"page\" data-id=\"1260\">Loches<\/a>, <a href=\"https:\/\/www.fierbois.com\/en\/discover-local-culture-and-produce\/chinon\/\" data-type=\"page\" data-id=\"1222\">Chinon<\/a>, <a href=\"https:\/\/www.fierbois.com\/en\/discover-local-culture-and-produce\/amboise\/\" data-type=\"page\" data-id=\"1170\">Amboise<\/a>, <a href=\"https:\/\/www.fierbois.com\/en\/discover-local-culture-and-produce\/chenonceaux\/\" data-type=\"page\" data-id=\"1202\">Chenonceau<\/a>, <a href=\"https:\/\/www.fierbois.com\/en\/to-marvel\/beauval-zoo\/\" data-type=\"page\" data-id=\"1443\">Beauval Zoo<\/a>, <a href=\"https:\/\/www.fierbois.com\/en\/discover-local-culture-and-produce\/langeais\/\" data-type=\"page\" data-id=\"1241\">Langeais<\/a>, <a href=\"https:\/\/www.fierbois.com\/en\/camping-near-chambord\/\" data-type=\"page\" data-id=\"424\">Chambord<\/a>.   <\/p><\/div><\/div>","protected":false},"excerpt":{"rendered":"<p>Azay-le-Rideau Campsite AZAY LE RIDEAU (25 km) Southwest of Tours, the Ch\u00e2teau d&#8217;Azay-le-Rideau embodies the elegance of the French Renaissance. This remarkable edifice is probably one of the most famous ch\u00e2teaux of the Loire Valley. It offers an unforgettable plunge into French history. Stay at Parc de Fierbois, a 5-star campsite in Indre-et-Loire, and discover [&hellip;]<\/p>\n","protected":false},"author":1,"featured_media":0,"parent":0,"menu_order":0,"comment_status":"open","ping_status":"open","template":"","meta":{"_acf_changed":false,"footnotes":""},"lieu":[],"acf":[],"_links":{"self":[{"href":"https:\/\/www.fierbois.com\/en\/wp-json\/wp\/v2\/pages\/3290"}],"collection":[{"href":"https:\/\/www.fierbois.com\/en\/wp-json\/wp\/v2\/pages"}],"about":[{"href":"https:\/\/www.fierbois.com\/en\/wp-json\/wp\/v2\/types\/page"}],"author":[{"embeddable":true,"href":"https:\/\/www.fierbois.com\/en\/wp-json\/wp\/v2\/users\/1"}],"replies":[{"embeddable":true,"href":"https:\/\/www.fierbois.com\/en\/wp-json\/wp\/v2\/comments?post=3290"}],"version-history":[{"count":2,"href":"https:\/\/www.fierbois.com\/en\/wp-json\/wp\/v2\/pages\/3290\/revisions"}],"predecessor-version":[{"id":4175,"href":"https:\/\/www.fierbois.com\/en\/wp-json\/wp\/v2\/pages\/3290\/revisions\/4175"}],"wp:attachment":[{"href":"https:\/\/www.fierbois.com\/en\/wp-json\/wp\/v2\/media?parent=3290"}],"wp:term":[{"taxonomy":"lieu","embeddable":true,"href":"https:\/\/www.fierbois.com\/en\/wp-json\/wp\/v2\/lieu?post=3290"}],"curies":[{"name":"wp","href":"https:\/\/api.w.org\/{rel}","templated":true}]}}