{"id":3368,"date":"2025-05-22T10:38:40","date_gmt":"2025-05-22T08:38:40","guid":{"rendered":"https:\/\/www.fierbois.com\/la-loire-a-velo\/"},"modified":"2025-12-01T12:21:18","modified_gmt":"2025-12-01T11:21:18","slug":"la-loire-a-velo","status":"publish","type":"page","link":"https:\/\/www.fierbois.com\/en\/on-the-move-nature-and-sports-activities\/la-loire-a-velo\/","title":{"rendered":"La Loire \u00e0 V\u00e9lo"},"content":{"rendered":"<div class=\"diaporama-header align-full\"><div class=\"gallery\"><figure class=\"gallery__item\"><picture><source srcset=\"https:\/\/www.fierbois.com\/wp-content\/uploads\/2025\/05\/AdobeStock_456921544-420x280.webp\" media=\"(max-width: 210px)\"><source srcset=\"https:\/\/www.fierbois.com\/wp-content\/uploads\/2025\/05\/AdobeStock_456921544-850x566.webp\" media=\"(max-width: 420px)\"><source srcset=\"https:\/\/www.fierbois.com\/wp-content\/uploads\/2025\/05\/AdobeStock_456921544-768x512.webp\" media=\"(max-width: 850px)\"><source srcset=\"https:\/\/www.fierbois.com\/wp-content\/uploads\/2025\/05\/AdobeStock_456921544-1024x682.webp\" media=\"(max-width: 1024px)\"><source srcset=\"https:\/\/www.fierbois.com\/wp-content\/uploads\/2025\/05\/AdobeStock_456921544.webp\" media=\"(min-width: 1025px)\"><img loading=\"lazy\" decoding=\"async\" src=\"https:\/\/www.fierbois.com\/wp-content\/uploads\/2025\/05\/AdobeStock_456921544-420x280.webp\" width=\"420\" height=\"210\" alt=\"\" title=\"\"><\/picture><\/figure><\/div><div class=\"diaporama-header__inner\"><\/div><\/div><div class=\"columns\"><div class=\"columns__item\" style=\"align-self:center;\"><p class=\"wording\" style=\"color: var(--vert);\"  >La Loire \u00e0 V\u00e9lo: your royal court on two wheels<\/p><h1 style=\"text-align: left;\">La Loire \u00e0 V\u00e9lo<\/h1><p    >ONE OF FRANCE&#8217;S MOST BEAUTIFUL CYCLE ROUTES<\/p><p    >Looking for a nature and culture vacation when you visit <strong>Touraine<\/strong>? Come and discover <strong>the Loire Valley by bike<\/strong>! Whether you&#8217;re with family or friends, solo or in love, <strong>the banks of the Loire<\/strong> offer you a royal welcome: after a day of sightseeing, come and relax at Parc de Fierbois, a 5-star campsite in the Loire Valley with a water park, located <strong>close to the Loire castles<\/strong>. <\/p><\/div><div class=\"columns__item\" style=\"align-self:flex-start;\"><div class=\"gallery f-carousel fc-diapo-mob\" data-fancybox=\"gallery-mob\"><figure class=\"gallery__item\"><picture><source srcset=\"https:\/\/www.fierbois.com\/wp-content\/uploads\/2025\/05\/AdobeStock_356654391-420x280.webp\" media=\"(max-width: 210px)\"><source srcset=\"https:\/\/www.fierbois.com\/wp-content\/uploads\/2025\/05\/AdobeStock_356654391-850x566.webp\" media=\"(max-width: 420px)\"><source srcset=\"https:\/\/www.fierbois.com\/wp-content\/uploads\/2025\/05\/AdobeStock_356654391-768x512.webp\" media=\"(max-width: 850px)\"><source srcset=\"https:\/\/www.fierbois.com\/wp-content\/uploads\/2025\/05\/AdobeStock_356654391-1024x682.webp\" media=\"(max-width: 1024px)\"><source srcset=\"https:\/\/www.fierbois.com\/wp-content\/uploads\/2025\/05\/AdobeStock_356654391.webp\" media=\"(min-width: 1025px)\"><img decoding=\"async\" src=\"https:\/\/www.fierbois.com\/wp-content\/uploads\/2025\/05\/AdobeStock_356654391-420x280.webp\" width=\"420\" height=\"210\" loading=\"lazy\" alt=\"\" title=\"\"><\/picture><\/figure><\/div><\/div><\/div><div class=\"columns reverse-mob\"><div class=\"columns__item\"><div class=\"gallery f-carousel fc-diapo-mob\" data-fancybox=\"gallery-mob\"><figure class=\"gallery__item\"><picture><source srcset=\"https:\/\/www.fierbois.com\/wp-content\/uploads\/2025\/05\/AdobeStock_453256840-420x280.webp\" media=\"(max-width: 210px)\"><source srcset=\"https:\/\/www.fierbois.com\/wp-content\/uploads\/2025\/05\/AdobeStock_453256840-850x566.webp\" media=\"(max-width: 420px)\"><source srcset=\"https:\/\/www.fierbois.com\/wp-content\/uploads\/2025\/05\/AdobeStock_453256840-768x512.webp\" media=\"(max-width: 850px)\"><source srcset=\"https:\/\/www.fierbois.com\/wp-content\/uploads\/2025\/05\/AdobeStock_453256840-1024x682.webp\" media=\"(max-width: 1024px)\"><source srcset=\"https:\/\/www.fierbois.com\/wp-content\/uploads\/2025\/05\/AdobeStock_453256840.webp\" media=\"(min-width: 1025px)\"><img decoding=\"async\" src=\"https:\/\/www.fierbois.com\/wp-content\/uploads\/2025\/05\/AdobeStock_453256840-420x280.webp\" width=\"420\" height=\"210\" loading=\"lazy\" alt=\"\" title=\"\"><\/picture><\/figure><\/div><\/div><div class=\"columns__item\" style=\"align-self:center;\"><p class=\"wording\" style=\"color: var(--vert);\"  >Pedal into history, brake for a Vouvray<\/p><h2>The Loire Valley: an area of great natural and cultural wealth<\/h2><p    >Have you ever heard of <strong>the Loire Valley<\/strong>? This vast area bordering France&#8217;s longest <strong>river<\/strong> <strong>stretches from Nantes to the Loire Valley<\/strong>, passing through the<strong>Anjou<\/strong> region and towns such as Chinon and <strong>Tours<\/strong>, where our campsite is located.<br\/>You can enjoy the local lifestyle and take part in water sports such as canoeing, horse riding, walking and <strong>cycling<\/strong>. <\/p><\/div><\/div><div class=\"columns\"><div class=\"columns__item\" style=\"align-self:center;\"><p class=\"wording\" style=\"color: var(--vert);\"  >The Loire Valley is even more beautiful at 15 km\/h<\/p><h2>Discover the Loire Valley on the La Loire \u00e0 V\u00e9lo cycle route<\/h2><p    >During their stay, novice and experienced cyclists alike, and all cycling enthusiasts in general, will enjoy cycling along<strong> EuroV\u00e9lo 6<\/strong>. It&#8217;s one of Europe&#8217;s most popular cycle routes, stretching from <strong>the Atlantic<\/strong> to the Black Sea.   <\/p><\/div><div class=\"columns__item\"><div class=\"gallery f-carousel fc-diapo-mob\" data-fancybox=\"gallery-mob\"><figure class=\"gallery__item\"><picture><source srcset=\"https:\/\/www.fierbois.com\/wp-content\/uploads\/2025\/05\/AdobeStock_427001406-420x279.webp\" media=\"(max-width: 210px)\"><source srcset=\"https:\/\/www.fierbois.com\/wp-content\/uploads\/2025\/05\/AdobeStock_427001406-850x565.webp\" media=\"(max-width: 420px)\"><source srcset=\"https:\/\/www.fierbois.com\/wp-content\/uploads\/2025\/05\/AdobeStock_427001406-768x511.webp\" media=\"(max-width: 850px)\"><source srcset=\"https:\/\/www.fierbois.com\/wp-content\/uploads\/2025\/05\/AdobeStock_427001406-1024x681.webp\" media=\"(max-width: 1024px)\"><source srcset=\"https:\/\/www.fierbois.com\/wp-content\/uploads\/2025\/05\/AdobeStock_427001406.webp\" media=\"(min-width: 1025px)\"><img decoding=\"async\" src=\"https:\/\/www.fierbois.com\/wp-content\/uploads\/2025\/05\/AdobeStock_427001406-420x279.webp\" width=\"420\" height=\"210\" loading=\"lazy\" alt=\"\" title=\"\"><\/picture><\/figure><\/div><\/div><\/div><p  style=\"text-align: center;\" id=\"gid_2\" >From <strong>Saint Br\u00e9vin les Pins<\/strong> to <strong>Nevers<\/strong>, the cycle route covers more than 630 kilometers of the royal valley. The section along the Loire River, known as <g id=\"gid_2\">La Loire \u00e0 V\u00e9lo<\/g>, is designed to accommodate all types of <g id=\"gid_3\">cyclists<\/g>, thanks to its gentle gradient and safe environment.<br\/>The <g id=\"gid_4\">cycle route<\/g> is accessible to as many people as possible: you can reach it thanks to the local train service, which includes bicycle spaces in its trains. You&#8217;ll have access to a range of itineraries that allow you to discover the natural and cultural beauties of the Loire Valley region.  <\/p>\n<div style=\"height:9vw\" aria-hidden=\"true\" class=\"wp-block-spacer\"><\/div>\n<div class=\"columns reverse-mob\"><div class=\"columns__item\"><div class=\"gallery f-carousel fc-diapo-mob\" data-fancybox=\"gallery-mob\"><figure class=\"gallery__item\"><picture><source srcset=\"https:\/\/www.fierbois.com\/wp-content\/uploads\/2025\/05\/AdobeStock_772085760-420x280.webp\" media=\"(max-width: 210px)\"><source srcset=\"https:\/\/www.fierbois.com\/wp-content\/uploads\/2025\/05\/AdobeStock_772085760-850x566.webp\" media=\"(max-width: 420px)\"><source srcset=\"https:\/\/www.fierbois.com\/wp-content\/uploads\/2025\/05\/AdobeStock_772085760-768x512.webp\" media=\"(max-width: 850px)\"><source srcset=\"https:\/\/www.fierbois.com\/wp-content\/uploads\/2025\/05\/AdobeStock_772085760-1024x682.webp\" media=\"(max-width: 1024px)\"><source srcset=\"https:\/\/www.fierbois.com\/wp-content\/uploads\/2025\/05\/AdobeStock_772085760.webp\" media=\"(min-width: 1025px)\"><img decoding=\"async\" src=\"https:\/\/www.fierbois.com\/wp-content\/uploads\/2025\/05\/AdobeStock_772085760-420x280.webp\" width=\"420\" height=\"210\" loading=\"lazy\" alt=\"\" title=\"\"><\/picture><\/figure><\/div><\/div><div class=\"columns__item\" style=\"align-self:center;\"><p class=\"wording\" style=\"color: var(--vert);\"  >A pedal between two hearts<\/p><h2>Cycle tourism in the Loire Valley, a unique heritage to discover<\/h2><p   id=\"gid_0\" >Let us take you on a historic and cultural cycling tour of the Loire Valley! Nearly <g id=\"gid_0\">3,000 ch\u00e2teaux<\/g>, including Amboise, <g id=\"gid_1\">Chenonceau<\/g> and <g id=\"gid_2\">Chinon<\/g>, await your visit. Meet the kings of France and their sumptuous residences, stroll through their <strong>gardens<\/strong> and let yourself be transported for the duration of a visit into the royal universe offered by these architectural gems.  <\/p><\/div><\/div><p  style=\"text-align: center;\"  ><strong>The Loire Valley<\/strong> can also be tasted! The <strong>vineyards<\/strong> that dot the local landscape will delight your taste buds. Wine lovers will love visiting the wineries and enjoying a Pouilly-Fum\u00e9, a Sancerre or a Vouvray. Finally, exploring the <strong>towns and villages<\/strong> of the Loire Valley is a must.     <\/p><p  style=\"text-align: center;\"  >These architectural gems bear witness to the region&#8217;s dazzling past and heritage. <strong>Montsoreau<\/strong>, for example, is one of France&#8217;s most beautiful villages, anchored on <strong>the banks of the Loire<\/strong>. Geological curiosities such as the troglodyte villages of the Loire Valley will also be on your doorstep to add variety to your visit.  <\/p><div class=\"columns\"><div class=\"columns__item\" style=\"align-self:center;\"><p class=\"wording\" style=\"color: var(--vert);\"  >Sunday cyclists or kings of the saddle: welcome!<\/p><h2>Parc de Fierbois campsite: an ideal base for cycling around the region<\/h2><p    >Nestled in <strong>the heart of the Centre Val de Loire region<\/strong>, Parc de Fierbois welcomes you for an exceptional stay. In an immense wooded park, spend nights with your head in the stars and full of memories among our unusual accommodations or our comfortable rentals. You&#8217;ll benefit from <strong>5-star services <\/strong>such as a <strong>large water park in the Loire Valley <\/strong>and a team dedicated to accompanying you during your <strong>trip to Touraine royale<\/strong>. A bicycle rental service is available at the campsite reception, enabling you to explore the cycle routes of our magnificent region.   <\/p><\/div><div class=\"columns__item\"><div class=\"gallery f-carousel fc-diapo-mob\" data-fancybox=\"gallery-mob\"><figure class=\"gallery__item\"><picture><source srcset=\"https:\/\/www.fierbois.com\/wp-content\/uploads\/2025\/05\/AdobeStock_527354891-420x315.webp\" media=\"(max-width: 210px)\"><source srcset=\"https:\/\/www.fierbois.com\/wp-content\/uploads\/2025\/05\/AdobeStock_527354891-850x638.webp\" media=\"(max-width: 420px)\"><source srcset=\"https:\/\/www.fierbois.com\/wp-content\/uploads\/2025\/05\/AdobeStock_527354891-768x576.webp\" media=\"(max-width: 850px)\"><source srcset=\"https:\/\/www.fierbois.com\/wp-content\/uploads\/2025\/05\/AdobeStock_527354891-1024x768.webp\" media=\"(max-width: 1024px)\"><source srcset=\"https:\/\/www.fierbois.com\/wp-content\/uploads\/2025\/05\/AdobeStock_527354891.webp\" media=\"(min-width: 1025px)\"><img decoding=\"async\" src=\"https:\/\/www.fierbois.com\/wp-content\/uploads\/2025\/05\/AdobeStock_527354891-420x315.webp\" width=\"420\" height=\"210\" loading=\"lazy\" alt=\"\" title=\"\"><\/picture><\/figure><\/div><\/div><\/div><h3 style=\"text-align: center;\">Loire Valley cycle routes departing from the campsite<\/h3><p  style=\"text-align: center;\"  >From the Parc de Fierbois site, you can cycle to Tours in around 30 km along the <strong>Route de Saint Jacques<\/strong>, a safe, signposted cycle route. Numerous cultural and sporting destinations are accessible from <a href=\"https:\/\/www.fierbois.com\/tourisme-indre-et-loire\/camping-tours\/\">Tours<\/a>.<br\/>You can also drive to Tours, park your car and continue your visit by bike on the <strong>La Loire \u00e0 V\u00e9lo cycle path<\/strong>. <\/p><p  style=\"text-align: center;\"  >You can also pedal <strong>the loop of Sainte Jeanne<\/strong>, a route steeped in mystery, from Sainte-Catherine-de-Fierbois: Jeanne d&#8217;Arc is said to have heard voices indicating the presence of a sword in the chapel. You&#8217;ll also discover the charming village where our <strong>Loire Valley campsite, Le Parc de Fierbois<\/strong>, is located. <\/p><div class=\"columns reverse-mob\"><div class=\"columns__item\"><div class=\"gallery f-carousel fc-diapo-mob\" data-fancybox=\"gallery-mob\"><figure class=\"gallery__item\"><picture><source srcset=\"https:\/\/www.fierbois.com\/wp-content\/uploads\/2025\/05\/AdobeStock_367472752-420x315.webp\" media=\"(max-width: 210px)\"><source srcset=\"https:\/\/www.fierbois.com\/wp-content\/uploads\/2025\/05\/AdobeStock_367472752-850x638.webp\" media=\"(max-width: 420px)\"><source srcset=\"https:\/\/www.fierbois.com\/wp-content\/uploads\/2025\/05\/AdobeStock_367472752-768x576.webp\" media=\"(max-width: 850px)\"><source srcset=\"https:\/\/www.fierbois.com\/wp-content\/uploads\/2025\/05\/AdobeStock_367472752-1024x768.webp\" media=\"(max-width: 1024px)\"><source srcset=\"https:\/\/www.fierbois.com\/wp-content\/uploads\/2025\/05\/AdobeStock_367472752.webp\" media=\"(min-width: 1025px)\"><img decoding=\"async\" src=\"https:\/\/www.fierbois.com\/wp-content\/uploads\/2025\/05\/AdobeStock_367472752-420x315.webp\" width=\"420\" height=\"210\" loading=\"lazy\" alt=\"\" title=\"\"><\/picture><\/figure><\/div><\/div><div class=\"columns__item\" style=\"align-self:center;\"><p class=\"wording\" style=\"color: var(--vert);\"  >The Loire \u00e0 V\u00e9lo: zero passes, 100% royal<\/p><h3>Relax in an exceptional setting between Saumur and Blois<\/h3><p    >Our establishment offers a multitude of services for a<strong> top-of-the-range stay<\/strong>: water park, sports activities, children&#8217;s club and teen club. You&#8217;ll have all the comforts you need to settle in before exploring the Loire Valley. <\/p><\/div><\/div><p  style=\"text-align: center;\"  ><strong>Centrally located on the river<\/strong>, discover a Loire town every day on your way: <strong>Saumur<\/strong>, <strong>Langeais<\/strong>, <strong>Villandry<\/strong>, <strong>Tours<\/strong>, <strong>Amboise<\/strong> and <strong>Blois<\/strong>. You&#8217;re free to choose your own itinerary, either by bike on site or by rental directly from the campsite. Enjoy your vacation while relaxing in a natural and peaceful setting.   So, when will we have the pleasure of welcoming you?<\/p>","protected":false},"excerpt":{"rendered":"<p>La Loire \u00e0 V\u00e9lo: your royal court on two wheels La Loire \u00e0 V\u00e9lo ONE OF FRANCE&#8217;S MOST BEAUTIFUL CYCLE ROUTES Looking for a nature and culture vacation when you visit Touraine? Come and discover the Loire Valley by bike! Whether you&#8217;re with family or friends, solo or in love, the banks of the Loire [&hellip;]<\/p>\n","protected":false},"author":1,"featured_media":0,"parent":3612,"menu_order":0,"comment_status":"closed","ping_status":"closed","template":"","meta":{"_acf_changed":false,"footnotes":""},"lieu":[31],"acf":[],"_links":{"self":[{"href":"https:\/\/www.fierbois.com\/en\/wp-json\/wp\/v2\/pages\/3368"}],"collection":[{"href":"https:\/\/www.fierbois.com\/en\/wp-json\/wp\/v2\/pages"}],"about":[{"href":"https:\/\/www.fierbois.com\/en\/wp-json\/wp\/v2\/types\/page"}],"author":[{"embeddable":true,"href":"https:\/\/www.fierbois.com\/en\/wp-json\/wp\/v2\/users\/1"}],"replies":[{"embeddable":true,"href":"https:\/\/www.fierbois.com\/en\/wp-json\/wp\/v2\/comments?post=3368"}],"version-history":[{"count":1,"href":"https:\/\/www.fierbois.com\/en\/wp-json\/wp\/v2\/pages\/3368\/revisions"}],"predecessor-version":[{"id":3369,"href":"https:\/\/www.fierbois.com\/en\/wp-json\/wp\/v2\/pages\/3368\/revisions\/3369"}],"up":[{"embeddable":true,"href":"https:\/\/www.fierbois.com\/en\/wp-json\/wp\/v2\/pages\/3612"}],"wp:attachment":[{"href":"https:\/\/www.fierbois.com\/en\/wp-json\/wp\/v2\/media?parent=3368"}],"wp:term":[{"taxonomy":"lieu","embeddable":true,"href":"https:\/\/www.fierbois.com\/en\/wp-json\/wp\/v2\/lieu?post=3368"}],"curies":[{"name":"wp","href":"https:\/\/api.w.org\/{rel}","templated":true}]}}