{"id":3470,"date":"2025-05-20T15:58:24","date_gmt":"2025-05-20T13:58:24","guid":{"rendered":"https:\/\/www.fierbois.com\/amboise\/"},"modified":"2025-12-01T12:21:09","modified_gmt":"2025-12-01T11:21:09","slug":"amboise","status":"publish","type":"page","link":"https:\/\/www.fierbois.com\/en\/discover-local-culture-and-produce\/amboise\/","title":{"rendered":"Amboise"},"content":{"rendered":"<div class=\"diaporama-header align-full\"><div class=\"gallery\"><figure class=\"gallery__item\"><picture><source srcset=\"https:\/\/www.fierbois.com\/wp-content\/uploads\/2025\/05\/AdobeStock_264550071-420x315.webp\" media=\"(max-width: 210px)\"><source srcset=\"https:\/\/www.fierbois.com\/wp-content\/uploads\/2025\/05\/AdobeStock_264550071-850x637.webp\" media=\"(max-width: 420px)\"><source srcset=\"https:\/\/www.fierbois.com\/wp-content\/uploads\/2025\/05\/AdobeStock_264550071-768x576.webp\" media=\"(max-width: 850px)\"><source srcset=\"https:\/\/www.fierbois.com\/wp-content\/uploads\/2025\/05\/AdobeStock_264550071-1024x767.webp\" media=\"(max-width: 1024px)\"><source srcset=\"https:\/\/www.fierbois.com\/wp-content\/uploads\/2025\/05\/AdobeStock_264550071.webp\" media=\"(min-width: 1025px)\"><img loading=\"lazy\" decoding=\"async\" src=\"https:\/\/www.fierbois.com\/wp-content\/uploads\/2025\/05\/AdobeStock_264550071-420x315.webp\" width=\"420\" height=\"210\" alt=\"\" title=\"\"><\/picture><\/figure><\/div><div class=\"diaporama-header__inner\"><\/div><\/div><div class=\"columns\"><div class=\"columns__item\" style=\"align-self:center;\"><p class=\"wording\" style=\"color: var(--vert);\"  >A weekend with Leonardo (da Vinci, no less)<\/p><h1 style=\"text-align: left;\">Camping Amboise<\/h1><p    >AMBOISE (43km)<\/p><p    >With its Clos Luc\u00e9 ch\u00e2teau, a famous Loire ch\u00e2teau, don&#8217;t forget to include the pretty town of Amboise, 43km from the campsite, in your list of Indre et Loire outings.<\/p><\/div><div class=\"columns__item\" style=\"align-self:flex-start;\"><div class=\"gallery f-carousel fc-diapo-mob\" data-fancybox=\"gallery-mob\"><figure class=\"gallery__item\"><picture><source srcset=\"https:\/\/www.fierbois.com\/wp-content\/uploads\/2025\/05\/AdobeStock_124628500-420x242.webp\" media=\"(max-width: 210px)\"><source srcset=\"https:\/\/www.fierbois.com\/wp-content\/uploads\/2025\/05\/AdobeStock_124628500-850x489.webp\" media=\"(max-width: 420px)\"><source srcset=\"https:\/\/www.fierbois.com\/wp-content\/uploads\/2025\/05\/AdobeStock_124628500-768x442.webp\" media=\"(max-width: 850px)\"><source srcset=\"https:\/\/www.fierbois.com\/wp-content\/uploads\/2025\/05\/AdobeStock_124628500-1024x589.webp\" media=\"(max-width: 1024px)\"><source srcset=\"https:\/\/www.fierbois.com\/wp-content\/uploads\/2025\/05\/AdobeStock_124628500.webp\" media=\"(min-width: 1025px)\"><img decoding=\"async\" src=\"https:\/\/www.fierbois.com\/wp-content\/uploads\/2025\/05\/AdobeStock_124628500-420x242.webp\" width=\"420\" height=\"210\" loading=\"lazy\" alt=\"\" title=\"\"><\/picture><\/figure><\/div><\/div><\/div><div class=\"columns reverse-mob\"><div class=\"columns__item\"><div class=\"gallery f-carousel fc-diapo-mob\" data-fancybox=\"gallery-mob\"><figure class=\"gallery__item\"><picture><source srcset=\"https:\/\/www.fierbois.com\/wp-content\/uploads\/2025\/05\/AdobeStock_182993431-420x315.webp\" media=\"(max-width: 210px)\"><source srcset=\"https:\/\/www.fierbois.com\/wp-content\/uploads\/2025\/05\/AdobeStock_182993431-850x637.webp\" media=\"(max-width: 420px)\"><source srcset=\"https:\/\/www.fierbois.com\/wp-content\/uploads\/2025\/05\/AdobeStock_182993431-768x575.webp\" media=\"(max-width: 850px)\"><source srcset=\"https:\/\/www.fierbois.com\/wp-content\/uploads\/2025\/05\/AdobeStock_182993431-1024x767.webp\" media=\"(max-width: 1024px)\"><source srcset=\"https:\/\/www.fierbois.com\/wp-content\/uploads\/2025\/05\/AdobeStock_182993431.webp\" media=\"(min-width: 1025px)\"><img decoding=\"async\" src=\"https:\/\/www.fierbois.com\/wp-content\/uploads\/2025\/05\/AdobeStock_182993431-420x315.webp\" width=\"420\" height=\"210\" loading=\"lazy\" alt=\"\" title=\"\"><\/picture><\/figure><\/div><\/div><div class=\"columns__item\" style=\"align-self:center;\"><p class=\"wording\" style=\"color: var(--vert);\"  >Royal cycling tour to Amboise<\/p><h2>Accommodation rental near Amboise<\/h2><p    >Planning your vacation in the Loire castles? The 5-star Indre-et-Loire campsite Parc de Fierbois welcomes you to an exceptional natural setting near Blois and Amboise, Chaumont sur Loire and Ville aux Dames, on the banks of the lake, in a protected area in the heart of the Loire Valley.   <\/p><\/div><\/div><p  style=\"text-align: center;\" id=\"gid_0\" >It&#8217;s well known that the Loire Valley is the valley of kings! Our open-air hotel with waterslides and heated pool is the perfect place to visit the <g id=\"gid_0\">Royal Ch\u00e2teau of Amboise<\/g> and cycle the Loire Valley. We offer top-of-the-range, fully-equipped accommodation (kitchen, bathroom, terrace, etc.) for 2 to 10 people, around 30 minutes from Amboise: mobile homes, chalets, g\u00eetes, tree houses.    <\/p><p  style=\"text-align: center;\"  >Looking for a more traditional campsite in Amboise? Let yourself be seduced by our campsites of over 80 m\u00b2 for tents, caravans and motorhomes. Sanitary blocks with bathrooms and WCs are available nearby. Whether you choose to rent a mobile home or one of our camping pitches, you&#8217;ll enjoy maximum comfort for your stay in the Loire Valley Park!   <\/p><div class=\"columns\"><div class=\"columns__item\" style=\"align-self:center;\"><p class=\"wording\" style=\"color: var(--vert);\"  >Art, history and the gentle Loire Valley<\/p><h2>Tourism and places of interest in Amboise<\/h2><p    >As well as the royal castle, where Leonardo da Vinci is buried, there are many good reasons to take a vacation in Amboise near the Castel Parc de Fierbois campsite.<\/p><\/div><div class=\"columns__item\"><div class=\"gallery f-carousel fc-diapo-mob\" data-fancybox=\"gallery-mob\"><figure class=\"gallery__item\"><picture><source srcset=\"https:\/\/www.fierbois.com\/wp-content\/uploads\/2025\/05\/AdobeStock_67046133-420x280.webp\" media=\"(max-width: 210px)\"><source srcset=\"https:\/\/www.fierbois.com\/wp-content\/uploads\/2025\/05\/AdobeStock_67046133-850x566.webp\" media=\"(max-width: 420px)\"><source srcset=\"https:\/\/www.fierbois.com\/wp-content\/uploads\/2025\/05\/AdobeStock_67046133-768x512.webp\" media=\"(max-width: 850px)\"><source srcset=\"https:\/\/www.fierbois.com\/wp-content\/uploads\/2025\/05\/AdobeStock_67046133-1024x682.webp\" media=\"(max-width: 1024px)\"><source srcset=\"https:\/\/www.fierbois.com\/wp-content\/uploads\/2025\/05\/AdobeStock_67046133.webp\" media=\"(min-width: 1025px)\"><img decoding=\"async\" src=\"https:\/\/www.fierbois.com\/wp-content\/uploads\/2025\/05\/AdobeStock_67046133-420x280.webp\" width=\"420\" height=\"210\" loading=\"lazy\" alt=\"\" title=\"\"><\/picture><\/figure><\/div><\/div><\/div><p  style=\"text-align: center;\"  >You can visit the Ch\u00e2teau du Clos Luc\u00e9 and the house in which the Italian painter lived until the end of his days, the royal estate of Ch\u00e2teau-Gaillard, the Gothic chapel of Saint-Hubert, the Chanteloup pagoda, the church of Saint-Florentin and the church of Saint-Denis. If you&#8217;re exploring the Loire Valley Park as a family, don&#8217;t forget to include Mini-Ch\u00e2teaux in your program of activities, a park that brings together the most beautiful Loire castles in miniature (from Chenonceau to Chinon, via Blois and Amboise), as well as games for children.   <\/p><p  style=\"text-align: center;\"  >If you stay at an Amboise campsite, you can also visit the Loire Valley by bike, and enjoy a lovely ride through the castles of this region that was once the Valley of the Kings. During your camping vacation in Amboise, in the heart of the Loire Valley, you can also visit Chaumont sur Loire, the Ville aux Dames, or the Beauval zoo. <\/p>","protected":false},"excerpt":{"rendered":"<p>A weekend with Leonardo (da Vinci, no less) Camping Amboise AMBOISE (43km) With its Clos Luc\u00e9 ch\u00e2teau, a famous Loire ch\u00e2teau, don&#8217;t forget to include the pretty town of Amboise, 43km from the campsite, in your list of Indre et Loire outings. Royal cycling tour to Amboise Accommodation rental near Amboise Planning your vacation in [&hellip;]<\/p>\n","protected":false},"author":1,"featured_media":0,"parent":3579,"menu_order":0,"comment_status":"closed","ping_status":"closed","template":"","meta":{"_acf_changed":false,"footnotes":""},"lieu":[23],"acf":[],"_links":{"self":[{"href":"https:\/\/www.fierbois.com\/en\/wp-json\/wp\/v2\/pages\/3470"}],"collection":[{"href":"https:\/\/www.fierbois.com\/en\/wp-json\/wp\/v2\/pages"}],"about":[{"href":"https:\/\/www.fierbois.com\/en\/wp-json\/wp\/v2\/types\/page"}],"author":[{"embeddable":true,"href":"https:\/\/www.fierbois.com\/en\/wp-json\/wp\/v2\/users\/1"}],"replies":[{"embeddable":true,"href":"https:\/\/www.fierbois.com\/en\/wp-json\/wp\/v2\/comments?post=3470"}],"version-history":[{"count":1,"href":"https:\/\/www.fierbois.com\/en\/wp-json\/wp\/v2\/pages\/3470\/revisions"}],"predecessor-version":[{"id":3471,"href":"https:\/\/www.fierbois.com\/en\/wp-json\/wp\/v2\/pages\/3470\/revisions\/3471"}],"up":[{"embeddable":true,"href":"https:\/\/www.fierbois.com\/en\/wp-json\/wp\/v2\/pages\/3579"}],"wp:attachment":[{"href":"https:\/\/www.fierbois.com\/en\/wp-json\/wp\/v2\/media?parent=3470"}],"wp:term":[{"taxonomy":"lieu","embeddable":true,"href":"https:\/\/www.fierbois.com\/en\/wp-json\/wp\/v2\/lieu?post=3470"}],"curies":[{"name":"wp","href":"https:\/\/api.w.org\/{rel}","templated":true}]}}