{"id":3479,"date":"2025-05-21T09:58:09","date_gmt":"2025-05-21T07:58:09","guid":{"rendered":"https:\/\/www.fierbois.com\/langeais\/"},"modified":"2025-12-01T12:21:09","modified_gmt":"2025-12-01T11:21:09","slug":"langeais","status":"publish","type":"page","link":"https:\/\/www.fierbois.com\/en\/discover-local-culture-and-produce\/langeais\/","title":{"rendered":"Langeais"},"content":{"rendered":"<div class=\"diaporama-header align-full\"><div class=\"gallery\"><figure class=\"gallery__item\"><picture><source srcset=\"https:\/\/www.fierbois.com\/wp-content\/uploads\/2025\/05\/AdobeStock_322137958-420x280.webp\" media=\"(max-width: 210px)\"><source srcset=\"https:\/\/www.fierbois.com\/wp-content\/uploads\/2025\/05\/AdobeStock_322137958-850x567.webp\" media=\"(max-width: 420px)\"><source srcset=\"https:\/\/www.fierbois.com\/wp-content\/uploads\/2025\/05\/AdobeStock_322137958-768x512.webp\" media=\"(max-width: 850px)\"><source srcset=\"https:\/\/www.fierbois.com\/wp-content\/uploads\/2025\/05\/AdobeStock_322137958-1024x683.webp\" media=\"(max-width: 1024px)\"><source srcset=\"https:\/\/www.fierbois.com\/wp-content\/uploads\/2025\/05\/AdobeStock_322137958.webp\" media=\"(min-width: 1025px)\"><img loading=\"lazy\" decoding=\"async\" src=\"https:\/\/www.fierbois.com\/wp-content\/uploads\/2025\/05\/AdobeStock_322137958-420x280.webp\" width=\"420\" height=\"210\" alt=\"\" title=\"\"><\/picture><\/figure><\/div><div class=\"diaporama-header__inner\"><\/div><\/div><div class=\"columns\"><div class=\"columns__item\" style=\"align-self:center;\"><p class=\"wording\" style=\"color: var(--vert);\"  >A bridge, a king, a queen&#8230; and you!<\/p><h1 style=\"text-align: left;\">Camping Langeais<\/h1><p    >LANGEAIS (45km)<\/p><p    >Langeais, one of the most beautiful ch\u00e2teaux in the Loire Valley, is just 45km from the campsite.<\/p><\/div><div class=\"columns__item\" style=\"align-self:flex-start;\"><div class=\"gallery f-carousel fc-diapo-mob\" data-fancybox=\"gallery-mob\"><figure class=\"gallery__item\"><picture><source srcset=\"https:\/\/www.fierbois.com\/wp-content\/uploads\/2025\/05\/AdobeStock_198289486-420x280.webp\" media=\"(max-width: 210px)\"><source srcset=\"https:\/\/www.fierbois.com\/wp-content\/uploads\/2025\/05\/AdobeStock_198289486-850x566.webp\" media=\"(max-width: 420px)\"><source srcset=\"https:\/\/www.fierbois.com\/wp-content\/uploads\/2025\/05\/AdobeStock_198289486-768x512.webp\" media=\"(max-width: 850px)\"><source srcset=\"https:\/\/www.fierbois.com\/wp-content\/uploads\/2025\/05\/AdobeStock_198289486-1024x682.webp\" media=\"(max-width: 1024px)\"><source srcset=\"https:\/\/www.fierbois.com\/wp-content\/uploads\/2025\/05\/AdobeStock_198289486.webp\" media=\"(min-width: 1025px)\"><img decoding=\"async\" src=\"https:\/\/www.fierbois.com\/wp-content\/uploads\/2025\/05\/AdobeStock_198289486-420x280.webp\" width=\"420\" height=\"210\" loading=\"lazy\" alt=\"\" title=\"\"><\/picture><\/figure><\/div><\/div><\/div><div class=\"columns reverse-mob\"><div class=\"columns__item\"><div class=\"gallery f-carousel fc-diapo-mob\" data-fancybox=\"gallery-mob\"><figure class=\"gallery__item\"><picture><source srcset=\"https:\/\/www.fierbois.com\/wp-content\/uploads\/2025\/05\/AdobeStock_233560556-420x315.webp\" media=\"(max-width: 210px)\"><source srcset=\"https:\/\/www.fierbois.com\/wp-content\/uploads\/2025\/05\/AdobeStock_233560556-850x637.webp\" media=\"(max-width: 420px)\"><source srcset=\"https:\/\/www.fierbois.com\/wp-content\/uploads\/2025\/05\/AdobeStock_233560556-768x575.webp\" media=\"(max-width: 850px)\"><source srcset=\"https:\/\/www.fierbois.com\/wp-content\/uploads\/2025\/05\/AdobeStock_233560556-1024x767.webp\" media=\"(max-width: 1024px)\"><source srcset=\"https:\/\/www.fierbois.com\/wp-content\/uploads\/2025\/05\/AdobeStock_233560556.webp\" media=\"(min-width: 1025px)\"><img decoding=\"async\" src=\"https:\/\/www.fierbois.com\/wp-content\/uploads\/2025\/05\/AdobeStock_233560556-420x315.webp\" width=\"420\" height=\"210\" loading=\"lazy\" alt=\"\" title=\"\"><\/picture><\/figure><\/div><\/div><div class=\"columns__item\" style=\"align-self:center;\"><p class=\"wording\" style=\"color: var(--vert);\"  >In Langeais, you can step back in time without hurrying<\/p><h2>Accomodation rental near Langeais<\/h2><p    >Book your luxury mobile home or prestige chalet for 2 to 6 people at <strong>Castel <\/strong>Parc de Fierbois <strong>campsite <\/strong>, just a 30-minute drive from the Ch\u00e2teau de Langeais!<\/p><\/div><\/div><p  style=\"text-align: center;\"  >Our 5-star campsite in Indre-et-Loire with heated swimming pool and sports facilities offers furnished and fully-equipped mobile homes and chalets with fitted kitchens in the living room and private terraces for comfortable vacations near the most beautiful Loire castles. Our rental fleet also includes g\u00eetes for 2 to 10 people, tree houses for 2 to 4 people and pitches for tents, caravans and motorhomes with electricity. <\/p><div class=\"columns\"><div class=\"columns__item\" style=\"align-self:center;\"><p class=\"wording\" style=\"color: var(--vert);\"  >A royal tour just steps from the hammock<\/p><h2>Tourism and places of interest in Langeais<\/h2><p    >On vacation in the Loire Valley castles, lovers of local heritage will find their expectations fulfilled near the Langeais campsite. Their visit must inevitably begin with the ch\u00e2teau, a magnificent royal fortress built in 1465 overlooking the town and the Loire.   <\/p><\/div><div class=\"columns__item\"><div class=\"gallery f-carousel fc-diapo-mob\" data-fancybox=\"gallery-mob\"><figure class=\"gallery__item\"><picture><source srcset=\"https:\/\/www.fierbois.com\/wp-content\/uploads\/2025\/05\/AdobeStock_205377576-420x280.webp\" media=\"(max-width: 210px)\"><source srcset=\"https:\/\/www.fierbois.com\/wp-content\/uploads\/2025\/05\/AdobeStock_205377576-850x566.webp\" media=\"(max-width: 420px)\"><source srcset=\"https:\/\/www.fierbois.com\/wp-content\/uploads\/2025\/05\/AdobeStock_205377576-768x512.webp\" media=\"(max-width: 850px)\"><source srcset=\"https:\/\/www.fierbois.com\/wp-content\/uploads\/2025\/05\/AdobeStock_205377576-1024x682.webp\" media=\"(max-width: 1024px)\"><source srcset=\"https:\/\/www.fierbois.com\/wp-content\/uploads\/2025\/05\/AdobeStock_205377576.webp\" media=\"(min-width: 1025px)\"><img decoding=\"async\" src=\"https:\/\/www.fierbois.com\/wp-content\/uploads\/2025\/05\/AdobeStock_205377576-420x280.webp\" width=\"420\" height=\"210\" loading=\"lazy\" alt=\"\" title=\"\"><\/picture><\/figure><\/div><\/div><\/div><p  style=\"text-align: center;\"  >The Ch\u00e2teau de Langeais regained all its splendor under Richard the Lionheart, and saw Charles VIII marry Anne of Brittany. It houses some 15 rooms open to the public, with fine period furniture and superb tapestries. The Pont de Langeais and the Saint-Jean-Baptiste church are the other two major attractions in Langeais.  <\/p><p  style=\"text-align: center;\"  >During your stay in Langeais, you can discover the Pile de Cinq-Mars, the Grottes P\u00e9trifiantes de Savonni\u00e8res, the Ch\u00e2teau de Champchevrier and the Mus\u00e9e des Trains Miniatures in Savign\u00e9-sur-Lathan. During your camping vacation in Amboise in the heart of the Loire Valley, you can also visit Chaumont sur Loire, La Ville aux Dames and Beauval zoo. <\/p>","protected":false},"excerpt":{"rendered":"<p>A bridge, a king, a queen&#8230; and you! Camping Langeais LANGEAIS (45km) Langeais, one of the most beautiful ch\u00e2teaux in the Loire Valley, is just 45km from the campsite. In Langeais, you can step back in time without hurrying Accomodation rental near Langeais Book your luxury mobile home or prestige chalet for 2 to 6 [&hellip;]<\/p>\n","protected":false},"author":1,"featured_media":0,"parent":3579,"menu_order":0,"comment_status":"closed","ping_status":"closed","template":"","meta":{"_acf_changed":false,"footnotes":""},"lieu":[23],"acf":[],"_links":{"self":[{"href":"https:\/\/www.fierbois.com\/en\/wp-json\/wp\/v2\/pages\/3479"}],"collection":[{"href":"https:\/\/www.fierbois.com\/en\/wp-json\/wp\/v2\/pages"}],"about":[{"href":"https:\/\/www.fierbois.com\/en\/wp-json\/wp\/v2\/types\/page"}],"author":[{"embeddable":true,"href":"https:\/\/www.fierbois.com\/en\/wp-json\/wp\/v2\/users\/1"}],"replies":[{"embeddable":true,"href":"https:\/\/www.fierbois.com\/en\/wp-json\/wp\/v2\/comments?post=3479"}],"version-history":[{"count":1,"href":"https:\/\/www.fierbois.com\/en\/wp-json\/wp\/v2\/pages\/3479\/revisions"}],"predecessor-version":[{"id":3481,"href":"https:\/\/www.fierbois.com\/en\/wp-json\/wp\/v2\/pages\/3479\/revisions\/3481"}],"up":[{"embeddable":true,"href":"https:\/\/www.fierbois.com\/en\/wp-json\/wp\/v2\/pages\/3579"}],"wp:attachment":[{"href":"https:\/\/www.fierbois.com\/en\/wp-json\/wp\/v2\/media?parent=3479"}],"wp:term":[{"taxonomy":"lieu","embeddable":true,"href":"https:\/\/www.fierbois.com\/en\/wp-json\/wp\/v2\/lieu?post=3479"}],"curies":[{"name":"wp","href":"https:\/\/api.w.org\/{rel}","templated":true}]}}