{"id":3490,"date":"2025-05-21T10:03:33","date_gmt":"2025-05-21T08:03:33","guid":{"rendered":"https:\/\/www.fierbois.com\/loches\/"},"modified":"2025-12-01T12:21:09","modified_gmt":"2025-12-01T11:21:09","slug":"loches","status":"publish","type":"page","link":"https:\/\/www.fierbois.com\/en\/discover-local-culture-and-produce\/loches\/","title":{"rendered":"Loches"},"content":{"rendered":"<div class=\"diaporama-header align-full\"><div class=\"gallery\"><figure class=\"gallery__item\"><picture><source srcset=\"https:\/\/www.fierbois.com\/wp-content\/uploads\/2025\/05\/AdobeStock_552330013-420x280.webp\" media=\"(max-width: 210px)\"><source srcset=\"https:\/\/www.fierbois.com\/wp-content\/uploads\/2025\/05\/AdobeStock_552330013-850x567.webp\" media=\"(max-width: 420px)\"><source srcset=\"https:\/\/www.fierbois.com\/wp-content\/uploads\/2025\/05\/AdobeStock_552330013-768x512.webp\" media=\"(max-width: 850px)\"><source srcset=\"https:\/\/www.fierbois.com\/wp-content\/uploads\/2025\/05\/AdobeStock_552330013-1024x683.webp\" media=\"(max-width: 1024px)\"><source srcset=\"https:\/\/www.fierbois.com\/wp-content\/uploads\/2025\/05\/AdobeStock_552330013.webp\" media=\"(min-width: 1025px)\"><img loading=\"lazy\" decoding=\"async\" src=\"https:\/\/www.fierbois.com\/wp-content\/uploads\/2025\/05\/AdobeStock_552330013-420x280.webp\" width=\"420\" height=\"210\" alt=\"\" title=\"\"><\/picture><\/figure><\/div><div class=\"diaporama-header__inner\"><\/div><\/div><div class=\"columns\"><div class=\"columns__item\" style=\"align-self:center;\"><p class=\"wording\" style=\"color: var(--vert);\"  >A castle, a king, a bit of magic 30 km away<\/p><h1 style=\"text-align: left;\">Camping Loches<\/h1><p    >LOCHES (30km)<\/p><p    >Would you like to visit every corner of the Indre et Loire Loire <strong>Valley<\/strong>? Don&#8217;t miss the town of Loches and its Loire ch\u00e2teau in its royal city! <\/p><\/div><div class=\"columns__item\" style=\"align-self:flex-start;\"><div class=\"gallery f-carousel fc-diapo-mob\" data-fancybox=\"gallery-mob\"><figure class=\"gallery__item\"><picture><source srcset=\"https:\/\/www.fierbois.com\/wp-content\/uploads\/2025\/05\/AdobeStock_307012464-420x279.webp\" media=\"(max-width: 210px)\"><source srcset=\"https:\/\/www.fierbois.com\/wp-content\/uploads\/2025\/05\/AdobeStock_307012464-850x565.webp\" media=\"(max-width: 420px)\"><source srcset=\"https:\/\/www.fierbois.com\/wp-content\/uploads\/2025\/05\/AdobeStock_307012464-768x511.webp\" media=\"(max-width: 850px)\"><source srcset=\"https:\/\/www.fierbois.com\/wp-content\/uploads\/2025\/05\/AdobeStock_307012464-1024x681.webp\" media=\"(max-width: 1024px)\"><source srcset=\"https:\/\/www.fierbois.com\/wp-content\/uploads\/2025\/05\/AdobeStock_307012464.webp\" media=\"(min-width: 1025px)\"><img decoding=\"async\" src=\"https:\/\/www.fierbois.com\/wp-content\/uploads\/2025\/05\/AdobeStock_307012464-420x279.webp\" width=\"420\" height=\"210\" loading=\"lazy\" alt=\"\" title=\"\"><\/picture><\/figure><\/div><\/div><\/div><div class=\"columns reverse-mob\"><div class=\"columns__item\"><div class=\"gallery f-carousel fc-diapo-mob\" data-fancybox=\"gallery-mob\"><figure class=\"gallery__item\"><picture><source srcset=\"https:\/\/www.fierbois.com\/wp-content\/uploads\/2025\/05\/AdobeStock_559617104-420x280.webp\" media=\"(max-width: 210px)\"><source srcset=\"https:\/\/www.fierbois.com\/wp-content\/uploads\/2025\/05\/AdobeStock_559617104-850x566.webp\" media=\"(max-width: 420px)\"><source srcset=\"https:\/\/www.fierbois.com\/wp-content\/uploads\/2025\/05\/AdobeStock_559617104-768x511.webp\" media=\"(max-width: 850px)\"><source srcset=\"https:\/\/www.fierbois.com\/wp-content\/uploads\/2025\/05\/AdobeStock_559617104-1024x682.webp\" media=\"(max-width: 1024px)\"><source srcset=\"https:\/\/www.fierbois.com\/wp-content\/uploads\/2025\/05\/AdobeStock_559617104.webp\" media=\"(min-width: 1025px)\"><img decoding=\"async\" src=\"https:\/\/www.fierbois.com\/wp-content\/uploads\/2025\/05\/AdobeStock_559617104-420x280.webp\" width=\"420\" height=\"210\" loading=\"lazy\" alt=\"\" title=\"\"><\/picture><\/figure><\/div><\/div><div class=\"columns__item\" style=\"align-self:center;\"><p class=\"wording\" style=\"color: var(--vert);\"  >A royal city, but without the obligatory crown!<\/p><h2>Accommodation rental near Loches<\/h2><p    >Do you dream of visiting the royal city of Loches and the other Loire castles, jewels of French Renaissance architecture? Castel Parc de Fierbois invites you to spend a comfortable vacation near Loches. <\/p><\/div><\/div><p  style=\"text-align: center;\"  >We offer prestigious accommodation for 2 and 10 people, to suit all budgets and holidaymaker profiles. Getaway for two, solo, with family or friends: our rental stock includes mobile homes, chalets, g\u00eetes, tree houses and pitches from 80 to 100 m\u00b2 for tents, motorhomes and caravans. Discover our 5-star campsite in the Loire Valley.  <\/p><div class=\"columns\"><div class=\"columns__item\" style=\"align-self:center;\"><p class=\"wording\" style=\"color: var(--vert);\"  >Here, even the walls have stories to tell<\/p><h2>Tourism and places of interest in Loches<\/h2><p    >It was in the royal city of Loches, near the Castel Parc de Fierbois campsite, that Charles VII was crowned King of France. Its location, architecture, medieval gardens and fine collection of armor make the Ch\u00e2teau de Loches one of the finest ch\u00e2teaux in the Loire Valley. So much so, in fact, that it often overshadows the entire heritage of this town of 6,300 inhabitants, which is irrigated by the Indre river.  <\/p><\/div><div class=\"columns__item\"><div class=\"gallery f-carousel fc-diapo-mob\" data-fancybox=\"gallery-mob\"><figure class=\"gallery__item\"><picture><source srcset=\"https:\/\/www.fierbois.com\/wp-content\/uploads\/2025\/05\/AdobeStock_548536566-420x280.webp\" media=\"(max-width: 210px)\"><source srcset=\"https:\/\/www.fierbois.com\/wp-content\/uploads\/2025\/05\/AdobeStock_548536566-850x566.webp\" media=\"(max-width: 420px)\"><source srcset=\"https:\/\/www.fierbois.com\/wp-content\/uploads\/2025\/05\/AdobeStock_548536566-768x512.webp\" media=\"(max-width: 850px)\"><source srcset=\"https:\/\/www.fierbois.com\/wp-content\/uploads\/2025\/05\/AdobeStock_548536566-1024x682.webp\" media=\"(max-width: 1024px)\"><source srcset=\"https:\/\/www.fierbois.com\/wp-content\/uploads\/2025\/05\/AdobeStock_548536566.webp\" media=\"(min-width: 1025px)\"><img decoding=\"async\" src=\"https:\/\/www.fierbois.com\/wp-content\/uploads\/2025\/05\/AdobeStock_548536566-420x280.webp\" width=\"420\" height=\"210\" loading=\"lazy\" alt=\"\" title=\"\"><\/picture><\/figure><\/div><\/div><\/div><p  style=\"text-align: center;\"  >As you stroll through the streets of Loches, you&#8217;ll see such magnificent buildings as the Saint-Ours church, the Saint-Antoine church, the Saint-Antoine tower, the Lansyer house-museum, the Cordeliers gate, the Picois gate and town hall, the keep, the Royal gate, the Caisse d&#8217;\u00c9pargne hotel, the Vignemont chapel and the Sansac manor house.<br\/>If you&#8217;re looking to reconnect with nature during your Loire Valley castles vacation, you can relax for a few moments in the Loches public gardens or in the Prairies du Roy. For longer walks, head for the Etang du Pas aux \u00c2nes, less than 5 km from Loches, on the road to Montr\u00e9sor. Before returning to the campsite, consider a short detour to the Ch\u00e2teau de Verneuil-sur-Indre, 6 km from Loches.  <\/p>","protected":false},"excerpt":{"rendered":"<p>A castle, a king, a bit of magic 30 km away Camping Loches LOCHES (30km) Would you like to visit every corner of the Indre et Loire Loire Valley? Don&#8217;t miss the town of Loches and its Loire ch\u00e2teau in its royal city! A royal city, but without the obligatory crown! Accommodation rental near Loches [&hellip;]<\/p>\n","protected":false},"author":1,"featured_media":0,"parent":3579,"menu_order":0,"comment_status":"closed","ping_status":"closed","template":"","meta":{"_acf_changed":false,"footnotes":""},"lieu":[23],"acf":[],"_links":{"self":[{"href":"https:\/\/www.fierbois.com\/en\/wp-json\/wp\/v2\/pages\/3490"}],"collection":[{"href":"https:\/\/www.fierbois.com\/en\/wp-json\/wp\/v2\/pages"}],"about":[{"href":"https:\/\/www.fierbois.com\/en\/wp-json\/wp\/v2\/types\/page"}],"author":[{"embeddable":true,"href":"https:\/\/www.fierbois.com\/en\/wp-json\/wp\/v2\/users\/1"}],"replies":[{"embeddable":true,"href":"https:\/\/www.fierbois.com\/en\/wp-json\/wp\/v2\/comments?post=3490"}],"version-history":[{"count":1,"href":"https:\/\/www.fierbois.com\/en\/wp-json\/wp\/v2\/pages\/3490\/revisions"}],"predecessor-version":[{"id":3492,"href":"https:\/\/www.fierbois.com\/en\/wp-json\/wp\/v2\/pages\/3490\/revisions\/3492"}],"up":[{"embeddable":true,"href":"https:\/\/www.fierbois.com\/en\/wp-json\/wp\/v2\/pages\/3579"}],"wp:attachment":[{"href":"https:\/\/www.fierbois.com\/en\/wp-json\/wp\/v2\/media?parent=3490"}],"wp:term":[{"taxonomy":"lieu","embeddable":true,"href":"https:\/\/www.fierbois.com\/en\/wp-json\/wp\/v2\/lieu?post=3490"}],"curies":[{"name":"wp","href":"https:\/\/api.w.org\/{rel}","templated":true}]}}