{"id":3518,"date":"2025-05-21T14:21:12","date_gmt":"2025-05-21T12:21:12","guid":{"rendered":"https:\/\/www.fierbois.com\/castles\/"},"modified":"2025-12-01T12:21:09","modified_gmt":"2025-12-01T11:21:09","slug":"castles","status":"publish","type":"page","link":"https:\/\/www.fierbois.com\/en\/discover-local-culture-and-produce\/castles\/","title":{"rendered":"Castles"},"content":{"rendered":"<div class=\"diaporama-header align-full\"><div class=\"gallery\"><figure class=\"gallery__item\"><picture><source srcset=\"https:\/\/www.fierbois.com\/wp-content\/uploads\/2025\/05\/AdobeStock_552330013-420x280.webp\" media=\"(max-width: 210px)\"><source srcset=\"https:\/\/www.fierbois.com\/wp-content\/uploads\/2025\/05\/AdobeStock_552330013-850x567.webp\" media=\"(max-width: 420px)\"><source srcset=\"https:\/\/www.fierbois.com\/wp-content\/uploads\/2025\/05\/AdobeStock_552330013-768x512.webp\" media=\"(max-width: 850px)\"><source srcset=\"https:\/\/www.fierbois.com\/wp-content\/uploads\/2025\/05\/AdobeStock_552330013-1024x683.webp\" media=\"(max-width: 1024px)\"><source srcset=\"https:\/\/www.fierbois.com\/wp-content\/uploads\/2025\/05\/AdobeStock_552330013.webp\" media=\"(min-width: 1025px)\"><img loading=\"lazy\" decoding=\"async\" src=\"https:\/\/www.fierbois.com\/wp-content\/uploads\/2025\/05\/AdobeStock_552330013-420x280.webp\" width=\"420\" height=\"210\" alt=\"\" title=\"\"><\/picture><\/figure><\/div><div class=\"diaporama-header__inner\"><\/div><\/div><div class=\"columns\"><div class=\"columns__item\" style=\"align-self:center;\"><p class=\"wording\" style=\"color: var(--vert);\"  >From perched hut to perched castle<\/p><h1 style=\"text-align: left;\">Camping for your vacation in the Loire castles<\/h1><p    >What region has a more flamboyant past than the Loire Valley? Opting for a vacation in the Loire castles means visiting dozens of monuments, each more grandiose than the last. Our Parc de Fierbois campsite is the ideal place to combine the quality of a 5-star campsite with the proximity of the region&#8217;s must-see castles.  <\/p><\/div><div class=\"columns__item\" style=\"align-self:flex-start;\"><div class=\"gallery f-carousel fc-diapo-mob\" data-fancybox=\"gallery-mob\"><figure class=\"gallery__item\"><picture><source srcset=\"https:\/\/www.fierbois.com\/wp-content\/uploads\/2025\/05\/AdobeStock_124628500-420x242.webp\" media=\"(max-width: 210px)\"><source srcset=\"https:\/\/www.fierbois.com\/wp-content\/uploads\/2025\/05\/AdobeStock_124628500-850x489.webp\" media=\"(max-width: 420px)\"><source srcset=\"https:\/\/www.fierbois.com\/wp-content\/uploads\/2025\/05\/AdobeStock_124628500-768x442.webp\" media=\"(max-width: 850px)\"><source srcset=\"https:\/\/www.fierbois.com\/wp-content\/uploads\/2025\/05\/AdobeStock_124628500-1024x589.webp\" media=\"(max-width: 1024px)\"><source srcset=\"https:\/\/www.fierbois.com\/wp-content\/uploads\/2025\/05\/AdobeStock_124628500.webp\" media=\"(min-width: 1025px)\"><img decoding=\"async\" src=\"https:\/\/www.fierbois.com\/wp-content\/uploads\/2025\/05\/AdobeStock_124628500-420x242.webp\" width=\"420\" height=\"210\" loading=\"lazy\" alt=\"\" title=\"\"><\/picture><\/figure><\/div><\/div><\/div><div class=\"columns reverse-mob\"><div class=\"columns__item\"><div class=\"gallery f-carousel fc-diapo-mob\" data-fancybox=\"gallery-mob\"><figure class=\"gallery__item\"><picture><source srcset=\"https:\/\/www.fierbois.com\/wp-content\/uploads\/2025\/05\/AdobeStock_121841639-420x280.webp\" media=\"(max-width: 210px)\"><source srcset=\"https:\/\/www.fierbois.com\/wp-content\/uploads\/2025\/05\/AdobeStock_121841639-850x566.webp\" media=\"(max-width: 420px)\"><source srcset=\"https:\/\/www.fierbois.com\/wp-content\/uploads\/2025\/05\/AdobeStock_121841639-768x512.webp\" media=\"(max-width: 850px)\"><source srcset=\"https:\/\/www.fierbois.com\/wp-content\/uploads\/2025\/05\/AdobeStock_121841639-1024x682.webp\" media=\"(max-width: 1024px)\"><source srcset=\"https:\/\/www.fierbois.com\/wp-content\/uploads\/2025\/05\/AdobeStock_121841639.webp\" media=\"(min-width: 1025px)\"><img decoding=\"async\" src=\"https:\/\/www.fierbois.com\/wp-content\/uploads\/2025\/05\/AdobeStock_121841639-420x280.webp\" width=\"420\" height=\"210\" loading=\"lazy\" alt=\"\" title=\"\"><\/picture><\/figure><\/div><\/div><div class=\"columns__item\" style=\"align-self:center;\"><p class=\"wording\" style=\"color: var(--vert);\"  >Royal vacations, friendly atmosphere<\/p><h2>Renaissance gems at your fingertips<\/h2><p    >Listed as a UNESCO World Heritage Site, the Loire Valley is dotted with nearly 3,000 ch\u00e2teaux. What do they have in common? They were built mainly during the Renaissance, although some of them date back to the Middle Ages. This is exactly the case at Ch\u00e2teau de Loches, just half an hour from the campsite, which combines an imposing medieval keep with a Renaissance royal dwelling.   <\/p><\/div><\/div><p  style=\"text-align: center;\"  >Other architectural jewels can be visited within a 30-35 minute radius, starting with the Ch\u00e2teau de Villandry, a must-see on your Loire Valley ch\u00e2teaux vacation, which has elegantly stood the test of time and is accompanied by gardens of rare splendor. While Villandry bears the imprint of Fran\u00e7ois I\u1d49\u02b3, its neighbor Langeais is known for being the ch\u00e2teau of Louis XI and having hosted the wedding of Anne de Bretagne to Charles VIII: an original ch\u00e2teau with a large park laid out in a very playful way. <\/p><p  style=\"text-align: center;\"  >The Ch\u00e2teau d&#8217;Uss\u00e9 is just as much fun! Just 40 km from our campsite, on the banks of the Loire, it&#8217;s so magical that it inspired Charles Perrault to write Sleeping Beauty. Its gardens, designed by Le N\u00f4tre, are among the finest in the region. Not to be outdone, Ch\u00e2teau de Chenonceau boasts the majestic gardens of Catherine de M\u00e9dicis and Diane de Poitiers, not to mention the masterpiece of a ch\u00e2teau with arches spanning the Cher River.   <\/p><p  style=\"text-align: center;\"  >And what about Azay-le-Rideau? The closest Renaissance jewel to the campsite, it&#8217;s also one of the most beautiful ch\u00e2teaux to visit during your Loire Valley vacation. It will charm you with its original position on the water and its romantic park, magical at any time of day!  <\/p><div class=\"columns\"><div class=\"columns__item\" style=\"align-self:center;\"><p class=\"wording\" style=\"color: var(--vert);\"  >A throne for the day, a deckchair for the evening<\/p><h2>Vacations in the Loire castles on a 5-star campsite<\/h2><p    >Ideally located in Indre-et-Loire for your <strong>vacation in the Loire castles<\/strong>, our 5* Le Parc de Fierbois campsite welcomes you to the heart of a wooded estate that we protect. In this open-air paradise, you can book one of several types of accommodation, especially if you&#8217;re looking for a stopover during your stay in the Loire castles by motorhome. <\/p><\/div><div class=\"columns__item\"><div class=\"gallery f-carousel fc-diapo-mob\" data-fancybox=\"gallery-mob\"><figure class=\"gallery__item\"><picture><source srcset=\"https:\/\/www.fierbois.com\/wp-content\/uploads\/2025\/05\/AdobeStock_559617104-420x280.webp\" media=\"(max-width: 210px)\"><source srcset=\"https:\/\/www.fierbois.com\/wp-content\/uploads\/2025\/05\/AdobeStock_559617104-850x566.webp\" media=\"(max-width: 420px)\"><source srcset=\"https:\/\/www.fierbois.com\/wp-content\/uploads\/2025\/05\/AdobeStock_559617104-768x511.webp\" media=\"(max-width: 850px)\"><source srcset=\"https:\/\/www.fierbois.com\/wp-content\/uploads\/2025\/05\/AdobeStock_559617104-1024x682.webp\" media=\"(max-width: 1024px)\"><source srcset=\"https:\/\/www.fierbois.com\/wp-content\/uploads\/2025\/05\/AdobeStock_559617104.webp\" media=\"(min-width: 1025px)\"><img decoding=\"async\" src=\"https:\/\/www.fierbois.com\/wp-content\/uploads\/2025\/05\/AdobeStock_559617104-420x280.webp\" width=\"420\" height=\"210\" loading=\"lazy\" alt=\"\" title=\"\"><\/picture><\/figure><\/div><\/div><\/div><p  style=\"text-align: center;\"  >For an unusual experience in the trees, we offer accommodation in a tree house. We also offer comfortable mobile-home rentals in various ranges, wooden chalets for family holidays, as well as apartments and vacation homes. Whatever your choice of accommodation, you can be sure that our campsite in Centre Val de Loire makes no compromises on quality. What&#8217;s more, our teams are attentive to your comfort and offer a wide range of services, making Parc de Fierbois your ideal campsite for a vacation in the Loire castles.   <\/p><h3 style=\"text-align: center;\">Swimming pools, lake and entertainment<\/h3><p  style=\"text-align: center;\"  >Our campsite has a triple aquatic area: three atmospheres to enjoy the pleasures of swimming! The large outdoor pool features a paddling pool, slides and a tropical pool. If the weather doesn&#8217;t cooperate, take a swim in the heated indoor pool, framed by transparent walls offering an incomparable view of the outside. The third area is at the very heart of nature: a 7-hectare lake, with a sandy beach and water games to enjoy the pleasures of the water. Our campsite in the Ch\u00e2teaux de la Loire region offers a wide range of activities, thanks in particular to our 100 hectares of forest. Walks, adventure courses, laser games&#8230; The 100% natural leisure activities at Parc de Fierbois will be a highlight of your vacation. In the evening, the warm atmosphere of our campsite leads to friendly entertainment, with shows and games for all.      <\/p><div class=\"columns reverse-mob\"><div class=\"columns__item\"><div class=\"gallery f-carousel fc-diapo-mob\" data-fancybox=\"gallery-mob\"><figure class=\"gallery__item\"><picture><source srcset=\"https:\/\/www.fierbois.com\/wp-content\/uploads\/2025\/05\/AdobeStock_623862413-420x280.webp\" media=\"(max-width: 210px)\"><source srcset=\"https:\/\/www.fierbois.com\/wp-content\/uploads\/2025\/05\/AdobeStock_623862413-850x566.webp\" media=\"(max-width: 420px)\"><source srcset=\"https:\/\/www.fierbois.com\/wp-content\/uploads\/2025\/05\/AdobeStock_623862413-768x512.webp\" media=\"(max-width: 850px)\"><source srcset=\"https:\/\/www.fierbois.com\/wp-content\/uploads\/2025\/05\/AdobeStock_623862413-1024x682.webp\" media=\"(max-width: 1024px)\"><source srcset=\"https:\/\/www.fierbois.com\/wp-content\/uploads\/2025\/05\/AdobeStock_623862413.webp\" media=\"(min-width: 1025px)\"><img decoding=\"async\" src=\"https:\/\/www.fierbois.com\/wp-content\/uploads\/2025\/05\/AdobeStock_623862413-420x280.webp\" width=\"420\" height=\"210\" loading=\"lazy\" alt=\"\" title=\"\"><\/picture><\/figure><\/div><\/div><div class=\"columns__item\" style=\"align-self:center;\"><p class=\"wording\" style=\"color: var(--vert);\"  >Choose between history and swimming<\/p><h2>Discover all the treasures of the Loire Valley on a camping holiday<\/h2><p    >While the banks of the Loire abound in historic monuments, they also have many other tourist attractions. Do you know Montlouis sur Loire? It&#8217;s one of the most beautiful villages in the Loire Valley, and only 15 km from our campsite!    <\/p><\/div><\/div><p  style=\"text-align: center;\"  >Nearby Beaulieu-l\u00e8s-Loches and Rochecorbon are also among the Petites Cit\u00e9s de Caract\u00e8re worth visiting. And don&#8217;t miss the emblematic cities of Tours, Saumur and Orl\u00e9ans: all boast a rich heritage that bears witness to the glorious past of a region prized by kings. <\/p><h3 style=\"text-align: center;\">Nature in the Loire Valley<\/h3><p  style=\"text-align: center;\"  >To discover the other assets of the Loire Valley, get on your bike! Cycling the Loire Valley is one of the best experiences you can have, especially on the 30-odd kilometers of greenway between Amboise and Tours, where you can enjoy superb panoramas of the river and spectacular views of castles and troglodyte villages. <\/p><p  style=\"text-align: center;\"  >Your vacation in the ch\u00e2teaux of the Loire Valley will also be an opportunity to go canoeing or kayaking on the Loire, or to go hiking: there are many paths around Villandry and Azay-le-Rideau, and you can even follow the GR3 for a long hike near the ch\u00e2teaux.<\/p><h3 style=\"text-align: center;\">Treasures from the plate to the wine glass!<\/h3><p  style=\"text-align: center;\"  >The region&#8217;s gastronomic delights await you: it&#8217;s no coincidence that Rabelais wrote Gargantua in his Touraine home! Goat&#8217;s cheese, tarte tatin and rillons are the stars of the plates. And what about the wines? The Loire Valley is a popular destination for wine tourism, with Chinon, Vouvray and AOP Saumur. There&#8217;s so much to discover on your vacation in the Loire ch\u00e2teaux!    <\/p>","protected":false},"excerpt":{"rendered":"<p>From perched hut to perched castle Camping for your vacation in the Loire castles What region has a more flamboyant past than the Loire Valley? Opting for a vacation in the Loire castles means visiting dozens of monuments, each more grandiose than the last. Our Parc de Fierbois campsite is the ideal place to combine [&hellip;]<\/p>\n","protected":false},"author":1,"featured_media":0,"parent":3579,"menu_order":0,"comment_status":"closed","ping_status":"closed","template":"","meta":{"_acf_changed":false,"footnotes":""},"lieu":[26],"acf":[],"_links":{"self":[{"href":"https:\/\/www.fierbois.com\/en\/wp-json\/wp\/v2\/pages\/3518"}],"collection":[{"href":"https:\/\/www.fierbois.com\/en\/wp-json\/wp\/v2\/pages"}],"about":[{"href":"https:\/\/www.fierbois.com\/en\/wp-json\/wp\/v2\/types\/page"}],"author":[{"embeddable":true,"href":"https:\/\/www.fierbois.com\/en\/wp-json\/wp\/v2\/users\/1"}],"replies":[{"embeddable":true,"href":"https:\/\/www.fierbois.com\/en\/wp-json\/wp\/v2\/comments?post=3518"}],"version-history":[{"count":1,"href":"https:\/\/www.fierbois.com\/en\/wp-json\/wp\/v2\/pages\/3518\/revisions"}],"predecessor-version":[{"id":3519,"href":"https:\/\/www.fierbois.com\/en\/wp-json\/wp\/v2\/pages\/3518\/revisions\/3519"}],"up":[{"embeddable":true,"href":"https:\/\/www.fierbois.com\/en\/wp-json\/wp\/v2\/pages\/3579"}],"wp:attachment":[{"href":"https:\/\/www.fierbois.com\/en\/wp-json\/wp\/v2\/media?parent=3518"}],"wp:term":[{"taxonomy":"lieu","embeddable":true,"href":"https:\/\/www.fierbois.com\/en\/wp-json\/wp\/v2\/lieu?post=3518"}],"curies":[{"name":"wp","href":"https:\/\/api.w.org\/{rel}","templated":true}]}}