{"id":3570,"date":"2025-04-03T14:53:48","date_gmt":"2025-04-03T12:53:48","guid":{"rendered":"https:\/\/www.fierbois.com\/bring-your-4-legged-friends\/"},"modified":"2026-04-09T11:39:48","modified_gmt":"2026-04-09T09:39:48","slug":"bring-your-4-legged-friends","status":"publish","type":"page","link":"https:\/\/www.fierbois.com\/en\/bring-your-4-legged-friends\/","title":{"rendered":"Bring your 4-legged friends"},"content":{"rendered":"<div class=\"diaporama-header align-full\"><div class=\"gallery\"><figure class=\"gallery__item\"><picture><source srcset=\"https:\/\/www.fierbois.com\/wp-content\/uploads\/2025\/04\/AdobeStock_313692438-420x280.webp\" media=\"(max-width: 210px)\"><source srcset=\"https:\/\/www.fierbois.com\/wp-content\/uploads\/2025\/04\/AdobeStock_313692438-850x568.webp\" media=\"(max-width: 420px)\"><source srcset=\"https:\/\/www.fierbois.com\/wp-content\/uploads\/2025\/04\/AdobeStock_313692438-768x513.webp\" media=\"(max-width: 850px)\"><source srcset=\"https:\/\/www.fierbois.com\/wp-content\/uploads\/2025\/04\/AdobeStock_313692438-1024x684.webp\" media=\"(max-width: 1024px)\"><source srcset=\"https:\/\/www.fierbois.com\/wp-content\/uploads\/2025\/04\/AdobeStock_313692438.webp\" media=\"(min-width: 1025px)\"><img loading=\"lazy\" decoding=\"async\" src=\"https:\/\/www.fierbois.com\/wp-content\/uploads\/2025\/04\/AdobeStock_313692438-420x280.webp\" width=\"420\" height=\"210\" alt=\"\" title=\"\"><\/picture><\/figure><\/div><div class=\"diaporama-header__inner\"><\/div><\/div><div class=\"columns reverse-mob\"><div class=\"columns__item\"><div class=\"gallery\"><figure class=\"gallery__item\"><picture><source srcset=\"https:\/\/www.fierbois.com\/wp-content\/uploads\/2025\/04\/AdobeStock_440157013-420x302.webp\" media=\"(max-width: 210px)\"><source srcset=\"https:\/\/www.fierbois.com\/wp-content\/uploads\/2025\/04\/AdobeStock_440157013-850x611.webp\" media=\"(max-width: 420px)\"><source srcset=\"https:\/\/www.fierbois.com\/wp-content\/uploads\/2025\/04\/AdobeStock_440157013-768x552.webp\" media=\"(max-width: 850px)\"><source srcset=\"https:\/\/www.fierbois.com\/wp-content\/uploads\/2025\/04\/AdobeStock_440157013-1024x736.webp\" media=\"(max-width: 1024px)\"><source srcset=\"https:\/\/www.fierbois.com\/wp-content\/uploads\/2025\/04\/AdobeStock_440157013.webp\" media=\"(min-width: 1025px)\"><img decoding=\"async\" src=\"https:\/\/www.fierbois.com\/wp-content\/uploads\/2025\/04\/AdobeStock_440157013-420x302.webp\" width=\"420\" height=\"210\" loading=\"lazy\" alt=\"\" title=\"\"><\/picture><figcaption>Smell our air<\/figcaption><\/figure><\/div><\/div><div class=\"columns__item\"><p class=\"wording\" style=\"color: var(--vert);\"  >Your pets are like family, they&#8217;re at home here.<\/p><h2>Don&#8217;t forget your doggies on vacation<\/h2><p   id=\"https:\/\/emmenetonchien.com\/\" >As proud owners of furry friends, we know what it&#8217;s like: going on holiday without your dog or cat just isn&#8217;t the same. And leaving with it is not always easy. Here, they will be welcomed as friends&#8230; on four legs.<br\/>We even have <a href=\"https:\/\/emmenetonchien.com\/equipe-emmenetonchien\/\" data-type=\"link\" data-id=\"https:\/\/emmenetonchien.com\/\" rel=\"noopener\">Qualidog <\/a>certification, the label dedicated to dog-friendly establishments!<br\/>Walks in nature, shady spots, shared moments&#8230; Parc de Fierbois is also their holiday destination.<\/p><\/div><\/div><div class=\"columns sec-10\"><div class=\"columns__item fade-down\"><p class=\"wording\" style=\"color: var(--vert);\"  >The right gestures for a stay in style<\/p><div class=\"gallery\"><figure class=\"gallery__item\"><picture><source srcset=\"https:\/\/www.fierbois.com\/wp-content\/uploads\/2025\/04\/AdobeStock_219815857-420x280.webp\" media=\"(max-width: 210px)\"><source srcset=\"https:\/\/www.fierbois.com\/wp-content\/uploads\/2025\/04\/AdobeStock_219815857-850x566.webp\" media=\"(max-width: 420px)\"><source srcset=\"https:\/\/www.fierbois.com\/wp-content\/uploads\/2025\/04\/AdobeStock_219815857-768x512.webp\" media=\"(max-width: 850px)\"><source srcset=\"https:\/\/www.fierbois.com\/wp-content\/uploads\/2025\/04\/AdobeStock_219815857-1024x682.webp\" media=\"(max-width: 1024px)\"><source srcset=\"https:\/\/www.fierbois.com\/wp-content\/uploads\/2025\/04\/AdobeStock_219815857.webp\" media=\"(min-width: 1025px)\"><img decoding=\"async\" src=\"https:\/\/www.fierbois.com\/wp-content\/uploads\/2025\/04\/AdobeStock_219815857-420x280.webp\" width=\"420\" height=\"210\" loading=\"lazy\" alt=\"\" title=\"\"><\/picture><figcaption>Anything goes<\/figcaption><\/figure><\/div><\/div><div class=\"columns__item fade-up reverse-mob\"><div class=\"gallery\"><figure class=\"gallery__item\"><picture><source srcset=\"https:\/\/www.fierbois.com\/wp-content\/uploads\/2025\/04\/AdobeStock_309598560-420x280.webp\" media=\"(max-width: 210px)\"><source srcset=\"https:\/\/www.fierbois.com\/wp-content\/uploads\/2025\/04\/AdobeStock_309598560-850x566.webp\" media=\"(max-width: 420px)\"><source srcset=\"https:\/\/www.fierbois.com\/wp-content\/uploads\/2025\/04\/AdobeStock_309598560-768x511.webp\" media=\"(max-width: 850px)\"><source srcset=\"https:\/\/www.fierbois.com\/wp-content\/uploads\/2025\/04\/AdobeStock_309598560-1024x682.webp\" media=\"(max-width: 1024px)\"><source srcset=\"https:\/\/www.fierbois.com\/wp-content\/uploads\/2025\/04\/AdobeStock_309598560.webp\" media=\"(min-width: 1025px)\"><img decoding=\"async\" src=\"https:\/\/www.fierbois.com\/wp-content\/uploads\/2025\/04\/AdobeStock_309598560-420x280.webp\" width=\"420\" height=\"210\" loading=\"lazy\" alt=\"\" title=\"\"><\/picture><figcaption>Doggy stay included<\/figcaption><\/figure><\/div><h2>A dog-friendly holiday<\/h2><p    >Pets are welcome! All you need is up-to-date vaccinations, a parasite treatment and a chip or tattoo to identify them. A small supplement is charged for mobile homes, but it&#8217;s free for pitches. Don&#8217;t leave your dog alone, and keep it on a leash when out and about, except in the woods, away from other holidaymakers: there, it&#8217;s total freedom! Dogs are not allowed in the swimming pool, but are welcome on the beach.      <\/p><\/div><\/div><div class=\"columns\"><div class=\"columns__item\"><p class=\"wording\" style=\"color: var(--vert);\"  >Go on an adventure with your partner<\/p><h2>We promise you four-legged holidays with zero hassle<\/h2><p    >Enjoy the magnificent ch\u00e2teaux of the Loire Valley, where most of the time your dog can explore the gardens with you. Some ch\u00e2teaux, such as Uss\u00e9 or Langeais, even allow you to take the whole tour together. For more information, consult your digital welcome booklet and set off on an adventure with your four-legged friend!  <\/p><\/div><div class=\"columns__item\"><div class=\"gallery\"><figure class=\"gallery__item\"><picture><source srcset=\"https:\/\/www.fierbois.com\/wp-content\/uploads\/2025\/04\/AdobeStock_1099645862-420x280.webp\" media=\"(max-width: 210px)\"><source srcset=\"https:\/\/www.fierbois.com\/wp-content\/uploads\/2025\/04\/AdobeStock_1099645862-850x566.webp\" media=\"(max-width: 420px)\"><source srcset=\"https:\/\/www.fierbois.com\/wp-content\/uploads\/2025\/04\/AdobeStock_1099645862-768x512.webp\" media=\"(max-width: 850px)\"><source srcset=\"https:\/\/www.fierbois.com\/wp-content\/uploads\/2025\/04\/AdobeStock_1099645862-1024x682.webp\" media=\"(max-width: 1024px)\"><source srcset=\"https:\/\/www.fierbois.com\/wp-content\/uploads\/2025\/04\/AdobeStock_1099645862.webp\" media=\"(min-width: 1025px)\"><img decoding=\"async\" src=\"https:\/\/www.fierbois.com\/wp-content\/uploads\/2025\/04\/AdobeStock_1099645862-420x280.webp\" width=\"420\" height=\"210\" loading=\"lazy\" alt=\"\" title=\"\"><\/picture><\/figure><\/div><\/div><\/div>","protected":false},"excerpt":{"rendered":"<p>Your pets are like family, they&#8217;re at home here. Don&#8217;t forget your doggies on vacation As proud owners of furry friends, we know what it&#8217;s like: going on holiday without your dog or cat just isn&#8217;t the same. And leaving with it is not always easy. Here, they will be welcomed as friends&#8230; on four [&hellip;]<\/p>\n","protected":false},"author":1,"featured_media":0,"parent":0,"menu_order":0,"comment_status":"open","ping_status":"open","template":"","meta":{"_acf_changed":false,"footnotes":""},"lieu":[],"acf":[],"_links":{"self":[{"href":"https:\/\/www.fierbois.com\/en\/wp-json\/wp\/v2\/pages\/3570"}],"collection":[{"href":"https:\/\/www.fierbois.com\/en\/wp-json\/wp\/v2\/pages"}],"about":[{"href":"https:\/\/www.fierbois.com\/en\/wp-json\/wp\/v2\/types\/page"}],"author":[{"embeddable":true,"href":"https:\/\/www.fierbois.com\/en\/wp-json\/wp\/v2\/users\/1"}],"replies":[{"embeddable":true,"href":"https:\/\/www.fierbois.com\/en\/wp-json\/wp\/v2\/comments?post=3570"}],"version-history":[{"count":3,"href":"https:\/\/www.fierbois.com\/en\/wp-json\/wp\/v2\/pages\/3570\/revisions"}],"predecessor-version":[{"id":4883,"href":"https:\/\/www.fierbois.com\/en\/wp-json\/wp\/v2\/pages\/3570\/revisions\/4883"}],"wp:attachment":[{"href":"https:\/\/www.fierbois.com\/en\/wp-json\/wp\/v2\/media?parent=3570"}],"wp:term":[{"taxonomy":"lieu","embeddable":true,"href":"https:\/\/www.fierbois.com\/en\/wp-json\/wp\/v2\/lieu?post=3570"}],"curies":[{"name":"wp","href":"https:\/\/api.w.org\/{rel}","templated":true}]}}