{"id":3294,"date":"2025-04-03T14:53:51","date_gmt":"2025-04-03T12:53:51","guid":{"rendered":"https:\/\/www.fierbois.com\/camping-la-pinede\/"},"modified":"2025-12-08T16:46:24","modified_gmt":"2025-12-08T15:46:24","slug":"camping-la-pinede","status":"publish","type":"page","link":"https:\/\/www.fierbois.com\/nl\/camping-la-pinede\/","title":{"rendered":"Camping La Pin\u00e8de"},"content":{"rendered":"<div class=\"columns sec-10\"><div class=\"columns__item fade-down\"><h1 class=\"wording\" style=\"color: var(--vert);\">Camping La Pin\u00e8de<\/h1><div class=\"gallery\"><figure class=\"gallery__item\"><picture><source srcset=\"https:\/\/www.fierbois.com\/wp-content\/uploads\/2025\/08\/sejour-activites-4-420x236.webp\" media=\"(max-width: 210px)\"><source srcset=\"https:\/\/www.fierbois.com\/wp-content\/uploads\/2025\/08\/sejour-activites-4-850x478.webp\" media=\"(max-width: 420px)\"><source srcset=\"https:\/\/www.fierbois.com\/wp-content\/uploads\/2025\/08\/sejour-activites-4-768x432.webp\" media=\"(max-width: 850px)\"><source srcset=\"https:\/\/www.fierbois.com\/wp-content\/uploads\/2025\/08\/sejour-activites-4-1024x576.webp\" media=\"(max-width: 1024px)\"><source srcset=\"https:\/\/www.fierbois.com\/wp-content\/uploads\/2025\/08\/sejour-activites-4.webp\" media=\"(min-width: 1025px)\"><img decoding=\"async\" src=\"https:\/\/www.fierbois.com\/wp-content\/uploads\/2025\/08\/sejour-activites-4-420x236.webp\" width=\"420\" height=\"210\" loading=\"lazy\" alt=\"\" title=\"\"><\/picture><\/figure><\/div><\/div><div class=\"columns__item fade-up reverse-mob\"><div class=\"gallery\"><figure class=\"gallery__item\"><picture><source srcset=\"https:\/\/www.fierbois.com\/wp-content\/uploads\/2025\/05\/AdobeStock_299210721-420x236.webp\" media=\"(max-width: 210px)\"><source srcset=\"https:\/\/www.fierbois.com\/wp-content\/uploads\/2025\/05\/AdobeStock_299210721-850x478.webp\" media=\"(max-width: 420px)\"><source srcset=\"https:\/\/www.fierbois.com\/wp-content\/uploads\/2025\/05\/AdobeStock_299210721-768x432.webp\" media=\"(max-width: 850px)\"><source srcset=\"https:\/\/www.fierbois.com\/wp-content\/uploads\/2025\/05\/AdobeStock_299210721-1024x576.webp\" media=\"(max-width: 1024px)\"><source srcset=\"https:\/\/www.fierbois.com\/wp-content\/uploads\/2025\/05\/AdobeStock_299210721.webp\" media=\"(min-width: 1025px)\"><img decoding=\"async\" src=\"https:\/\/www.fierbois.com\/wp-content\/uploads\/2025\/05\/AdobeStock_299210721-420x236.webp\" width=\"420\" height=\"210\" loading=\"lazy\" alt=\"\" title=\"\"><\/picture><\/figure><\/div><p    >AZAY LE RIDEAU (25 km)<\/p><p   id=\"1581\" >Ten zuidwesten van Tours belichaamt het <strong>Ch\u00e2teau d&#8217;Azay-le-Rideau<\/strong> de elegantie van de Franse renaissance. Dit opmerkelijke gebouw is waarschijnlijk een van de beroemdste <a href=\"https:\/\/www.fierbois.com\/val-de-loire\/circuit-chateaux-de-la-loire\/\" data-type=\"cocon-seo\" data-id=\"1581\">kastelen aan de Loire<\/a>. Het biedt een onvergetelijke duik in de Franse geschiedenis.  <\/p><p   id=\"73\" >Verblijf in Parc de Fierbois, een <a href=\"https:\/\/www.fierbois.com\/nl\/\" data-type=\"page\" data-id=\"73\">5-sterren camping in Indre-et-Loire<\/a>, en ontdek dit architectonische hoogstandje en de andere emblematische kastelen van de Loire.<\/p><\/div><\/div><h2 class=\"wording\" style=\"text-align: center;color: var(--dore);\">Bezoek de kastelen van de Loire-vallei, een onderdompeling <span class=\"fc-span\">in het historische erfgoed van Frankrijk<\/span><\/h2><p  style=\"text-align: center;\" id=\"1590\" >De <a href=\"https:\/\/www.fierbois.com\/val-de-loire\/tourisme-val-de-loire\/\" data-type=\"cocon-seo\" data-id=\"1590\">Loirevallei<\/a> is een streek met een rijke geschiedenis en beroemd om zijn Loirekastelen. Deze gebouwen zijn een ware onderdompeling in het historische erfgoed van Frankrijk en getuigen van de evolutie van de architectuur en de kunst door de eeuwen heen. Ze getuigen van verschillende eeuwen geschiedenis, <strong>van de Middeleeuwen tot de 19e eeuw<\/strong>. Hun bouw en ontwikkeling zijn nauw verbonden met de geschiedenis van de <g id=\"gid_2\">koningen van Frankrijk<\/g> en de Franse<g id=\"gid_3\"> adel <\/g>. De kastelen van de Loire zijn het decor geweest van vele historische gebeurtenissen, van de ontwikkeling van de Franse Renaissance tot de intriges aan het hof van de koningen.    <\/p><div class=\"lireplus fc-desk\"><p class=\"center\" style=\"text-align: center;\"  >Meer lezen<\/p><div class=\"group\"><p  style=\"text-align: center;\"  >De architectuur van deze kastelen weerspiegelt ook de artistieke en culturele invloeden van elk tijdperk. Bijvoorbeeld de<strong>elegantie van de Renaissance<\/strong>, de grandeur van het Classicisme en de romantiek van de 19e eeuw. Elk kasteel heeft zijn eigen persoonlijkheid, zijn eigen charme, een weerspiegeling van het tijdperk en de mensen die het gevormd hebben. Een <strong>bezoek aan de kastelen van de Loirevallei<\/strong> is een verrijkende ervaring die je helpt de grootsheid en complexiteit van <strong>de Franse geschiedenis<\/strong> te begrijpen. Het biedt ook de mogelijkheid om kunstwerken, weelderige tuinen en adembenemende landschappen te bewonderen. Of u nu een geschiedenisfanaat bent, een architectuurliefhebber of gewoon een reiziger op zoek naar schoonheid en ontdekking, de kastelen van de Loire zijn een must tijdens uw <strong>verblijf op de 5-sterren camping Parc de Fierbois<\/strong>.     <\/p><\/div><\/div><h2 class=\"wording\" style=\"text-align: center;color: var(--vert);\">Het Ch\u00e2teau d&#8217;Azay-le-Rideau, een<span class=\"fc-span\"> juweel van de Renaissance<\/span><\/h2><p  style=\"text-align: center;\"  >Het <a href=\"https:\/\/www.azay-le-rideau.fr\/\" target=\"_blank\" rel=\"noreferrer noopener\">Ch\u00e2teau d&#8217;Azay-le-Rideau<\/a>, door de schrijver Honor\u00e9 de Balzac beschreven als &#8220;een gefacetteerde diamant in de Indre&#8221;, is echt een architectonisch juweeltje van de Franse Renaissance. Het werd gebouwd tijdens het bewind van Fran\u00e7ois I door Gilles Berthelot en staat op een klein eiland in de Indre. Het Ch\u00e2teau d&#8217;Azay le Rideau onderscheidt zich door de subtiele mix van Franse tradities en innovatief decor uit Itali\u00eb.  <\/p><div class=\"lireplus fc-desk\"><p class=\"center\" style=\"text-align: center;\"  >Meer lezen<\/p><div class=\"group\"><p  style=\"text-align: center;\"  >Hoewel de twee vleugels in de 16e eeuw werden gebouwd, kreeg het kasteel pas in de 19e eeuw de vorm die we nu kennen en illustreert het ook de 19e-eeuwse smaak voor renaissancekunst. Het landschapsterrein, ontworpen in de 19e eeuw, omringt het kasteel en is ideaal voor een wandeling. Naast Ch\u00e2teau d&#8217;Azay-le-Rideau zijn er nog andere kastelen van de Loire-vallei te ontdekken in de buurt, in het bijzonder Chambord en Chenonceau, die tot de meest opmerkelijke behoren.  <\/p><\/div><\/div><h2 class=\"wording\" style=\"text-align: center;color: var(--dore);\">Logeren op een camping <span class=\"fc-span\">in Azay le Rideau<\/span><\/h2><p  style=\"text-align: center;\" id=\"402\" >Le Parc de Fierbois, een 5-sterrencamping in Indre-et-Loire, is de ideale plek om het Ch\u00e2teau d&#8217;Azay-le-Rideau te ontdekken. In de buurt van <strong>Tours<\/strong> ligt deze camping in <strong>100 hectare beschermde natuur<\/strong>, omringd door een meer en een uitgestrekt bos. Het Parc de Fierbois biedt een <a href=\"https:\/\/www.fierbois.com\/nl\/stacaravans\/\" data-type=\"page\" data-id=\"402\">ruime keuze aan accommodaties<\/a>; bezoekers kunnen kiezen uit <strong>stacaravans of chalets<\/strong>, een appartement of zelfs een vakantiehuis voor 2 tot 10 personen. Voor wie op zoek is naar avontuur en originaliteit zijn er atypische accommodaties zoals <strong>boomhutten<\/strong> en lodges. De camping heeft ook 130 comfortabele <strong>kampeerplaatsen<\/strong> voor tenten, caravans en campers.    <\/p><div class=\"lireplus fc-desk\"><p class=\"center\" style=\"text-align: center;\"  >Meer lezen<\/p><div class=\"group\"><p  style=\"text-align: center;\" id=\"406\" >Er wordt een breed scala aan <a href=\"https:\/\/www.fierbois.com\/nl\/uit-eten\/\" data-type=\"page\" data-id=\"406\">diensten<\/a> aangeboden, waaronder een restaurant, pizzeria, winkel, bar, wasserettes en een gevarieerd<a href=\"https:\/\/www.fierbois.com\/val-de-loire\/activites-en-val-de-loire\/\" data-type=\"cocon-seo\" data-id=\"1579\">activiteiten- en entertainmentprogramma<\/a> voor alle leeftijden. Bezoekers kunnen genieten van een <a href=\"https:\/\/www.fierbois.com\/nl\/het-aquatische-gebied\/\" data-type=\"page\" data-id=\"416\">zwemparadijs met glijbanen<\/a>, een verwarmd zwembad, een groot meer met waterspellen, minigolf, een multisportterrein en vele andere topfaciliteiten. Een verblijf op camping Parc de Fierbois is de gelegenheid om te genieten van een unieke ervaring midden in de natuur en tegelijkertijd het culturele en historische erfgoed van de kastelenstreek van de Loire te ontdekken. Te bezoeken in de omgeving van Chambord en de camping: <a href=\"https:\/\/www.fierbois.com\/val-de-loire\/visiter-tours\/\" data-type=\"cocon-seo\" data-id=\"1601\">Tours<\/a>, <a href=\"https:\/\/www.fierbois.com\/nl\/ontdek-de-lokale-cultuur-en-producten\/villandry\/\" data-type=\"page\" data-id=\"1298\">Villandry<\/a>, <a href=\"https:\/\/www.fierbois.com\/nl\/ontdek-de-lokale-cultuur-en-producten\/loches\/\" data-type=\"page\" data-id=\"1260\">Loches<\/a>, <a href=\"https:\/\/www.fierbois.com\/nl\/ontdek-de-lokale-cultuur-en-producten\/chinon\/\" data-type=\"page\" data-id=\"1222\">Chinon<\/a>, <a href=\"https:\/\/www.fierbois.com\/nl\/ontdek-de-lokale-cultuur-en-producten\/amboise\/\" data-type=\"page\" data-id=\"1170\">Amboise<\/a>, <a href=\"https:\/\/www.fierbois.com\/nl\/ontdek-de-lokale-cultuur-en-producten\/chenonceaux\/\" data-type=\"page\" data-id=\"1202\">Chenonceau<\/a>, <a href=\"https:\/\/www.fierbois.com\/nl\/verwonderen\/dierentuin-beauval\/\" data-type=\"page\" data-id=\"1443\">dierentuin van Beauval<\/a>, <a href=\"https:\/\/www.fierbois.com\/nl\/ontdek-de-lokale-cultuur-en-producten\/langeais\/\" data-type=\"page\" data-id=\"1241\">Langeais<\/a>, <a href=\"https:\/\/www.fierbois.com\/nl\/camping-dichtbij-chambord\/\" data-type=\"page\" data-id=\"424\">Chambord<\/a>.   <\/p><\/div><\/div>","protected":false},"excerpt":{"rendered":"<p>Camping La Pin\u00e8de AZAY LE RIDEAU (25 km) Ten zuidwesten van Tours belichaamt het Ch\u00e2teau d&#8217;Azay-le-Rideau de elegantie van de Franse renaissance. Dit opmerkelijke gebouw is waarschijnlijk een van de beroemdste kastelen aan de Loire. Het biedt een onvergetelijke duik in de Franse geschiedenis. Verblijf in Parc de Fierbois, een 5-sterren camping in Indre-et-Loire, en [&hellip;]<\/p>\n","protected":false},"author":1,"featured_media":0,"parent":0,"menu_order":0,"comment_status":"open","ping_status":"open","template":"","meta":{"_acf_changed":false,"footnotes":""},"lieu":[],"acf":[],"_links":{"self":[{"href":"https:\/\/www.fierbois.com\/nl\/wp-json\/wp\/v2\/pages\/3294"}],"collection":[{"href":"https:\/\/www.fierbois.com\/nl\/wp-json\/wp\/v2\/pages"}],"about":[{"href":"https:\/\/www.fierbois.com\/nl\/wp-json\/wp\/v2\/types\/page"}],"author":[{"embeddable":true,"href":"https:\/\/www.fierbois.com\/nl\/wp-json\/wp\/v2\/users\/1"}],"replies":[{"embeddable":true,"href":"https:\/\/www.fierbois.com\/nl\/wp-json\/wp\/v2\/comments?post=3294"}],"version-history":[{"count":2,"href":"https:\/\/www.fierbois.com\/nl\/wp-json\/wp\/v2\/pages\/3294\/revisions"}],"predecessor-version":[{"id":4176,"href":"https:\/\/www.fierbois.com\/nl\/wp-json\/wp\/v2\/pages\/3294\/revisions\/4176"}],"wp:attachment":[{"href":"https:\/\/www.fierbois.com\/nl\/wp-json\/wp\/v2\/media?parent=3294"}],"wp:term":[{"taxonomy":"lieu","embeddable":true,"href":"https:\/\/www.fierbois.com\/nl\/wp-json\/wp\/v2\/lieu?post=3294"}],"curies":[{"name":"wp","href":"https:\/\/api.w.org\/{rel}","templated":true}]}}