{"id":3472,"date":"2025-05-20T15:58:24","date_gmt":"2025-05-20T13:58:24","guid":{"rendered":"https:\/\/www.fierbois.com\/amboise\/"},"modified":"2025-12-01T12:21:36","modified_gmt":"2025-12-01T11:21:36","slug":"amboise","status":"publish","type":"page","link":"https:\/\/www.fierbois.com\/nl\/ontdek-de-lokale-cultuur-en-producten\/amboise\/","title":{"rendered":"Amboise"},"content":{"rendered":"<div class=\"diaporama-header align-full\"><div class=\"gallery\"><figure class=\"gallery__item\"><picture><source srcset=\"https:\/\/www.fierbois.com\/wp-content\/uploads\/2025\/05\/AdobeStock_264550071-420x315.webp\" media=\"(max-width: 210px)\"><source srcset=\"https:\/\/www.fierbois.com\/wp-content\/uploads\/2025\/05\/AdobeStock_264550071-850x637.webp\" media=\"(max-width: 420px)\"><source srcset=\"https:\/\/www.fierbois.com\/wp-content\/uploads\/2025\/05\/AdobeStock_264550071-768x576.webp\" media=\"(max-width: 850px)\"><source srcset=\"https:\/\/www.fierbois.com\/wp-content\/uploads\/2025\/05\/AdobeStock_264550071-1024x767.webp\" media=\"(max-width: 1024px)\"><source srcset=\"https:\/\/www.fierbois.com\/wp-content\/uploads\/2025\/05\/AdobeStock_264550071.webp\" media=\"(min-width: 1025px)\"><img loading=\"lazy\" decoding=\"async\" src=\"https:\/\/www.fierbois.com\/wp-content\/uploads\/2025\/05\/AdobeStock_264550071-420x315.webp\" width=\"420\" height=\"210\" alt=\"\" title=\"\"><\/picture><\/figure><\/div><div class=\"diaporama-header__inner\"><\/div><\/div><div class=\"columns\"><div class=\"columns__item\" style=\"align-self:center;\"><p class=\"wording\" style=\"color: var(--vert);\"  >Een weekend met Leonardo (da Vinci, niet minder)<\/p><h1 style=\"text-align: left;\">Camping Amboise<\/h1><p    >AMBOISE (43km)<\/p><p    >Vergeet niet om het mooie stadje Amboise, op 43 km van de camping, op uw lijst van uitstapjes in Indre et Loire te zetten, met het kasteel Clos Luc\u00e9, een beroemd Loirekasteel.<\/p><\/div><div class=\"columns__item\" style=\"align-self:flex-start;\"><div class=\"gallery f-carousel fc-diapo-mob\" data-fancybox=\"gallery-mob\"><figure class=\"gallery__item\"><picture><source srcset=\"https:\/\/www.fierbois.com\/wp-content\/uploads\/2025\/05\/AdobeStock_124628500-420x242.webp\" media=\"(max-width: 210px)\"><source srcset=\"https:\/\/www.fierbois.com\/wp-content\/uploads\/2025\/05\/AdobeStock_124628500-850x489.webp\" media=\"(max-width: 420px)\"><source srcset=\"https:\/\/www.fierbois.com\/wp-content\/uploads\/2025\/05\/AdobeStock_124628500-768x442.webp\" media=\"(max-width: 850px)\"><source srcset=\"https:\/\/www.fierbois.com\/wp-content\/uploads\/2025\/05\/AdobeStock_124628500-1024x589.webp\" media=\"(max-width: 1024px)\"><source srcset=\"https:\/\/www.fierbois.com\/wp-content\/uploads\/2025\/05\/AdobeStock_124628500.webp\" media=\"(min-width: 1025px)\"><img decoding=\"async\" src=\"https:\/\/www.fierbois.com\/wp-content\/uploads\/2025\/05\/AdobeStock_124628500-420x242.webp\" width=\"420\" height=\"210\" loading=\"lazy\" alt=\"\" title=\"\"><\/picture><\/figure><\/div><\/div><\/div><div class=\"columns reverse-mob\"><div class=\"columns__item\"><div class=\"gallery f-carousel fc-diapo-mob\" data-fancybox=\"gallery-mob\"><figure class=\"gallery__item\"><picture><source srcset=\"https:\/\/www.fierbois.com\/wp-content\/uploads\/2025\/05\/AdobeStock_182993431-420x315.webp\" media=\"(max-width: 210px)\"><source srcset=\"https:\/\/www.fierbois.com\/wp-content\/uploads\/2025\/05\/AdobeStock_182993431-850x637.webp\" media=\"(max-width: 420px)\"><source srcset=\"https:\/\/www.fierbois.com\/wp-content\/uploads\/2025\/05\/AdobeStock_182993431-768x575.webp\" media=\"(max-width: 850px)\"><source srcset=\"https:\/\/www.fierbois.com\/wp-content\/uploads\/2025\/05\/AdobeStock_182993431-1024x767.webp\" media=\"(max-width: 1024px)\"><source srcset=\"https:\/\/www.fierbois.com\/wp-content\/uploads\/2025\/05\/AdobeStock_182993431.webp\" media=\"(min-width: 1025px)\"><img decoding=\"async\" src=\"https:\/\/www.fierbois.com\/wp-content\/uploads\/2025\/05\/AdobeStock_182993431-420x315.webp\" width=\"420\" height=\"210\" loading=\"lazy\" alt=\"\" title=\"\"><\/picture><\/figure><\/div><\/div><div class=\"columns__item\" style=\"align-self:center;\"><p class=\"wording\" style=\"color: var(--vert);\"  >Koninklijke fietstocht naar Amboise<\/p><h2>Huur accommodaties in de omgeving van Amboise<\/h2><p    >Plant u een vakantie in de kastelen van de Loire? De 5-sterrencamping Parc de Fierbois in Indre-et-Loire verwelkomt je in een uitzonderlijke natuurlijke omgeving in de buurt van Blois en Amboise, Chaumont sur Loire en Ville aux Dames, aan de oever van het meer, in een beschermd gebied in het hart van de Loirevallei.   <\/p><\/div><\/div><p  style=\"text-align: center;\" id=\"gid_0\" >Het is algemeen bekend dat de Loirevallei de vallei der koningen is! Ons openluchthotel met waterglijbanen en verwarmd zwembad is de perfecte plek om het <g id=\"gid_0\">koninklijke kasteel van Amboise<\/g> te bezoeken en langs de Loire te fietsen. Wij bieden hoogwaardige, volledig ingerichte accommodaties (keuken, badkamer, terras, enz.) voor 2 tot 10 personen, op ongeveer 30 minuten van Amboise: stacaravans, chalets, g\u00eetes en boomhutten te huur.    <\/p><p  style=\"text-align: center;\"  >Op zoek naar een meer traditionele camping in Amboise? Laat je verleiden door onze kampeerplaatsen van meer dan 80 m\u00b2 voor tenten, caravans en campers. Toiletgebouwen met badkamers en toiletten zijn beschikbaar in de buurt. Of u nu een stacaravan huurt of een van onze kampeerplaatsen, u zult genieten van maximaal comfort tijdens uw verblijf in het park Val de Loire!   <\/p><div class=\"columns\"><div class=\"columns__item\" style=\"align-self:center;\"><p class=\"wording\" style=\"color: var(--vert);\"  >Kunst, geschiedenis en de zachte Loire-vallei<\/p><h2>Toerisme en bezienswaardigheden in Amboise<\/h2><p    >Naast het koninklijk kasteel, waar Leonardo da Vinci begraven ligt, zijn er verschillende goede redenen om op vakantie te gaan naar Amboise in de buurt van camping Castel Parc de Fierbois.<\/p><\/div><div class=\"columns__item\"><div class=\"gallery f-carousel fc-diapo-mob\" data-fancybox=\"gallery-mob\"><figure class=\"gallery__item\"><picture><source srcset=\"https:\/\/www.fierbois.com\/wp-content\/uploads\/2025\/05\/AdobeStock_67046133-420x280.webp\" media=\"(max-width: 210px)\"><source srcset=\"https:\/\/www.fierbois.com\/wp-content\/uploads\/2025\/05\/AdobeStock_67046133-850x566.webp\" media=\"(max-width: 420px)\"><source srcset=\"https:\/\/www.fierbois.com\/wp-content\/uploads\/2025\/05\/AdobeStock_67046133-768x512.webp\" media=\"(max-width: 850px)\"><source srcset=\"https:\/\/www.fierbois.com\/wp-content\/uploads\/2025\/05\/AdobeStock_67046133-1024x682.webp\" media=\"(max-width: 1024px)\"><source srcset=\"https:\/\/www.fierbois.com\/wp-content\/uploads\/2025\/05\/AdobeStock_67046133.webp\" media=\"(min-width: 1025px)\"><img decoding=\"async\" src=\"https:\/\/www.fierbois.com\/wp-content\/uploads\/2025\/05\/AdobeStock_67046133-420x280.webp\" width=\"420\" height=\"210\" loading=\"lazy\" alt=\"\" title=\"\"><\/picture><\/figure><\/div><\/div><\/div><p  style=\"text-align: center;\"  >Je kunt een bezoek brengen aan het Ch\u00e2teau du Clos Luc\u00e9 en het huis waarin de Italiaanse schilder tot het einde van zijn dagen woonde, het koninklijke landgoed van Ch\u00e2teau-Gaillard, de gotische kapel Saint-Hubert, de pagode van Chanteloup, de kerk Saint-Florentin en de kerk Saint-Denis. Als u met uw gezin het Park van de Vallei van de Loire verkent, vergeet dan niet Mini-Ch\u00e2teaux in uw activiteitenprogramma op te nemen, een park dat de mooiste kastelen van de Loire in miniatuur samenbrengt (van Chenonceau tot Chinon, via Blois en Amboise), evenals spelletjes voor kinderen.   <\/p><p  style=\"text-align: center;\"  >Als u op een camping in Amboise verblijft, kunt u de Loirevallei ook op de fiets bezoeken en genieten van een mooie tocht langs de kastelen van deze streek, die ooit de Vallei der Koningen was. Maak tijdens uw kampeervakantie in Amboise in het hart van de Loirevallei van de gelegenheid gebruik om Chaumont sur Loire, de Ville aux Dames en de dierentuin van Beauval te bezoeken. <\/p>","protected":false},"excerpt":{"rendered":"<p>Een weekend met Leonardo (da Vinci, niet minder) Camping Amboise AMBOISE (43km) Vergeet niet om het mooie stadje Amboise, op 43 km van de camping, op uw lijst van uitstapjes in Indre et Loire te zetten, met het kasteel Clos Luc\u00e9, een beroemd Loirekasteel. Koninklijke fietstocht naar Amboise Huur accommodaties in de omgeving van Amboise [&hellip;]<\/p>\n","protected":false},"author":1,"featured_media":0,"parent":3635,"menu_order":0,"comment_status":"closed","ping_status":"closed","template":"","meta":{"_acf_changed":false,"footnotes":""},"lieu":[24],"acf":[],"_links":{"self":[{"href":"https:\/\/www.fierbois.com\/nl\/wp-json\/wp\/v2\/pages\/3472"}],"collection":[{"href":"https:\/\/www.fierbois.com\/nl\/wp-json\/wp\/v2\/pages"}],"about":[{"href":"https:\/\/www.fierbois.com\/nl\/wp-json\/wp\/v2\/types\/page"}],"author":[{"embeddable":true,"href":"https:\/\/www.fierbois.com\/nl\/wp-json\/wp\/v2\/users\/1"}],"replies":[{"embeddable":true,"href":"https:\/\/www.fierbois.com\/nl\/wp-json\/wp\/v2\/comments?post=3472"}],"version-history":[{"count":1,"href":"https:\/\/www.fierbois.com\/nl\/wp-json\/wp\/v2\/pages\/3472\/revisions"}],"predecessor-version":[{"id":3473,"href":"https:\/\/www.fierbois.com\/nl\/wp-json\/wp\/v2\/pages\/3472\/revisions\/3473"}],"up":[{"embeddable":true,"href":"https:\/\/www.fierbois.com\/nl\/wp-json\/wp\/v2\/pages\/3635"}],"wp:attachment":[{"href":"https:\/\/www.fierbois.com\/nl\/wp-json\/wp\/v2\/media?parent=3472"}],"wp:term":[{"taxonomy":"lieu","embeddable":true,"href":"https:\/\/www.fierbois.com\/nl\/wp-json\/wp\/v2\/lieu?post=3472"}],"curies":[{"name":"wp","href":"https:\/\/api.w.org\/{rel}","templated":true}]}}