{"id":3483,"date":"2025-05-21T09:58:09","date_gmt":"2025-05-21T07:58:09","guid":{"rendered":"https:\/\/www.fierbois.com\/langeais\/"},"modified":"2025-12-01T12:21:36","modified_gmt":"2025-12-01T11:21:36","slug":"langeais","status":"publish","type":"page","link":"https:\/\/www.fierbois.com\/nl\/ontdek-de-lokale-cultuur-en-producten\/langeais\/","title":{"rendered":"Langeais"},"content":{"rendered":"<div class=\"diaporama-header align-full\"><div class=\"gallery\"><figure class=\"gallery__item\"><picture><source srcset=\"https:\/\/www.fierbois.com\/wp-content\/uploads\/2025\/05\/AdobeStock_322137958-420x280.webp\" media=\"(max-width: 210px)\"><source srcset=\"https:\/\/www.fierbois.com\/wp-content\/uploads\/2025\/05\/AdobeStock_322137958-850x567.webp\" media=\"(max-width: 420px)\"><source srcset=\"https:\/\/www.fierbois.com\/wp-content\/uploads\/2025\/05\/AdobeStock_322137958-768x512.webp\" media=\"(max-width: 850px)\"><source srcset=\"https:\/\/www.fierbois.com\/wp-content\/uploads\/2025\/05\/AdobeStock_322137958-1024x683.webp\" media=\"(max-width: 1024px)\"><source srcset=\"https:\/\/www.fierbois.com\/wp-content\/uploads\/2025\/05\/AdobeStock_322137958.webp\" media=\"(min-width: 1025px)\"><img loading=\"lazy\" decoding=\"async\" src=\"https:\/\/www.fierbois.com\/wp-content\/uploads\/2025\/05\/AdobeStock_322137958-420x280.webp\" width=\"420\" height=\"210\" alt=\"\" title=\"\"><\/picture><\/figure><\/div><div class=\"diaporama-header__inner\"><\/div><\/div><div class=\"columns\"><div class=\"columns__item\" style=\"align-self:center;\"><p class=\"wording\" style=\"color: var(--vert);\"  >Een brug, een koning, een koningin&#8230; en jij!<\/p><h1 style=\"text-align: left;\">Camping La Pin\u00e8de<\/h1><p    >LANGEAIS (45km)<\/p><p    >Langeais ligt op 45 km van de camping en herbergt een van de mooiste kastelen van de Loirevallei.<\/p><\/div><div class=\"columns__item\" style=\"align-self:flex-start;\"><div class=\"gallery f-carousel fc-diapo-mob\" data-fancybox=\"gallery-mob\"><figure class=\"gallery__item\"><picture><source srcset=\"https:\/\/www.fierbois.com\/wp-content\/uploads\/2025\/05\/AdobeStock_198289486-420x280.webp\" media=\"(max-width: 210px)\"><source srcset=\"https:\/\/www.fierbois.com\/wp-content\/uploads\/2025\/05\/AdobeStock_198289486-850x566.webp\" media=\"(max-width: 420px)\"><source srcset=\"https:\/\/www.fierbois.com\/wp-content\/uploads\/2025\/05\/AdobeStock_198289486-768x512.webp\" media=\"(max-width: 850px)\"><source srcset=\"https:\/\/www.fierbois.com\/wp-content\/uploads\/2025\/05\/AdobeStock_198289486-1024x682.webp\" media=\"(max-width: 1024px)\"><source srcset=\"https:\/\/www.fierbois.com\/wp-content\/uploads\/2025\/05\/AdobeStock_198289486.webp\" media=\"(min-width: 1025px)\"><img decoding=\"async\" src=\"https:\/\/www.fierbois.com\/wp-content\/uploads\/2025\/05\/AdobeStock_198289486-420x280.webp\" width=\"420\" height=\"210\" loading=\"lazy\" alt=\"\" title=\"\"><\/picture><\/figure><\/div><\/div><\/div><div class=\"columns reverse-mob\"><div class=\"columns__item\"><div class=\"gallery f-carousel fc-diapo-mob\" data-fancybox=\"gallery-mob\"><figure class=\"gallery__item\"><picture><source srcset=\"https:\/\/www.fierbois.com\/wp-content\/uploads\/2025\/05\/AdobeStock_233560556-420x315.webp\" media=\"(max-width: 210px)\"><source srcset=\"https:\/\/www.fierbois.com\/wp-content\/uploads\/2025\/05\/AdobeStock_233560556-850x637.webp\" media=\"(max-width: 420px)\"><source srcset=\"https:\/\/www.fierbois.com\/wp-content\/uploads\/2025\/05\/AdobeStock_233560556-768x575.webp\" media=\"(max-width: 850px)\"><source srcset=\"https:\/\/www.fierbois.com\/wp-content\/uploads\/2025\/05\/AdobeStock_233560556-1024x767.webp\" media=\"(max-width: 1024px)\"><source srcset=\"https:\/\/www.fierbois.com\/wp-content\/uploads\/2025\/05\/AdobeStock_233560556.webp\" media=\"(min-width: 1025px)\"><img decoding=\"async\" src=\"https:\/\/www.fierbois.com\/wp-content\/uploads\/2025\/05\/AdobeStock_233560556-420x315.webp\" width=\"420\" height=\"210\" loading=\"lazy\" alt=\"\" title=\"\"><\/picture><\/figure><\/div><\/div><div class=\"columns__item\" style=\"align-self:center;\"><p class=\"wording\" style=\"color: var(--vert);\"  >In Langeais kun je terug in de tijd stappen zonder je te haasten<\/p><h2>Huur accommodaties in de buurt van Langeais<\/h2><p    >Reserveer uw luxe stacaravan of prestige chalet voor 2 tot 6 personen op <strong>camping Castel <\/strong>Parc de Fierbois, op slechts 30 minuten rijden van het Ch\u00e2teau de Langeais!<\/p><\/div><\/div><p  style=\"text-align: center;\"  >Onze 5-sterren camping in Indre-et-Loire met verwarmd zwembad en sportfaciliteiten biedt volledig ingerichte stacaravans en chalets met ingerichte keukens en priv\u00e9terrassen voor een comfortabele vakantie in de buurt van de mooiste kastelen in de Loirevallei. Onze verhuurvloot bevat ook g\u00eetes voor 2 tot 10 personen, boomhutten voor 2 tot 4 personen en staanplaatsen voor tenten, caravans en campers met elektriciteit. <\/p><div class=\"columns\"><div class=\"columns__item\" style=\"align-self:center;\"><p class=\"wording\" style=\"color: var(--vert);\"  >Een koninklijke rondleiding op een steenworp afstand van de hangmat<\/p><h2>Toerisme en bezienswaardigheden in Langeais<\/h2><p    >Op vakantie in de kastelen van de Loire zullen liefhebbers van het lokale erfgoed hun verwachtingen in vervulling zien gaan in de buurt van de camping in Langeais. Hun bezoek begint onvermijdelijk met het kasteel, een prachtig koninklijk fort uit 1465 dat uitkijkt over de stad en de Loire.   <\/p><\/div><div class=\"columns__item\"><div class=\"gallery f-carousel fc-diapo-mob\" data-fancybox=\"gallery-mob\"><figure class=\"gallery__item\"><picture><source srcset=\"https:\/\/www.fierbois.com\/wp-content\/uploads\/2025\/05\/AdobeStock_205377576-420x280.webp\" media=\"(max-width: 210px)\"><source srcset=\"https:\/\/www.fierbois.com\/wp-content\/uploads\/2025\/05\/AdobeStock_205377576-850x566.webp\" media=\"(max-width: 420px)\"><source srcset=\"https:\/\/www.fierbois.com\/wp-content\/uploads\/2025\/05\/AdobeStock_205377576-768x512.webp\" media=\"(max-width: 850px)\"><source srcset=\"https:\/\/www.fierbois.com\/wp-content\/uploads\/2025\/05\/AdobeStock_205377576-1024x682.webp\" media=\"(max-width: 1024px)\"><source srcset=\"https:\/\/www.fierbois.com\/wp-content\/uploads\/2025\/05\/AdobeStock_205377576.webp\" media=\"(min-width: 1025px)\"><img decoding=\"async\" src=\"https:\/\/www.fierbois.com\/wp-content\/uploads\/2025\/05\/AdobeStock_205377576-420x280.webp\" width=\"420\" height=\"210\" loading=\"lazy\" alt=\"\" title=\"\"><\/picture><\/figure><\/div><\/div><\/div><p  style=\"text-align: center;\"  >Het kasteel van Langeais kreeg al zijn pracht en praal terug onder Richard Leeuwenhart en zag Karel VIII trouwen met Anne van Bretagne. Het herbergt zo&#8217;n vijftien kamers die open zijn voor het publiek, met prachtig antiek meubilair en prachtige wandtapijten. De Pont de Langeais en de kerk Saint-Jean-Baptiste zijn de andere twee grote bezienswaardigheden in Langeais.  <\/p><p  style=\"text-align: center;\"  >Profiteer van uw vakantie in Langeais om de Pile de Cinq-Mars, de Grottes P\u00e9trifiantes de Savonni\u00e8res, het Ch\u00e2teau de Champchevrier en het Mus\u00e9e des Trains Miniatures in Savign\u00e9-sur-Lathan te ontdekken. Tijdens uw kampeervakantie in Amboise in het hart van de Loirevallei kunt u ook Chaumont sur Loire, La Ville aux Dames en de dierentuin van Beauval bezoeken. <\/p>","protected":false},"excerpt":{"rendered":"<p>Een brug, een koning, een koningin&#8230; en jij! Camping La Pin\u00e8de LANGEAIS (45km) Langeais ligt op 45 km van de camping en herbergt een van de mooiste kastelen van de Loirevallei. In Langeais kun je terug in de tijd stappen zonder je te haasten Huur accommodaties in de buurt van Langeais Reserveer uw luxe stacaravan [&hellip;]<\/p>\n","protected":false},"author":1,"featured_media":0,"parent":3635,"menu_order":0,"comment_status":"closed","ping_status":"closed","template":"","meta":{"_acf_changed":false,"footnotes":""},"lieu":[24],"acf":[],"_links":{"self":[{"href":"https:\/\/www.fierbois.com\/nl\/wp-json\/wp\/v2\/pages\/3483"}],"collection":[{"href":"https:\/\/www.fierbois.com\/nl\/wp-json\/wp\/v2\/pages"}],"about":[{"href":"https:\/\/www.fierbois.com\/nl\/wp-json\/wp\/v2\/types\/page"}],"author":[{"embeddable":true,"href":"https:\/\/www.fierbois.com\/nl\/wp-json\/wp\/v2\/users\/1"}],"replies":[{"embeddable":true,"href":"https:\/\/www.fierbois.com\/nl\/wp-json\/wp\/v2\/comments?post=3483"}],"version-history":[{"count":1,"href":"https:\/\/www.fierbois.com\/nl\/wp-json\/wp\/v2\/pages\/3483\/revisions"}],"predecessor-version":[{"id":3484,"href":"https:\/\/www.fierbois.com\/nl\/wp-json\/wp\/v2\/pages\/3483\/revisions\/3484"}],"up":[{"embeddable":true,"href":"https:\/\/www.fierbois.com\/nl\/wp-json\/wp\/v2\/pages\/3635"}],"wp:attachment":[{"href":"https:\/\/www.fierbois.com\/nl\/wp-json\/wp\/v2\/media?parent=3483"}],"wp:term":[{"taxonomy":"lieu","embeddable":true,"href":"https:\/\/www.fierbois.com\/nl\/wp-json\/wp\/v2\/lieu?post=3483"}],"curies":[{"name":"wp","href":"https:\/\/api.w.org\/{rel}","templated":true}]}}