{"id":3491,"date":"2025-05-21T09:49:58","date_gmt":"2025-05-21T07:49:58","guid":{"rendered":"https:\/\/www.fierbois.com\/chinon\/"},"modified":"2025-12-01T12:21:36","modified_gmt":"2025-12-01T11:21:36","slug":"chinon","status":"publish","type":"page","link":"https:\/\/www.fierbois.com\/nl\/ontdek-de-lokale-cultuur-en-producten\/chinon\/","title":{"rendered":"Chinon"},"content":{"rendered":"<div class=\"diaporama-header align-full\"><div class=\"gallery\"><figure class=\"gallery__item\"><picture><source srcset=\"https:\/\/www.fierbois.com\/wp-content\/uploads\/2025\/05\/AdobeStock_167892328-1-420x236.webp\" media=\"(max-width: 210px)\"><source srcset=\"https:\/\/www.fierbois.com\/wp-content\/uploads\/2025\/05\/AdobeStock_167892328-1-850x477.webp\" media=\"(max-width: 420px)\"><source srcset=\"https:\/\/www.fierbois.com\/wp-content\/uploads\/2025\/05\/AdobeStock_167892328-1-768x431.webp\" media=\"(max-width: 850px)\"><source srcset=\"https:\/\/www.fierbois.com\/wp-content\/uploads\/2025\/05\/AdobeStock_167892328-1-1024x575.webp\" media=\"(max-width: 1024px)\"><source srcset=\"https:\/\/www.fierbois.com\/wp-content\/uploads\/2025\/05\/AdobeStock_167892328-1.webp\" media=\"(min-width: 1025px)\"><img loading=\"lazy\" decoding=\"async\" src=\"https:\/\/www.fierbois.com\/wp-content\/uploads\/2025\/05\/AdobeStock_167892328-1-420x236.webp\" width=\"420\" height=\"210\" alt=\"\" title=\"\"><\/picture><\/figure><\/div><div class=\"diaporama-header__inner\"><\/div><\/div><div class=\"columns\"><div class=\"columns__item\" style=\"align-self:center;\"><p class=\"wording\" style=\"color: var(--vert);\"  >Geschiedenis, steen en druivenrassen in Chinon<\/p><h1 style=\"text-align: left;\">Camping Chinon<\/h1><p    >CHINON (35km)<\/p><p    >Toerisme in Indre-et-Loire betekent onvermijdelijk een bezoek aan de stad Chinon en het koninklijk fort, een van de mooiste kastelen aan de Loire. Deze geklasseerde stad is een niet te missen bestemming in de Loirevallei. <\/p><\/div><div class=\"columns__item\" style=\"align-self:flex-start;\"><div class=\"gallery f-carousel fc-diapo-mob\" data-fancybox=\"gallery-mob\"><figure class=\"gallery__item\"><picture><source srcset=\"https:\/\/www.fierbois.com\/wp-content\/uploads\/2025\/05\/AdobeStock_55581458-420x279.webp\" media=\"(max-width: 210px)\"><source srcset=\"https:\/\/www.fierbois.com\/wp-content\/uploads\/2025\/05\/AdobeStock_55581458-850x564.webp\" media=\"(max-width: 420px)\"><source srcset=\"https:\/\/www.fierbois.com\/wp-content\/uploads\/2025\/05\/AdobeStock_55581458-768x510.webp\" media=\"(max-width: 850px)\"><source srcset=\"https:\/\/www.fierbois.com\/wp-content\/uploads\/2025\/05\/AdobeStock_55581458-1024x680.webp\" media=\"(max-width: 1024px)\"><source srcset=\"https:\/\/www.fierbois.com\/wp-content\/uploads\/2025\/05\/AdobeStock_55581458.webp\" media=\"(min-width: 1025px)\"><img decoding=\"async\" src=\"https:\/\/www.fierbois.com\/wp-content\/uploads\/2025\/05\/AdobeStock_55581458-420x279.webp\" width=\"420\" height=\"210\" loading=\"lazy\" alt=\"\" title=\"\"><\/picture><\/figure><\/div><\/div><\/div><div class=\"columns reverse-mob\"><div class=\"columns__item\"><div class=\"gallery f-carousel fc-diapo-mob\" data-fancybox=\"gallery-mob\"><figure class=\"gallery__item\"><picture><source srcset=\"https:\/\/www.fierbois.com\/wp-content\/uploads\/2025\/05\/AdobeStock_549037224-420x211.webp\" media=\"(max-width: 210px)\"><source srcset=\"https:\/\/www.fierbois.com\/wp-content\/uploads\/2025\/05\/AdobeStock_549037224-850x428.webp\" media=\"(max-width: 420px)\"><source srcset=\"https:\/\/www.fierbois.com\/wp-content\/uploads\/2025\/05\/AdobeStock_549037224-768x386.webp\" media=\"(max-width: 850px)\"><source srcset=\"https:\/\/www.fierbois.com\/wp-content\/uploads\/2025\/05\/AdobeStock_549037224-1024x515.webp\" media=\"(max-width: 1024px)\"><source srcset=\"https:\/\/www.fierbois.com\/wp-content\/uploads\/2025\/05\/AdobeStock_549037224.webp\" media=\"(min-width: 1025px)\"><img decoding=\"async\" src=\"https:\/\/www.fierbois.com\/wp-content\/uploads\/2025\/05\/AdobeStock_549037224-420x211.webp\" width=\"420\" height=\"210\" loading=\"lazy\" alt=\"\" title=\"\"><\/picture><\/figure><\/div><\/div><div class=\"columns__item\" style=\"align-self:center;\"><p class=\"wording\" style=\"color: var(--vert);\"  >Middeleeuws in je vakantieagenda<\/p><h2>Camping huren op Ch\u00e2teau de Chinon<\/h2><p    >Bent u op zoek naar een eersteklas accommodatie op <strong>een camping in Chinon<\/strong> in de Loirevallei? Hoe zou u het vinden om naar uw luxe stacaravan met volledig uitgeruste keuken en priv\u00e9terras, uw familiechalet of uw lodgetent te gaan na een bezoek aan de koninklijke vesting van Chinon tussen de kastelen van de Loire? <\/p><\/div><\/div><p  style=\"text-align: center;\"  >  Verblijf in het 5-sterren Parc de Fierbois in de Loirevallei. Onze camping bij het Ch\u00e2teau de Chinon biedt ook comfortabele kampeerplaatsen van 80 tot 100 m\u00b2 met stroomaansluiting, perfect om je tent, caravan of camper neer te zetten. Onze camping in de buurt van Tours en op slechts 35 km van Chinon heeft ook boomhutten, ideaal voor een ongewone vakantie. Waar wacht u nog op? Boek uw <strong>kampeervakantie op Ch\u00e2teau de Chinon<\/strong> in de Loirevallei!   <\/p><div class=\"columns\"><div class=\"columns__item\" style=\"align-self:center;\"><p class=\"wording\" style=\"color: var(--vert);\"  >Oude stenen en goede flessen<\/p><h2>Toerisme en bezienswaardigheden in Chinon<\/h2><p    >Het vredige en betoverende stadje Chinon, ten zuiden van Tours in de Loirevallei, dankt zijn roem aan het koninklijke fort, de wijngaarden, <strong>de kapel van Sainte Radegonde<\/strong> en Jeanne d&#8217;Arc.  <\/p><\/div><div class=\"columns__item\"><div class=\"gallery f-carousel fc-diapo-mob\" data-fancybox=\"gallery-mob\"><figure class=\"gallery__item\"><picture><source srcset=\"https:\/\/www.fierbois.com\/wp-content\/uploads\/2025\/05\/AdobeStock_348900969-420x280.webp\" media=\"(max-width: 210px)\"><source srcset=\"https:\/\/www.fierbois.com\/wp-content\/uploads\/2025\/05\/AdobeStock_348900969-850x566.webp\" media=\"(max-width: 420px)\"><source srcset=\"https:\/\/www.fierbois.com\/wp-content\/uploads\/2025\/05\/AdobeStock_348900969-768x512.webp\" media=\"(max-width: 850px)\"><source srcset=\"https:\/\/www.fierbois.com\/wp-content\/uploads\/2025\/05\/AdobeStock_348900969-1024x682.webp\" media=\"(max-width: 1024px)\"><source srcset=\"https:\/\/www.fierbois.com\/wp-content\/uploads\/2025\/05\/AdobeStock_348900969.webp\" media=\"(min-width: 1025px)\"><img decoding=\"async\" src=\"https:\/\/www.fierbois.com\/wp-content\/uploads\/2025\/05\/AdobeStock_348900969-420x280.webp\" width=\"420\" height=\"210\" loading=\"lazy\" alt=\"\" title=\"\"><\/picture><\/figure><\/div><\/div><\/div><p  style=\"text-align: center;\"  >Het fort, dat uitkijkt over de stad en de rivier de Vienne, heeft een beslissende rol gespeeld in de geschiedenis van Frankrijk en Touraine. Het was hier dat de koning van Frankrijk ermee instemde om Jeanne d&#8217;Arc de wapens te geven die ze nodig had om Orl\u00e9ans te bevrijden. Chinon heeft ook andere opmerkelijke gebouwen, zoals de kapel Sainte-Radegonde en de collegiale kerk Saint-Mexme.<br\/>De wijnbouw is een van de meest dynamische sectoren in Chinon en de regio Pays de la Loire, vlakbij de camping Castel Parc de Fierbois. Chinon, een AOC-wijn, wordt geproduceerd op een oppervlakte van 2.300 hectare rond de gemeente.     <\/p><p  style=\"text-align: center;\"  >Maak tijdens uw vakantie in de kastelen van de Loire van de gelegenheid gebruik om de wijnhandelaren en wijnboeren te ontdekken die bezoekers uitnodigen om meer te leren over het productieproces en de wijn te proeven: Caves Painctes, Ch\u00e2teau de la Grille, Domaine de Noir\u00e9, etc. Er zijn ook een aantal interessante musea die een bezoek waard zijn in Chinon, in het bijzonder het Carroi-mus\u00e9e (een museum voor kunst en lokale geschiedenis) en het Mus\u00e9e Rabelais. Als de kastelen van de Loire u fascineren, profiteer dan van uw kampeervakantie in Chinon om de nabijgelegen kastelen van de Loirevallei te bezoeken (Ch\u00e2teau du Rivau, Ch\u00e2teau de Mar\u00e7ay, Ch\u00e2teau Du Coudray Montpensier, Ch\u00e2teau du Petit Thouars). De departementen Maine et Loire, Vienne en Deux S\u00e8vres liggen vlakbij.  <\/p>","protected":false},"excerpt":{"rendered":"<p>Geschiedenis, steen en druivenrassen in Chinon Camping Chinon CHINON (35km) Toerisme in Indre-et-Loire betekent onvermijdelijk een bezoek aan de stad Chinon en het koninklijk fort, een van de mooiste kastelen aan de Loire. Deze geklasseerde stad is een niet te missen bestemming in de Loirevallei. Middeleeuws in je vakantieagenda Camping huren op Ch\u00e2teau de Chinon [&hellip;]<\/p>\n","protected":false},"author":1,"featured_media":0,"parent":3635,"menu_order":0,"comment_status":"closed","ping_status":"closed","template":"","meta":{"_acf_changed":false,"footnotes":""},"lieu":[24],"acf":[],"_links":{"self":[{"href":"https:\/\/www.fierbois.com\/nl\/wp-json\/wp\/v2\/pages\/3491"}],"collection":[{"href":"https:\/\/www.fierbois.com\/nl\/wp-json\/wp\/v2\/pages"}],"about":[{"href":"https:\/\/www.fierbois.com\/nl\/wp-json\/wp\/v2\/types\/page"}],"author":[{"embeddable":true,"href":"https:\/\/www.fierbois.com\/nl\/wp-json\/wp\/v2\/users\/1"}],"replies":[{"embeddable":true,"href":"https:\/\/www.fierbois.com\/nl\/wp-json\/wp\/v2\/comments?post=3491"}],"version-history":[{"count":1,"href":"https:\/\/www.fierbois.com\/nl\/wp-json\/wp\/v2\/pages\/3491\/revisions"}],"predecessor-version":[{"id":3493,"href":"https:\/\/www.fierbois.com\/nl\/wp-json\/wp\/v2\/pages\/3491\/revisions\/3493"}],"up":[{"embeddable":true,"href":"https:\/\/www.fierbois.com\/nl\/wp-json\/wp\/v2\/pages\/3635"}],"wp:attachment":[{"href":"https:\/\/www.fierbois.com\/nl\/wp-json\/wp\/v2\/media?parent=3491"}],"wp:term":[{"taxonomy":"lieu","embeddable":true,"href":"https:\/\/www.fierbois.com\/nl\/wp-json\/wp\/v2\/lieu?post=3491"}],"curies":[{"name":"wp","href":"https:\/\/api.w.org\/{rel}","templated":true}]}}