{"id":3525,"date":"2025-04-03T14:53:48","date_gmt":"2025-04-03T12:53:48","guid":{"rendered":"https:\/\/www.fierbois.com\/activiteiten-voor-iedereen\/"},"modified":"2026-04-13T15:31:29","modified_gmt":"2026-04-13T13:31:29","slug":"activiteiten-voor-iedereen","status":"publish","type":"page","link":"https:\/\/www.fierbois.com\/nl\/activiteiten-voor-iedereen\/","title":{"rendered":"Activiteiten voor iedereen"},"content":{"rendered":"<div class=\"diaporama-header align-full\"><div class=\"gallery\"><figure class=\"gallery__item\"><picture><source srcset=\"https:\/\/www.fierbois.com\/wp-content\/uploads\/2025\/08\/parc-de-fierbois-sd-19-sur-21-420x282.webp\" media=\"(max-width: 210px)\"><source srcset=\"https:\/\/www.fierbois.com\/wp-content\/uploads\/2025\/08\/parc-de-fierbois-sd-19-sur-21-850x570.webp\" media=\"(max-width: 420px)\"><source srcset=\"https:\/\/www.fierbois.com\/wp-content\/uploads\/2025\/08\/parc-de-fierbois-sd-19-sur-21-768x515.webp\" media=\"(max-width: 850px)\"><source srcset=\"https:\/\/www.fierbois.com\/wp-content\/uploads\/2025\/08\/parc-de-fierbois-sd-19-sur-21-1024x686.webp\" media=\"(max-width: 1024px)\"><source srcset=\"https:\/\/www.fierbois.com\/wp-content\/uploads\/2025\/08\/parc-de-fierbois-sd-19-sur-21.webp\" media=\"(min-width: 1025px)\"><img loading=\"lazy\" decoding=\"async\" src=\"https:\/\/www.fierbois.com\/wp-content\/uploads\/2025\/08\/parc-de-fierbois-sd-19-sur-21-420x282.webp\" width=\"420\" height=\"210\" alt=\"\" title=\"\"><\/picture><\/figure><\/div><div class=\"diaporama-header__inner\"><\/div><\/div>\n\n<div class=\"columns reverse-mob\"><div class=\"columns__item fade-up\"><div class=\"gallery f-carousel fc-diapo\" data-fancybox=\"gallery\"><figure class=\"gallery__item\"><picture><source srcset=\"https:\/\/www.fierbois.com\/wp-content\/uploads\/2025\/08\/IMG_4619-420x280.webp\" media=\"(max-width: 210px)\"><source srcset=\"https:\/\/www.fierbois.com\/wp-content\/uploads\/2025\/08\/IMG_4619-850x566.webp\" media=\"(max-width: 420px)\"><source srcset=\"https:\/\/www.fierbois.com\/wp-content\/uploads\/2025\/08\/IMG_4619-768x512.webp\" media=\"(max-width: 850px)\"><source srcset=\"https:\/\/www.fierbois.com\/wp-content\/uploads\/2025\/08\/IMG_4619-1024x682.webp\" media=\"(max-width: 1024px)\"><source srcset=\"https:\/\/www.fierbois.com\/wp-content\/uploads\/2025\/08\/IMG_4619.webp\" media=\"(min-width: 1025px)\"><img decoding=\"async\" src=\"https:\/\/www.fierbois.com\/wp-content\/uploads\/2025\/08\/IMG_4619-420x280.webp\" width=\"420\" height=\"210\" loading=\"lazy\" alt=\"\" title=\"\"><\/picture><figcaption>Plezier hebben<\/figcaption><\/figure><figure class=\"gallery__item\"><picture><source srcset=\"https:\/\/www.fierbois.com\/wp-content\/uploads\/2025\/08\/sejour-activites-2-420x280.webp\" media=\"(max-width: 210px)\"><source srcset=\"https:\/\/www.fierbois.com\/wp-content\/uploads\/2025\/08\/sejour-activites-2-850x566.webp\" media=\"(max-width: 420px)\"><source srcset=\"https:\/\/www.fierbois.com\/wp-content\/uploads\/2025\/08\/sejour-activites-2-768x512.webp\" media=\"(max-width: 850px)\"><source srcset=\"https:\/\/www.fierbois.com\/wp-content\/uploads\/2025\/08\/sejour-activites-2-1024x682.webp\" media=\"(max-width: 1024px)\"><source srcset=\"https:\/\/www.fierbois.com\/wp-content\/uploads\/2025\/08\/sejour-activites-2.webp\" media=\"(min-width: 1025px)\"><img decoding=\"async\" src=\"https:\/\/www.fierbois.com\/wp-content\/uploads\/2025\/08\/sejour-activites-2-420x280.webp\" width=\"420\" height=\"210\" loading=\"lazy\" alt=\"\" title=\"\"><\/picture><figcaption>Profiteer<\/figcaption><\/figure><\/div><\/div><div class=\"columns__item fade-down\"><p class=\"wording\" style=\"color: var(--vert);\"  >Vergeet de routine en leef een volledige dag<\/p><h1>Plezier en delen in de Loire-vallei<\/h1><p    >Van juni tot augustus bieden we 6 dagen per week een breed scala aan entertainment en activiteiten. Kom genieten op je eigen tempo, met familie of vrienden, en maak gebruik van de vele faciliteiten om je verblijf onvergetelijk te maken.<\/p><p  style=\"color: var(--dorefonce);\"  ><strong>Nieuw in 2026: trailrun in het bos en ori\u00ebntatieloop<\/strong><\/p><div class=\"buttons\"><a href=\"https:\/\/www.fierbois.com\/wp-content\/uploads\/2024\/12\/tableau-des-activites-E.jpg\" rel=\"noreferrer noopener\" rel=\"noreferrer noopener\" class=\"buttons__btn fancybox is-style-1\">Ontdek al onze activiteiten<\/a><a href=\"https:\/\/portal.loungeup.com\/n\/agenda\/133043\" rel=\"noreferrer noopener\" class=\"buttons__btn\">Bekijk het programma van deze week<\/a><\/div><\/div><\/div>\n\n<div class=\"columns sec-10\"><div class=\"columns__item fade-down\"><p class=\"wording\" style=\"color: var(--vert);\"  >Originele activiteiten voor onvergetelijke herinneringen<\/p><div class=\"gallery f-carousel fc-diapo\" data-fancybox=\"gallery\"><figure class=\"gallery__item\"><picture><source srcset=\"https:\/\/www.fierbois.com\/wp-content\/uploads\/2025\/08\/parc-aventure-fierbois-1-420x273.webp\" media=\"(max-width: 210px)\"><source srcset=\"https:\/\/www.fierbois.com\/wp-content\/uploads\/2025\/08\/parc-aventure-fierbois-1.webp\" media=\"(max-width: 420px)\"><source srcset=\"https:\/\/www.fierbois.com\/wp-content\/uploads\/2025\/08\/parc-aventure-fierbois-1.webp\" media=\"(max-width: 850px)\"><source srcset=\"https:\/\/www.fierbois.com\/wp-content\/uploads\/2025\/08\/parc-aventure-fierbois-1.webp\" media=\"(max-width: 1024px)\"><source srcset=\"https:\/\/www.fierbois.com\/wp-content\/uploads\/2025\/08\/parc-aventure-fierbois-1.webp\" media=\"(min-width: 1025px)\"><img decoding=\"async\" src=\"https:\/\/www.fierbois.com\/wp-content\/uploads\/2025\/08\/parc-aventure-fierbois-1-420x273.webp\" width=\"420\" height=\"210\" loading=\"lazy\" alt=\"\" title=\"\"><\/picture><figcaption>Boomklimmen<\/figcaption><\/figure><figure class=\"gallery__item\"><picture><source srcset=\"https:\/\/www.fierbois.com\/wp-content\/uploads\/2025\/08\/sejour-activites-5-280x420.webp\" media=\"(max-width: 210px)\"><source srcset=\"https:\/\/www.fierbois.com\/wp-content\/uploads\/2025\/08\/sejour-activites-5-567x850.webp\" media=\"(max-width: 420px)\"><source srcset=\"https:\/\/www.fierbois.com\/wp-content\/uploads\/2025\/08\/sejour-activites-5-768x1152.webp\" media=\"(max-width: 850px)\"><source srcset=\"https:\/\/www.fierbois.com\/wp-content\/uploads\/2025\/08\/sejour-activites-5-683x1024.webp\" media=\"(max-width: 1024px)\"><source srcset=\"https:\/\/www.fierbois.com\/wp-content\/uploads\/2025\/08\/sejour-activites-5.webp\" media=\"(min-width: 1025px)\"><img decoding=\"async\" src=\"https:\/\/www.fierbois.com\/wp-content\/uploads\/2025\/08\/sejour-activites-5-280x420.webp\" width=\"420\" height=\"210\" loading=\"lazy\" alt=\"\" title=\"\"><\/picture><figcaption>Boogschieten<\/figcaption><\/figure><\/div><\/div><div class=\"columns__item fade-up reverse-mob\"><div class=\"gallery f-carousel fc-diapo\" data-fancybox=\"gallery\"><figure class=\"gallery__item\"><picture><source srcset=\"https:\/\/www.fierbois.com\/wp-content\/uploads\/2026\/02\/lasergame-420x286.webp\" media=\"(max-width: 210px)\"><source srcset=\"https:\/\/www.fierbois.com\/wp-content\/uploads\/2026\/02\/lasergame-850x579.webp\" media=\"(max-width: 420px)\"><source srcset=\"https:\/\/www.fierbois.com\/wp-content\/uploads\/2026\/02\/lasergame-768x523.webp\" media=\"(max-width: 850px)\"><source srcset=\"https:\/\/www.fierbois.com\/wp-content\/uploads\/2026\/02\/lasergame-1024x698.webp\" media=\"(max-width: 1024px)\"><source srcset=\"https:\/\/www.fierbois.com\/wp-content\/uploads\/2026\/02\/lasergame.webp\" media=\"(min-width: 1025px)\"><img decoding=\"async\" src=\"https:\/\/www.fierbois.com\/wp-content\/uploads\/2026\/02\/lasergame-420x286.webp\" width=\"420\" height=\"210\" loading=\"lazy\" alt=\"\" title=\"\"><\/picture><figcaption>Laser Game<\/figcaption><\/figure><figure class=\"gallery__item\"><picture><source srcset=\"https:\/\/www.fierbois.com\/wp-content\/uploads\/2025\/08\/parc-de-fierbois-sd-21-sur-21-420x300.webp\" media=\"(max-width: 210px)\"><source srcset=\"https:\/\/www.fierbois.com\/wp-content\/uploads\/2025\/08\/parc-de-fierbois-sd-21-sur-21-850x606.webp\" media=\"(max-width: 420px)\"><source srcset=\"https:\/\/www.fierbois.com\/wp-content\/uploads\/2025\/08\/parc-de-fierbois-sd-21-sur-21-768x548.webp\" media=\"(max-width: 850px)\"><source srcset=\"https:\/\/www.fierbois.com\/wp-content\/uploads\/2025\/08\/parc-de-fierbois-sd-21-sur-21-1024x730.webp\" media=\"(max-width: 1024px)\"><source srcset=\"https:\/\/www.fierbois.com\/wp-content\/uploads\/2025\/08\/parc-de-fierbois-sd-21-sur-21.webp\" media=\"(min-width: 1025px)\"><img decoding=\"async\" src=\"https:\/\/www.fierbois.com\/wp-content\/uploads\/2025\/08\/parc-de-fierbois-sd-21-sur-21-420x300.webp\" width=\"420\" height=\"210\" loading=\"lazy\" alt=\"\" title=\"\"><\/picture><figcaption>Stadion<\/figcaption><\/figure><figure class=\"gallery__item\"><picture><source srcset=\"https:\/\/www.fierbois.com\/wp-content\/uploads\/2025\/08\/sejour-activites-4-420x236.webp\" media=\"(max-width: 210px)\"><source srcset=\"https:\/\/www.fierbois.com\/wp-content\/uploads\/2025\/08\/sejour-activites-4-850x478.webp\" media=\"(max-width: 420px)\"><source srcset=\"https:\/\/www.fierbois.com\/wp-content\/uploads\/2025\/08\/sejour-activites-4-768x432.webp\" media=\"(max-width: 850px)\"><source srcset=\"https:\/\/www.fierbois.com\/wp-content\/uploads\/2025\/08\/sejour-activites-4-1024x576.webp\" media=\"(max-width: 1024px)\"><source srcset=\"https:\/\/www.fierbois.com\/wp-content\/uploads\/2025\/08\/sejour-activites-4.webp\" media=\"(min-width: 1025px)\"><img decoding=\"async\" src=\"https:\/\/www.fierbois.com\/wp-content\/uploads\/2025\/08\/sejour-activites-4-420x236.webp\" width=\"420\" height=\"210\" loading=\"lazy\" alt=\"\" title=\"\"><\/picture><figcaption>Boulodrome<\/figcaption><\/figure><\/div><h2>Of je nu op zoek bent naar avontuur of ontspanning, elk moment is een ontdekking.<\/h2><p    >Neem je kinderen mee voor een ritje in een rosalie en ontdek het park op een hele nieuwe manier. Test je evenwicht op het skatepark, ga skelteren of ga de hoogte in op ons boomklimparcours. Je kunt ook een kano of peddel nemen voor een verfrissende tocht, of je vrienden uitdagen op de opblaasbare spellen op het meer.  <\/p><div class=\"lireplus fc-desk\"><p    >Meer lezen<\/p><div class=\"group\"><p    >Voor een beetje plezier binnen wacht de speelhal op je, met zijn retro terminals en uitdagingen voor vrienden. En voor een zachte afsluiting van de dag gaat er niets boven een yogasessie om de batterijen weer op te laden. <\/p><\/div><\/div><\/div><\/div>\n\n<div class=\"columns reverse-mob\"><div class=\"columns__item fade-up\"><div class=\"gallery f-carousel fc-diapo\" data-fancybox=\"gallery\"><figure class=\"gallery__item\"><picture><source srcset=\"https:\/\/www.fierbois.com\/wp-content\/uploads\/2025\/08\/parc-aventure-fierbois-1-420x273.webp\" media=\"(max-width: 210px)\"><source srcset=\"https:\/\/www.fierbois.com\/wp-content\/uploads\/2025\/08\/parc-aventure-fierbois-1.webp\" media=\"(max-width: 420px)\"><source srcset=\"https:\/\/www.fierbois.com\/wp-content\/uploads\/2025\/08\/parc-aventure-fierbois-1.webp\" media=\"(max-width: 850px)\"><source srcset=\"https:\/\/www.fierbois.com\/wp-content\/uploads\/2025\/08\/parc-aventure-fierbois-1.webp\" media=\"(max-width: 1024px)\"><source srcset=\"https:\/\/www.fierbois.com\/wp-content\/uploads\/2025\/08\/parc-aventure-fierbois-1.webp\" media=\"(min-width: 1025px)\"><img decoding=\"async\" src=\"https:\/\/www.fierbois.com\/wp-content\/uploads\/2025\/08\/parc-aventure-fierbois-1-420x273.webp\" width=\"420\" height=\"210\" loading=\"lazy\" alt=\"\" title=\"\"><\/picture><figcaption>Boomklimmen<\/figcaption><\/figure><figure class=\"gallery__item\"><picture><source srcset=\"https:\/\/www.fierbois.com\/wp-content\/uploads\/2025\/03\/IMG_2670-420x308.webp\" media=\"(max-width: 210px)\"><source srcset=\"https:\/\/www.fierbois.com\/wp-content\/uploads\/2025\/03\/IMG_2670-850x624.webp\" media=\"(max-width: 420px)\"><source srcset=\"https:\/\/www.fierbois.com\/wp-content\/uploads\/2025\/03\/IMG_2670-768x564.webp\" media=\"(max-width: 850px)\"><source srcset=\"https:\/\/www.fierbois.com\/wp-content\/uploads\/2025\/03\/IMG_2670-1024x752.webp\" media=\"(max-width: 1024px)\"><source srcset=\"https:\/\/www.fierbois.com\/wp-content\/uploads\/2025\/03\/IMG_2670.webp\" media=\"(min-width: 1025px)\"><img decoding=\"async\" src=\"https:\/\/www.fierbois.com\/wp-content\/uploads\/2025\/03\/IMG_2670-420x308.webp\" width=\"420\" height=\"210\" loading=\"lazy\" alt=\"\" title=\"\"><\/picture><figcaption>Parcours<\/figcaption><\/figure><\/div><\/div><div class=\"columns__item fade-down\"><p class=\"wording\" style=\"color: var(--vert);\"  >Avontuur hoog in het bladerdak<\/p><h2>Sterke sensaties in de boomtoppen<\/h2><p    >Un parcours exceptionnel vous emm\u00e8nera pendant pr\u00e8s de 2 heures \u00e0 travers la canop\u00e9e. Encadr\u00e9s par des op\u00e9rateurs certifi\u00e9s, vous emprunterez 4 tyroliennes et cheminerez au c\u0153ur de la for\u00eat via un parcours de 25 stations. Emerveillement et sensations fortes assur\u00e9s !  <\/p><\/div><\/div>\n\n<div class=\"columns sec-10 reverse-mob\"><div class=\"columns__item fade-up reverse-mob\"><div class=\"gallery f-carousel fc-diapo\" data-fancybox=\"gallery\"><figure class=\"gallery__item\"><picture><source srcset=\"https:\/\/www.fierbois.com\/wp-content\/uploads\/2025\/08\/DSC_0505-420x281.webp\" media=\"(max-width: 210px)\"><source srcset=\"https:\/\/www.fierbois.com\/wp-content\/uploads\/2025\/08\/DSC_0505-850x568.webp\" media=\"(max-width: 420px)\"><source srcset=\"https:\/\/www.fierbois.com\/wp-content\/uploads\/2025\/08\/DSC_0505-768x514.webp\" media=\"(max-width: 850px)\"><source srcset=\"https:\/\/www.fierbois.com\/wp-content\/uploads\/2025\/08\/DSC_0505-1024x685.webp\" media=\"(max-width: 1024px)\"><source srcset=\"https:\/\/www.fierbois.com\/wp-content\/uploads\/2025\/08\/DSC_0505.webp\" media=\"(min-width: 1025px)\"><img decoding=\"async\" src=\"https:\/\/www.fierbois.com\/wp-content\/uploads\/2025\/08\/DSC_0505-420x281.webp\" width=\"420\" height=\"210\" loading=\"lazy\" alt=\"\" title=\"\"><\/picture><figcaption>Tennis<\/figcaption><\/figure><figure class=\"gallery__item\"><picture><source srcset=\"https:\/\/www.fierbois.com\/wp-content\/uploads\/2025\/08\/sejour-activites-1-420x314.webp\" media=\"(max-width: 210px)\"><source srcset=\"https:\/\/www.fierbois.com\/wp-content\/uploads\/2025\/08\/sejour-activites-1-850x636.webp\" media=\"(max-width: 420px)\"><source srcset=\"https:\/\/www.fierbois.com\/wp-content\/uploads\/2025\/08\/sejour-activites-1-768x575.webp\" media=\"(max-width: 850px)\"><source srcset=\"https:\/\/www.fierbois.com\/wp-content\/uploads\/2025\/08\/sejour-activites-1-1024x767.webp\" media=\"(max-width: 1024px)\"><source srcset=\"https:\/\/www.fierbois.com\/wp-content\/uploads\/2025\/08\/sejour-activites-1.webp\" media=\"(min-width: 1025px)\"><img decoding=\"async\" src=\"https:\/\/www.fierbois.com\/wp-content\/uploads\/2025\/08\/sejour-activites-1-420x314.webp\" width=\"420\" height=\"210\" loading=\"lazy\" alt=\"\" title=\"\"><\/picture><figcaption>Trampoline<\/figcaption><\/figure><\/div><h2>De benodigdheden om samen in beweging te komen<\/h2><p    >Terwijl de kleintjes zich vermaken in de speeltuin met glijbanen en schommels, dagen de groteren elkaar uit op de sportvelden. Een uitzinnige voetbalwedstrijd, een potje volleybal op het zand, een paar basketbalmanden&#8230; Aan jou de keuze! <\/p><\/div><div class=\"columns__item fade-down\"><p class=\"wording\" style=\"color: var(--vert);\"  >Hier vergeten we de schermen en genieten we volop van het leven<\/p><div class=\"gallery f-carousel fc-diapo\" data-fancybox=\"gallery\"><figure class=\"gallery__item\"><picture><source srcset=\"https:\/\/www.fierbois.com\/wp-content\/uploads\/2025\/08\/parc-de-fierbois-hd-34-420x273.webp\" media=\"(max-width: 210px)\"><source srcset=\"https:\/\/www.fierbois.com\/wp-content\/uploads\/2025\/08\/parc-de-fierbois-hd-34-850x552.webp\" media=\"(max-width: 420px)\"><source srcset=\"https:\/\/www.fierbois.com\/wp-content\/uploads\/2025\/08\/parc-de-fierbois-hd-34-768x499.webp\" media=\"(max-width: 850px)\"><source srcset=\"https:\/\/www.fierbois.com\/wp-content\/uploads\/2025\/08\/parc-de-fierbois-hd-34-1024x665.webp\" media=\"(max-width: 1024px)\"><source srcset=\"https:\/\/www.fierbois.com\/wp-content\/uploads\/2025\/08\/parc-de-fierbois-hd-34.webp\" media=\"(min-width: 1025px)\"><img decoding=\"async\" src=\"https:\/\/www.fierbois.com\/wp-content\/uploads\/2025\/08\/parc-de-fierbois-hd-34-420x273.webp\" width=\"420\" height=\"210\" loading=\"lazy\" alt=\"\" title=\"\"><\/picture><figcaption>Tafeltennis<\/figcaption><\/figure><figure class=\"gallery__item\"><picture><source srcset=\"https:\/\/www.fierbois.com\/wp-content\/uploads\/2025\/08\/sejour-activites-7-420x292.webp\" media=\"(max-width: 210px)\"><source srcset=\"https:\/\/www.fierbois.com\/wp-content\/uploads\/2025\/08\/sejour-activites-7-850x591.webp\" media=\"(max-width: 420px)\"><source srcset=\"https:\/\/www.fierbois.com\/wp-content\/uploads\/2025\/08\/sejour-activites-7-768x534.webp\" media=\"(max-width: 850px)\"><source srcset=\"https:\/\/www.fierbois.com\/wp-content\/uploads\/2025\/08\/sejour-activites-7-1024x712.webp\" media=\"(max-width: 1024px)\"><source srcset=\"https:\/\/www.fierbois.com\/wp-content\/uploads\/2025\/08\/sejour-activites-7.webp\" media=\"(min-width: 1025px)\"><img decoding=\"async\" src=\"https:\/\/www.fierbois.com\/wp-content\/uploads\/2025\/08\/sejour-activites-7-420x292.webp\" width=\"420\" height=\"210\" loading=\"lazy\" alt=\"\" title=\"\"><\/picture><figcaption>Ontspanning<\/figcaption><\/figure><\/div><\/div><\/div>\n\n<div class=\"buttons\"><span class=\"buttons__btn\"><\/span><\/div>","protected":false},"excerpt":{"rendered":"<p>Vergeet de routine en leef een volledige dag Plezier en delen in de Loire-vallei Van juni tot augustus bieden we 6 dagen per week een breed scala aan entertainment en activiteiten. Kom genieten op je eigen tempo, met familie of vrienden, en maak gebruik van de vele faciliteiten om je verblijf onvergetelijk te maken. Nieuw [&hellip;]<\/p>\n","protected":false},"author":1,"featured_media":0,"parent":0,"menu_order":0,"comment_status":"open","ping_status":"open","template":"","meta":{"_acf_changed":false,"footnotes":""},"lieu":[],"acf":[],"_links":{"self":[{"href":"https:\/\/www.fierbois.com\/nl\/wp-json\/wp\/v2\/pages\/3525"}],"collection":[{"href":"https:\/\/www.fierbois.com\/nl\/wp-json\/wp\/v2\/pages"}],"about":[{"href":"https:\/\/www.fierbois.com\/nl\/wp-json\/wp\/v2\/types\/page"}],"author":[{"embeddable":true,"href":"https:\/\/www.fierbois.com\/nl\/wp-json\/wp\/v2\/users\/1"}],"replies":[{"embeddable":true,"href":"https:\/\/www.fierbois.com\/nl\/wp-json\/wp\/v2\/comments?post=3525"}],"version-history":[{"count":11,"href":"https:\/\/www.fierbois.com\/nl\/wp-json\/wp\/v2\/pages\/3525\/revisions"}],"predecessor-version":[{"id":5195,"href":"https:\/\/www.fierbois.com\/nl\/wp-json\/wp\/v2\/pages\/3525\/revisions\/5195"}],"wp:attachment":[{"href":"https:\/\/www.fierbois.com\/nl\/wp-json\/wp\/v2\/media?parent=3525"}],"wp:term":[{"taxonomy":"lieu","embeddable":true,"href":"https:\/\/www.fierbois.com\/nl\/wp-json\/wp\/v2\/lieu?post=3525"}],"curies":[{"name":"wp","href":"https:\/\/api.w.org\/{rel}","templated":true}]}}