{"id":3537,"date":"2025-04-03T14:53:48","date_gmt":"2025-04-03T12:53:48","guid":{"rendered":"https:\/\/www.fierbois.com\/speciaal-voor-fietsers-en-wandelaars\/"},"modified":"2026-02-06T15:50:43","modified_gmt":"2026-02-06T14:50:43","slug":"speciaal-voor-fietsers-en-wandelaars","status":"publish","type":"page","link":"https:\/\/www.fierbois.com\/nl\/speciaal-voor-fietsers-en-wandelaars\/","title":{"rendered":"Speciaal voor fietsers en wandelaars"},"content":{"rendered":"<div class=\"diaporama-header align-full\"><div class=\"gallery\"><figure class=\"gallery__item\"><picture><source srcset=\"https:\/\/www.fierbois.com\/wp-content\/uploads\/2025\/08\/5-420x219.webp\" media=\"(max-width: 210px)\"><source srcset=\"https:\/\/www.fierbois.com\/wp-content\/uploads\/2025\/08\/5-850x443.webp\" media=\"(max-width: 420px)\"><source srcset=\"https:\/\/www.fierbois.com\/wp-content\/uploads\/2025\/08\/5-768x400.webp\" media=\"(max-width: 850px)\"><source srcset=\"https:\/\/www.fierbois.com\/wp-content\/uploads\/2025\/08\/5-1024x533.webp\" media=\"(max-width: 1024px)\"><source srcset=\"https:\/\/www.fierbois.com\/wp-content\/uploads\/2025\/08\/5.webp\" media=\"(min-width: 1025px)\"><img loading=\"lazy\" decoding=\"async\" src=\"https:\/\/www.fierbois.com\/wp-content\/uploads\/2025\/08\/5-420x219.webp\" width=\"420\" height=\"210\" alt=\"\" title=\"\"><\/picture><\/figure><\/div><div class=\"diaporama-header__inner\"><\/div><\/div>\n\n<div class=\"columns sec-10\"><div class=\"columns__item fade-down\"><p class=\"wording\" style=\"color: var(--vert);\"  >Neem een pauze op het ritme van je stappen of pedaalslagen<\/p><div class=\"buttons\"><span class=\"buttons__btn btn-resa is-style-resa\">Boek uw vakantie<\/span><\/div><div class=\"gallery\"><figure class=\"gallery__item\"><picture><source srcset=\"https:\/\/www.fierbois.com\/wp-content\/uploads\/2025\/10\/cycliste-canadienne-420x280.jpg.webp\" media=\"(max-width: 210px)\"><source srcset=\"https:\/\/www.fierbois.com\/wp-content\/uploads\/2025\/10\/cycliste-canadienne-850x566.jpg.webp\" media=\"(max-width: 420px)\"><source srcset=\"https:\/\/www.fierbois.com\/wp-content\/uploads\/2025\/10\/cycliste-canadienne-768x512.jpg.webp\" media=\"(max-width: 850px)\"><source srcset=\"https:\/\/www.fierbois.com\/wp-content\/uploads\/2025\/10\/cycliste-canadienne-1024x682.jpg.webp\" media=\"(max-width: 1024px)\"><source srcset=\"https:\/\/www.fierbois.com\/wp-content\/uploads\/2025\/10\/cycliste-canadienne.jpg.webp\" media=\"(min-width: 1025px)\"><img decoding=\"async\" src=\"https:\/\/www.fierbois.com\/wp-content\/uploads\/2025\/10\/cycliste-canadienne-420x280.jpg.webp\" width=\"420\" height=\"210\" loading=\"lazy\" alt=\"\" title=\"\"><\/picture><figcaption>Tente igloo<\/figcaption><\/figure><\/div><\/div><div class=\"columns__item fade-up reverse-mob\"><div class=\"gallery\"><figure class=\"gallery__item\"><picture><source srcset=\"https:\/\/www.fierbois.com\/wp-content\/uploads\/2025\/08\/emplacement-1024x768-1-420x315.webp\" media=\"(max-width: 210px)\"><source srcset=\"https:\/\/www.fierbois.com\/wp-content\/uploads\/2025\/08\/emplacement-1024x768-1-850x638.webp\" media=\"(max-width: 420px)\"><source srcset=\"https:\/\/www.fierbois.com\/wp-content\/uploads\/2025\/08\/emplacement-1024x768-1-768x576.webp\" media=\"(max-width: 850px)\"><source srcset=\"https:\/\/www.fierbois.com\/wp-content\/uploads\/2025\/08\/emplacement-1024x768-1.webp\" media=\"(max-width: 1024px)\"><source srcset=\"https:\/\/www.fierbois.com\/wp-content\/uploads\/2025\/08\/emplacement-1024x768-1.webp\" media=\"(min-width: 1025px)\"><img decoding=\"async\" src=\"https:\/\/www.fierbois.com\/wp-content\/uploads\/2025\/08\/emplacement-1024x768-1-420x315.webp\" width=\"420\" height=\"210\" loading=\"lazy\" alt=\"\" title=\"\"><\/picture><figcaption>Standplaats met elektriciteit<\/figcaption><\/figure><\/div><h1>Etappereizen voor fietsers en wandelaars midden in de natuur<\/h1><p    >Het Parc de Fierbois heeft het label Accueil V\u00e9lo en verwelkomt fietsers en wandelaars voor \u00e9\u00e9n of twee nachten, met royale, eenvoudige en praktische formules. Als u licht wilt reizen, kunt u gebruikmaken van een reeds opgezette iglo-tent met een echt matras, klaar om u te ontvangen na een dag vol inspanningen. Op de camping vindt u ook een magnetron, een koelkast, een stopcontact om uw mobiele telefoon op te laden en een tafel om aan te eten. Het enige wat u hoeft te doen is achterover leunen en genieten van de rustige en natuurlijke omgeving.<\/p><p    >En om je tussenstop nog aangenamer te maken, <strong>wassen en drogen<\/strong> we <strong>je kleren<\/strong> voor je en bieden we een speciaal <strong>kortingstarief<\/strong> voor reizigers op de fiets. Of je nu toert of een regionale rondrit maakt, dit is de ideale tussenstop om je batterijen op te laden&#8230; zonder logistieke zorgen. <\/p><\/div><\/div>","protected":false},"excerpt":{"rendered":"<p>Neem een pauze op het ritme van je stappen of pedaalslagen Etappereizen voor fietsers en wandelaars midden in de natuur Het Parc de Fierbois heeft het label Accueil V\u00e9lo en verwelkomt fietsers en wandelaars voor \u00e9\u00e9n of twee nachten, met royale, eenvoudige en praktische formules. Als u licht wilt reizen, kunt u gebruikmaken van een [&hellip;]<\/p>\n","protected":false},"author":1,"featured_media":0,"parent":0,"menu_order":0,"comment_status":"open","ping_status":"open","template":"","meta":{"_acf_changed":false,"footnotes":""},"lieu":[],"acf":[],"_links":{"self":[{"href":"https:\/\/www.fierbois.com\/nl\/wp-json\/wp\/v2\/pages\/3537"}],"collection":[{"href":"https:\/\/www.fierbois.com\/nl\/wp-json\/wp\/v2\/pages"}],"about":[{"href":"https:\/\/www.fierbois.com\/nl\/wp-json\/wp\/v2\/types\/page"}],"author":[{"embeddable":true,"href":"https:\/\/www.fierbois.com\/nl\/wp-json\/wp\/v2\/users\/1"}],"replies":[{"embeddable":true,"href":"https:\/\/www.fierbois.com\/nl\/wp-json\/wp\/v2\/comments?post=3537"}],"version-history":[{"count":4,"href":"https:\/\/www.fierbois.com\/nl\/wp-json\/wp\/v2\/pages\/3537\/revisions"}],"predecessor-version":[{"id":4985,"href":"https:\/\/www.fierbois.com\/nl\/wp-json\/wp\/v2\/pages\/3537\/revisions\/4985"}],"wp:attachment":[{"href":"https:\/\/www.fierbois.com\/nl\/wp-json\/wp\/v2\/media?parent=3537"}],"wp:term":[{"taxonomy":"lieu","embeddable":true,"href":"https:\/\/www.fierbois.com\/nl\/wp-json\/wp\/v2\/lieu?post=3537"}],"curies":[{"name":"wp","href":"https:\/\/api.w.org\/{rel}","templated":true}]}}