{"id":3910,"date":"2025-12-04T10:03:31","date_gmt":"2025-12-04T09:03:31","guid":{"rendered":"https:\/\/www.fierbois.com\/?page_id=3910"},"modified":"2025-12-04T10:03:31","modified_gmt":"2025-12-04T09:03:31","slug":"kasteelcamping-loire","status":"publish","type":"page","link":"https:\/\/www.fierbois.com\/nl\/kasteelcamping-loire\/","title":{"rendered":"Kasteelcamping Loire"},"content":{"rendered":"<h1 class=\"wording\" style=\"text-align: center;\">Kasteelcamping <span class=\"fc-span\">Loire<\/span><\/h1>\n\n<p  style=\"text-align: center;\"  >Verblijf in de Loirevallei op een prachtige camping vlakbij de vele kastelen die het gebied rijk is. Voor liefhebbers van geschiedenis, architectuur en cultuur is dit de ultieme vakantiebestemming. De Loirevallei staat al meer dan 20 jaar op de UNESCO Werelderfgoedlijst en hier vind je dan ook vele historische monumenten om te bezoeken tijdens een dagje uit. Gebruik camping Parc De Fierbois als uitvalsbasis voor een avontuur naar een van de vele kastelen.<\/p>\n\n<h2 class=\"wording\" style=\"text-align: center;\">De kastelen in de <span class=\"fc-span\">Loirevallei<\/span><\/h2>\n\n<p  style=\"text-align: center;\"  >De Loirevallei in Frankrijk staat wereldwijd bekend om zijn schat aan prachtige kastelen, die de regio een sfeer van romantiek en geschiedenis geven. Deze indrukwekkende kastelen, verspreid langs de oevers van de rivier de Loire, nemen je mee op een reis door de tijd naar een periode van ridders, koningen en intriges.<\/p>\n\n<p  style=\"text-align: center;\"  >Mooie kastelen om te bezoeken vanaf de camping zijn:<\/p>\n\n<p  style=\"text-align: center;\"  ><strong>Ch\u00e2teau de Chambord:<\/strong>&nbsp;Dit kasteel is een meesterwerk van de Franse renaissance-architectuur en staat bekend om zijn opvallende dubbele spiraaltrap. Het is een van de grootste en meest herkenbare kastelen in de regio, met zijn indrukwekkende torens en daken. Afstand vanaf de camping: 100km<\/p>\n\n<p  style=\"text-align: center;\"  ><strong>Ch\u00e2teau de Chenonceau:<\/strong>&nbsp;Dit elegante kasteel, ook wel het \u201cKasteel van de Dames\u201d genoemd, strekt zich sierlijk uit over de rivier de Cher. Het is beroemd om zijn prachtige tuinen en galerijen, die dienen als eerbetoon aan enkele opmerkelijke vrouwelijke bewoners uit de geschiedenis. Afstand vanaf de camping: 50km<\/p>\n\n<p  style=\"text-align: center;\"  ><strong>Ch\u00e2teau de Villandry<\/strong>: Dit kasteel is beroemd om zijn prachtige aangelegde tuinen. De symmetrische tuinen, met hun kleurrijke bloemen en geometrische patronen, vormen een van de hoogtepunten van een bezoek aan Villandry. Afstand vanaf de camping: 40km<\/p>\n\n<p  style=\"text-align: center;\"  ><strong>Ch\u00e2teau de Blois:&nbsp;<\/strong>Dit kasteel is een architecturaal juweel met een gevarieerde geschiedenis. Het herbergt vier verschillende vleugels, elk gebouwd in een andere periode, waardoor het een microkosmos van de Franse geschiedenis is. Afstand vanaf de camping: 90km<\/p>\n\n<p  style=\"text-align: center;\"  ><strong>Ch\u00e2teau de Amboise:<\/strong>&nbsp;Gelegen op een heuvel boven de stad Amboise, biedt dit kasteel panoramische uitzichten over de Loirevallei. Hier vinden bezoekers het graf van Leonardo da Vinci, die een deel van zijn leven in de regio doorbracht. Afstand vanaf de camping: 45km<\/p>\n\n<p  style=\"text-align: center;\"  ><strong>Ch\u00e2teau de Saumur:<\/strong>&nbsp;Dit kasteel, ook wel bekend als het \u201cKasteel van de Duizend Schoorstenen,\u201d torent majestueus uit boven de stad Saumur. Het herbergt het Mus\u00e9e des Blind\u00e9s, een museum gewijd aan gepantserde voertuigen. Afstand vanaf de camping: 65km<strong>Ch\u00e2teau de Azay-le-Rideau:<\/strong>&nbsp;Dit charmante kasteel is omgeven door een gracht en weerspiegelt zijn elegantie in het water. Het is een voorbeeld van vroege Franse renaissance-architectuur. Afstand vanaf de camping: 26km<\/p>\n\n<h2 class=\"wording\" style=\"text-align: center;\">Bezoek de kastelen van Loire <span class=\"fc-span\">vanaf de camping<\/span><\/h2>\n\n<p  style=\"text-align: center;\"  >De kastelen van de Loirevallei nodigen bezoekers uit om zich onder te dompelen in de grandeur van een vervlogen tijdperk. De prachtige architectuur, weelderige tuinen en de historische betekenis maken elk kasteel uniek en boeiend. De Loirevallei zelf, met zijn zachte glooiende heuvels en weelderige wijngaarden, vormt het perfecte decor voor deze betoverende kastelen, en het is geen wonder dat de regio een van de meest bezochte bestemmingen in Frankrijk is. Of je nu ge\u00efnteresseerd bent in geschiedenis, architectuur of gewoon op zoek bent naar de romantiek van kastelen, de Loirevallei heeft voor elk wat wils.<strong><\/strong><\/p>\n\n<p  style=\"text-align: center;\"  >Boek hier jouw staandplaats of accommodatie op deze kastelencamping in de Loire en ontdek de rijkdom van de vallei.<\/p>","protected":false},"excerpt":{"rendered":"<p>Kasteelcamping Loire Verblijf in de Loirevallei op een prachtige camping vlakbij de vele kastelen die het gebied rijk is. Voor liefhebbers van geschiedenis, architectuur en cultuur is dit de ultieme vakantiebestemming. De Loirevallei staat al meer dan 20 jaar op de UNESCO Werelderfgoedlijst en hier vind je dan ook vele historische monumenten om te bezoeken [&hellip;]<\/p>\n","protected":false},"author":1,"featured_media":0,"parent":0,"menu_order":0,"comment_status":"closed","ping_status":"closed","template":"","meta":{"_acf_changed":false,"footnotes":""},"lieu":[],"acf":[],"_links":{"self":[{"href":"https:\/\/www.fierbois.com\/nl\/wp-json\/wp\/v2\/pages\/3910"}],"collection":[{"href":"https:\/\/www.fierbois.com\/nl\/wp-json\/wp\/v2\/pages"}],"about":[{"href":"https:\/\/www.fierbois.com\/nl\/wp-json\/wp\/v2\/types\/page"}],"author":[{"embeddable":true,"href":"https:\/\/www.fierbois.com\/nl\/wp-json\/wp\/v2\/users\/1"}],"replies":[{"embeddable":true,"href":"https:\/\/www.fierbois.com\/nl\/wp-json\/wp\/v2\/comments?post=3910"}],"version-history":[{"count":1,"href":"https:\/\/www.fierbois.com\/nl\/wp-json\/wp\/v2\/pages\/3910\/revisions"}],"predecessor-version":[{"id":3911,"href":"https:\/\/www.fierbois.com\/nl\/wp-json\/wp\/v2\/pages\/3910\/revisions\/3911"}],"wp:attachment":[{"href":"https:\/\/www.fierbois.com\/nl\/wp-json\/wp\/v2\/media?parent=3910"}],"wp:term":[{"taxonomy":"lieu","embeddable":true,"href":"https:\/\/www.fierbois.com\/nl\/wp-json\/wp\/v2\/lieu?post=3910"}],"curies":[{"name":"wp","href":"https:\/\/api.w.org\/{rel}","templated":true}]}}